{"id":1017,"date":"2025-05-12T03:35:19","date_gmt":"2025-05-12T03:35:19","guid":{"rendered":"https:\/\/jinzho.com\/?post_type=product&#038;p=1017"},"modified":"2025-06-07T06:45:12","modified_gmt":"2025-06-07T06:45:12","slug":"die-casting-heater","status":"publish","type":"product","link":"https:\/\/jinzho.com\/vi\/product\/die-casting-heater\/","title":{"rendered":"M\u00e1y s\u01b0\u1edfi \u0111\u00fac khu\u00f4n"},"content":{"rendered":"<h2>\u4ea7\u54c1\u5e94\u7528\u9886\u57df<\/h2>\n<p>\u80f6\u56ca\u5496\u5561\u673a\u84b8\u6c7d\u6a21\u5757\u3001\u5168\u81ea\u52a8\u5496\u5561\u673a\u9505\u7089\u3001\u7535\u71a8\u6597\u5e95\u677f\u3001\u5373\u70ed\u5f0f\u70ed\u6c34\u5668\u3001\u5de5\u4e1a\u70ed\u4ea4\u6362\u5668\u3001\u65b0\u80fd\u6e90\u7535\u6c60\u6a21\u7ec4\u6052\u6e29\u7cfb\u7edf\u3001\u533b\u7528\u706d\u83cc\u84b8\u6c7d\u53d1\u751f\u5668\u3001\u5b9e\u9a8c\u5ba4\u6052\u6e29\u6c34\u6d74\u69fd\u3001\u6a21\u5177\u6052\u6e29\u52a0\u70ed\u7ec4\u4ef6\u3001\u9152\u5e97\u5546\u7528\u7535\u8336\u7089\u3002.<\/p>\n<div class=\"agent-chat__conv--ai__speech_show\" data-conv-index=\"104\" data-speech-index=\"0\">\n<div class=\"hyc-component-reasoner\">\n<div class=\"hyc-component-reasoner__text\">\n<div class=\"hyc-content-md hyc-content-md-done\">\n<div class=\"hyc-common-markdown hyc-common-markdown-style\">\n<h2>\u538b\u94f8\u52a0\u70ed\u5668\u89c4\u683c\uff08\u6838\u5fc3\u53c2\u6570\uff09<\/h2>\n<div class=\"hyc-common-markdown__table-wrapper\">\n<table>\n<thead>\n<tr>\n<th>\u200b<strong>\u53c2\u6570<\/strong>\u200b<\/th>\n<th>\u200b<strong>\u89c4\u683c\u8303\u56f4<\/strong>\u200b<\/th>\n<\/tr>\n<\/thead>\n<tbody>\n<tr>\n<td>\u529f\u7387\u8303\u56f4<\/td>\n<td>500W-5000W\uff08\u8986\u76d6\u5bb6\u7528\u81f3\u5546\u7528\u7535\u5668\uff1a500W\u9002\u7528\u4e8e\u5c0f\u578b\u6c34\u58f6\uff0c3000W\u9002\u7528\u4e8e\u7535\u716e\u9505\uff0c5000W\u9002\u7528\u4e8e\u5546\u7528\u6405\u62cc\u673a\uff09<\/td>\n<\/tr>\n<tr>\n<td>\u5de5\u4f5c\u7535\u538b<\/td>\n<td>220V\uff08\u5355\u76f8\uff0c\u5bb6\u7528\u6807\u51c6\uff09\uff1b380V\uff08\u4e09\u76f8\uff0c\u5546\u7528\u53ef\u9009\uff09<\/td>\n<\/tr>\n<tr>\n<td>\u7535\u963b\u503c<\/td>\n<td>2\u03a9-30\u03a9\uff08\u652f\u6301\u5355\u7ec4\u6216\u591a\u7ec4\u914d\u7f6e\uff0c\u9002\u914d\u529f\u7387\/\u7535\u538b\u9700\u6c42\uff09<\/td>\n<\/tr>\n<tr>\n<td>\u5de5\u4f5c\u6e29\u5ea6<\/td>\n<td>\u8868\u9762\u6e29\u5ea6\uff1a120\u2103-300\u2103\uff08\u6b63\u5e38\u8fd0\u884c\uff09\uff1b\u6700\u9ad8\u8010\u53d7\uff1a350\u2103\uff08\u77ed\u671f\u8fc7\u8f7d\u4fdd\u62a4\uff09<\/td>\n<\/tr>\n<tr>\n<td>V\u1eadt li\u1ec7u<\/td>\n<td>\u53d1\u70ed\u4f53\uff1a\u954d\u94ec\u5408\u91d1\uff08Cr20Ni80\uff0c\u03a60.5mm-\u03a62.5mm\uff0c\u9ad8\u7535\u963b\u7387+\u5bfc\u70ed\u6027\uff09\uff1b\u5916\u58f3\uff1a\u538b\u94f8\u94dd\u5408\u91d1\uff08A356\/6061\uff0c\u8010\u8150\u8680\uff0c\u539a\u5ea61.2mm-3.0mm\uff09<\/td>\n<\/tr>\n<tr>\n<td>\u5c3a\u5bf8<\/td>\n<td>\u957f\u5ea6\uff1a150mm-600mm\uff1b\u5bbd\u5ea6\uff1a50mm-150mm\uff1b\u539a\u5ea6\uff1a15mm-50mm\uff08\u53ef\u6839\u636e\u76ee\u6807\u7535\u5668\u5706\u5f62\/\u65b9\u5f62\u52a0\u70ed\u69fd\u5b9a\u5236\uff09<\/td>\n<\/tr>\n<tr>\n<td>Tu\u1ed5i th\u1ecd<\/td>\n<td>8000h-15000h\uff08\u6b63\u5e38\u4f7f\u7528\u6761\u4ef6\u4e0b\uff0c\u65e0\u5e72\u70e7\u3001\u6c34\u57a2\u5806\u79ef\u6216\u8150\u8680\uff09<\/td>\n<\/tr>\n<\/tbody>\n<\/table>\n<\/div>\n<h2>\u4ea7\u54c1\u7279\u6027\uff08\u6838\u5fc3\u4f18\u52bf\uff09<\/h2>\n<ul>\n<li>\u200b<strong>\u200b\u5feb\u901f\u9ad8\u6548\u52a0\u70ed\u200b<\/strong>\u6027\u80fd\u4f18\u52bf\uff1a\u9ad8\u5bfc\u7535\u6027\u954d\u94ec\u5408\u91d1\u82af\u5b9e\u73b0\u5feb\u901f\u70ed\u4f20\u5bfc\uff0c1500W\u673a\u578b\u5c061.5L\u6c34\uff08100\u2103\uff09\u6cb8\u817e\u9884\u70ed\u65f6\u95f4\u7f29\u77ed\u81f32-5\u5206\u949f\u3002\u538b\u94f8\u94dd\u5916\u58f3\u786e\u4fdd\u70ed\u91cf\u5747\u5300\u5206\u5e03\uff0c\u8fd9\u5bf9\u5404\u7c7b\u8bbe\u5907\u7684\u7a33\u5b9a\u6027\u80fd\u81f3\u5173\u91cd\u8981\u2014\u2014\u4f8b\u5982\u7535\u6c34\u58f6\u70e7\u6c34\u3001\u5496\u5561\u673a\u51b2\u6ce1\u6216\u7535\u716e\u9505\u70f9\u996a\u3002.<\/li>\n<li>\u200b<strong>\u591a\u8bbe\u5907\u9002\u914d\u6027<\/strong>\u9002\u914d\u8bbe\u8ba1\uff1a\u53ef\u5b9a\u5236\u5c3a\u5bf8\uff08\u957f\u5ea6\uff1a150-600mm\uff1b\u5bbd\u5ea6\uff1a50-150mm\uff09\u4e0e\u5f00\u69fd\u517c\u5bb9\u7ed3\u6784\u9002\u914d\u4e3b\u6d41\u5c0f\u578b\u7535\u5668\uff1a\n<ul>\n<li>\u200b<strong>\u7535\u6c34\u58f6<\/strong>\u7535\u6c34\u58f6\uff1a\u5e95\u90e8\u6216\u4fa7\u8fb9\u52a0\u70ed\u69fd\u5b9e\u73b0\u5feb\u901f\u6cb8\u817e\u3002.<\/li>\n<li>\u200b<strong>\u5496\u5561\u673a\uff1a\u51b2\u6ce1\u8154\u52a0\u70ed\u677f\u4fdd\u6301\u7a33\u5b9a\u8403\u53d6\u6e29\u5ea6\uff0890-105\u2103\uff09\u3002<\/strong>\u7535\u716e\u9505\uff1a\u5e95\u90e8\u52a0\u70ed\u5143\u4ef6\u5b9e\u73b0\u5747\u5300\u7096\u716e\u6216\u714e\u7092\u3002.<\/li>\n<li>\u200b<strong>\u6696\u5976\u5668\uff1a\u73af\u7ed5\u5f0f\u52a0\u70ed\u5708\u63d0\u4f9b\u6e29\u548c\u6052\u6e29\uff0840-60\u2103\uff09\u3002<\/strong>\u8c46\u6d46\u673a\/\u7834\u58c1\u673a\uff1a\u7814\u78e8\u52a0\u70ed\u8154\u4f53\u5b9e\u73b0\u9ad8\u6548\u98df\u7269\u5904\u7406\u3002.<\/li>\n<li>\u200b<strong>\u5b89\u5168\u7279\u6027\uff1a\u7edd\u7f18\u94dd\u5916\u58f3\u9632\u6f0f\u7535\uff1b\u5185\u7f6e\u8fc7\u70ed\u4fdd\u62a4\uff08\uff1e350\u2103\u81ea\u52a8\u65ad\u7535\uff09\u9632\u6b62\u5e72\u70e7\u6216\u8fc7\u70ed\u3002\u53ef\u9009\u914d\u6e29\u5ea6\u4f20\u611f\u5668\u63a5\u53e3\u652f\u6301\u00b15\u2103\u7cbe\u51c6\u63a7\u6e29\uff08\u5982\u6696\u5976\u566840-60\u2103\uff0c\u5496\u5561\u673a90-105\u2103\uff09\u3002<\/strong>\u8f7b\u91cf\u5316\u4e0e\u8010\u4e45\u6027\uff1a\u94dd\u5408\u91d1\u5bc6\u5ea6\uff082.7g\/cm\u00b3\uff09\u4f7f\u52a0\u70ed\u5668\u91cd\u91cf\u8f83\u4e0d\u9508\u94a2\u65b9\u6848\u51cf\u8f7b30%-40%\uff0c\u9002\u7528\u4e8e\u4fbf\u643a\u7535\u6c34\u58f6\u3001\u7d27\u51d1\u578b\u5496\u5561\u673a\u7b49\u5bf9\u91cd\u91cf\u654f\u611f\u7684\u8bbe\u5907\u3002\u4f18\u5316\u7684\u70ed\u81a8\u80c0\u5339\u914d\uff08\u94dd\u4e0e\u954d\u94ec\u5408\u91d1\u81a8\u80c0\u7cfb\u6570\u76f8\u8fd1\uff09\u964d\u4f4e\u75b2\u52b3\u635f\u8017\uff0c\u786e\u4fdd\u9ad8\u9891\u4f7f\u7528\u4e0b\u7684\u7a33\u5b9a\u6027\u80fd\uff08\u5982\u6bcf\u65e5\u8fd0\u884c2\u5c0f\u65f6\uff09\u3002.<\/li>\n<li>\u200b<strong>\u200bSoy milk makers\/blenders\u200b<\/strong>\u200b: Grinding\/heating chambers for efficient food processing.<\/li>\n<\/ul>\n<\/li>\n<li>\u200b<strong>\u8010\u8150\u8680\u6297\u6c34\u57a2<\/strong>\u200b\uff1a\u538b\u94f8\u94dd\u5916\u58f3\u6297\u6c27\u5316\u548c\u84b8\u6c7d\u8150\u8680\uff1b\u5149\u6ed1\u7684\u9633\u6781\u6c27\u5316\u6216\u9676\u74f7\u6d82\u5c42\u8868\u9762\u51cf\u5c11\u6c34\u57a2\u9644\u7740\uff08\u4e0e\u672a\u6d82\u5c42\u94dd\u6750\u76f8\u6bd4\u6e05\u6d01\u9891\u7387\u964d\u4f4e40%\uff09\u3002\u954d\u94ec\u5408\u91d1\u82af\u8010\u53d7\u77ff\u7269\u8d28\u6c89\u79ef\uff0c\u5ef6\u957f\u9ad8\u6e7f\u5ea6\u73af\u5883\uff08\u5982\u6f6e\u6e7f\u53a8\u623f\u65e5\u5e38\u4f7f\u7528\uff09\u4e0b\u7684\u4f7f\u7528\u5bff\u547d\u3002.<\/li>\n<li>\u200b<strong>\u5b89\u5168\u53ef\u9760\u8fd0\u884c<\/strong>\u200b: Insulated aluminum housing prevents electric leakage; built-in overheat protection (auto-shutoff at &gt;350\u2103) safeguards against dry burning or overheating. Optional temperature sensor interfaces support \u00b15\u2103 precise control (e.g., 40-60\u2103 for bottle warmers, 90-105\u2103 for coffee machines).<\/li>\n<li>\u200b<strong>\u200b\u8f7b\u91cf\u8010\u7528\u200b<\/strong>\u200b: Aluminum alloy density (2.7g\/cm\u00b3) makes the heater 30%-40% lighter than stainless steel alternatives, ideal for weight-sensitive devices like portable electric kettles or compact coffee machines. Optimized thermal expansion matching (aluminum and nickel-chromium have similar coefficients) reduces fatigue, ensuring stable performance under high-frequency use (e.g., 2 hours daily operation).<\/li>\n<li>\u200b<strong>\u200b\u8282\u80fd\u8bbe\u8ba1\u200b<\/strong>\u200b\uff1a\u70ed\u6548\u7387\u226592%\uff0c\u8f83\u4f20\u7edf\u52a0\u70ed\u5143\u4ef6\u964d\u4f4e\u529f\u8017\u3002\u4f8b\u59821000W\u578b\u53f7\u7535\u6c34\u58f6\u70e7\u5f001L\u6c34\u4ec5\u97002-4\u5206\u949f\uff0c\u51cf\u5c11\u80fd\u6e90\u6d6a\u8d39\u3002.<\/li>\n<li>\u200b<strong>\u9ad8\u6027\u4ef7\u6bd4\u65b9\u6848<\/strong>\u200b\uff1a\u538b\u94f8\u6280\u672f\u5728\u4fdd\u6301\u6027\u80fd\u7684\u540c\u65f6\u964d\u4f4e\u751f\u4ea7\u6210\u672c\uff0c\u4f7f\u5176\u6210\u4e3aOEM\u5236\u9020\u5546\u4e0e\u552e\u540e\u66ff\u6362\u4ef6\u7684\u7ade\u4e89\u4f18\u52bf\u9009\u62e9\u3002.<\/li>\n<\/ul>\n<\/div>\n<\/div>\n<\/div>\n<\/div>\n<\/div>\n<div class=\"agent-chat__conv--ai__toolbar\" data-conv-index=\"104\" data-speech-index=\"0\">\n<div class=\"agent-chat__toolbar agent-chat__toolbar_new\">\n<div class=\"agent-chat__toolbar__left\"><img fetchpriority=\"high\" decoding=\"async\" class=\"aligncenter size-full wp-image-3362\" src=\"http:\/\/jinzho.com\/wp-content\/uploads\/2025\/05\/heating-element-factory-7.jpg\" alt=\"\" width=\"1254\" height=\"600\" title=\"\" srcset=\"https:\/\/jinzho.com\/wp-content\/uploads\/2025\/05\/heating-element-factory-7.jpg 1254w, https:\/\/jinzho.com\/wp-content\/uploads\/2025\/05\/heating-element-factory-7-300x144.jpg 300w, https:\/\/jinzho.com\/wp-content\/uploads\/2025\/05\/heating-element-factory-7-1024x490.jpg 1024w, https:\/\/jinzho.com\/wp-content\/uploads\/2025\/05\/heating-element-factory-7-768x367.jpg 768w, https:\/\/jinzho.com\/wp-content\/uploads\/2025\/05\/heating-element-factory-7-600x287.jpg 600w\" sizes=\"(max-width: 1254px) 100vw, 1254px\" \/><\/div>\n<div class=\"agent-chat__toolbar__right\">\n<div class=\"agent-chat__toolbar__item agent-chat__toolbar__copy\"><\/div>\n<div class=\"agent-chat__toolbar__item agent-chat__toolbar__collect\"><\/div>\n<div class=\"agent-chat__toolbar__item agent-chat__toolbar__suitable\"><\/div>\n<div class=\"agent-chat__toolbar__item agent-chat__toolbar__suitable\"><\/div>\n<div class=\"dropdown-tooltip-wrapper\">\n<div class=\"agent-chat__toolbar__item agent-chat__toolbar__repeat\"><\/div>\n<\/div>\n<div class=\"agent-chat__toolbar__item agent-chat__toolbar__share\"><\/div>\n<\/div>\n<\/div>\n<\/div>","protected":false},"excerpt":{"rendered":"<p>The die-cast heater adopts die-cast aluminum alloy substrate and thick film resistor technology, integrates PID temperature control module and NTC temperature sensor, achieves 3 seconds of fast heating, energy efficiency \u2265 96%, operating temperature range 50\u2103-500\u2103, and supports power (500W-8000W) customization. The surface anodizing treatment enhances corrosion resistance, has IPX7 waterproof, anti-dry burning and anti-scaling performance, life span exceeds 30,000 hours, adapts to high-frequency industrial and civilian continuous heating scenarios, and meets high stability and energy saving requirements.<\/p>\n<p>\u6700\u5c0f\u8d77\u8ba2\u91cf\uff1a1000\u4ef6<br \/>\n\u4ea4\u8d27\u5468\u671f\uff1a15-25\u5929<br \/>\n\u5de5\u5382\u5730\u5740\uff1a\u4e2d\u56fd\u5e7f\u4e1c\u7701\u4e2d\u5c71\u5e02<\/p>","protected":false},"featured_media":2056,"comment_status":"closed","ping_status":"closed","template":"","meta":[],"product_brand":[],"product_cat":[2739],"product_tag":[43,53,72,108,130],"class_list":{"0":"post-1017","1":"product","2":"type-product","3":"status-publish","4":"has-post-thumbnail","6":"product_cat-heated-die-casting-parts","7":"product_tag-water-heating-element","8":"product_tag-electric-heating-element","9":"product_tag-stainless-steel-water-heater","10":"product_tag-electric-heating-element-with-plate","11":"product_tag-custom-heating-systems","13":"first","14":"instock","15":"shipping-taxable","16":"product-type-simple"},"_links":{"self":[{"href":"https:\/\/jinzho.com\/vi\/wp-json\/wp\/v2\/product\/1017","targetHints":{"allow":["GET"]}}],"collection":[{"href":"https:\/\/jinzho.com\/vi\/wp-json\/wp\/v2\/product"}],"about":[{"href":"https:\/\/jinzho.com\/vi\/wp-json\/wp\/v2\/types\/product"}],"replies":[{"embeddable":true,"href":"https:\/\/jinzho.com\/vi\/wp-json\/wp\/v2\/comments?post=1017"}],"wp:featuredmedia":[{"embeddable":true,"href":"https:\/\/jinzho.com\/vi\/wp-json\/wp\/v2\/media\/2056"}],"wp:attachment":[{"href":"https:\/\/jinzho.com\/vi\/wp-json\/wp\/v2\/media?parent=1017"}],"wp:term":[{"taxonomy":"product_brand","embeddable":true,"href":"https:\/\/jinzho.com\/vi\/wp-json\/wp\/v2\/product_brand?post=1017"},{"taxonomy":"product_cat","embeddable":true,"href":"https:\/\/jinzho.com\/vi\/wp-json\/wp\/v2\/product_cat?post=1017"},{"taxonomy":"product_tag","embeddable":true,"href":"https:\/\/jinzho.com\/vi\/wp-json\/wp\/v2\/product_tag?post=1017"}],"curies":[{"name":"wp","href":"https:\/\/api.w.org\/{rel}","templated":true}]}}