{"id":998,"date":"2025-05-12T03:35:18","date_gmt":"2025-05-12T03:35:18","guid":{"rendered":"https:\/\/jinzho.com\/?post_type=product&#038;p=998"},"modified":"2025-06-07T03:41:08","modified_gmt":"2025-06-07T03:41:08","slug":"element-chauffant-du-chauffe-eau-electrique-en-alliage-daluminium-moule-sous-pression","status":"publish","type":"product","link":"https:\/\/jinzho.com\/fr\/product\/heating-element-of-the-die-cast-aluminum-alloy-electric-water-heater\/","title":{"rendered":"\u00c9l\u00e9ment chauffant du chauffe-eau \u00e9lectrique en alliage d'aluminium moul\u00e9 sous pression"},"content":{"rendered":"<h2>Applications du produit :<\/h2>\n<p>Chauffe-eau \u00e9lectriques domestiques, chauffe-eau instantan\u00e9s commerciaux, bouilloires \u00e9lectriques commerciales pour h\u00f4tels, \u00e9quipements de st\u00e9rilisation m\u00e9dicale, dispositifs \u00e0 eau \u00e0 temp\u00e9rature constante de laboratoire, chaudi\u00e8res \u00e0 boissons industrielles, corps chauffants de bouilloires \u00e9lectriques, modules de chauffage d'appoint pour chauffe-eau solaires, syst\u00e8mes d'eau chaude pour maisons intelligentes.<\/p>\n<h2>Sp\u00e9cifications et param\u00e8tres cl\u00e9s du corps chauffant en aluminium moul\u00e9 sous pression pour chauffe-eau \u00e9lectrique<\/h2>\n<div class=\"hyc-common-markdown__table-wrapper\">\n<table>\n<thead>\n<tr>\n<th>\u200b<strong>Param\u00e8tre<\/strong>\u200b<\/th>\n<th>\u200b<strong>Sp\u00e9cification<\/strong>\u200b<\/th>\n<\/tr>\n<\/thead>\n<tbody>\n<tr>\n<td>Technologie de l'\u00e9l\u00e9ment chauffant<\/td>\n<td>Substrat en alliage d'aluminium moul\u00e9 sous pression + technologie de r\u00e9sistance \u00e0 couche \u00e9paisse, int\u00e9gr\u00e9 avec un module de r\u00e9gulation PID.<\/td>\n<\/tr>\n<tr>\n<td>Chauffage rapide<\/td>\n<td>Chauffage rapide en 3 secondes.<\/td>\n<\/tr>\n<tr>\n<td>Efficacit\u00e9 \u00e9nerg\u00e9tique<\/td>\n<td>\u226596%.<\/td>\n<\/tr>\n<tr>\n<td>Plage de temp\u00e9rature de fonctionnement<\/td>\n<td>80\u2103-150\u2103 (normal).<\/td>\n<\/tr>\n<tr>\n<td>Plage de puissance<\/td>\n<td>1500W-6000W (personnalisable).<\/td>\n<\/tr>\n<tr>\n<td>Indice de protection<\/td>\n<td>IPX7.<\/td>\n<\/tr>\n<tr>\n<td>Performances cl\u00e9s<\/td>\n<td>R\u00e9sistance au tartre et \u00e0 la corrosion, protection contre la surchauffe \u00e0 sec.<\/td>\n<\/tr>\n<tr>\n<td>Sc\u00e9narios d'application<\/td>\n<td>Sc\u00e9narios de chauffage continu \u00e0 haute fr\u00e9quence.<\/td>\n<\/tr>\n<tr>\n<td>Dur\u00e9e de vie<\/td>\n<td>\u226550 000 heures (utilisation normale).<\/td>\n<\/tr>\n<\/tbody>\n<\/table>\n<\/div>\n<h2>\u00a0Avantages du produit<\/h2>\n<ul>\n<li>\u200b<strong>Chauffage ultra-rapide<\/strong>: Technologie de chauffage rapide en 3 secondes r\u00e9pondant aux besoins d'eau chaude instantan\u00e9e.<\/li>\n<li>\u200b<strong>Haute efficacit\u00e9 \u00e9nerg\u00e9tique<\/strong>: Efficacit\u00e9 \u00e9nerg\u00e9tique \u2265 96% r\u00e9duisant la consommation d'\u00e9nergie.<\/li>\n<li>\u200b<strong>Large plage de temp\u00e9rature<\/strong>: Adaptabilit\u00e9 de 80\u2103 \u00e0 150\u2103 convenant \u00e0 divers besoins de chauffage (ex. : bain, st\u00e9rilisation).<\/li>\n<li>\u200b<strong>Personnalisation flexible de la puissance<\/strong>: Puissance ajustable de 1500W \u00e0 6000W pour correspondre aux exigences domestiques, commerciales ou industrielles.<\/li>\n<li>\u200b<strong>Protection robuste<\/strong>: \u00c9tanch\u00e9it\u00e9 IPX7, r\u00e9sistance au tartre\/\u00e0 la corrosion et protection contre la surchauffe \u00e0 sec assurant une fiabilit\u00e9 \u00e0 long terme.<\/li>\n<li>\u200b<strong>\u200bAdaptabilit\u00e9 Multi-Sc\u00e9narios\u200b<\/strong>: Compatible avec les chauffe-eau domestiques, les bouilloires commerciales, les \u00e9quipements m\u00e9dicaux et les chaudi\u00e8res industrielles.<\/li>\n<li>\u200b<strong>Longue dur\u00e9e de vie<\/strong>: \u226550 000 heures de fonctionnement stable en utilisation \u00e0 haute fr\u00e9quence.<\/li>\n<\/ul>\n<p><img fetchpriority=\"high\" decoding=\"async\" class=\"aligncenter size-full wp-image-3641\" src=\"http:\/\/jinzho.com\/wp-content\/uploads\/2025\/05\/heating-element-factory-7-1.jpg\" alt=\"\" width=\"1254\" height=\"600\" title=\"\" srcset=\"https:\/\/jinzho.com\/wp-content\/uploads\/2025\/05\/heating-element-factory-7-1.jpg 1254w, https:\/\/jinzho.com\/wp-content\/uploads\/2025\/05\/heating-element-factory-7-1-300x144.jpg 300w, https:\/\/jinzho.com\/wp-content\/uploads\/2025\/05\/heating-element-factory-7-1-1024x490.jpg 1024w, https:\/\/jinzho.com\/wp-content\/uploads\/2025\/05\/heating-element-factory-7-1-768x367.jpg 768w, https:\/\/jinzho.com\/wp-content\/uploads\/2025\/05\/heating-element-factory-7-1-600x287.jpg 600w\" sizes=\"(max-width: 1254px) 100vw, 1254px\" \/><\/p>","protected":false},"excerpt":{"rendered":"<p>L'\u00e9l\u00e9ment chauffant du chauffe-eau \u00e9lectrique en alliage d'aluminium moul\u00e9 sous pression adopte un substrat en alliage d'aluminium moul\u00e9 sous pression et la technologie de r\u00e9sistance \u00e0 couche \u00e9paisse, int\u00e9gr\u00e9 avec un module de r\u00e9gulation PID, permettant un chauffage rapide en 3 secondes, une efficacit\u00e9 \u00e9nerg\u00e9tique \u2265 96%, une plage de temp\u00e9rature de fonctionnement de 80\u2103 \u00e0 150\u2103, une puissance personnalisable (1500W-6000W), une \u00e9tanch\u00e9it\u00e9 IPX7, une r\u00e9sistance au tartre, \u00e0 la corrosion et \u00e0 la surchauffe \u00e0 sec, adapt\u00e9 aux sc\u00e9narios de chauffage continu \u00e0 haute fr\u00e9quence, une dur\u00e9e de vie de plus de 50 000 heures, r\u00e9pondant aux besoins d'efficacit\u00e9 \u00e9nerg\u00e9tique \u00e9lev\u00e9e et de fonctionnement stable.<\/p>\n<p>Quantit\u00e9 minimale de commande : 1000<br \/>\nD\u00e9lai de livraison : 15-25 jours<br \/>\nEmplacement de l'usine : Zhongshan, Guangdong, Chine<\/p>","protected":false},"featured_media":1977,"comment_status":"closed","ping_status":"closed","template":"","meta":[],"product_brand":[],"product_cat":[2739],"product_tag":[42,53,72,101,103],"class_list":{"0":"post-998","1":"product","2":"type-product","3":"status-publish","4":"has-post-thumbnail","6":"product_cat-heated-die-casting-parts","7":"product_tag-electric-heating-units","8":"product_tag-electric-heating-element","9":"product_tag-stainless-steel-water-heater","10":"product_tag-heat-transfer-plates","11":"product_tag-electric-water-heater-element","13":"first","14":"instock","15":"shipping-taxable","16":"product-type-simple"},"_links":{"self":[{"href":"https:\/\/jinzho.com\/fr\/wp-json\/wp\/v2\/product\/998","targetHints":{"allow":["GET"]}}],"collection":[{"href":"https:\/\/jinzho.com\/fr\/wp-json\/wp\/v2\/product"}],"about":[{"href":"https:\/\/jinzho.com\/fr\/wp-json\/wp\/v2\/types\/product"}],"replies":[{"embeddable":true,"href":"https:\/\/jinzho.com\/fr\/wp-json\/wp\/v2\/comments?post=998"}],"wp:featuredmedia":[{"embeddable":true,"href":"https:\/\/jinzho.com\/fr\/wp-json\/wp\/v2\/media\/1977"}],"wp:attachment":[{"href":"https:\/\/jinzho.com\/fr\/wp-json\/wp\/v2\/media?parent=998"}],"wp:term":[{"taxonomy":"product_brand","embeddable":true,"href":"https:\/\/jinzho.com\/fr\/wp-json\/wp\/v2\/product_brand?post=998"},{"taxonomy":"product_cat","embeddable":true,"href":"https:\/\/jinzho.com\/fr\/wp-json\/wp\/v2\/product_cat?post=998"},{"taxonomy":"product_tag","embeddable":true,"href":"https:\/\/jinzho.com\/fr\/wp-json\/wp\/v2\/product_tag?post=998"}],"curies":[{"name":"wp","href":"https:\/\/api.w.org\/{rel}","templated":true}]}}