{"id":974,"date":"2025-05-12T03:34:58","date_gmt":"2025-05-12T03:34:58","guid":{"rendered":"https:\/\/jinzho.com\/?post_type=product&#038;p=974"},"modified":"2025-06-07T02:28:46","modified_gmt":"2025-06-07T02:28:46","slug":"corps-de-chauffage-de-la-machine-a-cafe","status":"publish","type":"product","link":"https:\/\/jinzho.com\/fr\/product\/coffee-machine-heating-body\/","title":{"rendered":"Corps de chauffe de la machine \u00e0 caf\u00e9"},"content":{"rendered":"<h2>Applications du produit :<\/h2>\n<p>Machine \u00e0 caf\u00e9 italienne semi-automatique, machine \u00e0 caf\u00e9 filtre enti\u00e8rement automatique, machine \u00e0 caf\u00e9 \u00e0 capsules (compatible Nespresso par exemple), base chauffante pour cafeti\u00e8re moka, machine \u00e0 caf\u00e9 italienne commerciale, composant chauffant pour lance \u00e0 vapeur\/mousseur \u00e0 lait, \u00e9quipement \u00e9lectrique commercial pour caf\u00e9 d'h\u00f4tel.<\/p>\n<p>&nbsp;<\/p>\n<h2>Sp\u00e9cifications et param\u00e8tres cl\u00e9s de l'\u00e9l\u00e9ment chauffant pour machine \u00e0 caf\u00e9<\/h2>\n<div class=\"hyc-common-markdown__table-wrapper\">\n<table>\n<thead>\n<tr>\n<th>Param\u00e8tres<\/th>\n<th>Gamme de sp\u00e9cifications<\/th>\n<\/tr>\n<\/thead>\n<tbody>\n<tr>\n<td>Plage de puissance<\/td>\n<td>600W-3000W<\/td>\n<\/tr>\n<tr>\n<td>Tension de fonctionnement<\/td>\n<td>220V (monophas\u00e9, standard) ; 110V (optionnel, pour mod\u00e8les \u00e0 l'export)<\/td>\n<\/tr>\n<tr>\n<td>Valeur de r\u00e9sistance<\/td>\n<td>18\u03a9-140\u03a9 (unit\u00e9 unique)<\/td>\n<\/tr>\n<tr>\n<td>Temp\u00e9rature de fonctionnement<\/td>\n<td>Surface : 120\u2103-200\u2103 (normal) ; Max. support\u00e9 : 250\u2103 (protection contre les surcharges de courte dur\u00e9e)<\/td>\n<\/tr>\n<tr>\n<td>Mat\u00e9riau<\/td>\n<td>\u00c9l\u00e9ment chauffant : Alliage nickel-chrome (Cr20Ni80, \u03a60.5mm-\u03a61.2mm) ; Bo\u00eetier : Acier inoxydable 304 (\u00e9paisseur 0.8mm-2.0mm)<\/td>\n<\/tr>\n<tr>\n<td>Dimensions<\/td>\n<td>Longueur : 80mm-400mm ; Largeur\/\u00c9paisseur : 15mm-50mm (personnalisable selon l'emplacement de la machine \u00e0 caf\u00e9)<\/td>\n<\/tr>\n<tr>\n<td>Dur\u00e9e de vie<\/td>\n<td>5000h-10000h (utilisation normale, sans chauffage \u00e0 sec\/corrosion)<\/td>\n<\/tr>\n<\/tbody>\n<\/table>\n<\/div>\n<h2>\u00a0Avantages du produit<\/h2>\n<ol>\n<li>\u200b<strong>Chauffage rapide<\/strong>\u200b: L'alliage nickel-chrome \u00e0 haute conductivit\u00e9 permet le chauffage de 1L d'eau de 25\u2103 \u00e0 95\u2103 en \u22643 minutes (mod\u00e8le 1500W).<\/li>\n<li>\u200b<strong>Contr\u00f4le pr\u00e9cis de la temp\u00e9rature<\/strong>\u200b: L'adaptation optimis\u00e9e de la r\u00e9sistance garantit une fluctuation de temp\u00e9rature de l'eau de \u00b12\u2103 (id\u00e9al pour l'espresso).<\/li>\n<li>\u200b<strong>R\u00e9sistance \u00e0 la corrosion<\/strong>\u200b: Le bo\u00eetier en acier inoxydable 304 et l'\u00e9l\u00e9ment en alliage nickel-chrome r\u00e9sistent \u00e0 la rouille et au tartre induits par l'eau\/la vapeur.<\/li>\n<li>\u200b<strong>\u200bLarge Compatibilit\u00e9\u200b<\/strong>\u200b: S'adapte aux marques principales (ex. Delonghi, Jura) sans modification n\u00e9cessaire.<\/li>\n<li>\u200b<strong>\u200bS\u00fbr et Stable\u200b<\/strong>\u200b: La protection contre la surchauffe en option (arr\u00eat automatique \u00e0 180\u2103) pr\u00e9vient le chauffage \u00e0 sec\/les temp\u00e9ratures anormalement \u00e9lev\u00e9es.<\/li>\n<li>\u200b<strong>\u200b\u00c9conomie d'\u00c9nergie\u200b<\/strong>\u200b: L'efficacit\u00e9 de conversion thermique \u226585 %, 10 % plus \u00e9conome en \u00e9nergie que les fils r\u00e9sistifs traditionnels.<\/li>\n<li>\u200b<strong>Conception compacte<\/strong>\u200b: L\u00e9ger (\u22642kg) minimise la charge suppl\u00e9mentaire sur les machines \u00e0 caf\u00e9.<\/li>\n<li>\u200b<strong>\u200bPersonnalisable\u200b<\/strong>\u200b: Puissance, dimensions et tension ajustables selon le mod\u00e8le de machine ou les besoins techniques du client.<\/li>\n<\/ol>\n<p><img fetchpriority=\"high\" decoding=\"async\" class=\"aligncenter size-full wp-image-3434\" src=\"http:\/\/jinzho.com\/wp-content\/uploads\/2025\/05\/heating-element-factory-5.jpg\" alt=\"\" width=\"1254\" height=\"600\" title=\"\" srcset=\"https:\/\/jinzho.com\/wp-content\/uploads\/2025\/05\/heating-element-factory-5.jpg 1254w, https:\/\/jinzho.com\/wp-content\/uploads\/2025\/05\/heating-element-factory-5-300x144.jpg 300w, https:\/\/jinzho.com\/wp-content\/uploads\/2025\/05\/heating-element-factory-5-1024x490.jpg 1024w, https:\/\/jinzho.com\/wp-content\/uploads\/2025\/05\/heating-element-factory-5-768x367.jpg 768w, https:\/\/jinzho.com\/wp-content\/uploads\/2025\/05\/heating-element-factory-5-600x287.jpg 600w\" sizes=\"(max-width: 1254px) 100vw, 1254px\" \/><\/p>","protected":false},"excerpt":{"rendered":"<p>Le corps de chauffe pour machines \u00e0 caf\u00e9 adopte une technologie de moulage sous pression en alliage d'aluminium et int\u00e8gre un module de r\u00e9gulation de temp\u00e9rature NTC pour atteindre un chauffage rapide en 3 secondes, une efficacit\u00e9 \u00e9nerg\u00e9tique \u226596 %, une puissance adaptable de 500W \u00e0 2000W, une plage de temp\u00e9rature de fonctionnement de 50\u2103 \u00e0 250\u2103, avec une conception \u00e9tanche IPX7 et anti-fuites, une dur\u00e9e de vie en chauffage \u00e0 sec de plus de 30 000 heures, supporte un fonctionnement continu \u00e0 haute temp\u00e9rature et r\u00e9pond aux exigences d'extraction \u00e0 haute fr\u00e9quence des machines \u00e0 caf\u00e9.<\/p>\n<p>Quantit\u00e9 minimale de commande : 1000<br \/>\nD\u00e9lai de livraison : 15-25 jours<br \/>\nEmplacement de l'usine : Zhongshan, Guangdong, Chine<\/p>","protected":false},"featured_media":1875,"comment_status":"closed","ping_status":"closed","template":"","meta":[],"product_brand":[],"product_cat":[2739],"product_tag":[53,61,65,81,119],"class_list":{"0":"post-974","1":"product","2":"type-product","3":"status-publish","4":"has-post-thumbnail","6":"product_cat-heated-die-casting-parts","7":"product_tag-electric-heating-element","8":"product_tag-coffee-machine-heating-element","9":"product_tag-general-electric-heating-element","10":"product_tag-heating-element-for-coffee-maker","11":"product_tag-coffee-machine-parts","13":"first","14":"instock","15":"shipping-taxable","16":"product-type-simple"},"_links":{"self":[{"href":"https:\/\/jinzho.com\/fr\/wp-json\/wp\/v2\/product\/974","targetHints":{"allow":["GET"]}}],"collection":[{"href":"https:\/\/jinzho.com\/fr\/wp-json\/wp\/v2\/product"}],"about":[{"href":"https:\/\/jinzho.com\/fr\/wp-json\/wp\/v2\/types\/product"}],"replies":[{"embeddable":true,"href":"https:\/\/jinzho.com\/fr\/wp-json\/wp\/v2\/comments?post=974"}],"wp:featuredmedia":[{"embeddable":true,"href":"https:\/\/jinzho.com\/fr\/wp-json\/wp\/v2\/media\/1875"}],"wp:attachment":[{"href":"https:\/\/jinzho.com\/fr\/wp-json\/wp\/v2\/media?parent=974"}],"wp:term":[{"taxonomy":"product_brand","embeddable":true,"href":"https:\/\/jinzho.com\/fr\/wp-json\/wp\/v2\/product_brand?post=974"},{"taxonomy":"product_cat","embeddable":true,"href":"https:\/\/jinzho.com\/fr\/wp-json\/wp\/v2\/product_cat?post=974"},{"taxonomy":"product_tag","embeddable":true,"href":"https:\/\/jinzho.com\/fr\/wp-json\/wp\/v2\/product_tag?post=974"}],"curies":[{"name":"wp","href":"https:\/\/api.w.org\/{rel}","templated":true}]}}