{"id":955,"date":"2025-05-12T03:34:37","date_gmt":"2025-05-12T03:34:37","guid":{"rendered":"https:\/\/jinzho.com\/?post_type=product&#038;p=955"},"modified":"2025-06-04T13:27:07","modified_gmt":"2025-06-04T13:27:07","slug":"aluminum-heater-plate","status":"publish","type":"product","link":"https:\/\/jinzho.com\/fr\/product\/aluminum-heater-plate\/","title":{"rendered":"Plaque chauffante en aluminium"},"content":{"rendered":"<h2>Param\u00e8tres du produit<\/h2>\n<p>Gamme de puissance :<br \/>\nUsage domestique : 300W\u20131500W (bouilloire \u00e9lectrique, friteuse \u00e0 air).<br \/>\nUsage commercial : 1500W\u20135000W (four industriel, \u00e9quipement de cuisson).<br \/>\nTension de service : 110V\/220V CA (compatible mondialement, erreur \u00b15%) ou CC sur mesure (12V\u201348V).<br \/>\nTemp\u00e9rature de travail :<br \/>\nStabilit\u00e9 continue : 200\u00b0C\u2013400\u00b0C (temp\u00e9rature de surface, protection par rev\u00eatement requise).<br \/>\nPic de courte dur\u00e9e : 500\u00b0C (isolation en fibre c\u00e9ramique requise).<br \/>\nDimensions:<br \/>\n\u00c9paisseur : 1mm\u20136mm (conception ultra-mince adapt\u00e9e aux \u00e9quipements compacts).<br \/>\nForme : plate, incurv\u00e9e, sur mesure de forme sp\u00e9ciale (adapt\u00e9e au fond de bouilloire, cavit\u00e9 de four, etc.).<br \/>\nParam\u00e8tres de performance<br \/>\nVitesse de chauffage : Substrat en alliage d'aluminium sans inertie thermique, chauffage \u00e0 200\u00b0C en 3 minutes.<br \/>\nUniformit\u00e9 de temp\u00e9rature : \u00b15\u00b0C (meilleure que \u00b110\u00b0C pour l'acier inoxydable).<br \/>\nRendement thermique : Plus de 90% (chauffage par contact direct, pas de perte de milieu de stockage thermique).<br \/>\nDur\u00e9e de vie : 10 000\u201330 000 heures (selon la temp\u00e9rature de fonctionnement et la protection par rev\u00eatement).<\/p>\n<p><img fetchpriority=\"high\" decoding=\"async\" class=\"aligncenter size-full wp-image-3366\" src=\"http:\/\/jinzho.com\/wp-content\/uploads\/2025\/05\/heating-element-factory-11.jpg\" alt=\"\" width=\"1254\" height=\"600\" title=\"\" srcset=\"https:\/\/jinzho.com\/wp-content\/uploads\/2025\/05\/heating-element-factory-11.jpg 1254w, https:\/\/jinzho.com\/wp-content\/uploads\/2025\/05\/heating-element-factory-11-300x144.jpg 300w, https:\/\/jinzho.com\/wp-content\/uploads\/2025\/05\/heating-element-factory-11-1024x490.jpg 1024w, https:\/\/jinzho.com\/wp-content\/uploads\/2025\/05\/heating-element-factory-11-768x367.jpg 768w, https:\/\/jinzho.com\/wp-content\/uploads\/2025\/05\/heating-element-factory-11-600x287.jpg 600w\" sizes=\"(max-width: 1254px) 100vw, 1254px\" \/><\/p>\n<h2>Avantages principaux<\/h2>\n<p>L\u00e9g\u00e8ret\u00e9 et rentabilit\u00e9<br \/>\nFaible co\u00fbt des mat\u00e9riaux, adapt\u00e9 \u00e0 la production de masse \u00e0 grande \u00e9chelle<\/p>\n<p>Conductivit\u00e9 thermique rapide et uniformit\u00e9 de temp\u00e9rature<br \/>\nPrise en charge de la r\u00e9gulation de temp\u00e9rature par algorithme PID (pr\u00e9cision \u00b11\u00b0C), adapt\u00e9e aux sc\u00e9narios de chauffage de pr\u00e9cision (comme les thermostats de laboratoire).<\/p>\n<p>Traitements de surface diversifi\u00e9s<br \/>\nCouche anodis\u00e9e : Test de r\u00e9sistance au brouillard salin \u2265500 heures, adapt\u00e9e aux environnements humides (comme les cuisines, \u00e9quipements ext\u00e9rieurs).<br \/>\n\u200b\u200b<br \/>\nS\u00e9curit\u00e9 et fiabilit\u00e9<br \/>\nProtection contre la surchauffe \u00e0 sec : Capteur de temp\u00e9rature NTC int\u00e9gr\u00e9, arr\u00eat automatique en cas de surtemp\u00e9rature (par exemple, &gt;300\u00b0C d\u00e9clenche la protection).<\/p>\n<p>\u00c9cologie et \u00e9conomie d'\u00e9nergie<br \/>\nChauffage par contact direct, consommation d'\u00e9nergie inf\u00e9rieure de 40% \u00e0 celle des chaudi\u00e8res traditionnelles<br \/>\nZ\u00e9ro \u00e9mission, pas de vibration ni de bruit, adapt\u00e9 aux sc\u00e9narios m\u00e9dicaux et de transformation alimentaire.<\/p>\n<h2>Sc\u00e9narios d&#039;application<\/h2>\n<p>Appareils m\u00e9nagers :<br \/>\nBouilloire \u00e9lectrique, friteuse \u00e0 air, machine \u00e0 caf\u00e9 (chauffage rapide et \u00e9quilibre thermique).<\/p>\n<p>\u00c9quipements commerciaux :<br \/>\nFour de cuisson, gaufrier, machine \u00e0 petit-d\u00e9jeuner (chauffage stable \u00e0 haute fr\u00e9quence).<\/p>\n<p>\u00c9quipements industriels :<br \/>\nPlaque chauffante pour moules, r\u00e9acteur \u00e0 temp\u00e9rature constante, isolation de tuyauterie (r\u00e9sistance \u00e0 la corrosion et aux hautes temp\u00e9ratures).<\/p>\n<p>M\u00e9dical et laboratoire :<br \/>\nIncubateur thermostatique, table de chauffage de r\u00e9actifs (r\u00e9gulation PID + conception antid\u00e9flagrante).<\/p>\n<p><img decoding=\"async\" class=\"aligncenter size-full wp-image-3403\" src=\"http:\/\/jinzho.com\/wp-content\/uploads\/2025\/05\/heating-element-application-12.jpg\" alt=\"\" width=\"1254\" height=\"600\" title=\"\" srcset=\"https:\/\/jinzho.com\/wp-content\/uploads\/2025\/05\/heating-element-application-12.jpg 1254w, https:\/\/jinzho.com\/wp-content\/uploads\/2025\/05\/heating-element-application-12-300x144.jpg 300w, https:\/\/jinzho.com\/wp-content\/uploads\/2025\/05\/heating-element-application-12-1024x490.jpg 1024w, https:\/\/jinzho.com\/wp-content\/uploads\/2025\/05\/heating-element-application-12-768x367.jpg 768w, https:\/\/jinzho.com\/wp-content\/uploads\/2025\/05\/heating-element-application-12-600x287.jpg 600w\" sizes=\"(max-width: 1254px) 100vw, 1254px\" \/><\/p>","protected":false},"excerpt":{"rendered":"<p>Plaque chauffante en aluminium \u2013 Solution de conduction thermique l\u00e9g\u00e8re et efficace<br \/>\nLes plaques chauffantes en aluminium sont largement utilis\u00e9es dans les appareils de cuisine, les \u00e9quipements industriels et les domaines m\u00e9dicaux gr\u00e2ce \u00e0 leur l\u00e9g\u00e8ret\u00e9, leur haute conductivit\u00e9 thermique et leur r\u00e9sistance \u00e0 la corrosion.<\/p>\n<p>MOQ\uff1a1000PCS<br \/>\nD\u00e9lai de livraison\uff1a25 jours<br \/>\nEmplacement de l'usine : Zhongshan, Guangdong, Chine<\/p>","protected":false},"featured_media":1758,"comment_status":"closed","ping_status":"closed","template":"","meta":[],"product_brand":[],"product_cat":[2736],"product_tag":[42,43,57,106,107],"class_list":{"0":"post-955","1":"product","2":"type-product","3":"status-publish","4":"has-post-thumbnail","6":"product_cat-heating-plate","7":"product_tag-electric-heating-units","8":"product_tag-water-heating-element","9":"product_tag-hot-water-heating-element","10":"product_tag-aluminum-heat-exchanger-2","11":"product_tag-aluminum-heat-transfer-plates","13":"first","14":"instock","15":"shipping-taxable","16":"product-type-simple"},"_links":{"self":[{"href":"https:\/\/jinzho.com\/fr\/wp-json\/wp\/v2\/product\/955","targetHints":{"allow":["GET"]}}],"collection":[{"href":"https:\/\/jinzho.com\/fr\/wp-json\/wp\/v2\/product"}],"about":[{"href":"https:\/\/jinzho.com\/fr\/wp-json\/wp\/v2\/types\/product"}],"replies":[{"embeddable":true,"href":"https:\/\/jinzho.com\/fr\/wp-json\/wp\/v2\/comments?post=955"}],"wp:featuredmedia":[{"embeddable":true,"href":"https:\/\/jinzho.com\/fr\/wp-json\/wp\/v2\/media\/1758"}],"wp:attachment":[{"href":"https:\/\/jinzho.com\/fr\/wp-json\/wp\/v2\/media?parent=955"}],"wp:term":[{"taxonomy":"product_brand","embeddable":true,"href":"https:\/\/jinzho.com\/fr\/wp-json\/wp\/v2\/product_brand?post=955"},{"taxonomy":"product_cat","embeddable":true,"href":"https:\/\/jinzho.com\/fr\/wp-json\/wp\/v2\/product_cat?post=955"},{"taxonomy":"product_tag","embeddable":true,"href":"https:\/\/jinzho.com\/fr\/wp-json\/wp\/v2\/product_tag?post=955"}],"curies":[{"name":"wp","href":"https:\/\/api.w.org\/{rel}","templated":true}]}}