{"id":952,"date":"2025-05-12T03:34:37","date_gmt":"2025-05-12T03:34:37","guid":{"rendered":"https:\/\/jinzho.com\/?post_type=product&#038;p=952"},"modified":"2025-06-02T23:58:48","modified_gmt":"2025-06-02T23:58:48","slug":"plaque-chauffante-pour-chauffe-lait","status":"publish","type":"product","link":"https:\/\/jinzho.com\/fr\/product\/milk-heater-heating-plate\/","title":{"rendered":"plaque chauffante pour chauffe-lait"},"content":{"rendered":"<h2>Applications des produits<\/h2>\n<p>Appareils \u00e9lectrom\u00e9nagers : st\u00e9rilisateur de biberons, m\u00e9langeur de lait \u00e0 temp\u00e9rature constante, tasse chauffante \u00e0 lait portable, coussin chauffant en mousse de lait \u00e0 caf\u00e9.<\/p>\n<p>\u00c9quipement industriel : appareil de bain-marie \u00e0 temp\u00e9rature constante de laboratoire, syst\u00e8me de d\u00e9sinfection \u00e0 temp\u00e9rature constante d&#039;\u00e9quipement m\u00e9dical, \u00e9quipement de pr\u00e9traitement de traitement des produits laitiers.<\/p>\n<p><img fetchpriority=\"high\" decoding=\"async\" class=\"aligncenter size-full wp-image-3403\" src=\"http:\/\/jinzho.com\/wp-content\/uploads\/2025\/05\/heating-element-application-12.jpg\" alt=\"\" width=\"1254\" height=\"600\" title=\"\" srcset=\"https:\/\/jinzho.com\/wp-content\/uploads\/2025\/05\/heating-element-application-12.jpg 1254w, https:\/\/jinzho.com\/wp-content\/uploads\/2025\/05\/heating-element-application-12-300x144.jpg 300w, https:\/\/jinzho.com\/wp-content\/uploads\/2025\/05\/heating-element-application-12-1024x490.jpg 1024w, https:\/\/jinzho.com\/wp-content\/uploads\/2025\/05\/heating-element-application-12-768x367.jpg 768w, https:\/\/jinzho.com\/wp-content\/uploads\/2025\/05\/heating-element-application-12-600x287.jpg 600w\" sizes=\"(max-width: 1254px) 100vw, 1254px\" \/><\/p>\n<h2>Param\u00e8tres du produit<\/h2>\n<p>Mat\u00e9riau et structure :<\/p>\n<p>Substrat en acier inoxydable 304 : r\u00e9sistant \u00e0 la corrosion, antirouille, surface polie (facile \u00e0 nettoyer), adapt\u00e9 aux r\u00e9cipients tels que les bouteilles et les verres.<\/p>\n<p>Conception d&#039;isolation : couche isolante en fibre c\u00e9ramique (temp\u00e9rature de surface \u2264 60 \u00b0C, anti-br\u00fblure).<\/p>\n<p>Gamme de puissance :<\/p>\n<p>Mod\u00e8le conventionnel : 300 W\u2013800 W (convient aux bouteilles de 200 ml\u2013500 ml, pasteurisation ou chauffage \u00e0 temp\u00e9rature constante).<\/p>\n<p>Mod\u00e8le portable : 200 W (alimentation USB-C, adapt\u00e9 \u00e0 la voiture\/au voyage, autonomie de la batterie 6 heures).<\/p>\n<p>Contr\u00f4le de la temp\u00e9rature :<\/p>\n<p>Algorithme PID : pr\u00e9cision de contr\u00f4le de la temp\u00e9rature \u00b1 0,5 \u00b0C, prise en charge du contr\u00f4le de la temp\u00e9rature \u00e0 plusieurs \u00e9tapes (comme la pasteurisation 40 \u00b0C \u2192 60 \u00b0C \u2192 85 \u00b0C).<\/p>\n<p>Mode pr\u00e9r\u00e9gl\u00e9 : chauffage du lait maternel (40\u00b0C), fermentation du yaourt (42\u00b0C), brassage du lait en poudre (70\u00b0C).<\/p>\n<p>Dimensions et sp\u00e9cifications :<br \/>\nForme : ronde\/carr\u00e9e (s&#039;adapte au fond des biberons standards, diam\u00e8tre 5\u20138 cm).<br \/>\nZone de chauffe : diam\u00e8tre 6 cm\u20138 cm (couvre le fond du biberon).<br \/>\n\u00c9paisseur : 1,5 mm \u00e0 3 mm (conception ultra-mince, portable pour bureau\/voiture).<\/p>\n<p>Protection de s\u00e9curit\u00e9 :<br \/>\nAnti-br\u00fblure \u00e0 sec : arr\u00eat automatique lorsque la temp\u00e9rature &gt; valeur d\u00e9finie 10\u00b0C (par exemple, arr\u00eat du chauffage apr\u00e8s que l&#039;eau du biberon soit s\u00e8che).<br \/>\nConception anti-d\u00e9bordement : r\u00e9duction automatique de la puissance lors de la d\u00e9tection de liquide bouillant pour \u00e9viter que le lait ne d\u00e9borde.<br \/>\nAstuce : arr\u00eat automatique lorsque l&#039;angle d&#039;inclinaison &gt; 15\u00b0 (convient \u00e0 une utilisation en voiture).<\/p>\n<p>Dur\u00e9e de vie et fiabilit\u00e9 :<br \/>\nMod\u00e8les r\u00e9guliers : 5 000 \u00e0 8 000 heures (calcul\u00e9 sur la base de 3 utilisations par jour).<\/p>\n<h2>Avantages principaux<\/h2>\n<p>Contr\u00f4le pr\u00e9cis de la temp\u00e9rature :<\/p>\n<p>Programmation multi-\u00e9tapes : prend en charge la pasteurisation (62\u00b0C\/30 minutes), le stockage du lait maternel (r\u00e9frig\u00e9ration \u00e0 4\u00b0C) et la pr\u00e9paration du lait (70\u00b0C).<\/p>\n<p>Affichage en temps r\u00e9el : l&#039;\u00e9cran LED affiche la temp\u00e9rature et le mode actuels, ce qui convient \u00e0 l&#039;alimentation nocturne sans allumer la lumi\u00e8re.<\/p>\n<p>S\u00e9curit\u00e9 et anti-br\u00fblure :<\/p>\n<p>Couche isolante : Temp\u00e9rature de surface \u226460\u00b0C pour \u00e9viter les br\u00fblures accidentelles (particuli\u00e8rement adapt\u00e9 aux familles avec enfants).<\/p>\n<p>Double assurance : fusible thermique + arr\u00eat automatique, conforme aux normes de s\u00e9curit\u00e9 des appareils \u00e9lectrom\u00e9nagers GB 4706.1.<\/p>\n<p>Chauffage efficace :<\/p>\n<p>Mod\u00e8le 300W : chauffe 200ml d&#039;eau froide \u00e0 40\u00b0C en 3 minutes sans risque de surchauffe.<\/p>\n<p>Mode de pasteurisation : temp\u00e9rature constante de 60\u00b0C pendant 10 minutes, tue les bact\u00e9ries nocives et conserve les nutriments.<\/p>\n<p>Facile \u00e0 nettoyer et \u00e0 entretenir :<\/p>\n<p>Conception d\u00e9tachable : la plaque chauffante est s\u00e9par\u00e9e de la base et prend en charge le nettoyage au lave-vaisselle.<br \/>\nRev\u00eatement en t\u00e9flon (substrat en c\u00e9ramique) : aucun r\u00e9sidu, r\u00e9sistant au tartre et aux taches de lait.<br \/>\nFonctionnement silencieux :<br \/>\nConception sans ventilateur, adapt\u00e9e \u00e0 une utilisation dans la chambre de b\u00e9b\u00e9 la nuit.<br \/>\nAdaptation multi-sc\u00e8nes :<br \/>\nChauffe-biberon : convient aux biberons standards.<br \/>\nCompatible avec la yaourti\u00e8re : avec pot en verre, fermentation \u00e0 temp\u00e9rature constante de 42\u00b0C pendant 8 heures.<\/p>\n<p><img decoding=\"async\" class=\"aligncenter size-full wp-image-3346\" src=\"http:\/\/jinzho.com\/wp-content\/uploads\/2025\/05\/heating-element-factory-3-1.jpg\" alt=\"\" width=\"1254\" height=\"600\" title=\"\" srcset=\"https:\/\/jinzho.com\/wp-content\/uploads\/2025\/05\/heating-element-factory-3-1.jpg 1254w, https:\/\/jinzho.com\/wp-content\/uploads\/2025\/05\/heating-element-factory-3-1-300x144.jpg 300w, https:\/\/jinzho.com\/wp-content\/uploads\/2025\/05\/heating-element-factory-3-1-1024x490.jpg 1024w, https:\/\/jinzho.com\/wp-content\/uploads\/2025\/05\/heating-element-factory-3-1-768x367.jpg 768w, https:\/\/jinzho.com\/wp-content\/uploads\/2025\/05\/heating-element-factory-3-1-600x287.jpg 600w\" sizes=\"(max-width: 1254px) 100vw, 1254px\" \/><\/p>","protected":false},"excerpt":{"rendered":"<p>Plaque chauffante pour chauffe-lait \u2014 Solution de chauffage \u00e0 contr\u00f4le pr\u00e9cis de la temp\u00e9rature de qualit\u00e9 alimentaire<br \/>\nL&#039;\u00e9l\u00e9ment chauffant est sp\u00e9cialement con\u00e7u pour les \u00e9quipements de chauffage du lait (tels que les pasteurisateurs, les \u00e9quipements de bar \u00e0 lait et les lignes de production laiti\u00e8re). Fabriqu\u00e9 en acier inoxydable 316L de qualit\u00e9 alimentaire avec rev\u00eatement nano-c\u00e9ramique, il convient \u00e0 une puissance de 500 W \u00e0 3\u00a0000 W, offre une r\u00e9sistance \u00e0 la temp\u00e9rature de 150 \u00b0C (courte dur\u00e9e) et une uniformit\u00e9 de distribution de la chaleur de \u0394T \u2264 2 \u00b0C. Il int\u00e8gre un algorithme de contr\u00f4le dynamique de la temp\u00e9rature PID (pr\u00e9cision de \u00b1 0,5 \u00b0C), une protection anti-br\u00fblure \u00e0 sec (arr\u00eat automatique en \uff1e15 secondes) et un syst\u00e8me d&#039;autonettoyage \u00e0 vapeur puls\u00e9e (taux de d\u00e9tartrage du lait \uff1e99%). Certifi\u00e9 CE\/LFGB\/RoHS, il est adapt\u00e9 aux applications domestiques, commerciales et industrielles de transformation laiti\u00e8re.<\/p>\n<p>MOQ\uff1a1000PCS<br \/>\nD\u00e9lai de livraison\uff1a25 jours<br \/>\nEmplacement de l'usine : Zhongshan, Guangdong, Chine<\/p>","protected":false},"featured_media":1746,"comment_status":"closed","ping_status":"closed","template":"","meta":[],"product_brand":[],"product_cat":[2736],"product_tag":[42,65,73,99,105],"class_list":{"0":"post-952","1":"product","2":"type-product","3":"status-publish","4":"has-post-thumbnail","6":"product_cat-heating-plate","7":"product_tag-electric-heating-units","8":"product_tag-general-electric-heating-element","9":"product_tag-appliance-heating-elements","10":"product_tag-heat-plate","11":"product_tag-heater-element-plate","13":"first","14":"instock","15":"shipping-taxable","16":"product-type-simple"},"_links":{"self":[{"href":"https:\/\/jinzho.com\/fr\/wp-json\/wp\/v2\/product\/952","targetHints":{"allow":["GET"]}}],"collection":[{"href":"https:\/\/jinzho.com\/fr\/wp-json\/wp\/v2\/product"}],"about":[{"href":"https:\/\/jinzho.com\/fr\/wp-json\/wp\/v2\/types\/product"}],"replies":[{"embeddable":true,"href":"https:\/\/jinzho.com\/fr\/wp-json\/wp\/v2\/comments?post=952"}],"wp:featuredmedia":[{"embeddable":true,"href":"https:\/\/jinzho.com\/fr\/wp-json\/wp\/v2\/media\/1746"}],"wp:attachment":[{"href":"https:\/\/jinzho.com\/fr\/wp-json\/wp\/v2\/media?parent=952"}],"wp:term":[{"taxonomy":"product_brand","embeddable":true,"href":"https:\/\/jinzho.com\/fr\/wp-json\/wp\/v2\/product_brand?post=952"},{"taxonomy":"product_cat","embeddable":true,"href":"https:\/\/jinzho.com\/fr\/wp-json\/wp\/v2\/product_cat?post=952"},{"taxonomy":"product_tag","embeddable":true,"href":"https:\/\/jinzho.com\/fr\/wp-json\/wp\/v2\/product_tag?post=952"}],"curies":[{"name":"wp","href":"https:\/\/api.w.org\/{rel}","templated":true}]}}