{"id":935,"date":"2025-05-12T03:34:36","date_gmt":"2025-05-12T03:34:36","guid":{"rendered":"https:\/\/jinzho.com\/?post_type=product&#038;p=935"},"modified":"2025-06-02T07:39:27","modified_gmt":"2025-06-02T07:39:27","slug":"plaque-chauffante-pour-cuiseur-a-oeufs","status":"publish","type":"product","link":"https:\/\/jinzho.com\/fr\/product\/egg-boiler-heating-plate\/","title":{"rendered":"Plaque chauffante pour cuiseur \u00e0 \u0153ufs"},"content":{"rendered":"<h2>Applications des produits<\/h2>\n<p>&nbsp;<\/p>\n<p>Appareils \u00e9lectrom\u00e9nagers : cuiseurs \u00e0 \u0153ufs, machines \u00e0 yaourt, bouilloires \u00e9lectriques, chauffe-biberons.<\/p>\n<p>\u00c9quipements industriels : syst\u00e8mes de temp\u00e9rature constante pour la transformation des aliments, incubateurs \u00e0 temp\u00e9rature constante de laboratoire, \u00e9quipements de fermentation de yaourt commerciaux.<\/p>\n<p><img fetchpriority=\"high\" decoding=\"async\" class=\"aligncenter size-full wp-image-3403\" src=\"http:\/\/jinzho.com\/wp-content\/uploads\/2025\/05\/heating-element-application-12.jpg\" alt=\"\" width=\"1254\" height=\"600\" title=\"\" srcset=\"https:\/\/jinzho.com\/wp-content\/uploads\/2025\/05\/heating-element-application-12.jpg 1254w, https:\/\/jinzho.com\/wp-content\/uploads\/2025\/05\/heating-element-application-12-300x144.jpg 300w, https:\/\/jinzho.com\/wp-content\/uploads\/2025\/05\/heating-element-application-12-1024x490.jpg 1024w, https:\/\/jinzho.com\/wp-content\/uploads\/2025\/05\/heating-element-application-12-768x367.jpg 768w, https:\/\/jinzho.com\/wp-content\/uploads\/2025\/05\/heating-element-application-12-600x287.jpg 600w\" sizes=\"(max-width: 1254px) 100vw, 1254px\" \/><\/p>\n<p>&nbsp;<\/p>\n<h2>Param\u00e8tres du produit<\/h2>\n<p>Gamme de puissance :<\/p>\n<p>Mod\u00e8le domestique\u00a0: 500\u00a0W\u20131\u00a0500\u00a0W (convient aux bouilloires \u00e9lectriques, aux petits cuiseurs \u00e0 \u0153ufs).<\/p>\n<p>Mod\u00e8le commercial\u00a0: 1\u00a0500\u00a0W\u20133\u00a0000\u00a0W (\u00e9quipement de cuisson \u00e0 la vapeur commercial, restauration en cha\u00eene).<\/p>\n<p>Personnalisable\u00a0: prend en charge le r\u00e9glage de la puissance \u00e0 la demande (les exigences de tension et de charge doivent \u00eatre fournies).<\/p>\n<p>Tension de fonctionnement :<\/p>\n<p>Tension standard : 110V\/220V AC monophas\u00e9 (compatible avec le r\u00e9seau \u00e9lectrique mondial, erreur \u2264\u00b15%).<\/p>\n<p>Adaptation commerciale\u00a0: 380\u00a0V CA triphas\u00e9 (le module de protection contre les surcharges doit \u00eatre personnalis\u00e9).<\/p>\n<p>Valeur de r\u00e9sistance :<\/p>\n<p>Mod\u00e8le domestique\u00a0: 5\u00a0\u03a9\u201320\u00a0\u03a9 (correspondant \u00e0 la puissance et \u00e0 la tension, erreur \u2264\u00a0\u00b1\u00a031\u00a0TP3T).<\/p>\n<p>Mod\u00e8le commercial\u00a0: 2\u00a0\u03a9\u201310\u00a0\u03a9 (conception \u00e0 haute densit\u00e9 de puissance).<\/p>\n<p>Temp\u00e9rature de travail :<\/p>\n<p>Stabilit\u00e9 continue\u00a0: 150\u00a0\u00b0C\u2013250\u00a0\u00b0C (temp\u00e9rature de surface, rev\u00eatement de protection r\u00e9sistant aux hautes temp\u00e9ratures).<br \/>\nValeur de cr\u00eate \u00e0 court terme : 300 \u00b0C (couche isolante en fibre c\u00e9ramique personnalis\u00e9e requise).<br \/>\nMat\u00e9riel:<\/p>\n<p>Mat\u00e9riau de base : acier inoxydable 304 de qualit\u00e9 alimentaire (r\u00e9sistant \u00e0 la corrosion, facile \u00e0 nettoyer) ou alliage d&#039;aluminium (l\u00e9ger, conductivit\u00e9 thermique \u2265 200 W\/m\u00b7K).<br \/>\nTraitement de surface : Rev\u00eatement T\u00e9flon (PTFE, anti-adh\u00e9rence) ou c\u00e9ramique (r\u00e9sistant aux hautes temp\u00e9ratures jusqu&#039;\u00e0 500\u00b0C).<br \/>\nDimensions :<\/p>\n<p>Diam\u00e8tre\/longueur du c\u00f4t\u00e9 : \u03a680 mm\u2013\u03a6200 mm (conception ronde\/carr\u00e9e).<br \/>\n\u00c9paisseur : 3 mm \u00e0 8 mm (prend en charge une installation int\u00e9gr\u00e9e ultra-mince).<br \/>\nDur\u00e9e de vie :<\/p>\n<p>Mod\u00e8le domestique : 10 000 \u00e0 15 000 heures (en fonction de la fr\u00e9quence d\u2019utilisation quotidienne).<br \/>\nMod\u00e8le commercial : 20 000 \u00e0 30 000 heures (dissipation thermique am\u00e9lior\u00e9e et protection du rev\u00eatement).<\/p>\n<p>&nbsp;<\/p>\n<h2>Principaux avantages du produit<\/h2>\n<p>Chauffage efficace :<br \/>\nLe substrat en alliage d&#039;aluminium pr\u00e9sente une conductivit\u00e9 thermique \u00e9lev\u00e9e et la temp\u00e9rature monte \u00e0 150 \u00b0C en 2 minutes, et la consommation d&#039;\u00e9nergie est inf\u00e9rieure de 20% \u00e0 celle des radiateurs traditionnels en fer-chrome-aluminium.<\/p>\n<p>Contr\u00f4le pr\u00e9cis de la temp\u00e9rature :<br \/>\nPrend en charge le contr\u00f4le de la temp\u00e9rature de l&#039;algorithme PID (pr\u00e9cision de \u00b1 1 \u00b0C), adapt\u00e9 aux cuiseurs \u00e0 \u0153ufs intelligents et aux \u00e9quipements de cuisson \u00e0 temp\u00e9rature constante.<\/p>\n<p>S\u00fbr et durable :<br \/>\nSurface en acier inoxydable anodis\u00e9, r\u00e9sistante \u00e0 la corrosion par brouillard salin (test \u2265 500 heures), dur\u00e9e de vie prolong\u00e9e par 30%.<\/p>\n<p>R\u00e9ponse rapide :<br \/>\nConception sans inertie thermique, refroidit \u00e0 une temp\u00e9rature s\u00fbre dans les 30 secondes suivant une panne de courant et convient aux sc\u00e9narios de d\u00e9marrage-arr\u00eat \u00e0 haute fr\u00e9quence.<\/p>\n<p>Personnalisation flexible :<br \/>\nPrend en charge le r\u00e9glage de la puissance, de la tension et de la forme, certification antid\u00e9flagrante en option (Ex d IIB T4), niveau de protection IP (tel que IP68)<\/p>\n<p><img decoding=\"async\" class=\"aligncenter size-full wp-image-3366\" src=\"http:\/\/jinzho.com\/wp-content\/uploads\/2025\/05\/heating-element-factory-11.jpg\" alt=\"\" width=\"1254\" height=\"600\" title=\"\" srcset=\"https:\/\/jinzho.com\/wp-content\/uploads\/2025\/05\/heating-element-factory-11.jpg 1254w, https:\/\/jinzho.com\/wp-content\/uploads\/2025\/05\/heating-element-factory-11-300x144.jpg 300w, https:\/\/jinzho.com\/wp-content\/uploads\/2025\/05\/heating-element-factory-11-1024x490.jpg 1024w, https:\/\/jinzho.com\/wp-content\/uploads\/2025\/05\/heating-element-factory-11-768x367.jpg 768w, https:\/\/jinzho.com\/wp-content\/uploads\/2025\/05\/heating-element-factory-11-600x287.jpg 600w\" sizes=\"(max-width: 1254px) 100vw, 1254px\" \/><\/p>","protected":false},"excerpt":{"rendered":"<p>Plaque chauffante pour cuiseur \u00e0 \u0153ufs \u2014 Contr\u00f4le pr\u00e9cis de la temp\u00e9rature et solution intelligente pour faire bouillir les \u0153ufs<br \/>\nPanneau chauffant int\u00e9gr\u00e9\/de bureau con\u00e7u pour les familles, les restaurants et les usines de transformation des aliments, utilisant de l&#039;acier inoxydable 316L de qualit\u00e9 alimentaire + rev\u00eatement en c\u00e9ramique microcristalline, adapt\u00e9 \u00e0 une plage de puissance de 500 W \u00e0 3000 W, r\u00e9sistance \u00e0 la temp\u00e9rature jusqu&#039;\u00e0 300 \u2103 (courte dur\u00e9e), niveau de r\u00e9sistance aux rayures de surface \u2265 4H.<\/p>\n<p>MOQ\uff1a1000PCS<br \/>\nD\u00e9lai de livraison\uff1a25 jours<br \/>\nEmplacement de l'usine : Zhongshan, Guangdong, Chine<\/p>","protected":false},"featured_media":1684,"comment_status":"closed","ping_status":"closed","template":"","meta":[],"product_brand":[],"product_cat":[2736],"product_tag":[42,71,73,83,99],"class_list":{"0":"post-935","1":"product","2":"type-product","3":"status-publish","4":"has-post-thumbnail","6":"product_cat-heating-plate","7":"product_tag-electric-heating-units","8":"product_tag-electric-heating-systems","9":"product_tag-appliance-heating-elements","10":"product_tag-electric-heating-kit","11":"product_tag-heat-plate","13":"first","14":"instock","15":"shipping-taxable","16":"product-type-simple"},"_links":{"self":[{"href":"https:\/\/jinzho.com\/fr\/wp-json\/wp\/v2\/product\/935","targetHints":{"allow":["GET"]}}],"collection":[{"href":"https:\/\/jinzho.com\/fr\/wp-json\/wp\/v2\/product"}],"about":[{"href":"https:\/\/jinzho.com\/fr\/wp-json\/wp\/v2\/types\/product"}],"replies":[{"embeddable":true,"href":"https:\/\/jinzho.com\/fr\/wp-json\/wp\/v2\/comments?post=935"}],"wp:featuredmedia":[{"embeddable":true,"href":"https:\/\/jinzho.com\/fr\/wp-json\/wp\/v2\/media\/1684"}],"wp:attachment":[{"href":"https:\/\/jinzho.com\/fr\/wp-json\/wp\/v2\/media?parent=935"}],"wp:term":[{"taxonomy":"product_brand","embeddable":true,"href":"https:\/\/jinzho.com\/fr\/wp-json\/wp\/v2\/product_brand?post=935"},{"taxonomy":"product_cat","embeddable":true,"href":"https:\/\/jinzho.com\/fr\/wp-json\/wp\/v2\/product_cat?post=935"},{"taxonomy":"product_tag","embeddable":true,"href":"https:\/\/jinzho.com\/fr\/wp-json\/wp\/v2\/product_tag?post=935"}],"curies":[{"name":"wp","href":"https:\/\/api.w.org\/{rel}","templated":true}]}}