{"id":2964,"date":"2025-05-24T09:14:50","date_gmt":"2025-05-24T09:14:50","guid":{"rendered":"https:\/\/jinzho.com\/product\/hydrogen-rich-healthy-electric-kettle\/"},"modified":"2025-06-11T15:13:31","modified_gmt":"2025-06-11T15:13:31","slug":"bouilloire-electrique-saine-et-riche-en-hydrogene","status":"publish","type":"product","link":"https:\/\/jinzho.com\/fr\/product\/hydrogen-rich-healthy-electric-kettle\/","title":{"rendered":"Bouilloire \u00e9lectrique riche en hydrog\u00e8ne et saine"},"content":{"rendered":"<h3>1. Description du produit<\/h3>\n<p>Notre bouilloire \u00e9lectrique sant\u00e9 riche en hydrog\u00e8ne est un appareil intelligent et innovant qui allie technologie de pointe et design ax\u00e9 sur la sant\u00e9, red\u00e9finissant ainsi le concept d&#039;\u00ab\u00a0eau potable saine\u00a0\u00bb. Gr\u00e2ce \u00e0 la technologie de g\u00e9n\u00e9ration d&#039;hydrog\u00e8ne dynamique, elle produit une eau riche en hydrog\u00e8ne par \u00e9lectrolyse en temps r\u00e9el pendant la chauffe, infusant ainsi l&#039;eau avec des mol\u00e9cules d&#039;hydrog\u00e8ne antioxydantes pour favoriser le m\u00e9tabolisme et le bien-\u00eatre g\u00e9n\u00e9ral. Sa structure unique en amas d&#039;eau \u00e0 petites mol\u00e9cules am\u00e9liore l&#039;absorption d&#039;eau gr\u00e2ce \u00e0 la technologie 50%, permettant une hydratation rapide. De plus, la bouilloire produit une eau faiblement alcaline (au pH \u00e9quilibr\u00e9) pour aider \u00e0 r\u00e9guler le pH de l&#039;organisme. \u00c9quip\u00e9e d&#039;une base chauffante anticalcaire (r\u00e9sistante \u00e0 la corrosion pour une puret\u00e9 durable), d&#039;un fonctionnement silencieux, d&#039;une purification infrarouge, d&#039;une technologie de d\u00e9chloration et d&#039;une fonction de conservation de la chaleur, elle fournit une eau potable pratique, s\u00fbre et de haute qualit\u00e9 pour une utilisation \u00e0 la maison ou au bureau.<\/p>\n<h3>2. Param\u00e8tres cl\u00e9s (r\u00e9f\u00e9rence)<\/h3>\n<div class=\"hyc-common-markdown__table-wrapper\">\n<table>\n<thead>\n<tr>\n<th>Param\u00e8tres<\/th>\n<th>Sp\u00e9cifications<\/th>\n<\/tr>\n<\/thead>\n<tbody>\n<tr>\n<td>\u200b<strong>Capacit\u00e9<\/strong>\u200b<\/td>\n<td>1,5 L (r\u00e9glable selon le mod\u00e8le)<\/td>\n<\/tr>\n<tr>\n<td>\u200b<strong>Puissance nominale<\/strong>\u200b<\/td>\n<td>1500W<\/td>\n<\/tr>\n<tr>\n<td>\u200b<strong>\u200bConcentration d&#039;hydrog\u00e8ne\u200b<\/strong>\u200b<\/td>\n<td>0,8\u20131,5 ppm (g\u00e9n\u00e9ration dynamique par \u00e9lectrolyse)<\/td>\n<\/tr>\n<tr>\n<td>\u200b<strong>Plage de pH<\/strong>\u200b<\/td>\n<td>8,5\u20139,5 (alcaline faible, r\u00e9glable)<\/td>\n<\/tr>\n<tr>\n<td>\u200b<strong>\u200bR\u00e9glages de temp\u00e9rature\u200b<\/strong>\u200b<\/td>\n<td>40\u2013100 \u00b0C (contr\u00f4le pr\u00e9cis)<\/td>\n<\/tr>\n<tr>\n<td>\u200b<strong>Temps de chauffage<\/strong>\u200b<\/td>\n<td>3 \u00e0 5 minutes (jusqu&#039;\u00e0 \u00e9bullition)<\/td>\n<\/tr>\n<tr>\n<td>\u200b<strong>Niveau de bruit<\/strong>\u200b<\/td>\n<td>\u226440 dB (fonctionnement silencieux)<\/td>\n<\/tr>\n<tr>\n<td>\u200b<strong>Technologie anti-calcaire<\/strong>\u200b<\/td>\n<td>Base chauffante \u00e0 rev\u00eatement min\u00e9ral + inhibition du champ \u00e9lectrique (effet longue dur\u00e9e)<\/td>\n<\/tr>\n<tr>\n<td>\u200b<strong>Purification<\/strong>\u200b<\/td>\n<td>Infrarouge + d\u00e9chloration (\u00e9limine les impuret\u00e9s, le chlore et les odeurs)<\/td>\n<\/tr>\n<tr>\n<td>\u200b<strong>Conservation de la chaleur<\/strong>\u200b<\/td>\n<td>6 \u00e0 8 heures (maintient la temp\u00e9rature \u00e0 40\u201380 \u00b0C)<\/td>\n<\/tr>\n<\/tbody>\n<\/table>\n<\/div>\n<h3>3. Avantages principaux<\/h3>\n<ul>\n<li>\u200b<strong>Conception ax\u00e9e sur la sant\u00e9<\/strong>: L&#039;eau riche en hydrog\u00e8ne (antioxydant H\u2082) et l&#039;\u00e9quilibre du pH alcalin faible favorisent la sant\u00e9 m\u00e9tabolique et l&#039;hydratation.<\/li>\n<li>\u200b<strong>Technologie avanc\u00e9e<\/strong>: L&#039;\u00e9lectrolyse dynamique g\u00e9n\u00e8re de l&#039;hydrog\u00e8ne en temps r\u00e9el ; les clusters de petites mol\u00e9cules stimulent l&#039;absorption par 50%.<\/li>\n<li>\u200b<strong>\u200bCommodit\u00e9\u200b<\/strong>: Un fonctionnement silencieux, une conservation de la chaleur de 6 \u00e0 8 heures et un contr\u00f4le multi-temp\u00e9rature conviennent aux besoins des maisons et des bureaux tr\u00e8s fr\u00e9quent\u00e9s.<\/li>\n<li>\u200b<strong>S\u00e9curit\u00e9 et puret\u00e9<\/strong>: La base anticalcaire emp\u00eache l&#039;accumulation de min\u00e9raux ; la purification infrarouge + la d\u00e9chloration garantissent une eau propre et s\u00fbre.<\/li>\n<li>\u200b<strong>Performances durables<\/strong>: Des composants r\u00e9sistants \u00e0 la corrosion et une technologie de chauffage efficace garantissent une fiabilit\u00e9 \u00e0 long terme.<\/li>\n<\/ul>\n<p><img fetchpriority=\"high\" decoding=\"async\" class=\"aligncenter size-full wp-image-3431\" src=\"http:\/\/jinzho.com\/wp-content\/uploads\/2025\/05\/heating-element-factory-2-3.jpg\" alt=\"\" width=\"1254\" height=\"600\" title=\"\" srcset=\"https:\/\/jinzho.com\/wp-content\/uploads\/2025\/05\/heating-element-factory-2-3.jpg 1254w, https:\/\/jinzho.com\/wp-content\/uploads\/2025\/05\/heating-element-factory-2-3-300x144.jpg 300w, https:\/\/jinzho.com\/wp-content\/uploads\/2025\/05\/heating-element-factory-2-3-1024x490.jpg 1024w, https:\/\/jinzho.com\/wp-content\/uploads\/2025\/05\/heating-element-factory-2-3-768x367.jpg 768w, https:\/\/jinzho.com\/wp-content\/uploads\/2025\/05\/heating-element-factory-2-3-600x287.jpg 600w\" sizes=\"(max-width: 1254px) 100vw, 1254px\" \/><\/p>","protected":false},"excerpt":{"rendered":"<p>La bouilloire \u00e9lectrique sant\u00e9 riche en hydrog\u00e8ne est une bouilloire intelligente alliant innovation technologique et bien-\u00eatre. Elle utilise une technologie de g\u00e9n\u00e9ration d&#039;hydrog\u00e8ne dynamique pour produire de l&#039;eau riche en hydrog\u00e8ne par \u00e9lectrolyse en temps r\u00e9el. Riche en mol\u00e9cules d&#039;hydrog\u00e8ne antioxydantes, elle contribue \u00e0 am\u00e9liorer le m\u00e9tabolisme et la sant\u00e9. Sa structure en amas de petites mol\u00e9cules augmente l&#039;efficacit\u00e9 d&#039;absorption de 50%, permettant une hydratation rapide, et produit une eau faiblement alcaline pour r\u00e9guler le pH de l&#039;organisme. Elle est \u00e9quip\u00e9e d&#039;une base chauffante anticalcaire, r\u00e9sistante \u00e0 la corrosion et pr\u00e9servant la puret\u00e9 de l&#039;eau durablement. Son fonctionnement silencieux, sa technologie de purification et de d\u00e9chloration infrarouge et sa fonction de conservation de la chaleur r\u00e9pondent aux besoins d&#039;une eau potable pratique et s\u00fbre \u00e0 la maison comme au bureau, permettant aux utilisateurs de profiter d&#039;une eau saine, pure et facile \u00e0 absorber, \u00e0 tout moment.<\/p>\n<p>MOQ\uff1a1000PCS<br \/>\nD\u00e9lai de livraison\uff1a15-25 jours<br \/>\nEmplacement de l'usine : Zhongshan, Guangdong, Chine<\/p>","protected":false},"featured_media":3256,"comment_status":"closed","ping_status":"closed","template":"","meta":[],"product_brand":[],"product_cat":[2761],"product_tag":[2879,2880,2881,2882],"class_list":{"0":"post-2964","1":"product","2":"type-product","3":"status-publish","4":"has-post-thumbnail","6":"product_cat-electrical-heating-products","7":"product_tag-healthy-electric-kettle","8":"product_tag-hydrogen-rich-electric-kettle","9":"product_tag-home-kettle-heater","10":"product_tag-electric-cupelectric-kettle","12":"first","13":"instock","14":"shipping-taxable","15":"product-type-simple"},"_links":{"self":[{"href":"https:\/\/jinzho.com\/fr\/wp-json\/wp\/v2\/product\/2964","targetHints":{"allow":["GET"]}}],"collection":[{"href":"https:\/\/jinzho.com\/fr\/wp-json\/wp\/v2\/product"}],"about":[{"href":"https:\/\/jinzho.com\/fr\/wp-json\/wp\/v2\/types\/product"}],"replies":[{"embeddable":true,"href":"https:\/\/jinzho.com\/fr\/wp-json\/wp\/v2\/comments?post=2964"}],"wp:featuredmedia":[{"embeddable":true,"href":"https:\/\/jinzho.com\/fr\/wp-json\/wp\/v2\/media\/3256"}],"wp:attachment":[{"href":"https:\/\/jinzho.com\/fr\/wp-json\/wp\/v2\/media?parent=2964"}],"wp:term":[{"taxonomy":"product_brand","embeddable":true,"href":"https:\/\/jinzho.com\/fr\/wp-json\/wp\/v2\/product_brand?post=2964"},{"taxonomy":"product_cat","embeddable":true,"href":"https:\/\/jinzho.com\/fr\/wp-json\/wp\/v2\/product_cat?post=2964"},{"taxonomy":"product_tag","embeddable":true,"href":"https:\/\/jinzho.com\/fr\/wp-json\/wp\/v2\/product_tag?post=2964"}],"curies":[{"name":"wp","href":"https:\/\/api.w.org\/{rel}","templated":true}]}}