{"id":2959,"date":"2025-05-24T09:14:49","date_gmt":"2025-05-24T09:14:49","guid":{"rendered":"https:\/\/jinzho.com\/product\/stainless-steel-steam-cooker\/"},"modified":"2025-06-11T14:44:39","modified_gmt":"2025-06-11T14:44:39","slug":"cuiseur-vapeur-en-acier-inoxydable","status":"publish","type":"product","link":"https:\/\/jinzho.com\/fr\/product\/stainless-steel-steam-cooker\/","title":{"rendered":"Cuiseur vapeur en acier inoxydable"},"content":{"rendered":"<h3>Cuiseur vapeur en acier inoxydable pour marmites \u00e9lectriques<\/h3>\n<h4>Fonction principale et application<\/h4>\n<p>Notre cuiseur vapeur en acier inoxydable est un \u00e9l\u00e9ment cl\u00e9 des marmites \u00e9lectriques, servant de structure principale pour la production de vapeur et la cuisson. Il assure une r\u00e9partition uniforme de la vapeur pour cuire les aliments (riz, l\u00e9gumes ou fruits de mer, par exemple) gr\u00e2ce \u00e0 la chaleur de la vapeur, pr\u00e9servant ainsi les nutriments et la texture, tout en garantissant un fonctionnement s\u00fbr et efficace, que ce soit en cuisine domestique ou professionnelle.<\/p>\n<h4>Mat\u00e9riaux, savoir-faire et personnalisation<\/h4>\n<p>Les cuiseurs vapeur standard privil\u00e9gient la s\u00e9curit\u00e9 alimentaire (par exemple, l&#039;acier inoxydable 304\/316 pour le contact vapeur\/aliments), la r\u00e9sistance \u00e0 la corrosion et l&#039;\u00e9tanch\u00e9it\u00e9. Notre usine utilise\u00a0: de l&#039;acier inoxydable 304\/316 conforme \u00e0 la norme GB 4806.9 (normes pour mat\u00e9riaux en contact avec les aliments)\u00a0; un emboutissage de pr\u00e9cision pour le formage des cuiseurs, un soudage TIG pour des joints sans soudure et un polissage de surface pour des conduits de vapeur lisses\u00a0; et des produits certifi\u00e9s CE et RoHS pour la s\u00e9curit\u00e9 thermique et alimentaire. Des personnalisations sont possibles concernant les dimensions des cuiseurs, la conception des sorties de vapeur ou la compatibilit\u00e9 de l&#039;interface avec les bases de marmites\/modules de chauffage pour s&#039;adapter \u00e0 certains mod\u00e8les.<\/p>\n<h4>Points forts de la production<\/h4>\n<ul>\n<li>\u200b<strong>Fabrication int\u00e9gr\u00e9e<\/strong>Nos propres ateliers d&#039;emboutissage, de soudage et de polissage assurent un contr\u00f4le de bout en bout de l&#039;assemblage des cuiseurs \u00e0 vapeur.<\/li>\n<li>\u200b<strong>Fiabilit\u00e9 de qualit\u00e9 alimentaire<\/strong>:Utilise de l&#039;acier inoxydable 304\/316 conforme aux normes de s\u00e9curit\u00e9 des appareils \u00e9lectrom\u00e9nagers (GB 4806.9).<\/li>\n<li>\u200b<strong>Conception personnalisable<\/strong>Dimensions r\u00e9glables, dispositions de sortie de vapeur ou interfaces pour s&#039;adapter \u00e0 diff\u00e9rents mod\u00e8les de hot pot.<\/li>\n<li>\u200b<strong>\u200b\u00c9volutivit\u00e9 stable\u200b<\/strong>Capacit\u00e9 de production par lots (plus de 500 000 unit\u00e9s\/mois) avec livraison fiable.<\/li>\n<li>\u200b<strong>Contr\u00f4le qualit\u00e9 rigoureux<\/strong>: Inspections strictes pour la puret\u00e9 des mat\u00e9riaux, l&#039;int\u00e9grit\u00e9 des soudures et les performances d&#039;\u00e9tanch\u00e9it\u00e9 \u00e0 la vapeur.<\/li>\n<\/ul>\n<p><img fetchpriority=\"high\" decoding=\"async\" class=\"aligncenter size-full wp-image-3330\" src=\"http:\/\/jinzho.com\/wp-content\/uploads\/2025\/05\/heating-element-factory-2-1.jpg\" alt=\"\" width=\"1254\" height=\"600\" title=\"\" srcset=\"https:\/\/jinzho.com\/wp-content\/uploads\/2025\/05\/heating-element-factory-2-1.jpg 1254w, https:\/\/jinzho.com\/wp-content\/uploads\/2025\/05\/heating-element-factory-2-1-300x144.jpg 300w, https:\/\/jinzho.com\/wp-content\/uploads\/2025\/05\/heating-element-factory-2-1-1024x490.jpg 1024w, https:\/\/jinzho.com\/wp-content\/uploads\/2025\/05\/heating-element-factory-2-1-768x367.jpg 768w, https:\/\/jinzho.com\/wp-content\/uploads\/2025\/05\/heating-element-factory-2-1-600x287.jpg 600w\" sizes=\"(max-width: 1254px) 100vw, 1254px\" \/><\/p>","protected":false},"excerpt":{"rendered":"<p>La marmite vapeur en acier inoxydable 304 de qualit\u00e9 alimentaire, con\u00e7ue pour les appareils de cuisson vapeur domestiques et professionnels (tels que les cuiseurs vapeur \u00e9lectriques et les bo\u00eetes \u00e0 vapeur), offre des solutions de cuisson vapeur efficaces et hygi\u00e9niques. Fabriqu\u00e9e en acier inoxydable poli miroir \u00e9pais, elle r\u00e9siste \u00e0 la corrosion, ne risque pas de d\u00e9coller le rev\u00eatement et est facile \u00e0 nettoyer. Sa structure inf\u00e9rieure composite double couche est compatible avec les modes de cuisson \u00e0 induction et \u00e0 flamme nue, et la vitesse de production de vapeur est augment\u00e9e gr\u00e2ce au 30%. Le bac \u00e0 vapeur amovible et le module de protection contre les br\u00fblures \u00e0 sec garantissent un fonctionnement s\u00fbr.<\/p>\n<p>MOQ\uff1a1000PCS<br \/>\nD\u00e9lai de livraison\uff1a15-25 jours<br \/>\nEmplacement de l'usine : Zhongshan, Guangdong, Chine<\/p>","protected":false},"featured_media":3205,"comment_status":"closed","ping_status":"closed","template":"","meta":[],"product_brand":[],"product_cat":[2760],"product_tag":[2823,2836,2837,2864,2870],"class_list":{"0":"post-2959","1":"product","2":"type-product","3":"status-publish","4":"has-post-thumbnail","6":"product_cat-stainless-steel-parts","7":"product_tag-general-electric-pot-parts","8":"product_tag-electric-cook-stove-parts","9":"product_tag-electric-pressure-cooker-parts","10":"product_tag-stainless-steel-kitchenware","11":"product_tag-electric-hot-pot-parts","13":"first","14":"instock","15":"shipping-taxable","16":"product-type-simple"},"_links":{"self":[{"href":"https:\/\/jinzho.com\/fr\/wp-json\/wp\/v2\/product\/2959","targetHints":{"allow":["GET"]}}],"collection":[{"href":"https:\/\/jinzho.com\/fr\/wp-json\/wp\/v2\/product"}],"about":[{"href":"https:\/\/jinzho.com\/fr\/wp-json\/wp\/v2\/types\/product"}],"replies":[{"embeddable":true,"href":"https:\/\/jinzho.com\/fr\/wp-json\/wp\/v2\/comments?post=2959"}],"wp:featuredmedia":[{"embeddable":true,"href":"https:\/\/jinzho.com\/fr\/wp-json\/wp\/v2\/media\/3205"}],"wp:attachment":[{"href":"https:\/\/jinzho.com\/fr\/wp-json\/wp\/v2\/media?parent=2959"}],"wp:term":[{"taxonomy":"product_brand","embeddable":true,"href":"https:\/\/jinzho.com\/fr\/wp-json\/wp\/v2\/product_brand?post=2959"},{"taxonomy":"product_cat","embeddable":true,"href":"https:\/\/jinzho.com\/fr\/wp-json\/wp\/v2\/product_cat?post=2959"},{"taxonomy":"product_tag","embeddable":true,"href":"https:\/\/jinzho.com\/fr\/wp-json\/wp\/v2\/product_tag?post=2959"}],"curies":[{"name":"wp","href":"https:\/\/api.w.org\/{rel}","templated":true}]}}