{"id":2949,"date":"2025-05-24T09:14:46","date_gmt":"2025-05-24T09:14:46","guid":{"rendered":"https:\/\/jinzho.com\/product\/electric-steam-generator-boiler\/"},"modified":"2025-06-11T14:16:56","modified_gmt":"2025-06-11T14:16:56","slug":"chaudiere-generateur-de-vapeur-electrique","status":"publish","type":"product","link":"https:\/\/jinzho.com\/fr\/product\/electric-steam-generator-boiler\/","title":{"rendered":"Chaudi\u00e8re g\u00e9n\u00e9rateur de vapeur \u00e9lectrique"},"content":{"rendered":"<h3>1. Aper\u00e7u de l'application du produit<\/h3>\n<p>Notre \u200b<strong>\u00c9l\u00e9ments chauffants pour chaudi\u00e8re \/ Chauffe-eau \u00e9lectrique<\/strong>\u200b sont des composants essentiels pour \u200b<strong>radiateurs \u00e0 chaudi\u00e8re \u00e9lectrique<\/strong>Con\u00e7us pour convertir efficacement l'\u00e9nergie \u00e9lectrique en \u00e9nergie thermique pour la production de vapeur. largement utilis\u00e9s dans les appareils m\u00e9nagers (par exemple, fers \u00e0 vapeur, machines \u00e0 expresso, cuiseurs vapeur \u00e9lectriques, humidificateurs) et les syst\u00e8mes commerciaux\/industriels (g\u00e9n\u00e9rateurs de vapeur industriels, syst\u00e8mes instantan\u00e9s de vapeur commerciaux), ces \u00e9l\u00e9ments garantissent une production de vapeur stable et de haute qualit\u00e9 pour r\u00e9pondre \u00e0 divers besoins \u2013 du repassage des v\u00eatements et l'extraction du caf\u00e9 \u00e0 la cuisson vapeur des aliments et au chauffage des processus industriels \u00e0 grande \u00e9chelle.<\/p>\n<h3>2. Param\u00e8tres du produit (align\u00e9s sur les capacit\u00e9s de l&#039;usine)<\/h3>\n<div class=\"hyc-common-markdown__table-wrapper\">\n<table>\n<thead>\n<tr>\n<th>Param\u00e8tres<\/th>\n<th>Gamme de sp\u00e9cifications<\/th>\n<th>Options de personnalisation<\/th>\n<\/tr>\n<\/thead>\n<tbody>\n<tr>\n<td>Puissance nominale<\/td>\n<td>500W\u20133000W (domestique) ; 1000W\u20138000W (commercial\/industriel).<\/td>\n<td>Puissance personnalis\u00e9e (par ex., 300W\u201310 000W).<\/td>\n<\/tr>\n<tr>\n<td>Tension de fonctionnement<\/td>\n<td>110V\/220V (domestique standard) ; 380V (industriel triphas\u00e9) ; 12V\/24V (basse tension).<\/td>\n<td>Tension personnalis\u00e9e (par exemple, 24 V\u2013600 V).<\/td>\n<\/tr>\n<tr>\n<td>Mat\u00e9riau<\/td>\n<td>Principal : Acier inoxydable 304 (qualit\u00e9 alimentaire, r\u00e9sistant \u00e0 la corrosion pour le contact avec l'eau). Optionnel : Acier inoxydable 316L (environnements haute puret\u00e9\/acides).<\/td>\n<td>Alliages \u00e0 haute teneur en nickel (par ex., Incoloy 800) pour temp\u00e9ratures extr\u00eames.<\/td>\n<\/tr>\n<tr>\n<td>Dimensions<\/td>\n<td>Longueur : 150mm\u20131500mm ; Diam\u00e8tre : 12mm\u201335mm (s'adapte \u00e0 la plupart des chambres de chaudi\u00e8re).<\/td>\n<td>Longueur\/diam\u00e8tre sur mesure pour s&#039;adapter \u00e0 des bo\u00eetiers sp\u00e9cifiques.<\/td>\n<\/tr>\n<tr>\n<td>R\u00e9sistance \u00e0 la temp\u00e9rature<\/td>\n<td>Continu : 700\u00b0C\u2013850\u00b0C ; Pic : 900\u00b0C\u20131000\u00b0C (stable sous cycles de chauffage rapide).<\/td>\n<td>Isolation c\u00e9ramique pour applications haute temp\u00e9rature &gt;1100\u00b0C.<\/td>\n<\/tr>\n<tr>\n<td>R\u00e9sistance \u00e0 la pression<\/td>\n<td>\u00c9valu\u00e9 \u2264 15 bar (domestique) ; \u2264 25 bar (commercial\/industriel).<\/td>\n<td>Bo\u00eetier renforc\u00e9 pour \u226530 bar dans les syst\u00e8mes sp\u00e9cialis\u00e9s.<\/td>\n<\/tr>\n<\/tbody>\n<\/table>\n<\/div>\n<h3>3. Principaux avantages<\/h3>\n<ul>\n<li>\u200b<strong>Fabrication int\u00e9gr\u00e9e<\/strong>Ateliers internes de stamping, soudure et usinage de pr\u00e9cision assurant une qualit\u00e9 constante et une efficacit\u00e9 des co\u00fbts.<\/li>\n<li>\u200b<strong>Flexibilit\u00e9 centr\u00e9e sur l&#039;OEM<\/strong>Prototypage rapide et lignes de production adaptables pour r\u00e9pondre aux besoins personnalis\u00e9s en puissance, taille ou mat\u00e9riaux (par exemple, rev\u00eatements anti-tartre pour l'eau dure).<\/li>\n<li>\u200b<strong>\u200bFiabilit\u00e9 certifi\u00e9e\u200b<\/strong>: Plus de 30 ans d'approvisionnement en chaudi\u00e8res pour les principales marques de g\u00e9n\u00e9rateurs de vapeur (par exemple, OEM d'appareils \u00e9lectrom\u00e9nagers, fabricants de syst\u00e8mes industriels).<\/li>\n<li>\u200b<strong>Expertise Sectorielle \u00c9prouv\u00e9e<\/strong>Plus de 30 ans d'exp\u00e9rience dans la fourniture d'\u00e9l\u00e9ments chauffants aux principales marques d'appareils m\u00e9nagers et aux fabricants de syst\u00e8mes de vapeur commerciaux.<\/li>\n<li>\u200b<strong>Production \u00e9volutive<\/strong>Quantit\u00e9 minimale de commande faible (200 unit\u00e9s) ; capacit\u00e9 de production mensuelle allant jusqu'\u00e0 10 000+ unit\u00e9s pour prendre en charge les petites s\u00e9ries comme les commandes en gros.<\/li>\n<\/ul>\n<p><img fetchpriority=\"high\" decoding=\"async\" class=\"aligncenter size-full wp-image-3366\" src=\"http:\/\/jinzho.com\/wp-content\/uploads\/2025\/05\/heating-element-factory-11.jpg\" alt=\"\" width=\"1254\" height=\"600\" title=\"\" srcset=\"https:\/\/jinzho.com\/wp-content\/uploads\/2025\/05\/heating-element-factory-11.jpg 1254w, https:\/\/jinzho.com\/wp-content\/uploads\/2025\/05\/heating-element-factory-11-300x144.jpg 300w, https:\/\/jinzho.com\/wp-content\/uploads\/2025\/05\/heating-element-factory-11-1024x490.jpg 1024w, https:\/\/jinzho.com\/wp-content\/uploads\/2025\/05\/heating-element-factory-11-768x367.jpg 768w, https:\/\/jinzho.com\/wp-content\/uploads\/2025\/05\/heating-element-factory-11-600x287.jpg 600w\" sizes=\"(max-width: 1254px) 100vw, 1254px\" \/><\/p>","protected":false},"excerpt":{"rendered":"<p>Con\u00e7u pour les appareils domestiques (y compris les machines \u00e0 caf\u00e9, les humidificateurs et les fers \u00e0 repasser suspendus) ainsi que pour les \u00e9quipements commerciaux, ce g\u00e9n\u00e9rateur de vapeur \u00e9lectrique en acier inoxydable produit efficacement une vapeur homog\u00e8ne. Fabriqu\u00e9 en acier inoxydable de qualit\u00e9 alimentaire 304, il est facile \u00e0 nettoyer et r\u00e9sistant \u00e0 la corrosion. Adapt\u00e9 aux applications de vapeur \u00e0 haute temp\u00e9rature ou d'eau chaude, son syst\u00e8me de r\u00e9gulation de temp\u00e9rature intelligente PID assure un chauffage en 3 secondes et un contr\u00f4le pr\u00e9cis de la temp\u00e9rature \u00e0 \u00b11\u00b0C. La construction enti\u00e8rement close \u00e9limine le risque cach\u00e9 de fuite ; le dispositif anti-tartre int\u00e9gr\u00e9 r\u00e9duit la fr\u00e9quence de maintenance ; et la conception modulaire \u00e9conomise l'espace d'installation. Le mode \u00e9co-\u00e9nerg\u00e9tique contribue \u00e0 am\u00e9liorer les performances et l'efficacit\u00e9 \u00e9nerg\u00e9tique des machines commerciales et des appareils domestiques, permet un fonctionnement continu, est conforme aux certifications CE et RoHS, est s\u00fbr et fiable, et r\u00e9duit la consommation d'\u00e9nergie.<\/p>\n<p>MOQ\uff1a1000PCS<br \/>\nD\u00e9lai de livraison\uff1a15-25 jours<br \/>\nEmplacement de l'usine : Zhongshan, Guangdong, Chine<\/p>","protected":false},"featured_media":3162,"comment_status":"closed","ping_status":"closed","template":"","meta":[],"product_brand":[],"product_cat":[2759],"product_tag":[2848,2852,2854,2855,2860,2861],"class_list":{"0":"post-2949","1":"product","2":"type-product","3":"status-publish","4":"has-post-thumbnail","6":"product_cat-electric-boiler-heater","7":"product_tag-electric-steam-boiler","8":"product_tag-commercial-electric-steam-boiler","9":"product_tag-boilers-for-appliances","10":"product_tag-steam-generators","11":"product_tag-home-appliance-heater","12":"product_tag-diy-electric-steam-boiler","14":"first","15":"instock","16":"shipping-taxable","17":"product-type-simple"},"_links":{"self":[{"href":"https:\/\/jinzho.com\/fr\/wp-json\/wp\/v2\/product\/2949","targetHints":{"allow":["GET"]}}],"collection":[{"href":"https:\/\/jinzho.com\/fr\/wp-json\/wp\/v2\/product"}],"about":[{"href":"https:\/\/jinzho.com\/fr\/wp-json\/wp\/v2\/types\/product"}],"replies":[{"embeddable":true,"href":"https:\/\/jinzho.com\/fr\/wp-json\/wp\/v2\/comments?post=2949"}],"wp:featuredmedia":[{"embeddable":true,"href":"https:\/\/jinzho.com\/fr\/wp-json\/wp\/v2\/media\/3162"}],"wp:attachment":[{"href":"https:\/\/jinzho.com\/fr\/wp-json\/wp\/v2\/media?parent=2949"}],"wp:term":[{"taxonomy":"product_brand","embeddable":true,"href":"https:\/\/jinzho.com\/fr\/wp-json\/wp\/v2\/product_brand?post=2949"},{"taxonomy":"product_cat","embeddable":true,"href":"https:\/\/jinzho.com\/fr\/wp-json\/wp\/v2\/product_cat?post=2949"},{"taxonomy":"product_tag","embeddable":true,"href":"https:\/\/jinzho.com\/fr\/wp-json\/wp\/v2\/product_tag?post=2949"}],"curies":[{"name":"wp","href":"https:\/\/api.w.org\/{rel}","templated":true}]}}