{"id":1082,"date":"2025-05-12T03:35:59","date_gmt":"2025-05-12T03:35:59","guid":{"rendered":"https:\/\/jinzho.com\/?post_type=product&#038;p=1082"},"modified":"2025-06-19T03:59:43","modified_gmt":"2025-06-19T03:59:43","slug":"150w-200w-250w-350w-one-piece-die-cast-aluminum-solar-street-light","status":"publish","type":"product","link":"https:\/\/jinzho.com\/fr\/product\/150w-200w-250w-350w-one-piece-die-cast-aluminum-solar-street-light\/","title":{"rendered":"Lampadaire solaire monobloc en aluminium moul\u00e9 sous pression 150W 200W 250W 350W"},"content":{"rendered":"<h3>Param\u00e8tres du produit :<\/h3>\n<table width=\"1076\">\n<tbody>\n<tr>\n<td width=\"141\">Style<\/td>\n<td width=\"275\">Image<\/td>\n<td width=\"660\">Param\u00e8tres<\/td>\n<\/tr>\n<tr>\n<td width=\"141\">150 W<\/td>\n<td><img decoding=\"async\" class=\"wp-image-4559 aligncenter\" src=\"http:\/\/jinzho.com\/wp-content\/uploads\/2025\/05\/4-37-300x300.png\" alt=\"\" width=\"153\" height=\"153\" title=\"\" srcset=\"https:\/\/jinzho.com\/wp-content\/uploads\/2025\/05\/4-37-300x300.png 300w, https:\/\/jinzho.com\/wp-content\/uploads\/2025\/05\/4-37-150x150.png 150w, https:\/\/jinzho.com\/wp-content\/uploads\/2025\/05\/4-37-100x100.png 100w, https:\/\/jinzho.com\/wp-content\/uploads\/2025\/05\/4-37.png 600w\" sizes=\"(max-width: 153px) 100vw, 153px\" \/><\/td>\n<td width=\"660\">Nombre de LED : 180<br \/>\n\u3010Dur\u00e9e d'\u00e9clairage\u3011 : 20-36H<br \/>\n\u3010LUMEN\u3011 : 8000 lm<br \/>\n\u3010Capacit\u00e9 de la batterie\u3011 : 40000 mAh<br \/>\n\u3010Puissance du panneau solaire\u3011 : 6V\/60W<br \/>\n\u3010Surface d'exposition\u3011 : 150 m\u00b2<br \/>\n\u3010Dimensions du corps de la lampe\u3011 : 887*400*280 mm<\/td>\n<\/tr>\n<tr>\n<td width=\"141\">250W<\/td>\n<td><img decoding=\"async\" class=\"wp-image-4560 aligncenter\" src=\"http:\/\/jinzho.com\/wp-content\/uploads\/2025\/05\/5-21-300x300.png\" alt=\"\" width=\"145\" height=\"145\" title=\"\" srcset=\"https:\/\/jinzho.com\/wp-content\/uploads\/2025\/05\/5-21-300x300.png 300w, https:\/\/jinzho.com\/wp-content\/uploads\/2025\/05\/5-21-150x150.png 150w, https:\/\/jinzho.com\/wp-content\/uploads\/2025\/05\/5-21-100x100.png 100w, https:\/\/jinzho.com\/wp-content\/uploads\/2025\/05\/5-21.png 600w\" sizes=\"(max-width: 145px) 100vw, 145px\" \/><\/td>\n<td width=\"660\">Nombre de LED : 240<br \/>\n\u3010Dur\u00e9e d'\u00e9clairage\u3011 : 20-36H<br \/>\n\u3010LUMEN\u3011 : 8500 lm<br \/>\n\u3010Capacit\u00e9 de la batterie\u3011 : 50000 mAh<br \/>\n\u3010Puissance du panneau solaire\u3011 : 6V\/80W<br \/>\n\u3010Surface d'exposition\u3011 : 200 m\u00b2<br \/>\n\u3010Dimensions du corps de la lampe\u3011 : 1160*400*280 mm<\/td>\n<\/tr>\n<tr>\n<td width=\"141\">350W<\/td>\n<td><img decoding=\"async\" class=\"wp-image-4561 aligncenter\" src=\"http:\/\/jinzho.com\/wp-content\/uploads\/2025\/05\/6-8-300x300.png\" alt=\"\" width=\"161\" height=\"161\" title=\"\" srcset=\"https:\/\/jinzho.com\/wp-content\/uploads\/2025\/05\/6-8-300x300.png 300w, https:\/\/jinzho.com\/wp-content\/uploads\/2025\/05\/6-8-150x150.png 150w, https:\/\/jinzho.com\/wp-content\/uploads\/2025\/05\/6-8-100x100.png 100w, https:\/\/jinzho.com\/wp-content\/uploads\/2025\/05\/6-8.png 600w\" sizes=\"(max-width: 161px) 100vw, 161px\" \/><\/td>\n<td width=\"660\">Nombre de LED : 300<br \/>\n\u3010Dur\u00e9e d'\u00e9clairage\u3011 : 20-36H<br \/>\n\u3010LUMEN\u3011 : 9500 lm<br \/>\n\u3010Capacit\u00e9 de la batterie\u3011 : 60000 mAh<br \/>\n\u3010Puissance du panneau solaire\u3011 : 6V\/100W<br \/>\n\u3010Surface d'exposition\u3011 : 250 m\u00b2<br \/>\n\u3010Dimensions du corps de la lampe\u3011 : 1435*400*280 mm<\/td>\n<\/tr>\n<tr>\n<td width=\"141\">150 W<\/td>\n<td><img loading=\"lazy\" decoding=\"async\" class=\"wp-image-4567 aligncenter\" src=\"http:\/\/jinzho.com\/wp-content\/uploads\/2025\/05\/7-4-300x300.png\" alt=\"\" width=\"191\" height=\"191\" title=\"\" srcset=\"https:\/\/jinzho.com\/wp-content\/uploads\/2025\/05\/7-4-300x300.png 300w, https:\/\/jinzho.com\/wp-content\/uploads\/2025\/05\/7-4-150x150.png 150w, https:\/\/jinzho.com\/wp-content\/uploads\/2025\/05\/7-4-100x100.png 100w, https:\/\/jinzho.com\/wp-content\/uploads\/2025\/05\/7-4.png 600w\" sizes=\"(max-width: 191px) 100vw, 191px\" \/><\/td>\n<td width=\"660\">Mode de contr\u00f4le : version contr\u00f4le par lumi\u00e8re + contr\u00f4le temporel + t\u00e9l\u00e9commande<br \/>\nDimensions du panneau solaire : 90,5 * 39,5 cm<br \/>\nPanneau solaire : Silicium polycristallin (5V\/70W)<br \/>\nBatterie lithium : 3,2V\/55000 mAh<br \/>\nPastilles LED SMD : Haute luminosit\u00e9 5054 230\/1W 150 pi\u00e8ces<br \/>\nMat\u00e9riau : T\u00f4le estamp\u00e9e anti-rouille ing\u00e9nierie + PC + pi\u00e8ces moul\u00e9es sous pression<br \/>\nDur\u00e9e d'\u00e9clairage : 12 heures d'illumination+<br \/>\nSurface \u00e9clair\u00e9e : 200 m\u00e8tres carr\u00e9s<br \/>\nQuantit\u00e9 par emballage : 1 ensemble\/carton<br \/>\nDimensions du carton : 111,5 * 44 * 14,5 cm<br \/>\nDimensions du corps de la lampe : 91 * 40 cm<\/td>\n<\/tr>\n<tr>\n<td width=\"141\">200 W<\/td>\n<td><img loading=\"lazy\" decoding=\"async\" class=\"wp-image-4562 aligncenter\" src=\"http:\/\/jinzho.com\/wp-content\/uploads\/2025\/05\/1-72-300x300.png\" alt=\"\" width=\"188\" height=\"188\" title=\"\" srcset=\"https:\/\/jinzho.com\/wp-content\/uploads\/2025\/05\/1-72-300x300.png 300w, https:\/\/jinzho.com\/wp-content\/uploads\/2025\/05\/1-72-150x150.png 150w, https:\/\/jinzho.com\/wp-content\/uploads\/2025\/05\/1-72-100x100.png 100w, https:\/\/jinzho.com\/wp-content\/uploads\/2025\/05\/1-72.png 600w\" sizes=\"(max-width: 188px) 100vw, 188px\" \/><\/td>\n<td width=\"660\">Mode de contr\u00f4le : version contr\u00f4le par lumi\u00e8re + contr\u00f4le temporel + t\u00e9l\u00e9commande<br \/>\nDimensions du panneau solaire : 116,3 \u00d7 39,5 cm<br \/>\nPanneau solaire : Silicium polycristallin (5V\/90W)<br \/>\nBatterie lithium : 3,2V\/65000 mAh<br \/>\nPastilles LED SMD : Haute luminosit\u00e9 5054 230\/1W 200 pi\u00e8ces<br \/>\nMat\u00e9riau : T\u00f4le estamp\u00e9e anti-rouille ing\u00e9nierie + PC + pi\u00e8ces moul\u00e9es sous pression<br \/>\nDur\u00e9e d'\u00e9clairage : 12 heures d'illumination+<br \/>\nSurface \u00e9clair\u00e9e : 500 m\u00e8tres carr\u00e9s<br \/>\nQuantit\u00e9 par emballage : 1 ensemble\/carton<br \/>\nDimensions du carton : 137 * 44 * 14,5 cm<br \/>\nDimensions du corps de la lampe : 116,8 * 40 cm<\/td>\n<\/tr>\n<tr>\n<td width=\"141\">150W<\/td>\n<td><img loading=\"lazy\" decoding=\"async\" class=\"wp-image-4563 aligncenter\" src=\"http:\/\/jinzho.com\/wp-content\/uploads\/2025\/05\/2-53-300x300.png\" alt=\"\" width=\"204\" height=\"204\" title=\"\" srcset=\"https:\/\/jinzho.com\/wp-content\/uploads\/2025\/05\/2-53-300x300.png 300w, https:\/\/jinzho.com\/wp-content\/uploads\/2025\/05\/2-53-150x150.png 150w, https:\/\/jinzho.com\/wp-content\/uploads\/2025\/05\/2-53-100x100.png 100w, https:\/\/jinzho.com\/wp-content\/uploads\/2025\/05\/2-53.png 600w\" sizes=\"(max-width: 204px) 100vw, 204px\" \/><\/td>\n<td width=\"660\">Mode de contr\u00f4le : version contr\u00f4le par lumi\u00e8re + contr\u00f4le temporel + t\u00e9l\u00e9commande<br \/>\nDimensions du panneau solaire : 90,5 * 39,5 cm<br \/>\nPanneau solaire : Silicium polycristallin (5V\/65W)<br \/>\nBatterie lithium : 3,2V\/50000 mAh<br \/>\nPastilles LED SMD : Haute luminosit\u00e9 5054 230\/1W 150 pi\u00e8ces<br \/>\nMat\u00e9riau : T\u00f4le estamp\u00e9e anti-rouille ing\u00e9nierie + PC + pi\u00e8ces moul\u00e9es sous pression<br \/>\nDur\u00e9e d'\u00e9clairage : 12 heures d'illumination+<br \/>\nSurface \u00e9clair\u00e9e : 500 m\u00e8tres carr\u00e9s<br \/>\nQuantit\u00e9 par emballage : 1 ensemble\/carton<br \/>\nDimensions du carton : 111,5 * 44 * 14,5 cm<br \/>\nDimensions du corps de la lampe : 91 * 40 cm<\/td>\n<\/tr>\n<tr>\n<td width=\"141\">200 W<\/td>\n<td><img loading=\"lazy\" decoding=\"async\" class=\"wp-image-4566 aligncenter\" src=\"http:\/\/jinzho.com\/wp-content\/uploads\/2025\/05\/\u56fe\u724773-154x300.png\" alt=\"\" width=\"120\" height=\"234\" title=\"\" srcset=\"https:\/\/jinzho.com\/wp-content\/uploads\/2025\/05\/\u56fe\u724773-154x300.png 154w, https:\/\/jinzho.com\/wp-content\/uploads\/2025\/05\/\u56fe\u724773.png 233w\" sizes=\"(max-width: 120px) 100vw, 120px\" \/><\/td>\n<td width=\"660\">Mode de contr\u00f4le : version contr\u00f4le par lumi\u00e8re + contr\u00f4le temporel + t\u00e9l\u00e9commande<br \/>\nDimensions du panneau solaire : 116,3 \u00d7 39,5 cm<br \/>\nPanneau solaire : Silicium polycristallin (5V\/90W)<br \/>\nBatterie lithium : 3,2V\/60000 mAh<br \/>\nPastilles LED SMD : Haute luminosit\u00e9 5054 230\/1W 213 pi\u00e8ces<br \/>\nMat\u00e9riau : T\u00f4le estamp\u00e9e anti-rouille ing\u00e9nierie + PC + pi\u00e8ces moul\u00e9es sous pression<br \/>\nDur\u00e9e d'\u00e9clairage : 12 heures d'illumination+<br \/>\nSurface \u00e9clair\u00e9e : 800 m\u00e8tres carr\u00e9s<br \/>\nQuantit\u00e9 par emballage : 1 ensemble\/carton<br \/>\nDimensions du carton : 137 * 44 * 14,5 cm<br \/>\nDimensions du corps de la lampe : 116,8 * 40 cm<\/td>\n<\/tr>\n<\/tbody>\n<\/table>","protected":false},"excerpt":{"rendered":"<p>Le luminaire solaire pour \u00e9clairage public en aluminium moul\u00e9 d'une pi\u00e8ce adopte une conception int\u00e9gr\u00e9e de LED, batterie lithium fer phosphate et panneau solaire, r\u00e9alisant une combinaison optimale entre haute performance de travail (luminosit\u00e9, dur\u00e9e de vie, installation facile) et \u00e9conomie. Il convient aux besoins d'\u00e9clairage \u00e0 ultra-longue distance et ultra-haute luminosit\u00e9 pour des routes de 50 \u00e0 500 m\u00e8tres. C'est un \u00e9clairage intelligent haute puissance con\u00e7u pour les axes principaux urbains, les parcs logistiques, les routes secondaires d'autoroute et les grands \u00e9quipements publics. Ce sera votre choix judicieux.<\/p>\n<p>Quantit\u00e9 minimum de commande : 500<br \/>\nD\u00e9lai de livraison : 15-25 jours<br \/>\nEmplacement de l'usine : Zhongshan, Guangdong, Chine<\/p>","protected":false},"featured_media":4555,"comment_status":"closed","ping_status":"closed","template":"","meta":[],"product_brand":[],"product_cat":[2763],"product_tag":[177,178,191,202,203],"class_list":{"0":"post-1082","1":"product","2":"type-product","3":"status-publish","4":"has-post-thumbnail","6":"product_cat-solar-lamp","7":"product_tag-150w-solar-led-lights","8":"product_tag-200w-solar-led-lights","9":"product_tag-street-solar-led-lights","10":"product_tag-250w-solar-led-lights","11":"product_tag-350w-solar-led-lights","13":"first","14":"instock","15":"shipping-taxable","16":"product-type-simple"},"_links":{"self":[{"href":"https:\/\/jinzho.com\/fr\/wp-json\/wp\/v2\/product\/1082","targetHints":{"allow":["GET"]}}],"collection":[{"href":"https:\/\/jinzho.com\/fr\/wp-json\/wp\/v2\/product"}],"about":[{"href":"https:\/\/jinzho.com\/fr\/wp-json\/wp\/v2\/types\/product"}],"replies":[{"embeddable":true,"href":"https:\/\/jinzho.com\/fr\/wp-json\/wp\/v2\/comments?post=1082"}],"wp:featuredmedia":[{"embeddable":true,"href":"https:\/\/jinzho.com\/fr\/wp-json\/wp\/v2\/media\/4555"}],"wp:attachment":[{"href":"https:\/\/jinzho.com\/fr\/wp-json\/wp\/v2\/media?parent=1082"}],"wp:term":[{"taxonomy":"product_brand","embeddable":true,"href":"https:\/\/jinzho.com\/fr\/wp-json\/wp\/v2\/product_brand?post=1082"},{"taxonomy":"product_cat","embeddable":true,"href":"https:\/\/jinzho.com\/fr\/wp-json\/wp\/v2\/product_cat?post=1082"},{"taxonomy":"product_tag","embeddable":true,"href":"https:\/\/jinzho.com\/fr\/wp-json\/wp\/v2\/product_tag?post=1082"}],"curies":[{"name":"wp","href":"https:\/\/api.w.org\/{rel}","templated":true}]}}