{"id":1081,"date":"2025-05-12T03:35:59","date_gmt":"2025-05-12T03:35:59","guid":{"rendered":"https:\/\/jinzho.com\/?post_type=product&#038;p=1081"},"modified":"2025-06-19T03:02:23","modified_gmt":"2025-06-19T03:02:23","slug":"50w-300w-integrated-aluminum-profile-solar-led-street-light","status":"publish","type":"product","link":"https:\/\/jinzho.com\/fr\/product\/50w-300w-integrated-aluminum-profile-solar-led-street-light\/","title":{"rendered":"Lampadaire solaire \u00e0 LED avec profil\u00e9 en aluminium int\u00e9gr\u00e9 de 50 W \u00e0 300 W"},"content":{"rendered":"<h3>Param\u00e8tres du produit :<\/h3>\n<table width=\"1464\">\n<tbody>\n<tr>\n<td width=\"141\">Style<\/td>\n<td width=\"272\">Image<\/td>\n<td width=\"543\">Param\u00e8tres<\/td>\n<td width=\"137\">poids<\/td>\n<td width=\"371\">Emballage de la bo\u00eete de couleur (mm)<\/td>\n<\/tr>\n<tr>\n<td width=\"141\">50W<\/td>\n<td><img decoding=\"async\" class=\"alignnone  wp-image-4554\" src=\"http:\/\/jinzho.com\/wp-content\/uploads\/2025\/05\/4-36-300x300.png\" alt=\"\" width=\"166\" height=\"166\" title=\"\" srcset=\"https:\/\/jinzho.com\/wp-content\/uploads\/2025\/05\/4-36-300x300.png 300w, https:\/\/jinzho.com\/wp-content\/uploads\/2025\/05\/4-36-150x150.png 150w, https:\/\/jinzho.com\/wp-content\/uploads\/2025\/05\/4-36-100x100.png 100w, https:\/\/jinzho.com\/wp-content\/uploads\/2025\/05\/4-36.png 600w\" sizes=\"(max-width: 166px) 100vw, 166px\" \/><\/td>\n<td width=\"543\">Nombre de LED : 50<br \/>\n\u3010Dur\u00e9e d'\u00e9clairage\u3011: 10-12H<br \/>\n\u3010LUMEN\u3011: 1450lm<br \/>\n\u3010Capacit\u00e9 de batterie\u3011: 15000mAh<br \/>\n\u3010Puissance du panneau solaire\u3011: 6V\/40W<br \/>\n\u3010Surface d'\u00e9clairement\u3011: 120\u33a1<br \/>\n\u3010Dimensions du corps de lampe\u3011: 510*225*45mm<\/td>\n<td>1,75 kg<\/td>\n<td width=\"371\">\u3010Nombre par conteneur\u30116 unit\u00e9s \/ carton<\/p>\n<p>\u3010Dimensions du carton\u3011: 79*78*30cm<\/td>\n<\/tr>\n<tr>\n<td width=\"141\">150 W<\/td>\n<td><img decoding=\"async\" class=\"alignnone  wp-image-4551\" src=\"http:\/\/jinzho.com\/wp-content\/uploads\/2025\/05\/1-71-300x300.png\" alt=\"\" width=\"154\" height=\"154\" title=\"\" srcset=\"https:\/\/jinzho.com\/wp-content\/uploads\/2025\/05\/1-71-300x300.png 300w, https:\/\/jinzho.com\/wp-content\/uploads\/2025\/05\/1-71-150x150.png 150w, https:\/\/jinzho.com\/wp-content\/uploads\/2025\/05\/1-71-100x100.png 100w, https:\/\/jinzho.com\/wp-content\/uploads\/2025\/05\/1-71.png 600w\" sizes=\"(max-width: 154px) 100vw, 154px\" \/><\/td>\n<td width=\"543\">Nombre de LED : 100<br \/>\n\u3010Dur\u00e9e d'\u00e9clairage\u3011: 10-12H<br \/>\n\u3010LUMEN\u3011: 1700lm<br \/>\n\u3010Capacit\u00e9 de batterie\u3011: 20000mAh<br \/>\n\u3010Puissance du panneau solaire\u3011 : 6V\/60W<br \/>\n\u3010Surface d'\u00e9clairement\u3011: 160\u33a1<br \/>\n\u3010Dimensions du corps de lampe\u3011: 710*235*87mm<\/td>\n<td>4,3 kg<\/td>\n<td width=\"371\">\u3010Nombre par conteneur\u30116 unit\u00e9s \/ carton<\/p>\n<p>\u3010Dimensions du carton\u3011: 85*80*30cm<\/td>\n<\/tr>\n<tr>\n<td width=\"141\">200 W<\/td>\n<td><img decoding=\"async\" class=\"alignnone  wp-image-4552\" src=\"http:\/\/jinzho.com\/wp-content\/uploads\/2025\/05\/2-52-300x300.png\" alt=\"\" width=\"167\" height=\"167\" title=\"\" srcset=\"https:\/\/jinzho.com\/wp-content\/uploads\/2025\/05\/2-52-300x300.png 300w, https:\/\/jinzho.com\/wp-content\/uploads\/2025\/05\/2-52-150x150.png 150w, https:\/\/jinzho.com\/wp-content\/uploads\/2025\/05\/2-52-100x100.png 100w, https:\/\/jinzho.com\/wp-content\/uploads\/2025\/05\/2-52.png 600w\" sizes=\"(max-width: 167px) 100vw, 167px\" \/><\/td>\n<td width=\"543\">Nombre de LED\uff1a150<br \/>\n\u3010Dur\u00e9e d'\u00e9clairage\u3011: 10-12H<br \/>\n\u3010LUMEN\u3011: 2150lm<br \/>\n\u3010Capacit\u00e9 de batterie\u3011: 25000mAh<br \/>\n\u3010Puissance du panneau solaire\u3011 : 6V\/80W<br \/>\n\u3010Surface d'\u00e9clairement\u3011: 180\u33a1<br \/>\n\u3010Dimensions du corps de lampe\u3011: 880*235*87mm<\/td>\n<td>11 kg<\/td>\n<td width=\"371\">\u3010Nombre par conteneur\u30113 unit\u00e9s \/ carton<\/p>\n<p>\u3010Dimensions du carton\u3011: 102*40*29cm<\/td>\n<\/tr>\n<tr>\n<td width=\"141\">300 W<\/td>\n<td><img loading=\"lazy\" decoding=\"async\" class=\"alignnone  wp-image-4553\" src=\"http:\/\/jinzho.com\/wp-content\/uploads\/2025\/05\/3-44-300x300.png\" alt=\"\" width=\"171\" height=\"171\" title=\"\" srcset=\"https:\/\/jinzho.com\/wp-content\/uploads\/2025\/05\/3-44-300x300.png 300w, https:\/\/jinzho.com\/wp-content\/uploads\/2025\/05\/3-44-150x150.png 150w, https:\/\/jinzho.com\/wp-content\/uploads\/2025\/05\/3-44-100x100.png 100w, https:\/\/jinzho.com\/wp-content\/uploads\/2025\/05\/3-44.png 600w\" sizes=\"(max-width: 171px) 100vw, 171px\" \/><\/td>\n<td width=\"543\">Nombre de LED : 200<br \/>\n\u3010Dur\u00e9e d'\u00e9clairage\u3011: 10-12H<br \/>\n\u3010LUMEN\u3011: 2600lm<br \/>\n\u3010Capacit\u00e9 de batterie\u3011: 30000mAh<br \/>\n\u3010Puissance du panneau solaire\u3011 : 6V\/60W<br \/>\n\u3010Surface d'exposition\u3011 : 200 m\u00b2<br \/>\n\u3010Dimensions du corps de lampe\u3011: 1130*235*87mm<\/td>\n<td>11 kg<\/td>\n<td width=\"371\">\u3010Nombre par conteneur\u30113 unit\u00e9s \/ carton<\/p>\n<p>\u3010Dimensions du carton\u3011: 127*40*29cm<\/td>\n<\/tr>\n<\/tbody>\n<\/table>","protected":false},"excerpt":{"rendered":"<p>Ce luminaire solaire LED pour rue en aluminium int\u00e9gr\u00e9 adopte une conception moul\u00e9e unifi\u00e9e du panneau solaire et du corps de lampe. Il pr\u00e9sente une excellente r\u00e9sistance \u00e0 la rouille et un indice de protection IP65, le rendant tr\u00e8s adapt\u00e9 aux cours de villas, parcs de quartier, all\u00e9es routi\u00e8res, b\u00e2timents industriels et autres lieux. \u00c9quip\u00e9 d'une t\u00e9l\u00e9commande et d'un jeu complet d'accessoires de montage, son installation est tr\u00e8s simple.<\/p>\n<p>Quantit\u00e9 minimum de commande : 500<br \/>\nD\u00e9lai de livraison : 15-25 jours<br \/>\nEmplacement de l'usine : Zhongshan, Guangdong, Chine<\/p>","protected":false},"featured_media":4549,"comment_status":"closed","ping_status":"closed","template":"","meta":[],"product_brand":[],"product_cat":[2763],"product_tag":[168,169,177,178,179,200],"class_list":{"0":"post-1081","1":"product","2":"type-product","3":"status-publish","4":"has-post-thumbnail","6":"product_cat-solar-lamp","7":"product_tag-solar-led-lights","8":"product_tag-led-solar-powered-lighting","9":"product_tag-150w-solar-led-lights","10":"product_tag-200w-solar-led-lights","11":"product_tag-300w-solar-led-lights","12":"product_tag-50w-solar-led-lights","14":"first","15":"instock","16":"shipping-taxable","17":"product-type-simple"},"_links":{"self":[{"href":"https:\/\/jinzho.com\/fr\/wp-json\/wp\/v2\/product\/1081","targetHints":{"allow":["GET"]}}],"collection":[{"href":"https:\/\/jinzho.com\/fr\/wp-json\/wp\/v2\/product"}],"about":[{"href":"https:\/\/jinzho.com\/fr\/wp-json\/wp\/v2\/types\/product"}],"replies":[{"embeddable":true,"href":"https:\/\/jinzho.com\/fr\/wp-json\/wp\/v2\/comments?post=1081"}],"wp:featuredmedia":[{"embeddable":true,"href":"https:\/\/jinzho.com\/fr\/wp-json\/wp\/v2\/media\/4549"}],"wp:attachment":[{"href":"https:\/\/jinzho.com\/fr\/wp-json\/wp\/v2\/media?parent=1081"}],"wp:term":[{"taxonomy":"product_brand","embeddable":true,"href":"https:\/\/jinzho.com\/fr\/wp-json\/wp\/v2\/product_brand?post=1081"},{"taxonomy":"product_cat","embeddable":true,"href":"https:\/\/jinzho.com\/fr\/wp-json\/wp\/v2\/product_cat?post=1081"},{"taxonomy":"product_tag","embeddable":true,"href":"https:\/\/jinzho.com\/fr\/wp-json\/wp\/v2\/product_tag?post=1081"}],"curies":[{"name":"wp","href":"https:\/\/api.w.org\/{rel}","templated":true}]}}