{"id":1079,"date":"2025-05-12T03:35:58","date_gmt":"2025-05-12T03:35:58","guid":{"rendered":"https:\/\/jinzho.com\/?post_type=product&#038;p=1079"},"modified":"2025-06-18T09:49:28","modified_gmt":"2025-06-18T09:49:28","slug":"plafonnier-a-led-solaire","status":"publish","type":"product","link":"https:\/\/jinzho.com\/fr\/product\/solar-led-light-ceiling-light\/","title":{"rendered":"Plafonnier LED Solaire"},"content":{"rendered":"<p>Le plafonnier LED solaire offre une bonne r\u00e9sistance \u00e0 la rouille et un indice de protection IP65, ce qui le rend id\u00e9al pour les abris, les granges, les porches, les \u00e9curies, les pi\u00e8ces, les terrasses, les pavillons, les salles de bains et autres lieux. \u00c9quip\u00e9 d'une t\u00e9l\u00e9commande et d'un ensemble complet d'accessoires d'installation, l'installation est tr\u00e8s simple : il suffit de fixer la lampe et d'installer le panneau en plein soleil, tout en permettant de contr\u00f4ler manuellement l'interrupteur, de s\u00e9lectionner le mode souhait\u00e9 et de r\u00e9gler la luminosit\u00e9.<\/p>\n<p>&nbsp;<\/p>\n<h3>Param\u00e8tres du produit<\/h3>\n<table style=\"border-collapse: collapse; width: 573.63pt;\" border=\"0\" width=\"956\" cellspacing=\"0\" cellpadding=\"0\">\n<tbody>\n<tr style=\"height: 35.00pt;\">\n<td class=\"et2\" style=\"height: 35.00pt; width: 84.60pt;\" width=\"141\" height=\"58\">Style<\/td>\n<td class=\"et2\" style=\"width: 163.20pt;\" width=\"272\">Image<\/td>\n<td class=\"et3\" style=\"width: 325.80pt;\" width=\"543\">Param\u00e8tres<\/td>\n<\/tr>\n<tr style=\"height: 62.40pt;\">\n<td class=\"et4\" style=\"height: 62.40pt;\" height=\"104\">145 mm<\/td>\n<td class=\"et5\" rowspan=\"6\"><img fetchpriority=\"high\" decoding=\"async\" class=\"alignnone size-medium wp-image-4530\" src=\"http:\/\/jinzho.com\/wp-content\/uploads\/2025\/05\/4-34-300x182.png\" alt=\"\" width=\"300\" height=\"182\" title=\"\" srcset=\"https:\/\/jinzho.com\/wp-content\/uploads\/2025\/05\/4-34-300x182.png 300w, https:\/\/jinzho.com\/wp-content\/uploads\/2025\/05\/4-34-1024x620.png 1024w, https:\/\/jinzho.com\/wp-content\/uploads\/2025\/05\/4-34-768x465.png 768w, https:\/\/jinzho.com\/wp-content\/uploads\/2025\/05\/4-34-600x363.png 600w, https:\/\/jinzho.com\/wp-content\/uploads\/2025\/05\/4-34.png 1463w\" sizes=\"(max-width: 300px) 100vw, 300px\" \/><\/p>\n<p>&nbsp;<\/p>\n<p><img decoding=\"async\" class=\"alignnone size-medium wp-image-4531\" src=\"http:\/\/jinzho.com\/wp-content\/uploads\/2025\/05\/5-19-300x178.png\" alt=\"\" width=\"300\" height=\"178\" title=\"\" srcset=\"https:\/\/jinzho.com\/wp-content\/uploads\/2025\/05\/5-19-300x178.png 300w, https:\/\/jinzho.com\/wp-content\/uploads\/2025\/05\/5-19-1024x608.png 1024w, https:\/\/jinzho.com\/wp-content\/uploads\/2025\/05\/5-19-768x456.png 768w, https:\/\/jinzho.com\/wp-content\/uploads\/2025\/05\/5-19-600x357.png 600w, https:\/\/jinzho.com\/wp-content\/uploads\/2025\/05\/5-19.png 1523w\" sizes=\"(max-width: 300px) 100vw, 300px\" \/><\/p>\n<p>&nbsp;<\/p>\n<p><img decoding=\"async\" class=\"alignnone size-full wp-image-4533\" src=\"http:\/\/jinzho.com\/wp-content\/uploads\/2025\/05\/6-7.png\" alt=\"\" width=\"271\" height=\"253\" title=\"\"><\/td>\n<td class=\"et6\" style=\"width: 325.80pt;\" width=\"543\">Taille du corps de la lampe : 145 mm<br \/>\nPanneau solaire : silicium polycristallin 6V\/2W<br \/>\nTaille du panneau solaire : 125 * 130 mm<br \/>\nCapacit\u00e9 de la batterie : batterie lithium-fer 3,2V\/1,2Ah<\/td>\n<\/tr>\n<tr style=\"height: 62.40pt;\">\n<td class=\"et4\" style=\"height: 62.40pt;\" height=\"104\">200 mm<\/td>\n<td class=\"et6\" style=\"width: 325.80pt;\" width=\"543\">Taille du corps de la lampe : 200 mm<br \/>\nPanneau solaire : silicium polycristallin 6V\/2W<br \/>\nTaille du panneau solaire : 125 * 130 mm<br \/>\nCapacit\u00e9 de la batterie : batterie lithium-fer 3,2V\/2Ah<\/td>\n<\/tr>\n<tr style=\"height: 62.40pt;\">\n<td class=\"et4\" style=\"height: 62.40pt;\" height=\"104\">240 mm<\/td>\n<td class=\"et6\" style=\"width: 325.80pt;\" width=\"543\">Taille du corps de la lampe : 240 mm<br \/>\nPanneau solaire : silicium polycristallin 6V\/3W<br \/>\nTaille du panneau solaire : 220 * 130 mm<br \/>\nCapacit\u00e9 de la batterie : batterie lithium-fer 3,2V\/2Ah<\/td>\n<\/tr>\n<tr style=\"height: 62.40pt;\">\n<td class=\"et4\" style=\"height: 62.40pt;\" height=\"104\">280 mm<\/td>\n<td class=\"et6\" style=\"width: 325.80pt;\" width=\"543\">Taille du corps de la lampe : 280 mm<br \/>\nPanneau solaire : silicium polycristallin 6V\/8W<br \/>\nTaille du panneau solaire : 350 x 235 mm<br \/>\nCapacit\u00e9 de la batterie : batterie lithium-fer 3,2V\/5Ah<\/td>\n<\/tr>\n<tr style=\"height: 62.40pt;\">\n<td class=\"et4\" style=\"height: 62.40pt;\" height=\"104\">320 mm<\/td>\n<td class=\"et6\" style=\"width: 325.80pt;\" width=\"543\">Taille du corps de la lampe : 320 mm<br \/>\nPanneau solaire : silicium polycristallin 6V\/12W<br \/>\nTaille du panneau photovolta\u00efque : 350 * 290 mm<br \/>\nCapacit\u00e9 de la batterie : batterie lithium-fer 3,2V\/8Ah<\/td>\n<\/tr>\n<tr style=\"height: 62.40pt;\">\n<td class=\"et7\" style=\"height: 62.40pt; width: 84.60pt;\" width=\"141\" height=\"104\">360 mm<\/td>\n<td class=\"et6\" style=\"width: 325.80pt;\" width=\"543\">Taille du corps de la lampe : 360 mm<br \/>\nPanneau solaire : silicium polycristallin 6V\/15W<br \/>\nTaille du panneau photovolta\u00efque : 350 * 350 mm<br \/>\nCapacit\u00e9 de la batterie : batterie lithium-fer 3,2V\/10Ah<\/td>\n<\/tr>\n<\/tbody>\n<\/table>","protected":false},"excerpt":{"rendered":"<p>Ce plafonnier LED solaire est facile \u00e0 installer et \u00e0 utiliser. Le panneau solaire et le corps de la lampe sont con\u00e7us de mani\u00e8re ind\u00e9pendante, ce qui permet \u00e0 ce plafonnier LED solaire d'\u00eatre adapt\u00e9 non seulement pour l'\u00e9clairage int\u00e9rieur, mais aussi comme plafonnier, suspension ou applique, ou encore comme lampe de secours en cas de coupure de courant.<\/p>\n<p>Quantit\u00e9 minimum de commande : 500<br \/>\nD\u00e9lai de livraison : 15-25 jours<br \/>\nEmplacement de l'usine : Zhongshan, Guangdong, Chine<\/p>","protected":false},"featured_media":4525,"comment_status":"closed","ping_status":"closed","template":"","meta":[],"product_brand":[],"product_cat":[2763],"product_tag":[168,169,181,186,192],"class_list":{"0":"post-1079","1":"product","2":"type-product","3":"status-publish","4":"has-post-thumbnail","6":"product_cat-solar-lamp","7":"product_tag-solar-led-lights","8":"product_tag-led-solar-powered-lighting","9":"product_tag-led-solar-street-light","10":"product_tag-solar-led-light-string-or-rope-with-18650-battery","11":"product_tag-solar-led-street-light","13":"first","14":"instock","15":"shipping-taxable","16":"product-type-simple"},"_links":{"self":[{"href":"https:\/\/jinzho.com\/fr\/wp-json\/wp\/v2\/product\/1079","targetHints":{"allow":["GET"]}}],"collection":[{"href":"https:\/\/jinzho.com\/fr\/wp-json\/wp\/v2\/product"}],"about":[{"href":"https:\/\/jinzho.com\/fr\/wp-json\/wp\/v2\/types\/product"}],"replies":[{"embeddable":true,"href":"https:\/\/jinzho.com\/fr\/wp-json\/wp\/v2\/comments?post=1079"}],"wp:featuredmedia":[{"embeddable":true,"href":"https:\/\/jinzho.com\/fr\/wp-json\/wp\/v2\/media\/4525"}],"wp:attachment":[{"href":"https:\/\/jinzho.com\/fr\/wp-json\/wp\/v2\/media?parent=1079"}],"wp:term":[{"taxonomy":"product_brand","embeddable":true,"href":"https:\/\/jinzho.com\/fr\/wp-json\/wp\/v2\/product_brand?post=1079"},{"taxonomy":"product_cat","embeddable":true,"href":"https:\/\/jinzho.com\/fr\/wp-json\/wp\/v2\/product_cat?post=1079"},{"taxonomy":"product_tag","embeddable":true,"href":"https:\/\/jinzho.com\/fr\/wp-json\/wp\/v2\/product_tag?post=1079"}],"curies":[{"name":"wp","href":"https:\/\/api.w.org\/{rel}","templated":true}]}}