{"id":1077,"date":"2025-05-12T03:35:58","date_gmt":"2025-05-12T03:35:58","guid":{"rendered":"https:\/\/jinzho.com\/?post_type=product&#038;p=1077"},"modified":"2025-06-18T08:09:29","modified_gmt":"2025-06-18T08:09:29","slug":"50w-100w-150w-solar-double-sided-charging-floodlight-led-outdoor-floodlight","status":"publish","type":"product","link":"https:\/\/jinzho.com\/fr\/product\/50w-100w-150w-solar-double-sided-charging-floodlight-led-outdoor-floodlight\/","title":{"rendered":"Projecteur LED ext\u00e9rieur solaire double face 50W 100W 150W"},"content":{"rendered":"<h3>Param\u00e8tres du produit :<\/h3>\n<table width=\"1232\">\n<tbody>\n<tr>\n<td width=\"141\">Style<\/td>\n<td width=\"272\">Image<\/td>\n<td width=\"378\">Param\u00e8tres<\/td>\n<td width=\"152\">poids<\/td>\n<td width=\"289\">Emballage de la bo\u00eete de couleur (mm)<\/td>\n<\/tr>\n<tr>\n<td width=\"141\">50W<\/td>\n<td>\u00a0<img decoding=\"async\" class=\"wp-image-4513 aligncenter\" src=\"http:\/\/jinzho.com\/wp-content\/uploads\/2025\/05\/00001-1-300x261.png\" alt=\"\" width=\"175\" height=\"152\" title=\"\" srcset=\"https:\/\/jinzho.com\/wp-content\/uploads\/2025\/05\/00001-1-300x261.png 300w, https:\/\/jinzho.com\/wp-content\/uploads\/2025\/05\/00001-1-1024x890.png 1024w, https:\/\/jinzho.com\/wp-content\/uploads\/2025\/05\/00001-1-768x667.png 768w, https:\/\/jinzho.com\/wp-content\/uploads\/2025\/05\/00001-1-600x521.png 600w, https:\/\/jinzho.com\/wp-content\/uploads\/2025\/05\/00001-1.png 1175w\" sizes=\"(max-width: 175px) 100vw, 175px\" \/><\/td>\n<td width=\"378\">Nombre de LED : 180<br \/>\nDimensions du culot : 264*233*45,6<br \/>\nDimensions du panneau photovolta\u00efque : 224*220 mm<br \/>\nPanneaux solaires : 5V\/10W<br \/>\nBatteries : 8000 mAh<\/td>\n<td>1,06 kg<\/td>\n<td width=\"289\">530*495*295<br \/>\n20 pi\u00e8ces\/bo\u00eete<br \/>\n(Poids net) : 21,2 kg<br \/>\n(Poids brut) : 24,3 kg<\/td>\n<\/tr>\n<tr>\n<td width=\"141\">100 W<\/td>\n<td><img decoding=\"async\" class=\"wp-image-4512 aligncenter\" src=\"http:\/\/jinzho.com\/wp-content\/uploads\/2025\/05\/0001-1-300x240.png\" alt=\"\" width=\"175\" height=\"140\" title=\"\" srcset=\"https:\/\/jinzho.com\/wp-content\/uploads\/2025\/05\/0001-1-300x240.png 300w, https:\/\/jinzho.com\/wp-content\/uploads\/2025\/05\/0001-1-1024x821.png 1024w, https:\/\/jinzho.com\/wp-content\/uploads\/2025\/05\/0001-1-768x615.png 768w, https:\/\/jinzho.com\/wp-content\/uploads\/2025\/05\/0001-1-600x481.png 600w, https:\/\/jinzho.com\/wp-content\/uploads\/2025\/05\/0001-1.png 1279w\" sizes=\"(max-width: 175px) 100vw, 175px\" \/><\/td>\n<td width=\"378\">Nombre de LED : 204<br \/>\nDimensions du culot : 299*270*45,8<br \/>\nDimensions du panneau photovolta\u00efque : 260*257 mm<br \/>\nPanneaux solaires : 5V\/15W<br \/>\nBatteries : 10000 mAh<\/td>\n<td>1,42 kg<\/td>\n<td width=\"289\">530*290*330<br \/>\n10 pi\u00e8ces\/bo\u00eete<br \/>\n(Poids net) : 14,2 kg<br \/>\n(Poids brut) : 16 kg<\/td>\n<\/tr>\n<tr>\n<td width=\"141\">150 W<\/td>\n<td><img decoding=\"async\" class=\"wp-image-4514 aligncenter\" src=\"http:\/\/jinzho.com\/wp-content\/uploads\/2025\/05\/001-1-300x263.png\" alt=\"\" width=\"174\" height=\"153\" title=\"\" srcset=\"https:\/\/jinzho.com\/wp-content\/uploads\/2025\/05\/001-1-300x263.png 300w, https:\/\/jinzho.com\/wp-content\/uploads\/2025\/05\/001-1-768x674.png 768w, https:\/\/jinzho.com\/wp-content\/uploads\/2025\/05\/001-1-600x527.png 600w, https:\/\/jinzho.com\/wp-content\/uploads\/2025\/05\/001-1.png 980w\" sizes=\"(max-width: 174px) 100vw, 174px\" \/><\/td>\n<td width=\"378\">Nombre de LED : 240<br \/>\nDimensions du culot : 341*310*45,8<br \/>\nDimensions du panneau photovolta\u00efque : 300*297 mm<br \/>\nPanneaux solaires : 5V\/20W<br \/>\nBatteries : 15000 mAh<\/td>\n<td>1,68 kg<\/td>\n<td width=\"289\">530*330*370<br \/>\n10 pi\u00e8ces\/bo\u00eete<br \/>\n(Poids net) : 16,8 kg<br \/>\n(Poids brut) : 20,45 kg<\/td>\n<\/tr>\n<\/tbody>\n<\/table>","protected":false},"excerpt":{"rendered":"<p>Le lampadaire solaire LED 50W\/100W\/150W est un dispositif d'\u00e9clairage intelligent de petite et moyenne puissance con\u00e7u pour les voies de quartiers r\u00e9sidentiels, les zones d'habitation, les sentiers de parc et les routes communales. Il int\u00e8gre un syst\u00e8me d'ajustement de puissance \u00e0 plusieurs vitesses et un syst\u00e8me adaptatif \u00e0 d\u00e9tection de lumi\u00e8re, prend en charge un gradation dynamique de 50W \u00e0 150W, s'adapte aux besoins d'\u00e9clairage \u00e9conome en \u00e9nergie pour des routes de 10 \u00e0 30 m\u00e8tres, et allie haute rentabilit\u00e9 et caract\u00e9ristiques de fonctionnement stable par tous les temps.<\/p>\n<p>Quantit\u00e9 minimum de commande : 500<br \/>\nD\u00e9lai de livraison : 15-25 jours<br \/>\nEmplacement de l'usine : Zhongshan, Guangdong, Chine<\/p>","protected":false},"featured_media":2197,"comment_status":"closed","ping_status":"closed","template":"","meta":[],"product_brand":[],"product_cat":[2763],"product_tag":[176,177,191,192,200],"class_list":{"0":"post-1077","1":"product","2":"type-product","3":"status-publish","4":"has-post-thumbnail","6":"product_cat-solar-lamp","7":"product_tag-100w-solar-led-lights","8":"product_tag-150w-solar-led-lights","9":"product_tag-street-solar-led-lights","10":"product_tag-solar-led-street-light","11":"product_tag-50w-solar-led-lights","13":"first","14":"instock","15":"shipping-taxable","16":"product-type-simple"},"_links":{"self":[{"href":"https:\/\/jinzho.com\/fr\/wp-json\/wp\/v2\/product\/1077","targetHints":{"allow":["GET"]}}],"collection":[{"href":"https:\/\/jinzho.com\/fr\/wp-json\/wp\/v2\/product"}],"about":[{"href":"https:\/\/jinzho.com\/fr\/wp-json\/wp\/v2\/types\/product"}],"replies":[{"embeddable":true,"href":"https:\/\/jinzho.com\/fr\/wp-json\/wp\/v2\/comments?post=1077"}],"wp:featuredmedia":[{"embeddable":true,"href":"https:\/\/jinzho.com\/fr\/wp-json\/wp\/v2\/media\/2197"}],"wp:attachment":[{"href":"https:\/\/jinzho.com\/fr\/wp-json\/wp\/v2\/media?parent=1077"}],"wp:term":[{"taxonomy":"product_brand","embeddable":true,"href":"https:\/\/jinzho.com\/fr\/wp-json\/wp\/v2\/product_brand?post=1077"},{"taxonomy":"product_cat","embeddable":true,"href":"https:\/\/jinzho.com\/fr\/wp-json\/wp\/v2\/product_cat?post=1077"},{"taxonomy":"product_tag","embeddable":true,"href":"https:\/\/jinzho.com\/fr\/wp-json\/wp\/v2\/product_tag?post=1077"}],"curies":[{"name":"wp","href":"https:\/\/api.w.org\/{rel}","templated":true}]}}