{"id":1076,"date":"2025-05-12T03:35:58","date_gmt":"2025-05-12T03:35:58","guid":{"rendered":"https:\/\/jinzho.com\/?post_type=product&#038;p=1076"},"modified":"2025-06-18T07:15:55","modified_gmt":"2025-06-18T07:15:55","slug":"50w-400w-all-in-one-led-solar-street-light","status":"publish","type":"product","link":"https:\/\/jinzho.com\/fr\/product\/50w-400w-all-in-one-led-solar-street-light\/","title":{"rendered":"Lampadaire solaire LED tout-en-un 50W-400W"},"content":{"rendered":"<p>Le luminaire solaire LED int\u00e9gr\u00e9 50W-400W utilise un panneau solaire monocristallin double face pour une charge efficace. Les caract\u00e9ristiques du produit incluent : un flux lumineux de 1200 lumens, une batterie au lithium ternaire, un indice d'\u00e9tanch\u00e9it\u00e9 IP65 et une dur\u00e9e d'\u00e9clairage de plus de 12 heures. Convient pour les jardins couvrant une superficie allant jusqu'\u00e0 150 m\u00e8tres carr\u00e9s.<\/p>\n<h3>Param\u00e8tres du produit<\/h3>\n<table width=\"1232\">\n<tbody>\n<tr>\n<td style=\"text-align: center;\" width=\"141\">Style<\/td>\n<td style=\"text-align: center;\" width=\"272\">Image<\/td>\n<td style=\"text-align: center;\" width=\"378\">Param\u00e8tres<\/td>\n<td style=\"text-align: center;\" width=\"152\">poids<\/td>\n<td style=\"text-align: center;\" width=\"289\">Emballage de la bo\u00eete de couleur (mm)<\/td>\n<\/tr>\n<tr>\n<td width=\"141\">50W<\/td>\n<td><img decoding=\"async\" class=\"size-full wp-image-4508 aligncenter\" src=\"http:\/\/jinzho.com\/wp-content\/uploads\/2025\/05\/\u56fe\u72471-12.png\" alt=\"\" width=\"72\" height=\"129\" title=\"\"><\/td>\n<td width=\"378\">Nombre de LED : 108<br \/>\nDimensions du culot : 260*138*50.6<br \/>\nDimensions du panneau photovolta\u00efque : 210*119 mm<br \/>\nPanneaux solaires : 5V\/5W<br \/>\nBatteries : 3000 mAh<\/td>\n<td>0,45 kg<\/td>\n<td width=\"289\">580*445*275 mm<br \/>\n30 pi\u00e8ces\/carton<br \/>\n(CBM) : 0,07 m\u00b3<br \/>\n(Poids net) : 13,5 kg<br \/>\n(Poids brut) : 16,2 kg<\/td>\n<\/tr>\n<tr>\n<td width=\"141\">100 W<\/td>\n<td><img decoding=\"async\" class=\"wp-image-4504 aligncenter\" src=\"http:\/\/jinzho.com\/wp-content\/uploads\/2025\/05\/1-67-300x300.png\" alt=\"\" width=\"129\" height=\"129\" title=\"\" srcset=\"https:\/\/jinzho.com\/wp-content\/uploads\/2025\/05\/1-67-300x300.png 300w, https:\/\/jinzho.com\/wp-content\/uploads\/2025\/05\/1-67-150x150.png 150w, https:\/\/jinzho.com\/wp-content\/uploads\/2025\/05\/1-67-100x100.png 100w, https:\/\/jinzho.com\/wp-content\/uploads\/2025\/05\/1-67.png 600w\" sizes=\"(max-width: 129px) 100vw, 129px\" \/><\/td>\n<td width=\"378\">Nombre de LED : 141<br \/>\nDimensions du culot : 318*194*50.6<br \/>\nDimensions du panneau photovolta\u00efque : 265*175 mm<br \/>\nPanneaux solaires : 5V\/10W<br \/>\nBatteries : 5000 mAh<\/td>\n<td>0,8 kg<\/td>\n<td width=\"289\">465*425*340 mm<br \/>\n16 pi\u00e8ces\/carton<br \/>\n(CBM) : 0,067 m\u00b3<br \/>\n(Poids net) : 16 kg<br \/>\n(Poids brut) : 18,7 kg<\/td>\n<\/tr>\n<tr>\n<td width=\"141\">200 W<\/td>\n<td><img decoding=\"async\" class=\"wp-image-4505 aligncenter\" src=\"http:\/\/jinzho.com\/wp-content\/uploads\/2025\/05\/2-50-300x300.png\" alt=\"\" width=\"123\" height=\"123\" title=\"\" srcset=\"https:\/\/jinzho.com\/wp-content\/uploads\/2025\/05\/2-50-300x300.png 300w, https:\/\/jinzho.com\/wp-content\/uploads\/2025\/05\/2-50-150x150.png 150w, https:\/\/jinzho.com\/wp-content\/uploads\/2025\/05\/2-50-100x100.png 100w, https:\/\/jinzho.com\/wp-content\/uploads\/2025\/05\/2-50.png 600w\" sizes=\"(max-width: 123px) 100vw, 123px\" \/><\/td>\n<td width=\"378\">Nombre de LED : 174<br \/>\nDimensions du culot : 380*210*50.6<br \/>\nDimensions du panneau photovolta\u00efque : 315*190 mm<br \/>\nPanneaux solaires : 5V\/12W<br \/>\nBatteries : 8000 mAh<\/td>\n<td>0,98 kg<\/td>\n<td width=\"289\">445*405*350<br \/>\n12 pi\u00e8ces\/carton<br \/>\n(CBM) : 0,063 m\u00b3<br \/>\n(Poids net) : 14,6 kg<br \/>\n(Poids brut) : 17,6 kg<\/td>\n<\/tr>\n<tr>\n<td width=\"141\">300 W<\/td>\n<td><img loading=\"lazy\" decoding=\"async\" class=\"wp-image-4506 aligncenter\" src=\"http:\/\/jinzho.com\/wp-content\/uploads\/2025\/05\/3-40-300x300.png\" alt=\"\" width=\"134\" height=\"134\" title=\"\" srcset=\"https:\/\/jinzho.com\/wp-content\/uploads\/2025\/05\/3-40-300x300.png 300w, https:\/\/jinzho.com\/wp-content\/uploads\/2025\/05\/3-40-150x150.png 150w, https:\/\/jinzho.com\/wp-content\/uploads\/2025\/05\/3-40-100x100.png 100w, https:\/\/jinzho.com\/wp-content\/uploads\/2025\/05\/3-40.png 600w\" sizes=\"(max-width: 134px) 100vw, 134px\" \/><\/td>\n<td width=\"378\">Nombre de LED : 204<br \/>\nDimensions du culot : 513*217*52.6<br \/>\nDimensions du panneau photovolta\u00efque : 429*190 mm<br \/>\nPanneaux solaires : 5V\/15W<br \/>\nBatteries : 12\u00a0000 mAh<\/td>\n<td>1,36 kg<\/td>\n<td width=\"289\">580*530*240<br \/>\n10 pi\u00e8ces\/bo\u00eete<br \/>\n(CBM) : 0,073 m\u00b3<br \/>\n(Poids net) : 16,4 kg<br \/>\n(Poids brut) : 19,3 kg<\/td>\n<\/tr>\n<tr>\n<td width=\"141\">400W<\/td>\n<td><img loading=\"lazy\" decoding=\"async\" class=\"wp-image-4507 aligncenter\" src=\"http:\/\/jinzho.com\/wp-content\/uploads\/2025\/05\/4-32-300x300.png\" alt=\"\" width=\"135\" height=\"135\" title=\"\" srcset=\"https:\/\/jinzho.com\/wp-content\/uploads\/2025\/05\/4-32-300x300.png 300w, https:\/\/jinzho.com\/wp-content\/uploads\/2025\/05\/4-32-150x150.png 150w, https:\/\/jinzho.com\/wp-content\/uploads\/2025\/05\/4-32-100x100.png 100w, https:\/\/jinzho.com\/wp-content\/uploads\/2025\/05\/4-32.png 600w\" sizes=\"(max-width: 135px) 100vw, 135px\" \/><\/td>\n<td width=\"378\">Nombre de LED : 249<br \/>\nDimensions du culot : 656*223*52.6<br \/>\nDimensions du panneau photovolta\u00efque : 554*190 mm<br \/>\nPanneaux solaires : 5V\/20W<br \/>\nBatteries : 15000 mAh<\/td>\n<td>1,82 kg<\/td>\n<td width=\"289\">67.5*46.5*24.5<br \/>\n8 pi\u00e8ces\/carton<br \/>\n(CBM) : 0,077 m\u00b3<br \/>\n(Poids net) : 17,1 kg<br \/>\n(Poids brut) : 20 kg<\/td>\n<\/tr>\n<\/tbody>\n<\/table>","protected":false},"excerpt":{"rendered":"<p>Le luminaire solaire LED tout-en-un 50W-400W propose des options de puissance de 50W \u00e0 400W et est con\u00e7u pour les environnements ext\u00e9rieurs tels que les jardins. Fabriqu\u00e9 en mat\u00e9riau ABS durable, le produit poss\u00e8de un indice de protection IP65, garantissant des performances fiables dans toutes les conditions m\u00e9t\u00e9orologiques. Ses caract\u00e9ristiques avanc\u00e9es, telles qu'une efficacit\u00e9 lumineuse de 115 lm\/W et une temp\u00e9rature de couleur d'avertissement diurne de 6000K, offrent d'excellents effets d'\u00e9clairage.<\/p>\n<p>Quantit\u00e9 minimum de commande : 500<br \/>\nD\u00e9lai de livraison : 15-25 jours<br \/>\nEmplacement de l'usine : Zhongshan, Guangdong, Chine<\/p>","protected":false},"featured_media":4502,"comment_status":"closed","ping_status":"closed","template":"","meta":[],"product_brand":[],"product_cat":[2763],"product_tag":[177,191,192,195,200],"class_list":{"0":"post-1076","1":"product","2":"type-product","3":"status-publish","4":"has-post-thumbnail","6":"product_cat-solar-lamp","7":"product_tag-150w-solar-led-lights","8":"product_tag-street-solar-led-lights","9":"product_tag-solar-led-street-light","10":"product_tag-400w-solar-led-lights","11":"product_tag-50w-solar-led-lights","13":"first","14":"instock","15":"shipping-taxable","16":"product-type-simple"},"_links":{"self":[{"href":"https:\/\/jinzho.com\/fr\/wp-json\/wp\/v2\/product\/1076","targetHints":{"allow":["GET"]}}],"collection":[{"href":"https:\/\/jinzho.com\/fr\/wp-json\/wp\/v2\/product"}],"about":[{"href":"https:\/\/jinzho.com\/fr\/wp-json\/wp\/v2\/types\/product"}],"replies":[{"embeddable":true,"href":"https:\/\/jinzho.com\/fr\/wp-json\/wp\/v2\/comments?post=1076"}],"wp:featuredmedia":[{"embeddable":true,"href":"https:\/\/jinzho.com\/fr\/wp-json\/wp\/v2\/media\/4502"}],"wp:attachment":[{"href":"https:\/\/jinzho.com\/fr\/wp-json\/wp\/v2\/media?parent=1076"}],"wp:term":[{"taxonomy":"product_brand","embeddable":true,"href":"https:\/\/jinzho.com\/fr\/wp-json\/wp\/v2\/product_brand?post=1076"},{"taxonomy":"product_cat","embeddable":true,"href":"https:\/\/jinzho.com\/fr\/wp-json\/wp\/v2\/product_cat?post=1076"},{"taxonomy":"product_tag","embeddable":true,"href":"https:\/\/jinzho.com\/fr\/wp-json\/wp\/v2\/product_tag?post=1076"}],"curies":[{"name":"wp","href":"https:\/\/api.w.org\/{rel}","templated":true}]}}