{"id":1075,"date":"2025-05-12T03:35:58","date_gmt":"2025-05-12T03:35:58","guid":{"rendered":"https:\/\/jinzho.com\/?post_type=product&#038;p=1075"},"modified":"2025-06-17T09:46:48","modified_gmt":"2025-06-17T09:46:48","slug":"30w-200w-solar-led-mini-remote-control-wall-light","status":"publish","type":"product","link":"https:\/\/jinzho.com\/fr\/product\/30w-200w-solar-led-mini-remote-control-wall-light\/","title":{"rendered":"Applique murale solaire LED avec t\u00e9l\u00e9commande 30W-200W"},"content":{"rendered":"<h3>Avantages du produit :<\/h3>\n<p>Le luminaire mural solaire LED mini \u00e0 t\u00e9l\u00e9commande pr\u00e9sente les avantages d'une installation facile, d'un faible investissement, de bonnes performances de s\u00e9curit\u00e9, d'\u00e9conomies d'\u00e9nergie et de respect de l'environnement. Il constitue une solution pour remplacer l'\u00e9clairage public traditionnel reli\u00e9 au r\u00e9seau. Il utilise des cellules solaires en silicium cristallin pour l'alimentation, des batteries scell\u00e9es sans entretien \u00e0 r\u00e9gulation par soupape pour le stockage d'\u00e9nergie, des lampes LED ultra-lumineuses comme source de lumi\u00e8re, et est contr\u00f4l\u00e9 par un r\u00e9gulateur de charge\/d\u00e9charge intelligent. Il est largement utilis\u00e9 pour la d\u00e9coration de pelouses, places, parcs et autres espaces, et rel\u00e8ve du domaine de la technologie de l'\u00e9clairage.<\/p>\n<h3>Param\u00e8tres du produit :<\/h3>\n<table width=\"836\">\n<tbody>\n<tr>\n<td width=\"141\">Style<\/td>\n<td width=\"272\">Image<\/td>\n<td width=\"423\">Param\u00e8tres<\/td>\n<\/tr>\n<tr>\n<td width=\"141\">30w<\/td>\n<td><img decoding=\"async\" class=\"wp-image-4493 aligncenter\" src=\"http:\/\/jinzho.com\/wp-content\/uploads\/2025\/05\/6-4-300x300.png\" alt=\"\" width=\"158\" height=\"158\" title=\"\" srcset=\"https:\/\/jinzho.com\/wp-content\/uploads\/2025\/05\/6-4-300x300.png 300w, https:\/\/jinzho.com\/wp-content\/uploads\/2025\/05\/6-4-150x150.png 150w, https:\/\/jinzho.com\/wp-content\/uploads\/2025\/05\/6-4-100x100.png 100w, https:\/\/jinzho.com\/wp-content\/uploads\/2025\/05\/6-4.png 600w\" sizes=\"(max-width: 158px) 100vw, 158px\" \/><\/td>\n<td width=\"423\">Nombre de LED : 30<br \/>\nDimensions du culot : 262*165*50mm<br \/>\nDimensions du panneau photovolta\u00efque : 213*129mm<br \/>\nPanneaux solaires : 5V\/4W<br \/>\nBatteries : 3000 mAh<\/td>\n<\/tr>\n<tr>\n<td width=\"141\">40W<\/td>\n<td><img decoding=\"async\" class=\"wp-image-4492 aligncenter\" src=\"http:\/\/jinzho.com\/wp-content\/uploads\/2025\/05\/1-66-300x300.png\" alt=\"\" width=\"153\" height=\"153\" title=\"\" srcset=\"https:\/\/jinzho.com\/wp-content\/uploads\/2025\/05\/1-66-300x300.png 300w, https:\/\/jinzho.com\/wp-content\/uploads\/2025\/05\/1-66-150x150.png 150w, https:\/\/jinzho.com\/wp-content\/uploads\/2025\/05\/1-66-100x100.png 100w, https:\/\/jinzho.com\/wp-content\/uploads\/2025\/05\/1-66.png 600w\" sizes=\"(max-width: 153px) 100vw, 153px\" \/><\/td>\n<td width=\"423\">Nombre de LED : 40<br \/>\nDimensions du culot : 305*165*50mm<br \/>\nDimensions du panneau photovolta\u00efque : 253*129mm<br \/>\nPanneaux solaires : 5V\/5W<br \/>\nBatteries : 4000 mAh<\/td>\n<\/tr>\n<tr>\n<td width=\"141\">50w<\/td>\n<td><img decoding=\"async\" class=\"wp-image-4495 aligncenter\" src=\"http:\/\/jinzho.com\/wp-content\/uploads\/2025\/05\/2-49-300x300.png\" alt=\"\" width=\"149\" height=\"149\" title=\"\" srcset=\"https:\/\/jinzho.com\/wp-content\/uploads\/2025\/05\/2-49-300x300.png 300w, https:\/\/jinzho.com\/wp-content\/uploads\/2025\/05\/2-49-150x150.png 150w, https:\/\/jinzho.com\/wp-content\/uploads\/2025\/05\/2-49-100x100.png 100w, https:\/\/jinzho.com\/wp-content\/uploads\/2025\/05\/2-49.png 600w\" sizes=\"(max-width: 149px) 100vw, 149px\" \/><\/td>\n<td width=\"423\">Nombre de LED : 50<br \/>\nDimensions du culot : 343*165*50mm<br \/>\nDimensions du panneau photovolta\u00efque : 294*129mm<br \/>\nPanneaux solaires : 5V\/6W<br \/>\nBatteries : 5000 mAh<\/td>\n<\/tr>\n<tr>\n<td width=\"141\">100w<\/td>\n<td><img loading=\"lazy\" decoding=\"async\" class=\"wp-image-4496 aligncenter\" src=\"http:\/\/jinzho.com\/wp-content\/uploads\/2025\/05\/3-39-300x300.png\" alt=\"\" width=\"150\" height=\"150\" title=\"\" srcset=\"https:\/\/jinzho.com\/wp-content\/uploads\/2025\/05\/3-39-300x300.png 300w, https:\/\/jinzho.com\/wp-content\/uploads\/2025\/05\/3-39-150x150.png 150w, https:\/\/jinzho.com\/wp-content\/uploads\/2025\/05\/3-39-100x100.png 100w, https:\/\/jinzho.com\/wp-content\/uploads\/2025\/05\/3-39.png 600w\" sizes=\"(max-width: 150px) 100vw, 150px\" \/><\/td>\n<td width=\"423\">Nombre de LED : 112<br \/>\nDimensions du culot : 513*285*60mm<br \/>\nDimensions du panneau photovolta\u00efque : 397*212mm<br \/>\nPanneaux solaires : 5V\/10W<br \/>\nBatteries : 5000 mAh<\/td>\n<\/tr>\n<tr>\n<td width=\"141\">150W<\/td>\n<td><img loading=\"lazy\" decoding=\"async\" class=\"wp-image-4497 aligncenter\" src=\"http:\/\/jinzho.com\/wp-content\/uploads\/2025\/05\/4-31-300x300.png\" alt=\"\" width=\"145\" height=\"145\" title=\"\" srcset=\"https:\/\/jinzho.com\/wp-content\/uploads\/2025\/05\/4-31-300x300.png 300w, https:\/\/jinzho.com\/wp-content\/uploads\/2025\/05\/4-31-150x150.png 150w, https:\/\/jinzho.com\/wp-content\/uploads\/2025\/05\/4-31-100x100.png 100w, https:\/\/jinzho.com\/wp-content\/uploads\/2025\/05\/4-31.png 600w\" sizes=\"(max-width: 145px) 100vw, 145px\" \/><\/td>\n<td width=\"423\">Nombre de LED : 168<br \/>\nDimensions du culot : 637*302*60mm<br \/>\nDimensions du panneau photovolta\u00efque : 508*231mm<br \/>\nPanneaux solaires : 6V\/15W<br \/>\nBatteries : 10000 mAh<\/td>\n<\/tr>\n<tr>\n<td width=\"141\">200 W<\/td>\n<td><img loading=\"lazy\" decoding=\"async\" class=\"wp-image-4498 aligncenter\" src=\"http:\/\/jinzho.com\/wp-content\/uploads\/2025\/05\/5-17-300x300.png\" alt=\"\" width=\"150\" height=\"150\" title=\"\" srcset=\"https:\/\/jinzho.com\/wp-content\/uploads\/2025\/05\/5-17-300x300.png 300w, https:\/\/jinzho.com\/wp-content\/uploads\/2025\/05\/5-17-150x150.png 150w, https:\/\/jinzho.com\/wp-content\/uploads\/2025\/05\/5-17-100x100.png 100w, https:\/\/jinzho.com\/wp-content\/uploads\/2025\/05\/5-17.png 600w\" sizes=\"(max-width: 150px) 100vw, 150px\" \/><\/td>\n<td width=\"423\">Nombre de LED : 224<br \/>\nDimensions du culot : 742*308*60mm<br \/>\nDimensions du panneau photovolta\u00efque : 606*235mm<br \/>\nPanneaux solaires : 6V\/18W<br \/>\nBatteries : 15000 mAh<\/td>\n<\/tr>\n<\/tbody>\n<\/table>","protected":false},"excerpt":{"rendered":"<p>Le lampadaire solaire LED de 30W \u00e0 200W est un dispositif d'\u00e9clairage intelligent de petite et moyenne puissance con\u00e7u pour les voies de quartiers r\u00e9sidentiels, les zones d'habitation, les sentiers de parcs et les chemins de campus. Il int\u00e8gre un syst\u00e8me d'ajustement de puissance \u00e0 plusieurs vitesses et un syst\u00e8me adaptatif \u00e0 d\u00e9tection de lumi\u00e8re, prend en charge un gradation dynamique de 30W \u00e0 200W, s'adapte aux besoins d'\u00e9clairage \u00e9conome en \u00e9nergie pour des routes de 10 \u00e0 30 m\u00e8tres, et allie haute rentabilit\u00e9 et caract\u00e9ristiques de fonctionnement stable par tous les temps.<\/p>\n<p>Quantit\u00e9 minimum de commande : 500<br \/>\nD\u00e9lai de livraison : 15-25 jours<br \/>\nEmplacement de l'usine : Zhongshan, Guangdong, Chine<\/p>","protected":false},"featured_media":4490,"comment_status":"closed","ping_status":"closed","template":"","meta":[],"product_brand":[],"product_cat":[2763],"product_tag":[177,178,191,192,199],"class_list":{"0":"post-1075","1":"product","2":"type-product","3":"status-publish","4":"has-post-thumbnail","6":"product_cat-solar-lamp","7":"product_tag-150w-solar-led-lights","8":"product_tag-200w-solar-led-lights","9":"product_tag-street-solar-led-lights","10":"product_tag-solar-led-street-light","11":"product_tag-30w-solar-led-lights","13":"first","14":"instock","15":"shipping-taxable","16":"product-type-simple"},"_links":{"self":[{"href":"https:\/\/jinzho.com\/fr\/wp-json\/wp\/v2\/product\/1075","targetHints":{"allow":["GET"]}}],"collection":[{"href":"https:\/\/jinzho.com\/fr\/wp-json\/wp\/v2\/product"}],"about":[{"href":"https:\/\/jinzho.com\/fr\/wp-json\/wp\/v2\/types\/product"}],"replies":[{"embeddable":true,"href":"https:\/\/jinzho.com\/fr\/wp-json\/wp\/v2\/comments?post=1075"}],"wp:featuredmedia":[{"embeddable":true,"href":"https:\/\/jinzho.com\/fr\/wp-json\/wp\/v2\/media\/4490"}],"wp:attachment":[{"href":"https:\/\/jinzho.com\/fr\/wp-json\/wp\/v2\/media?parent=1075"}],"wp:term":[{"taxonomy":"product_brand","embeddable":true,"href":"https:\/\/jinzho.com\/fr\/wp-json\/wp\/v2\/product_brand?post=1075"},{"taxonomy":"product_cat","embeddable":true,"href":"https:\/\/jinzho.com\/fr\/wp-json\/wp\/v2\/product_cat?post=1075"},{"taxonomy":"product_tag","embeddable":true,"href":"https:\/\/jinzho.com\/fr\/wp-json\/wp\/v2\/product_tag?post=1075"}],"curies":[{"name":"wp","href":"https:\/\/api.w.org\/{rel}","templated":true}]}}