{"id":1072,"date":"2025-05-12T03:35:58","date_gmt":"2025-05-12T03:35:58","guid":{"rendered":"https:\/\/jinzho.com\/?post_type=product&#038;p=1072"},"modified":"2025-06-17T07:38:46","modified_gmt":"2025-06-17T07:38:46","slug":"newly-designed-300w-400w-integrated-solar-street-light","status":"publish","type":"product","link":"https:\/\/jinzho.com\/fr\/product\/newly-designed-300w-400w-integrated-solar-street-light\/","title":{"rendered":"Lampadaire solaire int\u00e9gr\u00e9 300W\/400W nouvellement con\u00e7u"},"content":{"rendered":"<h3>Avantages du produit :<\/h3>\n<p>Il poss\u00e8de une meilleure fonction de dissipation thermique, ce qui conf\u00e8re au luminaire une dur\u00e9e de vie plus longue ; la conception en profil\u00e9 aluminium de 1,2 mm d'\u00e9paisseur offre au lampadaire solaire une haute r\u00e9sistance et une excellente r\u00e9sistance \u00e0 la corrosion ; la surface du corps de la lampe est recouverte d'une couche de verre tremp\u00e9 d'une \u00e9paisseur de 4,0 mm et d'une haute transmittance lumineuse.<br \/>\nCette nouvelle structure de luminaire solaire int\u00e9gr\u00e9 est simple, compacte et rationnelle ; aucun c\u00e2ble d'alimentation externe n'est requis, il est facile \u00e0 utiliser et \u00e0 installer, et son apparence est esth\u00e9tique ; comme les LED sont plac\u00e9es dans le support inf\u00e9rieur, l'ensemble du corps de la lampe \u00e9met de la lumi\u00e8re une fois allum\u00e9, offrant un meilleur effet lumineux ; tous les composants \u00e9lectriques sont int\u00e9gr\u00e9s, ce qui le rend tr\u00e8s pratique.<\/p>\n<p>&nbsp;<\/p>\n<h3>Param\u00e8tres du produit :<\/h3>\n<table style=\"border-collapse: collapse; width: 1082px; height: 966px;\" border=\"0\" width=\"1286\" cellspacing=\"0\" cellpadding=\"0\">\n<tbody>\n<tr style=\"height: 35.00pt;\">\n<td class=\"et2\" style=\"height: 35.00pt; width: 67.20pt;\" width=\"112\" height=\"58\">Style<\/td>\n<td class=\"et2\" style=\"width: 163.20pt;\" width=\"272\">Image<\/td>\n<td class=\"et3\" style=\"width: 541.20pt;\" width=\"902\">Param\u00e8tres<\/td>\n<\/tr>\n<tr style=\"height: 343.20pt;\">\n<td class=\"et4\" style=\"height: 343.20pt;\" height=\"572\">DC-300W<\/td>\n<td class=\"et5\"><img decoding=\"async\" class=\"alignnone wp-image-4475\" src=\"http:\/\/jinzho.com\/wp-content\/uploads\/2025\/05\/\u56fe\u724712-6-174x300.png\" alt=\"\" width=\"114\" height=\"197\" title=\"\" srcset=\"https:\/\/jinzho.com\/wp-content\/uploads\/2025\/05\/\u56fe\u724712-6-174x300.png 174w, https:\/\/jinzho.com\/wp-content\/uploads\/2025\/05\/\u56fe\u724712-6.png 357w\" sizes=\"(max-width: 114px) 100vw, 114px\" \/><\/p>\n<p><img decoding=\"async\" class=\"alignnone wp-image-4478\" src=\"http:\/\/jinzho.com\/wp-content\/uploads\/2025\/05\/1-63-300x300.png\" alt=\"\" width=\"148\" height=\"148\" title=\"\" srcset=\"https:\/\/jinzho.com\/wp-content\/uploads\/2025\/05\/1-63-300x300.png 300w, https:\/\/jinzho.com\/wp-content\/uploads\/2025\/05\/1-63-150x150.png 150w, https:\/\/jinzho.com\/wp-content\/uploads\/2025\/05\/1-63-100x100.png 100w, https:\/\/jinzho.com\/wp-content\/uploads\/2025\/05\/1-63.png 600w\" sizes=\"(max-width: 148px) 100vw, 148px\" \/><\/td>\n<td class=\"et6\" style=\"width: 541.20pt;\" width=\"902\"><strong>Mode de contr\u00f4le :<\/strong> Contr\u00f4le par lumi\u00e8re + version temporis\u00e9e par t\u00e9l\u00e9commande + d\u00e9tection radar + changement de couleur RVB<br \/>\nPuissance : 300W<br \/>\n<strong>Dimensions du panneau photovolta\u00efque :<\/strong> 260 * 580 * 30MM<br \/>\n<strong>Panneau photovolta\u00efque :<\/strong> Silicium monocristallin (5V\/28W)<br \/>\n<strong>Batterie :<\/strong> Lithium fer phosphate 3,2V\/25000mAh<br \/>\n<strong>Mod\u00e8le de LED :<\/strong> 5054\/159 pi\u00e8ces 1\/240LM temp\u00e9rature de couleur 6500-7500 blanc<br \/>\n<strong>Puces de la lampe :<\/strong> 5054\/4 puces + lentille optique pour distribution lumineuse secondaire + \u00e9clairage grand angle sur trois c\u00f4t\u00e9s<br \/>\n<strong>Mat\u00e9riau :<\/strong> Nouveau mat\u00e9riau technique ABS moul\u00e9 d'une seule pi\u00e8ce<br \/>\n<strong>Indice de protection (IP) :<\/strong> IP65<br \/>\n<strong>M\u00e9thode de charge :<\/strong> Charge solaire 4-6H<br \/>\n<strong>Dur\u00e9e d'\u00e9clairage :<\/strong> \u00c9clairage durable 12+ heures<br \/>\n<strong>Zone d'\u00e9clairage :<\/strong> \u00c9clairage grand angle de 400 m\u00e8tres carr\u00e9s<br \/>\n<strong>Indication de charge :<\/strong> Clignotement du t\u00e9moin lumineux<br \/>\n<strong>Dimensions du corps de la lampe :<\/strong> 675 * 325 * 95MM<br \/>\n<strong>Sp\u00e9cifications d'emballage :<\/strong> 5 ensembles<br \/>\n<strong>Fonctions auxiliaires :<\/strong> La puce int\u00e8gre une gestion int\u00e9gr\u00e9e de charge\/d\u00e9charge et inclut une d\u00e9tection pour les jours de pluie et nuageux<\/td>\n<\/tr>\n<tr style=\"height: 343.20pt;\">\n<td class=\"et4\" style=\"height: 343.20pt;\" height=\"572\">DC-400W<\/td>\n<td class=\"et5\"><img decoding=\"async\" class=\"alignnone wp-image-4476\" src=\"http:\/\/jinzho.com\/wp-content\/uploads\/2025\/05\/\u56fe\u72471-10-195x300.png\" alt=\"\" width=\"125\" height=\"192\" title=\"\" srcset=\"https:\/\/jinzho.com\/wp-content\/uploads\/2025\/05\/\u56fe\u72471-10-195x300.png 195w, https:\/\/jinzho.com\/wp-content\/uploads\/2025\/05\/\u56fe\u72471-10.png 362w\" sizes=\"(max-width: 125px) 100vw, 125px\" \/><\/p>\n<p><img loading=\"lazy\" decoding=\"async\" class=\"alignnone wp-image-4479\" src=\"http:\/\/jinzho.com\/wp-content\/uploads\/2025\/05\/3-37-300x300.png\" alt=\"\" width=\"148\" height=\"148\" title=\"\" srcset=\"https:\/\/jinzho.com\/wp-content\/uploads\/2025\/05\/3-37-300x300.png 300w, https:\/\/jinzho.com\/wp-content\/uploads\/2025\/05\/3-37-150x150.png 150w, https:\/\/jinzho.com\/wp-content\/uploads\/2025\/05\/3-37-100x100.png 100w, https:\/\/jinzho.com\/wp-content\/uploads\/2025\/05\/3-37.png 600w\" sizes=\"(max-width: 148px) 100vw, 148px\" \/><\/td>\n<td class=\"et6\" style=\"width: 541.20pt;\" width=\"902\"><strong>Mode de contr\u00f4le :<\/strong> Contr\u00f4le par lumi\u00e8re + version temporis\u00e9e par t\u00e9l\u00e9commande + d\u00e9tection radar + changement de couleur RVB<br \/>\n<strong>Puissance :<\/strong> 400W<br \/>\n<strong>Dimensions du panneau photovolta\u00efque :<\/strong> 260 * 680 * 30MM<br \/>\n<strong>Panneau photovolta\u00efque :<\/strong> Silicium monocristallin (5V\/33W)<br \/>\n<strong>Batterie :<\/strong> Lithium fer phosphate 3,2V\/30000mAh<br \/>\n<strong>Mod\u00e8le de LED :<\/strong> 5054\/212 pi\u00e8ces, 1\/240LM temp\u00e9rature de couleur 6500-7500, blanc positif<br \/>\n<strong>Puces de la lampe :<\/strong> 5054\/4 puces + lentille optique pour distribution lumineuse secondaire + \u00e9clairage grand angle sur trois c\u00f4t\u00e9s<br \/>\n<strong>Mat\u00e9riau :<\/strong> Nouveau mat\u00e9riau technique ABS moul\u00e9 d'une seule pi\u00e8ce<br \/>\n<strong>Indice de protection (IP) :<\/strong> IP65<br \/>\n<strong>M\u00e9thode de charge :<\/strong> Charge solaire 4-6H<br \/>\n<strong>Dur\u00e9e d'\u00e9clairage :<\/strong> \u00c9clairage durable 12+ heures<br \/>\n<strong>Zone d'\u00e9clairage :<\/strong> \u00c9clairage grand angle de 400 m\u00e8tres carr\u00e9s<br \/>\n<strong>Indication de charge :<\/strong> Clignotement du t\u00e9moin lumineux<br \/>\n<strong>Dimensions du corps de la lampe :<\/strong> 775 * 325 * 95MM<br \/>\n<strong>Sp\u00e9cifications d'emballage :<\/strong> 5 ensembles<br \/>\n<strong>Fonctions auxiliaires :<\/strong> La puce int\u00e8gre une gestion int\u00e9gr\u00e9e de charge\/d\u00e9charge et inclut une d\u00e9tection pour les jours de pluie et nuageux<\/td>\n<\/tr>\n<\/tbody>\n<\/table>","protected":false},"excerpt":{"rendered":"<p>Nouveau design de lampadaire solaire int\u00e9gr\u00e9 300W\/400W, indice d'\u00e9tanch\u00e9it\u00e9 IP65, adapt\u00e9 aux grands projets ext\u00e9rieurs. Ce lampadaire solaire int\u00e9gr\u00e9 poss\u00e8de deux fonctions : d\u00e9tection de luminosit\u00e9 et t\u00e9l\u00e9commande. Le lampadaire peut \u00eatre command\u00e9 \u00e0 distance via la t\u00e9l\u00e9commande, et la fonction de d\u00e9tection de luminosit\u00e9 permet d'identifier automatiquement le jour et la nuit, et de r\u00e9aliser l'ouverture et la fermeture automatiques.<\/p>\n<p>Quantit\u00e9 minimum de commande : 500<br \/>\nD\u00e9lai de livraison : 15-25 jours<br \/>\nEmplacement de l'usine : Zhongshan, Guangdong, Chine<\/p>","protected":false},"featured_media":2180,"comment_status":"closed","ping_status":"closed","template":"","meta":[],"product_brand":[],"product_cat":[2763],"product_tag":[181,182,191,192],"class_list":{"0":"post-1072","1":"product","2":"type-product","3":"status-publish","4":"has-post-thumbnail","6":"product_cat-solar-lamp","7":"product_tag-led-solar-street-light","8":"product_tag-led-light-strips-solar","9":"product_tag-street-solar-led-lights","10":"product_tag-solar-led-street-light","12":"first","13":"instock","14":"shipping-taxable","15":"product-type-simple"},"_links":{"self":[{"href":"https:\/\/jinzho.com\/fr\/wp-json\/wp\/v2\/product\/1072","targetHints":{"allow":["GET"]}}],"collection":[{"href":"https:\/\/jinzho.com\/fr\/wp-json\/wp\/v2\/product"}],"about":[{"href":"https:\/\/jinzho.com\/fr\/wp-json\/wp\/v2\/types\/product"}],"replies":[{"embeddable":true,"href":"https:\/\/jinzho.com\/fr\/wp-json\/wp\/v2\/comments?post=1072"}],"wp:featuredmedia":[{"embeddable":true,"href":"https:\/\/jinzho.com\/fr\/wp-json\/wp\/v2\/media\/2180"}],"wp:attachment":[{"href":"https:\/\/jinzho.com\/fr\/wp-json\/wp\/v2\/media?parent=1072"}],"wp:term":[{"taxonomy":"product_brand","embeddable":true,"href":"https:\/\/jinzho.com\/fr\/wp-json\/wp\/v2\/product_brand?post=1072"},{"taxonomy":"product_cat","embeddable":true,"href":"https:\/\/jinzho.com\/fr\/wp-json\/wp\/v2\/product_cat?post=1072"},{"taxonomy":"product_tag","embeddable":true,"href":"https:\/\/jinzho.com\/fr\/wp-json\/wp\/v2\/product_tag?post=1072"}],"curies":[{"name":"wp","href":"https:\/\/api.w.org\/{rel}","templated":true}]}}