{"id":1071,"date":"2025-05-12T03:35:58","date_gmt":"2025-05-12T03:35:58","guid":{"rendered":"https:\/\/jinzho.com\/?post_type=product&#038;p=1071"},"modified":"2025-06-17T06:51:50","modified_gmt":"2025-06-17T06:51:50","slug":"nouveau-lampadaire-solaire-integre-exterieur","status":"publish","type":"product","link":"https:\/\/jinzho.com\/fr\/product\/new-outdoor-solar-integrated-street-light\/","title":{"rendered":"Nouveau lampadaire solaire ext\u00e9rieur int\u00e9gr\u00e9"},"content":{"rendered":"<h3>Avantages du produit :<\/h3>\n<p><strong>\u2460 \u00c9tanch\u00e9it\u00e9 IP66 :<\/strong> conception \u00e9tanche, \u00e9clairage garanti m\u00eame sous de fortes pluies.<\/p>\n<p><strong>\u2461 Fonction de d\u00e9tection de pr\u00e9sence :<\/strong> \u00e9clairage att\u00e9nu\u00e9 en l'absence de mouvement, pleine puissance \u00e0 l'approche d'une personne.<\/p>\n<p><strong>\u2462 Contr\u00f4le enti\u00e8rement automatique par puce :<\/strong> allumage automatique \u00e0 la tomb\u00e9e de la nuit, extinction automatique \u00e0 la lev\u00e9e du jour.<\/p>\n<p><strong>\u2463 Dur\u00e9e de vie sup\u00e9rieure \u00e0 5 ans :<\/strong> nouvelles batteries, dot\u00e9es d'une carte de protection constante, prot\u00e9geant plus efficacement la batterie pour une dur\u00e9e de vie utile de plus de 5 ans.<\/p>\n<p>&nbsp;<\/p>\n<h3>D\u00e9tails du produit :<\/h3>\n<p><strong>Puce LED 5054 :<\/strong><br \/>\nLa pastille LED est certifi\u00e9e LM80, et le miroir utilise une lentille optique de focalisation. La source lumineuse couvre une grande surface, offre un excellent rendu des couleurs et une transmission lumineuse uniforme.<\/p>\n<p><strong>Coque moul\u00e9e d'un seul bloc :<\/strong><br \/>\nDissipation thermique rapide, moulage monobloc r\u00e9sistant aux hautes temp\u00e9ratures, \u00e0 la corrosion et aux chocs.<\/p>\n<p><strong>Panneau solaire monocristallin :<\/strong><br \/>\nLes panneaux solaires monocristallins de haute qualit\u00e9 pr\u00e9sentent un rendement de conversion \u00e9lev\u00e9, une charge plus rapide et une dur\u00e9e de vie prolong\u00e9e.<\/p>\n<p><strong>Batterie lithium fer phosphate :<\/strong><br \/>\nUtilisation de batteries lithium fer phosphate de grande capacit\u00e9, couramment employ\u00e9es dans les batteries de traction automobile, pour une autonomie longue et durable.<\/p>\n<p><img decoding=\"async\" class=\"alignnone wp-image-4466\" src=\"http:\/\/jinzho.com\/wp-content\/uploads\/2025\/05\/3-196-300x280.jpg\" alt=\"\" width=\"200\" height=\"187\" title=\"\" srcset=\"https:\/\/jinzho.com\/wp-content\/uploads\/2025\/05\/3-196-300x280.jpg 300w, https:\/\/jinzho.com\/wp-content\/uploads\/2025\/05\/3-196.jpg 366w\" sizes=\"(max-width: 200px) 100vw, 200px\" \/>\u00a0 \u00a0 \u00a0 <img decoding=\"async\" class=\"alignnone wp-image-4467\" src=\"http:\/\/jinzho.com\/wp-content\/uploads\/2025\/05\/4-190-300x298.jpg\" alt=\"\" width=\"186\" height=\"185\" title=\"\" srcset=\"https:\/\/jinzho.com\/wp-content\/uploads\/2025\/05\/4-190-300x300.jpg 300w, https:\/\/jinzho.com\/wp-content\/uploads\/2025\/05\/4-190-150x150.jpg 150w, https:\/\/jinzho.com\/wp-content\/uploads\/2025\/05\/4-190-100x100.jpg 100w, https:\/\/jinzho.com\/wp-content\/uploads\/2025\/05\/4-190.jpg 309w\" sizes=\"(max-width: 186px) 100vw, 186px\" \/>\u00a0 \u00a0 \u00a0 <img decoding=\"async\" class=\"alignnone wp-image-4468\" src=\"http:\/\/jinzho.com\/wp-content\/uploads\/2025\/05\/5-44-300x236.jpg\" alt=\"\" width=\"234\" height=\"184\" title=\"\" srcset=\"https:\/\/jinzho.com\/wp-content\/uploads\/2025\/05\/5-44-300x236.jpg 300w, https:\/\/jinzho.com\/wp-content\/uploads\/2025\/05\/5-44.jpg 346w\" sizes=\"(max-width: 234px) 100vw, 234px\" \/>\u00a0 \u00a0 \u00a0\u00a0 <img loading=\"lazy\" decoding=\"async\" class=\"alignnone wp-image-4469\" src=\"http:\/\/jinzho.com\/wp-content\/uploads\/2025\/05\/6-5-300x239.jpg\" alt=\"\" width=\"229\" height=\"182\" title=\"\" srcset=\"https:\/\/jinzho.com\/wp-content\/uploads\/2025\/05\/6-5-300x239.jpg 300w, https:\/\/jinzho.com\/wp-content\/uploads\/2025\/05\/6-5.jpg 346w\" sizes=\"(max-width: 229px) 100vw, 229px\" \/><\/p>\n<p>&nbsp;<\/p>\n<h3>Param\u00e8tres du produit :<\/h3>\n<table width=\"1204\">\n<tbody>\n<tr>\n<td style=\"text-align: center;\" width=\"112\">Style<\/td>\n<td style=\"text-align: center;\" width=\"255\">Image<\/td>\n<td style=\"text-align: center;\" width=\"515\">Param\u00e8tres<\/td>\n<td style=\"text-align: center;\" width=\"322\">Emballage de la bo\u00eete de couleur (mm)<\/td>\n<\/tr>\n<tr>\n<td width=\"112\">100w<\/td>\n<td><img loading=\"lazy\" decoding=\"async\" class=\"alignnone size-full wp-image-4473\" src=\"http:\/\/jinzho.com\/wp-content\/uploads\/2025\/05\/\u56fe\u72471-9.png\" alt=\"\" width=\"191\" height=\"196\" title=\"\"><\/td>\n<td width=\"515\"><strong>Mode de contr\u00f4le :<\/strong> Version t\u00e9l\u00e9commande avec d\u00e9tection de lumi\u00e8re + minuterie + d\u00e9tection de pr\u00e9sence<br \/>\n<strong>Dimensions du panneau solaire :<\/strong> 187-302MM<br \/>\n<strong>Panneau solaire :<\/strong> monocristallin (6V\/7W)<br \/>\n<strong>Batterie :<\/strong> 3,2V\/5000mAH<br \/>\n<strong>Pastilles LED CMS :<\/strong> 5054 haute luminosit\u00e9 72 pastilles 4 puces<br \/>\n<strong>Mat\u00e9riau :<\/strong> Moulage par injection ABS<br \/>\n<strong>Dur\u00e9e d'\u00e9clairage :<\/strong> 12 heures d'illumination+<br \/>\n<strong>Surface \u00e9clair\u00e9e : <\/strong>200 m\u00e8tres carr\u00e9s<br \/>\n<strong>Dimensions du corps de la lampe :<\/strong> 412 * 195 * 54MM<\/td>\n<td width=\"322\">Dimensions du carton ext\u00e9rieur : 43 * 32,5 * 41,5CM<br \/>\n(10PCS)<\/td>\n<\/tr>\n<tr>\n<td width=\"112\">200 W<\/td>\n<td><img loading=\"lazy\" decoding=\"async\" class=\"alignnone size-full wp-image-4470\" src=\"http:\/\/jinzho.com\/wp-content\/uploads\/2025\/05\/\u56fe\u724711-5.png\" alt=\"\" width=\"186\" height=\"192\" title=\"\"><\/td>\n<td width=\"515\"><strong>Mode de contr\u00f4le :<\/strong> Version t\u00e9l\u00e9commande avec d\u00e9tection de lumi\u00e8re + minuterie + d\u00e9tection de pr\u00e9sence<br \/>\n<strong>Dimensions du panneau solaire :<\/strong> 201-390MM<br \/>\n<strong>Panneau solaire :<\/strong> monocristallin (6V\/10W)<br \/>\n<strong>Batterie :<\/strong> 3,2V\/10000mAH<br \/>\n<strong>Pastilles LED CMS :<\/strong> 5054 haute luminosit\u00e9 120 pastilles 4 puces<br \/>\n<strong>Mat\u00e9riau :<\/strong> Moulage par injection ABS<br \/>\n<strong>Dur\u00e9e d'\u00e9clairage :<\/strong> 12 heures d'illumination+<br \/>\n<strong>Surface \u00e9clair\u00e9e :<\/strong> 300 m\u00e8tres carr\u00e9s<br \/>\n<strong>Dimensions du corps de la lampe :<\/strong> 502 * 210 * 58MM<\/td>\n<td width=\"322\">Dimensions du carton ext\u00e9rieur : 52 * 32,5 * 44,5CM<br \/>\n(10PCS)<\/td>\n<\/tr>\n<tr>\n<td width=\"112\">300w<\/td>\n<td><img loading=\"lazy\" decoding=\"async\" class=\"alignnone size-full wp-image-4471\" src=\"http:\/\/jinzho.com\/wp-content\/uploads\/2025\/05\/\u56fe\u724712-5.png\" alt=\"\" width=\"192\" height=\"198\" title=\"\"><\/td>\n<td width=\"515\"><strong>Mode de contr\u00f4le :<\/strong> Version t\u00e9l\u00e9commande avec d\u00e9tection de lumi\u00e8re + minuterie + d\u00e9tection de pr\u00e9sence<br \/>\n<strong>Dimensions du panneau solaire :<\/strong> 219,5 * 490MM<br \/>\n<strong>Panneau solaire :<\/strong> monocristallin (6V\/18W)<br \/>\n<strong>Batterie :<\/strong> 3,2V\/15000mAh<br \/>\n<strong>Pastilles LED CMS :<\/strong> 5054 haute luminosit\u00e9 144 pastilles 4 puces<br \/>\n<strong>Mat\u00e9riau :<\/strong> Moulage par injection ABS<br \/>\n<strong>Dur\u00e9e d'\u00e9clairage :<\/strong> 12 heures d'illumination+<br \/>\n<strong>Surface \u00e9clair\u00e9e :<\/strong> 400 m\u00e8tres carr\u00e9s<br \/>\n<strong>Dimensions du corps de la lampe :<\/strong> 600 * 220 * 58MM<\/td>\n<td width=\"322\">Dimensions du carton ext\u00e9rieur : 62,5 * 35 * 25,5CM<br \/>\n(5PCS)<\/td>\n<\/tr>\n<tr>\n<td width=\"112\">400 W<\/td>\n<td><img loading=\"lazy\" decoding=\"async\" class=\"alignnone size-full wp-image-4472\" src=\"http:\/\/jinzho.com\/wp-content\/uploads\/2025\/05\/\u56fe\u724713-5.png\" alt=\"\" width=\"194\" height=\"199\" title=\"\"><\/td>\n<td width=\"515\"><strong>Mode de contr\u00f4le :<\/strong> Version t\u00e9l\u00e9commande avec d\u00e9tection de lumi\u00e8re + minuterie + d\u00e9tection de pr\u00e9sence<br \/>\n<strong>Dimensions du panneau solaire :<\/strong> 348-579MM<br \/>\n<strong>Panneau solaire :<\/strong> monocristallin (6V\/30W)<br \/>\n<strong>Batterie :<\/strong> 3,2V\/25000mAh<br \/>\n<strong>Pastilles LED CMS :<\/strong> 5054 haute luminosit\u00e9 216 pastilles 4 puces<br \/>\n<strong>Mat\u00e9riau :<\/strong> Moulage par injection ABS<br \/>\n<strong>Dur\u00e9e d'\u00e9clairage :<\/strong> 12 heures d'illumination+<br \/>\n<strong>Surface \u00e9clair\u00e9e :<\/strong> 600 m\u00e8tres carr\u00e9s<br \/>\n<strong>Dimensions du corps de la lampe :<\/strong> 700 * 355 * 64MM<\/td>\n<td width=\"322\">Dimensions du carton ext\u00e9rieur : 62,5 * 35 * 25,5CM<br \/>\n(5PCS)<\/td>\n<\/tr>\n<\/tbody>\n<\/table>","protected":false},"excerpt":{"rendered":"<p>Le nouveau lampadaire LED solaire int\u00e9gr\u00e9 de 100W \u00e0 500W est un dispositif d'\u00e9clairage intelligent de moyenne \u00e0 haute puissance con\u00e7u pour les routes urbaines, les rues de quartier et les sc\u00e8nes de parc. Il int\u00e8gre des panneaux solaires monocristallins \u00e0 haut rendement, des batteries lithium fer phosphate int\u00e9gr\u00e9es et des syst\u00e8mes adaptatifs \u00e0 d\u00e9tection de lumi\u00e8re pour r\u00e9pondre aux besoins d'\u00e9clairage de routes de 30 \u00e0 80 m\u00e8tres. \u00c9quip\u00e9 d'une source LED \u00e0 haut rendu de couleur de 12000LM-18000LM (IRC \u2265 80) et d'une lentille de distribution lumineuse grand angle pour assurer une couverture uniforme \u00e0 120\u00b0.<\/p>\n<p>Quantit\u00e9 minimum de commande : 500<br \/>\nD\u00e9lai de livraison : 15-25 jours<br \/>\nEmplacement de l'usine : Zhongshan, Guangdong, Chine<\/p>","protected":false},"featured_media":4463,"comment_status":"closed","ping_status":"closed","template":"","meta":[],"product_brand":[],"product_cat":[2763],"product_tag":[169,176,182,191,192],"class_list":{"0":"post-1071","1":"product","2":"type-product","3":"status-publish","4":"has-post-thumbnail","6":"product_cat-solar-lamp","7":"product_tag-led-solar-powered-lighting","8":"product_tag-100w-solar-led-lights","9":"product_tag-led-light-strips-solar","10":"product_tag-street-solar-led-lights","11":"product_tag-solar-led-street-light","13":"first","14":"instock","15":"shipping-taxable","16":"product-type-simple"},"_links":{"self":[{"href":"https:\/\/jinzho.com\/fr\/wp-json\/wp\/v2\/product\/1071","targetHints":{"allow":["GET"]}}],"collection":[{"href":"https:\/\/jinzho.com\/fr\/wp-json\/wp\/v2\/product"}],"about":[{"href":"https:\/\/jinzho.com\/fr\/wp-json\/wp\/v2\/types\/product"}],"replies":[{"embeddable":true,"href":"https:\/\/jinzho.com\/fr\/wp-json\/wp\/v2\/comments?post=1071"}],"wp:featuredmedia":[{"embeddable":true,"href":"https:\/\/jinzho.com\/fr\/wp-json\/wp\/v2\/media\/4463"}],"wp:attachment":[{"href":"https:\/\/jinzho.com\/fr\/wp-json\/wp\/v2\/media?parent=1071"}],"wp:term":[{"taxonomy":"product_brand","embeddable":true,"href":"https:\/\/jinzho.com\/fr\/wp-json\/wp\/v2\/product_brand?post=1071"},{"taxonomy":"product_cat","embeddable":true,"href":"https:\/\/jinzho.com\/fr\/wp-json\/wp\/v2\/product_cat?post=1071"},{"taxonomy":"product_tag","embeddable":true,"href":"https:\/\/jinzho.com\/fr\/wp-json\/wp\/v2\/product_tag?post=1071"}],"curies":[{"name":"wp","href":"https:\/\/api.w.org\/{rel}","templated":true}]}}