{"id":1070,"date":"2025-05-12T03:35:58","date_gmt":"2025-05-12T03:35:58","guid":{"rendered":"https:\/\/jinzho.com\/?post_type=product&#038;p=1070"},"modified":"2025-06-17T03:46:09","modified_gmt":"2025-06-17T03:46:09","slug":"500w-1000w-solar-led-garden-lights","status":"publish","type":"product","link":"https:\/\/jinzho.com\/fr\/product\/500w-1000w-solar-led-garden-lights\/","title":{"rendered":"Luminaires solaires LED pour jardin 500W 1000W"},"content":{"rendered":"<p>Cette lampe s'allume automatiquement au cr\u00e9puscule et la luminosit\u00e9 est r\u00e9duite \u00e0 50% jusqu'au matin. Si le capteur int\u00e9gr\u00e9 d\u00e9tecte une personne dans un rayon de 4 \u00e0 5 m\u00e8tres, il allume la lampe \u00e0 pleine luminosit\u00e9 (100%) pendant 30 secondes jusqu'\u00e0 ce qu'aucun mouvement ne soit d\u00e9tect\u00e9.<\/p>\n<p>Param\u00e8tres du produit :<\/p>\n<table width=\"1398\">\n<tbody>\n<tr>\n<td width=\"138\">Style<\/td>\n<td width=\"269\">Image<\/td>\n<td width=\"346\">Param\u00e8tres<\/td>\n<td width=\"134\">Poids<\/td>\n<td width=\"511\">Emballage de la bo\u00eete de couleur (mm)<\/td>\n<\/tr>\n<tr>\n<td width=\"138\">100 W<\/td>\n<td><img decoding=\"async\" class=\"alignnone  wp-image-4459\" src=\"http:\/\/jinzho.com\/wp-content\/uploads\/2025\/05\/3-36-300x300.png\" alt=\"\" width=\"190\" height=\"190\" title=\"\" srcset=\"https:\/\/jinzho.com\/wp-content\/uploads\/2025\/05\/3-36-300x300.png 300w, https:\/\/jinzho.com\/wp-content\/uploads\/2025\/05\/3-36-150x150.png 150w, https:\/\/jinzho.com\/wp-content\/uploads\/2025\/05\/3-36-100x100.png 100w, https:\/\/jinzho.com\/wp-content\/uploads\/2025\/05\/3-36.png 600w\" sizes=\"(max-width: 190px) 100vw, 190px\" \/><\/td>\n<td width=\"346\">Dimensions du culot : 262*165*50mm<\/p>\n<p>Taille du panneau photovolta\u00efque : 211*300 mm<\/p>\n<p>Panneaux solaires : 6V\/8W<\/p>\n<p>Batteries : 10000 mAh<\/td>\n<td width=\"134\">1,42 kg<\/td>\n<td width=\"511\">Emballage individuel : 217*60*472 mm<br \/>\nEmballage carton ext\u00e9rieur : 455*320*485 mm (10 pi\u00e8ces\/bo\u00eete)<\/td>\n<\/tr>\n<tr>\n<td width=\"138\">120 W<\/td>\n<td><img decoding=\"async\" class=\"alignnone  wp-image-4456\" src=\"http:\/\/jinzho.com\/wp-content\/uploads\/2025\/05\/1-62-300x300.png\" alt=\"\" width=\"192\" height=\"192\" title=\"\" srcset=\"https:\/\/jinzho.com\/wp-content\/uploads\/2025\/05\/1-62-300x300.png 300w, https:\/\/jinzho.com\/wp-content\/uploads\/2025\/05\/1-62-150x150.png 150w, https:\/\/jinzho.com\/wp-content\/uploads\/2025\/05\/1-62-100x100.png 100w, https:\/\/jinzho.com\/wp-content\/uploads\/2025\/05\/1-62.png 600w\" sizes=\"(max-width: 192px) 100vw, 192px\" \/><\/td>\n<td width=\"346\">Taille du capot de lampe : 215*46*470 mm<\/p>\n<p>Taille du panneau photovolta\u00efque : 211*395 mm<\/p>\n<p>Panneaux solaires : 6V\/12W<\/p>\n<p>Batteries : 12\u00a0000 mAh<\/td>\n<td>2,2 kg<\/td>\n<td width=\"511\">Emballage individuel : 220*55*585 mm<br \/>\nEmballage carton ext\u00e9rieur : 595*295*235 mm (5 pi\u00e8ces\/bo\u00eete)<\/td>\n<\/tr>\n<tr>\n<td width=\"138\">150 W<\/td>\n<td><img decoding=\"async\" class=\"alignnone  wp-image-4458\" src=\"http:\/\/jinzho.com\/wp-content\/uploads\/2025\/05\/2-47-300x300.png\" alt=\"\" width=\"195\" height=\"195\" title=\"\" srcset=\"https:\/\/jinzho.com\/wp-content\/uploads\/2025\/05\/2-47-300x300.png 300w, https:\/\/jinzho.com\/wp-content\/uploads\/2025\/05\/2-47-150x150.png 150w, https:\/\/jinzho.com\/wp-content\/uploads\/2025\/05\/2-47-100x100.png 100w, https:\/\/jinzho.com\/wp-content\/uploads\/2025\/05\/2-47.png 600w\" sizes=\"(max-width: 195px) 100vw, 195px\" \/><\/td>\n<td width=\"346\">Taille du capot de lampe : 215*46*585 mm<\/p>\n<p>Taille du panneau photovolta\u00efque : 211*506 mm<\/p>\n<p>Panneaux solaires : 6V\/15W<\/p>\n<p>Batteries : 20000 mAh<\/td>\n<td>3,2 kg<\/td>\n<td width=\"511\">Emballage individuel : 285*55*715 mm<br \/>\nEmballage carton ext\u00e9rieur : 725*295*300 mm (5 pi\u00e8ces\/bo\u00eete)<\/td>\n<\/tr>\n<\/tbody>\n<\/table>","protected":false},"excerpt":{"rendered":"<p>La lampe solaire 100W\/120W\/150W convient \u00e0 l'\u00e9clairage cr\u00e9pusculaire et est \u00e9quip\u00e9e d'un d\u00e9tecteur de mouvement, ce qui en fait un choix id\u00e9al pour l'\u00e9clairage des rues, all\u00e9es, terrasses et jardins. Elle fournit un \u00e9clairage puissant et durable dans les espaces ext\u00e9rieurs sans n\u00e9cessiter de raccordement \u00e9lectrique. Elle est r\u00e9sistante aux intemp\u00e9ries et aux conditions ext\u00e9rieures (certification \u00e9tanche IP65), et peut atteindre une charge maximale apr\u00e8s 7 \u00e0 12 heures d'ensoleillement, assurant un \u00e9clairage 365 jours par an.<\/p>\n<p>Quantit\u00e9 minimum de commande : 500<br \/>\nD\u00e9lai de livraison : 15-25 jours<br \/>\nEmplacement de l'usine : Zhongshan, Guangdong, Chine<\/p>","protected":false},"featured_media":4455,"comment_status":"closed","ping_status":"closed","template":"","meta":[],"product_brand":[],"product_cat":[2763],"product_tag":[169,183,194,196,197],"class_list":{"0":"post-1070","1":"product","2":"type-product","3":"status-publish","4":"has-post-thumbnail","6":"product_cat-solar-lamp","7":"product_tag-led-solar-powered-lighting","8":"product_tag-outdoor-solar-flood-light-fixtures","9":"product_tag-solar-parking-lot-lights","10":"product_tag-500w-solar-led-lights","11":"product_tag-1000w-solar-led-lights","13":"first","14":"instock","15":"shipping-taxable","16":"product-type-simple"},"_links":{"self":[{"href":"https:\/\/jinzho.com\/fr\/wp-json\/wp\/v2\/product\/1070","targetHints":{"allow":["GET"]}}],"collection":[{"href":"https:\/\/jinzho.com\/fr\/wp-json\/wp\/v2\/product"}],"about":[{"href":"https:\/\/jinzho.com\/fr\/wp-json\/wp\/v2\/types\/product"}],"replies":[{"embeddable":true,"href":"https:\/\/jinzho.com\/fr\/wp-json\/wp\/v2\/comments?post=1070"}],"wp:featuredmedia":[{"embeddable":true,"href":"https:\/\/jinzho.com\/fr\/wp-json\/wp\/v2\/media\/4455"}],"wp:attachment":[{"href":"https:\/\/jinzho.com\/fr\/wp-json\/wp\/v2\/media?parent=1070"}],"wp:term":[{"taxonomy":"product_brand","embeddable":true,"href":"https:\/\/jinzho.com\/fr\/wp-json\/wp\/v2\/product_brand?post=1070"},{"taxonomy":"product_cat","embeddable":true,"href":"https:\/\/jinzho.com\/fr\/wp-json\/wp\/v2\/product_cat?post=1070"},{"taxonomy":"product_tag","embeddable":true,"href":"https:\/\/jinzho.com\/fr\/wp-json\/wp\/v2\/product_tag?post=1070"}],"curies":[{"name":"wp","href":"https:\/\/api.w.org\/{rel}","templated":true}]}}