{"id":1068,"date":"2025-05-12T03:35:58","date_gmt":"2025-05-12T03:35:58","guid":{"rendered":"https:\/\/jinzho.com\/?post_type=product&#038;p=1068"},"modified":"2025-06-17T02:35:40","modified_gmt":"2025-06-17T02:35:40","slug":"100w-200w-300w-new-solar-floodlight","status":"publish","type":"product","link":"https:\/\/jinzho.com\/fr\/product\/100w-200w-300w-new-solar-floodlight\/","title":{"rendered":"100W 200W 300W Nouveau projecteur solaire"},"content":{"rendered":"<h3>Caract\u00e9ristiques du produit<\/h3>\n<p><span style=\"color: #0000ff;\">\u2460<\/span> Perles LED \u00e0 lentille haute luminosit\u00e9 : Des perles LED \u00e0 lentille haute luminosit\u00e9 sont utilis\u00e9es pour un \u00e9clairage exceptionnel. Leur conception \u00e0 large angle de 240 degr\u00e9s permet une \u00e9mission lumineuse tridirectionnelle, assurant une couverture d'\u00e9clairage \u00e9tendue, am\u00e9liorant ainsi efficacement la visibilit\u00e9 et la s\u00e9curit\u00e9 de l'environnement.<\/p>\n<p><span style=\"color: #0000ff;\">\u2461<\/span> Contr\u00f4le d'\u00e9clairage intelligent : Le produit int\u00e8gre un syst\u00e8me de contr\u00f4le d'\u00e9clairage intelligent prenant en charge un fonctionnement sans fil sans intervention manuelle. Il dispose d'une fonction de commutation automatique jour\/nuit \u2013 charge et stockage d'\u00e9nergie automatiques le jour, allumage automatique la nuit, pour une utilisation sans souci et sans effort.<\/p>\n<p><span style=\"color: #0000ff;\">\u2462<\/span> Surveillance de la charge de la batterie : \u00c9quip\u00e9 d'une fonction pratique d'affichage de la charge de la batterie, permettant aux utilisateurs de conna\u00eetre en temps r\u00e9el la capacit\u00e9 restante, de planifier son utilisation \u00e0 l'avance et de garantir une alimentation suffisante lorsque l'\u00e9clairage est n\u00e9cessaire.<\/p>\n<p><span style=\"color: #0000ff;\">\u2463<\/span>\u00a0Corps en aluminium durable : Le corps de la lampe est fabriqu\u00e9 en aluminium moul\u00e9 sous pression robuste, offrant une excellente r\u00e9sistance \u00e0 la corrosion et une performance \u00e9tanche. La conception optimis\u00e9e de dissipation thermique permet d'\u00e9vacuer rapidement la chaleur de fonctionnement et de prolonger efficacement la dur\u00e9e de vie de la lampe.<\/p>\n<p>&nbsp;<\/p>\n<h3>Param\u00e8tres du produit<\/h3>\n<table style=\"border-collapse: collapse; width: 1033px; height: 1274px;\" border=\"0\" width=\"1232\" cellspacing=\"0\" cellpadding=\"0\">\n<tbody>\n<tr style=\"height: 35.00pt;\">\n<td class=\"et3\" style=\"height: 35pt; width: 91.8pt; text-align: center;\" width=\"153\" height=\"58\">Style<\/td>\n<td class=\"et4\" style=\"width: 475.2pt; text-align: center;\" width=\"792\">Param\u00e8tres<\/td>\n<td class=\"et5\" style=\"width: 172.2pt; text-align: center;\" width=\"287\">Emballage de la bo\u00eete de couleur (mm)<\/td>\n<\/tr>\n<tr style=\"height: 249.60pt;\">\n<td class=\"et6\" style=\"height: 249.6pt; width: 91.8pt; text-align: center;\" width=\"153\" height=\"416\">T-8-100w<\/td>\n<td class=\"et7\" style=\"width: 475.20pt;\" width=\"792\"><strong>Mode de contr\u00f4le :<\/strong> Contr\u00f4le lumineux + version \u00e0 minuterie t\u00e9l\u00e9command\u00e9e + affichage de la batterie<br \/>\nPuissance : 100W<br \/>\n<strong>Dimensions du panneau photovolta\u00efque :<\/strong> 350 * 350 * 17MM<br \/>\n<strong>Panneau photovolta\u00efque :<\/strong> Silicium polycristallin (5V\/18W)<br \/>\n<strong>Batterie :<\/strong> Lithium fer phosphate 15000mAh<br \/>\n<strong>Mod\u00e8le de LED :<\/strong> 5054 54 pi\u00e8ces, lumen unitaire 1\/230LM<br \/>\n<strong>Puces de la lampe :<\/strong> Puce quadruple 5054 + distribution par lentille optique + \u00e9clairage grand angle sur trois c\u00f4t\u00e9s<br \/>\n<strong>Mat\u00e9riau :<\/strong> Bo\u00eetier moul\u00e9 en aluminium int\u00e9gr\u00e9<br \/>\n<strong>Indice de protection (IP) :<\/strong> IP66<br \/>\n<strong>M\u00e9thode de charge :<\/strong> Charge solaire 4-6H<br \/>\n<strong>Dur\u00e9e d'\u00e9clairage :<\/strong> \u00c9clairage durable 20H+<br \/>\n<strong>Zone d'\u00e9clairage :<\/strong> \u00c9clairage large angle multidirectionnel sur 300 m\u00e8tres carr\u00e9s<br \/>\n<strong>Indication de charge :<\/strong> Clignotement du t\u00e9moin lumineux<br \/>\n<strong>Dimensions du corps de la lampe :<\/strong> 258 * 215 * 76MM<br \/>\n<strong>Fonctions auxiliaires :<\/strong> La puce int\u00e8gre une gestion int\u00e9gr\u00e9e de charge\/d\u00e9charge et inclut une d\u00e9tection pour les jours de pluie et nuageux<\/td>\n<td class=\"et8\" style=\"width: 172.20pt;\" width=\"287\">Sp\u00e9cifications d'emballage :<br \/>\n8 ensembles de 47 * 38 * 46,5CM<\/td>\n<\/tr>\n<tr style=\"height: 249.60pt;\">\n<td class=\"et6\" style=\"height: 249.6pt; width: 91.8pt; text-align: center;\" width=\"153\" height=\"416\">T-8-200w<\/td>\n<td class=\"et7\" style=\"width: 475.20pt;\" width=\"792\"><strong>Mode de contr\u00f4le :<\/strong> Contr\u00f4le lumineux + version \u00e0 minuterie t\u00e9l\u00e9command\u00e9e + affichage de la batterie<br \/>\n<strong>Puissance :<\/strong> 200 W<br \/>\n<strong>Dimensions du panneau photovolta\u00efque :<\/strong> 530 * 350 * 17MM<br \/>\n<strong>Panneau photovolta\u00efque :<\/strong> Silicium polycristallin (5V\/30W)<br \/>\n<strong>Batterie :<\/strong> Lithium fer phosphate 30000mAh<br \/>\n<strong>Mod\u00e8le de LED :<\/strong> 5054 84 pi\u00e8ces, lumen unitaire 1\/230LM<br \/>\n<strong>Puces de la lampe :<\/strong> Puce quadruple 5054 + distribution par lentille optique + \u00e9clairage grand angle sur trois c\u00f4t\u00e9s<br \/>\n<strong>Mat\u00e9riau :<\/strong> Bo\u00eetier moul\u00e9 en aluminium int\u00e9gr\u00e9<br \/>\n<strong>Indice de protection (IP) :<\/strong> IP66<br \/>\n<strong>M\u00e9thode de charge :<\/strong> Charge solaire 4-6H<br \/>\n<strong>Dur\u00e9e d'\u00e9clairage :<\/strong> \u00c9clairage durable 20H+<br \/>\n<strong>Zone d'\u00e9clairage :<\/strong> 600 m\u00e8tres carr\u00e9s d'\u00e9clairage grand angle multidirectionnel<br \/>\n<strong>Indication de charge :<\/strong> Clignotement du t\u00e9moin lumineux<br \/>\n<strong>Dimensions du corps de la lampe :<\/strong> 300 * 200 * 76MM<br \/>\n<strong>Fonctions auxiliaires :<\/strong> La puce int\u00e8gre une gestion int\u00e9gr\u00e9e de charge\/d\u00e9charge et inclut une d\u00e9tection pour les jours de pluie et nuageux<\/td>\n<td class=\"et8\" style=\"width: 172.20pt;\" width=\"287\">Sp\u00e9cifications d'emballage :<br \/>\n6 ensembles de 55 * 42 * 38CM<\/td>\n<\/tr>\n<tr style=\"height: 249.60pt;\">\n<td class=\"et6\" style=\"height: 249.6pt; width: 91.8pt; text-align: center;\" width=\"153\" height=\"416\">T-8-300w<\/td>\n<td class=\"et7\" style=\"width: 475.20pt;\" width=\"792\"><strong>Mode de contr\u00f4le :<\/strong> Contr\u00f4le lumineux + version \u00e0 minuterie t\u00e9l\u00e9command\u00e9e + affichage de la batterie<br \/>\n<strong>Puissance :<\/strong> 300 W<br \/>\n<strong>Dimensions du panneau photovolta\u00efque :<\/strong> 670 * 350 * 17MM<br \/>\n<strong>Panneau photovolta\u00efque :<\/strong> Silicium polycristallin (5V\/45W)<br \/>\n<strong>Batterie :<\/strong> Lithium fer phosphate 36000mAh<br \/>\n<strong>Mod\u00e8le de LED :<\/strong> 5054 96 pi\u00e8ces, lumen unitaire 1\/230LM<br \/>\n<strong>Puces de la lampe :<\/strong> Puce quadruple 5054 + distribution par lentille optique + \u00e9clairage grand angle sur trois c\u00f4t\u00e9s<br \/>\n<strong>Mat\u00e9riau :<\/strong> Bo\u00eetier moul\u00e9 en aluminium int\u00e9gr\u00e9<br \/>\n<strong>Indice de protection (IP) :<\/strong> IP66<br \/>\n<strong>M\u00e9thode de charge :<\/strong> Charge solaire 4-6H<br \/>\n<strong>Dur\u00e9e d'\u00e9clairage :<\/strong> \u00c9clairage durable 20H+<br \/>\n<strong>Zone d'\u00e9clairage :<\/strong> 800 m\u00e8tres carr\u00e9s d'\u00e9clairage grand angle multidirectionnel<br \/>\n<strong>Indication de charge :<\/strong> Clignotement du t\u00e9moin lumineux<br \/>\n<strong>Dimensions du corps de la lampe :<\/strong> 335 * 270 * 82MM<br \/>\n<strong>Fonctions auxiliaires :<\/strong> La puce int\u00e8gre une gestion int\u00e9gr\u00e9e de charge\/d\u00e9charge et inclut une d\u00e9tection pour les jours de pluie et nuageux<\/td>\n<td class=\"et8\" style=\"width: 172.20pt;\" width=\"287\">Sp\u00e9cifications d'emballage :<br \/>\n4 ensembles de 69 * 32 * 38CM<\/td>\n<\/tr>\n<\/tbody>\n<\/table>","protected":false},"excerpt":{"rendered":"<p>Ce projecteur solaire adopte un bo\u00eetier en aluminium moul\u00e9 sous pression et int\u00e8gre davantage de puces LED SMD5054 de qualit\u00e9 sup\u00e9rieure, le rendant durable, plus lumineux et couvrant une superficie de plus de 300 m\u00e8tres carr\u00e9s. Adapt\u00e9 aux environnements ext\u00e9rieurs, le projecteur solaire pr\u00e9sente une structure d\u00e9montable permettant de remplacer facilement soi-m\u00eame les batteries ou les \u00e9l\u00e9ments en verre. L'arri\u00e8re peut \u00eatre r\u00e9serv\u00e9 pour l'impression du logo de marque afin de soutenir la promotion marketing.<\/p>\n<p>Quantit\u00e9 minimum de commande : 500<br \/>\nD\u00e9lai de livraison : 15-25 jours<br \/>\nEmplacement de l'usine : Zhongshan, Guangdong, Chine<\/p>","protected":false},"featured_media":4449,"comment_status":"closed","ping_status":"closed","template":"","meta":[],"product_brand":[],"product_cat":[2763],"product_tag":[169,170,179,195,196],"class_list":{"0":"post-1068","1":"product","2":"type-product","3":"status-publish","4":"has-post-thumbnail","6":"product_cat-solar-lamp","7":"product_tag-led-solar-powered-lighting","8":"product_tag-solar-led-garden-lights","9":"product_tag-300w-solar-led-lights","10":"product_tag-400w-solar-led-lights","11":"product_tag-500w-solar-led-lights","13":"first","14":"instock","15":"shipping-taxable","16":"product-type-simple"},"_links":{"self":[{"href":"https:\/\/jinzho.com\/fr\/wp-json\/wp\/v2\/product\/1068","targetHints":{"allow":["GET"]}}],"collection":[{"href":"https:\/\/jinzho.com\/fr\/wp-json\/wp\/v2\/product"}],"about":[{"href":"https:\/\/jinzho.com\/fr\/wp-json\/wp\/v2\/types\/product"}],"replies":[{"embeddable":true,"href":"https:\/\/jinzho.com\/fr\/wp-json\/wp\/v2\/comments?post=1068"}],"wp:featuredmedia":[{"embeddable":true,"href":"https:\/\/jinzho.com\/fr\/wp-json\/wp\/v2\/media\/4449"}],"wp:attachment":[{"href":"https:\/\/jinzho.com\/fr\/wp-json\/wp\/v2\/media?parent=1068"}],"wp:term":[{"taxonomy":"product_brand","embeddable":true,"href":"https:\/\/jinzho.com\/fr\/wp-json\/wp\/v2\/product_brand?post=1068"},{"taxonomy":"product_cat","embeddable":true,"href":"https:\/\/jinzho.com\/fr\/wp-json\/wp\/v2\/product_cat?post=1068"},{"taxonomy":"product_tag","embeddable":true,"href":"https:\/\/jinzho.com\/fr\/wp-json\/wp\/v2\/product_tag?post=1068"}],"curies":[{"name":"wp","href":"https:\/\/api.w.org\/{rel}","templated":true}]}}