{"id":1067,"date":"2025-05-12T03:35:58","date_gmt":"2025-05-12T03:35:58","guid":{"rendered":"https:\/\/jinzho.com\/?post_type=product&#038;p=1067"},"modified":"2025-06-16T08:44:51","modified_gmt":"2025-06-16T08:44:51","slug":"high-power-solar-square-lights-for-basketball-courts-and-football-fields","status":"publish","type":"product","link":"https:\/\/jinzho.com\/fr\/product\/high-power-solar-square-lights-for-basketball-courts-and-football-fields\/","title":{"rendered":"Lampes solaires carr\u00e9es haute puissance pour terrains de basket-ball et de football"},"content":{"rendered":"<h3>Param\u00e8tres du produit :<\/h3>\n<p><strong>Nom du produit :<\/strong> Projecteur LED solaire ext\u00e9rieur\u00a0 \u00a0 \u00a0 \u00a0 \u00a0 \u00a0 \u00a0 <strong>Type de puce :<\/strong> Source de lumi\u00e8re LED\u00a0 \u00a0 \u00a0 \u00a0 \u00a0 \u00a0 <strong>Mat\u00e9riau :<\/strong> aluminium moul\u00e9 sous pression + verre tremp\u00e9<br \/>\n<strong>Sp\u00e9cifications du produit :<\/strong> 300W\/400W\/500W\/600W\u00a0 \u00a0 \u00a0 \u00a0 \u00a0 \u00a0<strong> \u00a0 Niveau d&#039;\u00e9tanch\u00e9it\u00e9 :<\/strong> IP66\u00a0 \u00a0 \u00a0 \u00a0 \u00a0 \u00a0 \u00a0<strong>Origine:<\/strong> Zhongshan, Guangdong, Chine<br \/>\n<strong>Type de commutateur :<\/strong> t\u00e9l\u00e9commande\/contr\u00f4le de la lumi\u00e8re\/contr\u00f4le du temps<\/p>\n<table width=\"1339\">\n<tbody>\n<tr>\n<td width=\"153\">Style<\/td>\n<td width=\"265\">Image<\/td>\n<td width=\"368\">Param\u00e8tres<\/td>\n<td width=\"137\">Poids<\/td>\n<td width=\"416\">Emballage de la bo\u00eete de couleur (mm)<\/td>\n<\/tr>\n<tr>\n<td width=\"153\">300 W<\/td>\n<td rowspan=\"3\"><img decoding=\"async\" class=\"wp-image-4446\" src=\"http:\/\/jinzho.com\/wp-content\/uploads\/2025\/05\/\u56fe\u72471-8.png\" alt=\"Luminaires solaires LED 400W\" width=\"180\" height=\"197\" title=\"\"><\/td>\n<td width=\"368\">Nombre de LED : 126<br \/>\nDimensions du culot : 385*320*70mm<br \/>\nDimensions du panneau photovolta\u00efque : 670*450mm<br \/>\nPanneaux solaires : 6V\/40W<br \/>\nBatteries : 40000 mAh<\/td>\n<td>6,5 kg<\/td>\n<td width=\"416\">Bo\u00eete de lampe : 400*380*360mm (5 pi\u00e8ces)<br \/>\nBo\u00eete de panneau solaire : 680*200*455mm (5 pi\u00e8ces)<\/td>\n<\/tr>\n<tr>\n<td width=\"153\">400W<\/td>\n<td width=\"368\">Nombre de LED : 126<br \/>\nDimensions du culot : 385*320*70mm<br \/>\nDimensions du panneau photovolta\u00efque : 670*530mm<br \/>\nPanneaux solaires : 6V\/50W<br \/>\nBatteries : 55000 mAh<\/td>\n<td>7,2 kg<\/td>\n<td width=\"416\">Bo\u00eete de lampe : 400*380*360mm (5 pi\u00e8ces)<br \/>\nBo\u00eete de panneau solaire : 680*200*545mm (5 pi\u00e8ces)<\/td>\n<\/tr>\n<tr>\n<td width=\"153\">500W<\/td>\n<td width=\"368\">Nombre de LED : 126<br \/>\nDimensions du culot : 385*320*70mm<br \/>\nDimensions du panneau photovolta\u00efque : 670*640mm<br \/>\nPanneaux solaires : 6V\/60W<br \/>\nBatteries : 66000 mAh<\/td>\n<td>8,5 kg<\/td>\n<td width=\"416\">Bo\u00eete de lampe : 400*380*360mm (5 pi\u00e8ces)<br \/>\nBo\u00eete de panneau solaire : 680*200*650mm (5 pi\u00e8ces)<\/td>\n<\/tr>\n<\/tbody>\n<\/table>\n<p>&nbsp;<\/p>\n<h3>Processus de personnalisation du produit :<\/h3>\n<h4>Communiquer les besoins \u2192 Personnaliser les solutions \u2192 Signer les contrats \u2192 Coop\u00e9ration heureuse \u2192 Contr\u00f4le qualit\u00e9 et livraison \u2192 Traitement et production<\/h4>\n<p><img fetchpriority=\"high\" decoding=\"async\" class=\"alignnone  wp-image-4448\" src=\"http:\/\/jinzho.com\/wp-content\/uploads\/2025\/05\/3-35-300x212.png\" alt=\"\" width=\"325\" height=\"230\" title=\"\" srcset=\"https:\/\/jinzho.com\/wp-content\/uploads\/2025\/05\/3-35-300x212.png 300w, https:\/\/jinzho.com\/wp-content\/uploads\/2025\/05\/3-35-600x425.png 600w, https:\/\/jinzho.com\/wp-content\/uploads\/2025\/05\/3-35.png 637w\" sizes=\"(max-width: 325px) 100vw, 325px\" \/><\/p>","protected":false},"excerpt":{"rendered":"<p>Lampes LED solaires de jardin 100W \u00e0 300W sont des dispositifs d'\u00e9clairage intelligent multi-puissance con\u00e7us pour les sc\u00e8nes ext\u00e9rieures telles que les cours et les jardins. Elles int\u00e8grent des panneaux solaires haute efficacit\u00e9 et des syst\u00e8mes adaptatifs \u00e0 d\u00e9tection de lumi\u00e8re, prennent en charge l'att\u00e9nuation automatique et la t\u00e9l\u00e9commande, et sont adapt\u00e9es aux besoins de d\u00e9coration \u00e9conome en \u00e9nergie et de s\u00e9curit\u00e9 dans diff\u00e9rentes zones. Le produit adopte une conception modulaire multi-puissance pour s'adapter avec flexibilit\u00e9 aux sc\u00e8nes de jardin de petite \u00e0 grande taille.<\/p>\n<p>Quantit\u00e9 minimum de commande : 500<br \/>\nD\u00e9lai de livraison : 15-25 jours<br \/>\nEmplacement de l'usine : Zhongshan, Guangdong, Chine<\/p>","protected":false},"featured_media":4445,"comment_status":"closed","ping_status":"closed","template":"","meta":[],"product_brand":[],"product_cat":[2763],"product_tag":[170,176,177,178,179],"class_list":{"0":"post-1067","1":"product","2":"type-product","3":"status-publish","4":"has-post-thumbnail","6":"product_cat-solar-lamp","7":"product_tag-solar-led-garden-lights","8":"product_tag-100w-solar-led-lights","9":"product_tag-150w-solar-led-lights","10":"product_tag-200w-solar-led-lights","11":"product_tag-300w-solar-led-lights","13":"first","14":"instock","15":"shipping-taxable","16":"product-type-simple"},"_links":{"self":[{"href":"https:\/\/jinzho.com\/fr\/wp-json\/wp\/v2\/product\/1067","targetHints":{"allow":["GET"]}}],"collection":[{"href":"https:\/\/jinzho.com\/fr\/wp-json\/wp\/v2\/product"}],"about":[{"href":"https:\/\/jinzho.com\/fr\/wp-json\/wp\/v2\/types\/product"}],"replies":[{"embeddable":true,"href":"https:\/\/jinzho.com\/fr\/wp-json\/wp\/v2\/comments?post=1067"}],"wp:featuredmedia":[{"embeddable":true,"href":"https:\/\/jinzho.com\/fr\/wp-json\/wp\/v2\/media\/4445"}],"wp:attachment":[{"href":"https:\/\/jinzho.com\/fr\/wp-json\/wp\/v2\/media?parent=1067"}],"wp:term":[{"taxonomy":"product_brand","embeddable":true,"href":"https:\/\/jinzho.com\/fr\/wp-json\/wp\/v2\/product_brand?post=1067"},{"taxonomy":"product_cat","embeddable":true,"href":"https:\/\/jinzho.com\/fr\/wp-json\/wp\/v2\/product_cat?post=1067"},{"taxonomy":"product_tag","embeddable":true,"href":"https:\/\/jinzho.com\/fr\/wp-json\/wp\/v2\/product_tag?post=1067"}],"curies":[{"name":"wp","href":"https:\/\/api.w.org\/{rel}","templated":true}]}}