{"id":1066,"date":"2025-05-12T03:35:58","date_gmt":"2025-05-12T03:35:58","guid":{"rendered":"https:\/\/jinzho.com\/?post_type=product&#038;p=1066"},"modified":"2025-06-16T07:41:24","modified_gmt":"2025-06-16T07:41:24","slug":"lampes-solaires-a-led-pour-jardin","status":"publish","type":"product","link":"https:\/\/jinzho.com\/fr\/product\/solar-led-lights-for-garden\/","title":{"rendered":"lampes solaires \u00e0 LED pour jardin"},"content":{"rendered":"<p>Cette lampe solaire \u00e0 LED pour le jardin peut \u00eatre recharg\u00e9e rapidement, m\u00eame les jours de pluie. La lumi\u00e8re en forme d'arc avec un grand angle permet d'obtenir un \u00e9clairage tout au long de l'ann\u00e9e et une longue dur\u00e9e de vie de la batterie. Le corps de la machine est \u00e9quip\u00e9 de vis en acier inoxydable, qui peuvent \u00eatre r\u00e9gl\u00e9es par des vis et le support rotatif peut ajuster l'angle d'irradiation. Il est robuste et stable, offre de bonnes performances et est facile \u00e0 d\u00e9monter. Le panneau solaire et le corps de la lampe sont \u00e9quip\u00e9s de connecteurs de conversion \u00e0 double trou de haute qualit\u00e9. Sa capacit\u00e9 de courant est sup\u00e9rieure \u00e0 celle des prises de courant continu conventionnelles, ce qui r\u00e9duit les pertes de transmission et est plus s\u00fbr.<\/p>\n<table width=\"1339\">\n<tbody>\n<tr>\n<td width=\"153\">Style<\/td>\n<td width=\"265\">Image<\/td>\n<td width=\"368\">Param\u00e8tres<\/td>\n<td width=\"137\">Poids<\/td>\n<td width=\"416\">Emballage de la bo\u00eete de couleur (mm)<\/td>\n<\/tr>\n<tr>\n<td width=\"153\">Tiangong 100W<\/td>\n<td rowspan=\"4\"><img decoding=\"async\" class=\"wp-image-4443 aligncenter\" src=\"http:\/\/jinzho.com\/wp-content\/uploads\/2025\/05\/0003-300x275.jpg\" alt=\"\" width=\"205\" height=\"187\" title=\"\" srcset=\"https:\/\/jinzho.com\/wp-content\/uploads\/2025\/05\/0003-300x275.jpg 300w, https:\/\/jinzho.com\/wp-content\/uploads\/2025\/05\/0003.jpg 545w\" sizes=\"(max-width: 205px) 100vw, 205px\" \/><\/td>\n<td width=\"368\">Nombre de LED\uff1a66<br \/>\nTaille du culot de la lampe\uff1a232*185*53mm<br \/>\nTaille du panneau photovolta\u00efque\uff1a350*290mm<br \/>\nPanneaux solaires : 6 V\/12 W<br \/>\nBatteries : 12\u00a0000 mAh<\/td>\n<td>7.5KG<\/td>\n<td width=\"416\">BO\u00ceTE DE LAMPE\uff1a395*320*250mm(10PCS)<br \/>\nSolarpanel box\uff1a405*310*330mm\uff0810PCS\uff09<\/td>\n<\/tr>\n<tr>\n<td width=\"153\">Tiangong 150W<\/td>\n<td width=\"368\">Nombre de LED\uff1a104<br \/>\nTaille du culot de la lampe\uff1a256*208*65mm<br \/>\nTaille du panneau photovolta\u00efque\uff1a350*350mm<br \/>\nPanneaux solaires : 6 V\/15 W<br \/>\nBatteries\uff1a18000mAh<\/td>\n<td>10KG<\/td>\n<td width=\"416\">BO\u00ceTE DE LAMPE\uff1a440*370*275mm(10PCS)<br \/>\nSolarpanel box\uff1a380*300*380mm\uff0810PCS\uff09<\/td>\n<\/tr>\n<tr>\n<td width=\"153\">Tiangong 200W<\/td>\n<td width=\"368\">Nombre de LED\uff1a150<br \/>\nTaille du culot de la lampe\uff1a305*250*75mm<br \/>\nTaille du panneau photovolta\u00efque : 450*530mm<br \/>\nPanneaux solaires\uff1a6V\/20W<br \/>\nBatteries\uff1a24000mAh<\/td>\n<td>15KG<\/td>\n<td width=\"416\">BO\u00ceTE DE LAMPE\uff1a420*302*530mm(10PCS)<br \/>\nSolarpanel box\uff1a485*300*375mm\uff0810PCS\uff09<\/td>\n<\/tr>\n<tr>\n<td width=\"153\">Tiangong 300W<\/td>\n<td width=\"368\">Nombre de LED\uff1a644<br \/>\nTaille du culot de la lampe\uff1a357*276*80mm<br \/>\nTaille du panneau photovolta\u00efque : 450*630mm<br \/>\nPanneaux solaires\uff1a6V\/30W<br \/>\nBatteries\uff1a30000mAh<\/td>\n<td>20.5KG<\/td>\n<td width=\"416\">BO\u00ceTE DE LAMPE\uff1a450*370*580mm(10PCS)<br \/>\nSolarpanel box\uff1a665*30*375mm\uff0810PCS\uff09<\/td>\n<\/tr>\n<\/tbody>\n<\/table>","protected":false},"excerpt":{"rendered":"<p>Les lampes solaires de jardin \u00e0 LED utilisent une alimentation photovolta\u00efque et une technologie intelligente de contr\u00f4le de la lumi\u00e8re. Elles prennent en charge la d\u00e9tection automatique des lumi\u00e8res de nuit et la commutation de l'effet d'\u00e9clairage de l'atmosph\u00e8re, le syst\u00e8me intelligent de d\u00e9tection de la lumi\u00e8re, le fonctionnement sans consommation d'\u00e9nergie, les mat\u00e9riaux respectueux de l'environnement et les LED \u00e0 longue dur\u00e9e de vie pour r\u00e9duire les co\u00fbts d'entretien.<\/p>\n<p>Quantit\u00e9 minimum de commande : 500<br \/>\nD\u00e9lai de livraison : 15-25 jours<br \/>\nEmplacement de l'usine : Zhongshan, Guangdong, Chine<\/p>","protected":false},"featured_media":4441,"comment_status":"closed","ping_status":"closed","template":"","meta":[],"product_brand":[],"product_cat":[2763],"product_tag":[168,169,170,183,194],"class_list":{"0":"post-1066","1":"product","2":"type-product","3":"status-publish","4":"has-post-thumbnail","6":"product_cat-solar-lamp","7":"product_tag-solar-led-lights","8":"product_tag-led-solar-powered-lighting","9":"product_tag-solar-led-garden-lights","10":"product_tag-outdoor-solar-flood-light-fixtures","11":"product_tag-solar-parking-lot-lights","13":"first","14":"instock","15":"shipping-taxable","16":"product-type-simple"},"_links":{"self":[{"href":"https:\/\/jinzho.com\/fr\/wp-json\/wp\/v2\/product\/1066","targetHints":{"allow":["GET"]}}],"collection":[{"href":"https:\/\/jinzho.com\/fr\/wp-json\/wp\/v2\/product"}],"about":[{"href":"https:\/\/jinzho.com\/fr\/wp-json\/wp\/v2\/types\/product"}],"replies":[{"embeddable":true,"href":"https:\/\/jinzho.com\/fr\/wp-json\/wp\/v2\/comments?post=1066"}],"wp:featuredmedia":[{"embeddable":true,"href":"https:\/\/jinzho.com\/fr\/wp-json\/wp\/v2\/media\/4441"}],"wp:attachment":[{"href":"https:\/\/jinzho.com\/fr\/wp-json\/wp\/v2\/media?parent=1066"}],"wp:term":[{"taxonomy":"product_brand","embeddable":true,"href":"https:\/\/jinzho.com\/fr\/wp-json\/wp\/v2\/product_brand?post=1066"},{"taxonomy":"product_cat","embeddable":true,"href":"https:\/\/jinzho.com\/fr\/wp-json\/wp\/v2\/product_cat?post=1066"},{"taxonomy":"product_tag","embeddable":true,"href":"https:\/\/jinzho.com\/fr\/wp-json\/wp\/v2\/product_tag?post=1066"}],"curies":[{"name":"wp","href":"https:\/\/api.w.org\/{rel}","templated":true}]}}