{"id":1062,"date":"2025-05-12T03:35:57","date_gmt":"2025-05-12T03:35:57","guid":{"rendered":"https:\/\/jinzho.com\/?post_type=product&#038;p=1062"},"modified":"2025-06-14T04:21:41","modified_gmt":"2025-06-14T04:21:41","slug":"lampes-solaires-a-led-telecommandees","status":"publish","type":"product","link":"https:\/\/jinzho.com\/fr\/product\/remote-control-solar-led-lights\/","title":{"rendered":"lampes solaires \u00e0 LED t\u00e9l\u00e9command\u00e9es"},"content":{"rendered":"<h3><strong>Caract\u00e9ristiques<\/strong><\/h3>\n<p>Ce lampadaire solaire LED de 100W, 150W, 200W, 300W (adapt\u00e9 \u00e0 l'\u00e9clairage des routes, parkings et cours) est un produit d'\u00e9clairage solaire avanc\u00e9, \u00e9conome en \u00e9nergie, \u00e0 haut rendement et ind\u00e9pendant du r\u00e9seau, con\u00e7u pour les sc\u00e8nes ext\u00e9rieures.<\/p>\n<p>\u2014\u2013Il utilise un panneau solaire s\u00e9par\u00e9 avec un rendement de conversion \u00e9nerg\u00e9tique plus \u00e9lev\u00e9, ce qui peut raccourcir efficacement le temps de charge de la batterie m\u00eame par temps pluvieux ; avec une conception de t\u00eate de lampe r\u00e9glable, il peut maximiser l'utilisation des ressources solaires diurnes.<\/p>\n<p>\u2014\u2013Le produit fonctionne enti\u00e8rement automatiquement, avec un syst\u00e8me de contr\u00f4le d'\u00e9clairage sp\u00e9cial int\u00e9gr\u00e9 qui peut d\u00e9marrer et s'arr\u00eater automatiquement selon la lumi\u00e8re ambiante \u2013 allumer automatiquement l'\u00e9clairage dans les environnements sombres et s'\u00e9teindre automatiquement le jour ou dans des conditions de forte luminosit\u00e9.<\/p>\n<p>\u2014\u2013La t\u00e9l\u00e9commande fournie est \u00e9quip\u00e9e d'un bouton marche\/arr\u00eat, prend en charge les op\u00e9rations \u00e0 distance et dispose d'une plage de r\u00e9glage de luminosit\u00e9 flexible : le r\u00e9glage minimum peut \u00eatre de 30% de l'effet d'\u00e9clairage du mode \u00e9conome en \u00e9nergie, et la luminosit\u00e9 maximale peut atteindre 60%-100%.<\/p>\n<p>\u2014\u2013Le corps est fabriqu\u00e9 en coque moul\u00e9e en aluminium durable et en verre tremp\u00e9, avec une conception \u00e9tanche et r\u00e9sistante \u00e0 la chaleur, niveau de protection jusqu'\u00e0 IP65, et peut faire face \u00e0 des environnements ext\u00e9rieurs complexes tels que le vent et la pluie.<\/p>\n<p>\u2014\u2013Le produit est facile \u00e0 installer, configurer et utiliser, et est \u00e9quip\u00e9 d'un support mural universel pour r\u00e9pondre aux exigences de montage mural.<\/p>\n<p>\u2014\u2013De plus, le lampadaire ne n\u00e9cessite aucun entretien suppl\u00e9mentaire ni frais d'\u00e9lectricit\u00e9, et sa conception conviviale \u00e9limine les tracas de c\u00e2blage et peut \u00eatre mis en service sans installation professionnelle.<\/p>\n<table style=\"border-collapse: collapse; width: 673.22pt;\" border=\"0\" width=\"1122\" cellspacing=\"0\" cellpadding=\"0\">\n<tbody>\n<tr style=\"height: 67.00pt;\">\n<td class=\"et2\" style=\"height: 67.00pt; width: 48.00pt;\" width=\"80\" height=\"111\">Style<\/td>\n<td class=\"et3\" style=\"width: 173.40pt;\" width=\"289\">Image<\/td>\n<td class=\"et3\" style=\"width: 165.60pt;\" width=\"276\">Param\u00e8tres<\/td>\n<td class=\"et3\" style=\"width: 286.20pt;\" width=\"477\">Emballage de la bo\u00eete de couleur (mm)<\/td>\n<\/tr>\n<tr style=\"height: 31.20pt;\">\n<td class=\"et4\" style=\"height: 31.20pt; width: 48.00pt;\" width=\"80\" height=\"52\">100 W<\/td>\n<td class=\"et5\" rowspan=\"4\"><img decoding=\"async\" class=\"wp-image-4187 aligncenter\" src=\"http:\/\/jinzho.com\/wp-content\/uploads\/2025\/05\/2-197-300x215.jpg\" alt=\"\" width=\"205\" height=\"147\" title=\"\" srcset=\"https:\/\/jinzho.com\/wp-content\/uploads\/2025\/05\/2-197-300x215.jpg 300w, https:\/\/jinzho.com\/wp-content\/uploads\/2025\/05\/2-197.jpg 306w\" sizes=\"(max-width: 205px) 100vw, 205px\" \/><\/td>\n<td class=\"et6\" style=\"width: 165.60pt;\" width=\"276\">(Panneaux solaires : 5 V, 20 W)<br \/>\n(Batteries : 8000 mAh)<\/td>\n<td class=\"et7\" style=\"width: 286.20pt;\" width=\"477\">Emballage ext\u00e9rieur : 540*235*520mm<\/td>\n<\/tr>\n<tr style=\"height: 31.20pt;\">\n<td class=\"et4\" style=\"height: 31.20pt; width: 48.00pt;\" width=\"80\" height=\"52\">150 W<\/td>\n<td class=\"et6\" style=\"width: 165.60pt;\" width=\"276\">(Panneaux solaires : 5 V, 30 W)<br \/>\n(Batteries : 12\u00a0000 mAh)<\/td>\n<td class=\"et7\" style=\"width: 286.20pt;\" width=\"477\">Emballage ext\u00e9rieur : 540*235*520mm<\/td>\n<\/tr>\n<tr style=\"height: 31.20pt;\">\n<td class=\"et4\" style=\"height: 31.20pt; width: 48.00pt;\" width=\"80\" height=\"52\">200 W<\/td>\n<td class=\"et6\" style=\"width: 165.60pt;\" width=\"276\">(Panneaux solaires : 5 V, 40 W)<br \/>\n(Batteries : 15\u00a0000 mAh)<\/td>\n<td class=\"et7\" style=\"width: 286.20pt;\" width=\"477\">Emballage ext\u00e9rieur : 540*235*520mm<\/td>\n<\/tr>\n<tr style=\"height: 31.20pt;\">\n<td class=\"et4\" style=\"height: 31.20pt; width: 48.00pt;\" width=\"80\" height=\"52\">300 W<\/td>\n<td class=\"et6\" style=\"width: 165.60pt;\" width=\"276\">(Panneaux solaires : 5 V, 45 W)<br \/>\n(Batteries\uff1a20000mAh)<\/td>\n<td class=\"et7\" style=\"width: 286.20pt;\" width=\"477\">Emballage ext\u00e9rieur : 540*235*520mm<\/td>\n<\/tr>\n<\/tbody>\n<\/table>\n<h3>FAQ<\/h3>\n<p>1. Vendez-vous directement depuis l'usine ?<br \/>\nOui, nous disposons d'une base de production ind\u00e9pendante, et tous les produits sont directement fournis depuis notre propre usine pour garantir le contr\u00f4le qualit\u00e9 et offrir des prix d'usine comp\u00e9titifs sur le march\u00e9. Nous contr\u00f4lons de mani\u00e8re ind\u00e9pendante l'ensemble du processus, de la R&amp;D \u00e0 la production des produits, et prenons en charge les besoins personnalis\u00e9s.<\/p>\n<p>2. Proposez-vous des tarifs et services sp\u00e9ciaux pour les grossistes ?<br \/>\nNous offrons des politiques pr\u00e9f\u00e9rentielles sp\u00e9ciales pour les clients grossistes, incluant des prix d\u00e9gressifs, des services OEM\/ODM et un support logistique exclusif. Les achats en gros peuvent b\u00e9n\u00e9ficier de prix unitaires plus bas, et les sp\u00e9cifications des produits ainsi que les conceptions d'emballage peuvent \u00eatre personnalis\u00e9es selon les besoins du client.<\/p>\n<p>3. Quels modes de paiement puis-je utiliser ? Mon paiement est-il s\u00e9curis\u00e9 ?<br \/>\nPrise en charge de divers modes de paiement internationaux tels que Visa, MasterCard, PayPal, virement bancaire et Western Union. Toutes les transactions sont trait\u00e9es via des canaux crypt\u00e9s, conformes aux normes de s\u00e9curit\u00e9 PCI-DSS, et garantissent la s\u00e9curit\u00e9 des flux de capitaux.<\/p>\n<p>4. Combien de temps faut-il pour exp\u00e9dier ma commande ? Combien de temps pour recevoir les marchandises ?<br \/>\nApr\u00e8s la finalisation de la commande et le r\u00e8glement, les marchandises sont g\u00e9n\u00e9ralement pr\u00e9par\u00e9es et exp\u00e9di\u00e9es dans un d\u00e9lai de 7 \u00e0 15 jours ouvrables. La livraison en Chine continentale via la logistique transfrontali\u00e8re prend g\u00e9n\u00e9ralement 15 \u00e0 30 jours, pouvant \u00eatre prolong\u00e9e jusqu'\u00e0 45 jours dans les zones recul\u00e9es. Le d\u00e9lai sp\u00e9cifique peut \u00eatre v\u00e9rifi\u00e9 en temps r\u00e9el via le num\u00e9ro de suivi logistique.<\/p>\n<p>5. Quelle est la garantie ?<br \/>\nNous offrons une garantie d'un an. Tous les produits sont rigoureusement test\u00e9s pendant 72 heures et pour l'\u00e9tanch\u00e9it\u00e9 IP65 par nos contr\u00f4leurs qualit\u00e9 exp\u00e9riment\u00e9s avant l'exp\u00e9dition.<br \/>\n6. Quel est le service apr\u00e8s-vente ?<br \/>\nLa satisfaction du client est toujours notre priorit\u00e9 absolue. Si vous avez des questions ou des probl\u00e8mes concernant nos produits ou politiques, veuillez nous contacter.<\/p>","protected":false},"excerpt":{"rendered":"<p>Les lampes LED solaires \u00e0 t\u00e9l\u00e9commande utilisent une alimentation photovolta\u00efque et la technologie de t\u00e9l\u00e9commande sans fil pour r\u00e9pondre aux besoins d'\u00e9clairage \u00e9conome en \u00e9nergie des sc\u00e8nes ext\u00e9rieures telles que les cours et les jardins. La technologie de d\u00e9tection de lumi\u00e8re adaptative permet un fonctionnement \u00e0 consommation \u00e9nerg\u00e9tique nulle, et la structure \u00e9tanche compl\u00e8tement imperm\u00e9able r\u00e9siste aux intemp\u00e9ries extr\u00eames.<\/p>\n<p>Quantit\u00e9 minimum de commande : 500<br \/>\nD\u00e9lai de livraison : 15-25 jours<br \/>\nEmplacement de l'usine : Zhongshan, Guangdong, Chine<\/p>","protected":false},"featured_media":4183,"comment_status":"closed","ping_status":"closed","template":"","meta":[],"product_brand":[],"product_cat":[2763],"product_tag":[168,173,174,182,193],"class_list":{"0":"post-1062","1":"product","2":"type-product","3":"status-publish","4":"has-post-thumbnail","6":"product_cat-solar-lamp","7":"product_tag-solar-led-lights","8":"product_tag-solar-led-strip-lights","9":"product_tag-solar-led-strip-lights-waterproof","10":"product_tag-led-light-strips-solar","11":"product_tag-solar-pool-lights","13":"first","14":"instock","15":"shipping-taxable","16":"product-type-simple"},"_links":{"self":[{"href":"https:\/\/jinzho.com\/fr\/wp-json\/wp\/v2\/product\/1062","targetHints":{"allow":["GET"]}}],"collection":[{"href":"https:\/\/jinzho.com\/fr\/wp-json\/wp\/v2\/product"}],"about":[{"href":"https:\/\/jinzho.com\/fr\/wp-json\/wp\/v2\/types\/product"}],"replies":[{"embeddable":true,"href":"https:\/\/jinzho.com\/fr\/wp-json\/wp\/v2\/comments?post=1062"}],"wp:featuredmedia":[{"embeddable":true,"href":"https:\/\/jinzho.com\/fr\/wp-json\/wp\/v2\/media\/4183"}],"wp:attachment":[{"href":"https:\/\/jinzho.com\/fr\/wp-json\/wp\/v2\/media?parent=1062"}],"wp:term":[{"taxonomy":"product_brand","embeddable":true,"href":"https:\/\/jinzho.com\/fr\/wp-json\/wp\/v2\/product_brand?post=1062"},{"taxonomy":"product_cat","embeddable":true,"href":"https:\/\/jinzho.com\/fr\/wp-json\/wp\/v2\/product_cat?post=1062"},{"taxonomy":"product_tag","embeddable":true,"href":"https:\/\/jinzho.com\/fr\/wp-json\/wp\/v2\/product_tag?post=1062"}],"curies":[{"name":"wp","href":"https:\/\/api.w.org\/{rel}","templated":true}]}}