{"id":1061,"date":"2025-05-12T03:35:57","date_gmt":"2025-05-12T03:35:57","guid":{"rendered":"https:\/\/jinzho.com\/?post_type=product&#038;p=1061"},"modified":"2025-06-14T03:41:57","modified_gmt":"2025-06-14T03:41:57","slug":"lampe-solaire-de-rue-a-telecommande-etanche","status":"publish","type":"product","link":"https:\/\/jinzho.com\/fr\/product\/waterproof-solar-remote-control-street-light\/","title":{"rendered":"Lampadaire solaire \u00e9tanche avec t\u00e9l\u00e9commande"},"content":{"rendered":"<h3>Caract\u00e9ristiques d\u00e9taill\u00e9es :<\/h3>\n<p><strong>1) Panneau solaire de cat\u00e9gorie A<\/strong><br \/>\nPanneau solaire de cat\u00e9gorie A (certification CE), taux de conversion photovolta\u00efque jusqu'\u00e0 98%, dur\u00e9e de vie sup\u00e9rieure \u00e0 20 ans, pas besoin de c\u00e2blage, \u00e9nergie gratuite.<\/p>\n<p><strong>2) Masque en verre tremp\u00e9<\/strong><br \/>\nMasque en verre tremp\u00e9, haute duret\u00e9, r\u00e9sistance aux chocs \u00e9lev\u00e9e, excellente transparence lumineuse.<\/p>\n<p><strong>3) Corps de lampe en aluminium<\/strong><br \/>\nCoque de lampe avec structure de dissipation thermique int\u00e9gr\u00e9e de haute qualit\u00e9, excellente dissipation thermique, design a\u00e9rodynamique moul\u00e9 en aluminium.<\/p>\n<p><strong>4) Interface m\u00e2le\/femelle \u00e9tanche<\/strong><br \/>\nInterface m\u00e2le\/femelle \u00e9tanche assurant une connexion s\u00e9curis\u00e9e entre le corps de lampe et le panneau solaire.<\/p>\n<p><strong>5) LED haute luminosit\u00e9<\/strong><br \/>\nLED haute luminosit\u00e9 blanc pur, lentille \u00e0 haute transparence et concentration lumineuse intense, luminosit\u00e9 augment\u00e9e de 30%, d\u00e9perdition lumineuse inf\u00e9rieure \u00e0 3%, performance stable, haute luminosit\u00e9, longue dur\u00e9e de vie, durable, lentille \u00e0 redistribution secondaire, radiateur en alliage d'aluminium.<\/p>\n<p><img decoding=\"async\" class=\"alignnone wp-image-4176\" src=\"http:\/\/jinzho.com\/wp-content\/uploads\/2025\/05\/4-188-300x202.jpg\" alt=\"\" width=\"235\" height=\"158\" title=\"\" srcset=\"https:\/\/jinzho.com\/wp-content\/uploads\/2025\/05\/4-188-300x202.jpg 300w, https:\/\/jinzho.com\/wp-content\/uploads\/2025\/05\/4-188.jpg 504w\" sizes=\"(max-width: 235px) 100vw, 235px\" \/>\u00a0 \u00a0 \u00a0\u00a0 <img decoding=\"async\" class=\"alignnone wp-image-4177\" src=\"http:\/\/jinzho.com\/wp-content\/uploads\/2025\/05\/5-41-300x205.jpg\" alt=\"\" width=\"233\" height=\"159\" title=\"\" srcset=\"https:\/\/jinzho.com\/wp-content\/uploads\/2025\/05\/5-41-300x205.jpg 300w, https:\/\/jinzho.com\/wp-content\/uploads\/2025\/05\/5-41.jpg 486w\" sizes=\"(max-width: 233px) 100vw, 233px\" \/>\u00a0 \u00a0 <img decoding=\"async\" class=\"alignnone wp-image-4180\" src=\"http:\/\/jinzho.com\/wp-content\/uploads\/2025\/05\/8-4-300x222.jpg\" alt=\"\" width=\"214\" height=\"158\" title=\"\" srcset=\"https:\/\/jinzho.com\/wp-content\/uploads\/2025\/05\/8-4-300x222.jpg 300w, https:\/\/jinzho.com\/wp-content\/uploads\/2025\/05\/8-4-768x569.jpg 768w, https:\/\/jinzho.com\/wp-content\/uploads\/2025\/05\/8-4-600x444.jpg 600w, https:\/\/jinzho.com\/wp-content\/uploads\/2025\/05\/8-4.jpg 829w\" sizes=\"(max-width: 214px) 100vw, 214px\" \/>\u00a0 <img loading=\"lazy\" decoding=\"async\" class=\"alignnone wp-image-4178\" src=\"http:\/\/jinzho.com\/wp-content\/uploads\/2025\/05\/6-4-300x239.jpg\" alt=\"\" width=\"200\" height=\"159\" title=\"\" srcset=\"https:\/\/jinzho.com\/wp-content\/uploads\/2025\/05\/6-4-300x239.jpg 300w, https:\/\/jinzho.com\/wp-content\/uploads\/2025\/05\/6-4.jpg 401w\" sizes=\"(max-width: 200px) 100vw, 200px\" \/>\u00a0 \u00a0 \u00a0\u00a0 <img loading=\"lazy\" decoding=\"async\" class=\"alignnone wp-image-4179\" src=\"http:\/\/jinzho.com\/wp-content\/uploads\/2025\/05\/7-3-213x300.jpg\" alt=\"\" width=\"113\" height=\"159\" title=\"\" srcset=\"https:\/\/jinzho.com\/wp-content\/uploads\/2025\/05\/7-3-213x300.jpg 213w, https:\/\/jinzho.com\/wp-content\/uploads\/2025\/05\/7-3.jpg 350w\" sizes=\"(max-width: 113px) 100vw, 113px\" \/><\/p>\n<p>&nbsp;<\/p>\n<table style=\"border-collapse: collapse; width: 589.83pt;\" border=\"0\" width=\"983\" cellspacing=\"0\" cellpadding=\"0\">\n<tbody>\n<tr style=\"height: 67.00pt;\">\n<td class=\"et2\" style=\"height: 67.00pt; width: 48.00pt;\" width=\"80\" height=\"111\">Style<\/td>\n<td class=\"et3\" style=\"width: 173.40pt;\" width=\"289\">Image<\/td>\n<td class=\"et3\" style=\"width: 165.60pt;\" width=\"276\">Param\u00e8tres<\/td>\n<td class=\"et3\" style=\"width: 202.80pt;\" width=\"338\">Emballage de la bo\u00eete de couleur (mm)<\/td>\n<\/tr>\n<tr style=\"height: 31.20pt;\">\n<td class=\"et4\" style=\"height: 31.20pt; width: 48.00pt;\" width=\"80\" height=\"52\">100 W<\/td>\n<td class=\"et5\" rowspan=\"4\"><img loading=\"lazy\" decoding=\"async\" class=\"wp-image-4181 aligncenter\" src=\"http:\/\/jinzho.com\/wp-content\/uploads\/2025\/05\/1-56-300x300.png\" alt=\"\" width=\"159\" height=\"159\" title=\"\" srcset=\"https:\/\/jinzho.com\/wp-content\/uploads\/2025\/05\/1-56-300x300.png 300w, https:\/\/jinzho.com\/wp-content\/uploads\/2025\/05\/1-56-150x150.png 150w, https:\/\/jinzho.com\/wp-content\/uploads\/2025\/05\/1-56-100x100.png 100w, https:\/\/jinzho.com\/wp-content\/uploads\/2025\/05\/1-56.png 600w\" sizes=\"(max-width: 159px) 100vw, 159px\" \/><\/td>\n<td class=\"et6\" style=\"width: 165.60pt;\" width=\"276\">(Panneaux solaires : 5 V, 20 W)<br \/>\n(Batteries : 8000 mAh)<\/td>\n<td class=\"et7\" style=\"width: 202.80pt;\" width=\"338\">Emballage ext\u00e9rieur : 540*235*520mm<\/td>\n<\/tr>\n<tr style=\"height: 31.20pt;\">\n<td class=\"et4\" style=\"height: 31.20pt; width: 48.00pt;\" width=\"80\" height=\"52\">150 W<\/td>\n<td class=\"et6\" style=\"width: 165.60pt;\" width=\"276\">(Panneaux solaires : 5 V, 30 W)<br \/>\n(Batteries : 12\u00a0000 mAh)<\/td>\n<td class=\"et7\" style=\"width: 202.80pt;\" width=\"338\">Emballage ext\u00e9rieur : 540*235*520mm<\/td>\n<\/tr>\n<tr style=\"height: 31.20pt;\">\n<td class=\"et4\" style=\"height: 31.20pt; width: 48.00pt;\" width=\"80\" height=\"52\">200 W<\/td>\n<td class=\"et6\" style=\"width: 165.60pt;\" width=\"276\">(Panneaux solaires : 5 V, 40 W)<br \/>\n(Batteries : 15\u00a0000 mAh)<\/td>\n<td class=\"et7\" style=\"width: 202.80pt;\" width=\"338\">Emballage ext\u00e9rieur : 540*235*520mm<\/td>\n<\/tr>\n<tr style=\"height: 31.20pt;\">\n<td class=\"et4\" style=\"height: 31.20pt; width: 48.00pt;\" width=\"80\" height=\"52\">300 W<\/td>\n<td class=\"et6\" style=\"width: 165.60pt;\" width=\"276\">(Panneaux solaires : 5 V, 45 W)<br \/>\n(Batteries\uff1a20000mAh)<\/td>\n<td class=\"et7\" style=\"width: 202.80pt;\" width=\"338\">Emballage ext\u00e9rieur : 540*235*520mm<\/td>\n<\/tr>\n<\/tbody>\n<\/table>","protected":false},"excerpt":{"rendered":"<p>Le luminaire solaire \u00e9tanche \u00e0 t\u00e9l\u00e9commande est un dispositif d'\u00e9clairage ext\u00e9rieur int\u00e9grant la production photovolta\u00efque et un syst\u00e8me de t\u00e9l\u00e9commande intelligent, adapt\u00e9 aux besoins d'\u00e9clairage \u00e9conome en \u00e9nergie sur les routes, places, etc. La t\u00e9l\u00e9commande sans fil permet un contr\u00f4le pr\u00e9cis \u00e0 distance, la d\u00e9tection de lumi\u00e8re adaptative optimise dynamiquement la consommation \u00e9nerg\u00e9tique, et les supports r\u00e9glables s'adaptent \u00e0 l'installation en terrain complexe.<\/p>\n<p>Quantit\u00e9 minimum de commande : 500<br \/>\nD\u00e9lai de livraison : 15-25 jours<br \/>\nEmplacement de l'usine : Zhongshan, Guangdong, Chine<\/p>","protected":false},"featured_media":4171,"comment_status":"closed","ping_status":"closed","template":"","meta":[],"product_brand":[],"product_cat":[2763],"product_tag":[168,173,174,193,194],"class_list":{"0":"post-1061","1":"product","2":"type-product","3":"status-publish","4":"has-post-thumbnail","6":"product_cat-solar-lamp","7":"product_tag-solar-led-lights","8":"product_tag-solar-led-strip-lights","9":"product_tag-solar-led-strip-lights-waterproof","10":"product_tag-solar-pool-lights","11":"product_tag-solar-parking-lot-lights","13":"first","14":"instock","15":"shipping-taxable","16":"product-type-simple"},"_links":{"self":[{"href":"https:\/\/jinzho.com\/fr\/wp-json\/wp\/v2\/product\/1061","targetHints":{"allow":["GET"]}}],"collection":[{"href":"https:\/\/jinzho.com\/fr\/wp-json\/wp\/v2\/product"}],"about":[{"href":"https:\/\/jinzho.com\/fr\/wp-json\/wp\/v2\/types\/product"}],"replies":[{"embeddable":true,"href":"https:\/\/jinzho.com\/fr\/wp-json\/wp\/v2\/comments?post=1061"}],"wp:featuredmedia":[{"embeddable":true,"href":"https:\/\/jinzho.com\/fr\/wp-json\/wp\/v2\/media\/4171"}],"wp:attachment":[{"href":"https:\/\/jinzho.com\/fr\/wp-json\/wp\/v2\/media?parent=1061"}],"wp:term":[{"taxonomy":"product_brand","embeddable":true,"href":"https:\/\/jinzho.com\/fr\/wp-json\/wp\/v2\/product_brand?post=1061"},{"taxonomy":"product_cat","embeddable":true,"href":"https:\/\/jinzho.com\/fr\/wp-json\/wp\/v2\/product_cat?post=1061"},{"taxonomy":"product_tag","embeddable":true,"href":"https:\/\/jinzho.com\/fr\/wp-json\/wp\/v2\/product_tag?post=1061"}],"curies":[{"name":"wp","href":"https:\/\/api.w.org\/{rel}","templated":true}]}}