{"id":1060,"date":"2025-05-12T03:35:57","date_gmt":"2025-05-12T03:35:57","guid":{"rendered":"https:\/\/jinzho.com\/?post_type=product&#038;p=1060"},"modified":"2025-06-14T02:32:06","modified_gmt":"2025-06-14T02:32:06","slug":"lampe-de-jardin-solaire-ronde-en-forme-dovni","status":"publish","type":"product","link":"https:\/\/jinzho.com\/fr\/product\/solar-round-ufo-garden-light\/","title":{"rendered":"Lumi\u00e8re de jardin solaire ronde UFO"},"content":{"rendered":"<h3>Product details:<\/h3>\n<p><strong>[Protection level]:<\/strong> IP65<br \/>\n<strong>[Lamp body material]:<\/strong> ABS high-resistance plastic<br \/>\n<strong>[Product function]:<\/strong> light control + time control + radar sensing<br \/>\n<strong>[Scope of application]:<\/strong> road lighting, community courtyards, villa parks, new rural areas and other outdoor lighting.<\/p>\n<p><strong>[Multiple installation methods]:<\/strong><br \/>\nCan be installed on lamp poles, walls, and meet various outdoor lighting locations.<\/p>\n<p><img decoding=\"async\" class=\"alignnone wp-image-4159\" src=\"http:\/\/jinzho.com\/wp-content\/uploads\/2025\/05\/1-204-180x300.jpg\" alt=\"\" width=\"102\" height=\"170\" title=\"\" srcset=\"https:\/\/jinzho.com\/wp-content\/uploads\/2025\/05\/1-204-180x300.jpg 180w, https:\/\/jinzho.com\/wp-content\/uploads\/2025\/05\/1-204.jpg 220w\" sizes=\"(max-width: 102px) 100vw, 102px\" \/>\u00a0 \u00a0 \u00a0 \u00a0\u00a0 <img decoding=\"async\" class=\"alignnone wp-image-4160\" src=\"http:\/\/jinzho.com\/wp-content\/uploads\/2025\/05\/2-196-205x300.jpg\" alt=\"\" width=\"117\" height=\"171\" title=\"\" srcset=\"https:\/\/jinzho.com\/wp-content\/uploads\/2025\/05\/2-196-205x300.jpg 205w, https:\/\/jinzho.com\/wp-content\/uploads\/2025\/05\/2-196.jpg 221w\" sizes=\"(max-width: 117px) 100vw, 117px\" \/>\u00a0 \u00a0 \u00a0 \u00a0\u00a0 <img decoding=\"async\" class=\"alignnone wp-image-4161\" src=\"http:\/\/jinzho.com\/wp-content\/uploads\/2025\/05\/3-192.jpg\" alt=\"\" width=\"162\" height=\"172\" title=\"\"><\/p>\n<p><strong>[Two-layer luminous surface all-round lighting without dead angles]:<\/strong><br \/>\n360\u00b0 all-round illumination, remote control, human body sensing.<\/p>\n<p><strong>[365-day light]:<\/strong><br \/>\nThe light is still on normally in bad weather such as minus 60 degrees and 70 degrees, rain, thunder and lightning.<\/p>\n<p><img loading=\"lazy\" decoding=\"async\" class=\"alignnone wp-image-4162\" src=\"http:\/\/jinzho.com\/wp-content\/uploads\/2025\/05\/4-187-284x300.jpg\" alt=\"\" width=\"215\" height=\"227\" title=\"\" srcset=\"https:\/\/jinzho.com\/wp-content\/uploads\/2025\/05\/4-187-284x300.jpg 284w, https:\/\/jinzho.com\/wp-content\/uploads\/2025\/05\/4-187.jpg 487w\" sizes=\"(max-width: 215px) 100vw, 215px\" \/>\u00a0 \u00a0 \u00a0 \u00a0 \u00a0<img loading=\"lazy\" decoding=\"async\" class=\"alignnone wp-image-4163\" src=\"http:\/\/jinzho.com\/wp-content\/uploads\/2025\/05\/5-40-258x300.jpg\" alt=\"\" width=\"196\" height=\"228\" title=\"\" srcset=\"https:\/\/jinzho.com\/wp-content\/uploads\/2025\/05\/5-40-258x300.jpg 258w, https:\/\/jinzho.com\/wp-content\/uploads\/2025\/05\/5-40.jpg 491w\" sizes=\"(max-width: 196px) 100vw, 196px\" \/><\/p>\n<table style=\"border-collapse: collapse; width: 872px; height: 705px;\" border=\"0\" width=\"1259\" cellspacing=\"0\" cellpadding=\"0\">\n<tbody>\n<tr style=\"height: 67.00pt;\">\n<td class=\"et2\" style=\"height: 67.00pt; width: 48.00pt;\" width=\"80\" height=\"111\">Style<\/td>\n<td class=\"et3\" style=\"width: 193.20pt;\" width=\"322\">Picture<\/td>\n<td class=\"et3\" style=\"width: 219.00pt;\" width=\"365\">Parameter<\/td>\n<td class=\"et3\" style=\"width: 92.40pt;\" width=\"154\">weight<\/td>\n<td class=\"et3\" style=\"width: 202.80pt;\" width=\"338\">Color box packing\uff08mm\uff09<\/td>\n<\/tr>\n<tr style=\"height: 62.40pt;\">\n<td class=\"et4\" style=\"height: 62.40pt; width: 48.00pt;\" width=\"80\" height=\"104\">120w<\/td>\n<td class=\"et5\"><img loading=\"lazy\" decoding=\"async\" class=\"wp-image-4165 aligncenter\" src=\"http:\/\/jinzho.com\/wp-content\/uploads\/2025\/05\/5-16-300x300.png\" alt=\"\" width=\"121\" height=\"121\" title=\"\" srcset=\"https:\/\/jinzho.com\/wp-content\/uploads\/2025\/05\/5-16-300x300.png 300w, https:\/\/jinzho.com\/wp-content\/uploads\/2025\/05\/5-16-150x150.png 150w, https:\/\/jinzho.com\/wp-content\/uploads\/2025\/05\/5-16-100x100.png 100w, https:\/\/jinzho.com\/wp-content\/uploads\/2025\/05\/5-16.png 600w\" sizes=\"(max-width: 121px) 100vw, 121px\" \/><\/td>\n<td class=\"et6\" style=\"width: 219.00pt;\" width=\"365\">(Number of LEDs\uff1a200)<br \/>\n(Lamp cap size\uff1a420*52mm)<br \/>\n(Solar Panels\uff1a6V\u300112W)<br \/>\n(Batteries\uff1a8000mAh)<\/td>\n<td class=\"et7\">1.8kg<\/td>\n<td class=\"et8\" style=\"width: 202.80pt;\" width=\"338\">Outer box:440*300*495mm\uff085 PCS\uff09<\/td>\n<\/tr>\n<tr style=\"height: 62.40pt;\">\n<td class=\"et4\" style=\"height: 62.40pt; width: 48.00pt;\" width=\"80\" height=\"104\">200w<\/td>\n<td class=\"et5\"><img loading=\"lazy\" decoding=\"async\" class=\"wp-image-4169 aligncenter\" src=\"http:\/\/jinzho.com\/wp-content\/uploads\/2025\/05\/1-54-300x300.png\" alt=\"\" width=\"122\" height=\"122\" title=\"\" srcset=\"https:\/\/jinzho.com\/wp-content\/uploads\/2025\/05\/1-54-300x300.png 300w, https:\/\/jinzho.com\/wp-content\/uploads\/2025\/05\/1-54-150x150.png 150w, https:\/\/jinzho.com\/wp-content\/uploads\/2025\/05\/1-54-100x100.png 100w, https:\/\/jinzho.com\/wp-content\/uploads\/2025\/05\/1-54.png 600w\" sizes=\"(max-width: 122px) 100vw, 122px\" \/><\/td>\n<td class=\"et6\" style=\"width: 219.00pt;\" width=\"365\">(Number of LEDs\uff1a700)<br \/>\n(Lamp cap size\uff1a420*52mm)<br \/>\n(Solar Panels\uff1a6V\u300112W)<br \/>\n(Batteries\uff1a8000mAh)<\/td>\n<td class=\"et7\">1.8kg<\/td>\n<td class=\"et8\" style=\"width: 202.80pt;\" width=\"338\">Outer box:440*300*495mm\uff085 PCS\uff09<\/td>\n<\/tr>\n<tr style=\"height: 62.40pt;\">\n<td class=\"et4\" style=\"height: 62.40pt; width: 48.00pt;\" width=\"80\" height=\"104\">300w<\/td>\n<td class=\"et5\"><img loading=\"lazy\" decoding=\"async\" class=\"wp-image-4167 aligncenter\" src=\"http:\/\/jinzho.com\/wp-content\/uploads\/2025\/05\/2-46-300x300.png\" alt=\"\" width=\"124\" height=\"124\" title=\"\" srcset=\"https:\/\/jinzho.com\/wp-content\/uploads\/2025\/05\/2-46-300x300.png 300w, https:\/\/jinzho.com\/wp-content\/uploads\/2025\/05\/2-46-150x150.png 150w, https:\/\/jinzho.com\/wp-content\/uploads\/2025\/05\/2-46-100x100.png 100w, https:\/\/jinzho.com\/wp-content\/uploads\/2025\/05\/2-46.png 600w\" sizes=\"(max-width: 124px) 100vw, 124px\" \/><\/td>\n<td class=\"et6\" style=\"width: 219.00pt;\" width=\"365\">(Number of LEDs\uff1a692)<br \/>\n(Lamp cap size\uff1a420*62mm)<br \/>\n(Solar Panels\uff1a6V\u300112W)<br \/>\n(Batteries\uff1a8000mAh)<\/td>\n<td class=\"et7\">1.8kg<\/td>\n<td class=\"et8\" style=\"width: 202.80pt;\" width=\"338\">Outer box:440*300*495mm\uff085 PCS\uff09<\/td>\n<\/tr>\n<tr style=\"height: 62.40pt;\">\n<td class=\"et4\" style=\"height: 62.40pt; width: 48.00pt;\" width=\"80\" height=\"104\">350w<\/td>\n<td class=\"et5\"><img loading=\"lazy\" decoding=\"async\" class=\"wp-image-4170 aligncenter\" src=\"http:\/\/jinzho.com\/wp-content\/uploads\/2025\/05\/3-193-300x300.jpg\" alt=\"\" width=\"128\" height=\"128\" title=\"\" srcset=\"https:\/\/jinzho.com\/wp-content\/uploads\/2025\/05\/3-193-300x300.jpg 300w, https:\/\/jinzho.com\/wp-content\/uploads\/2025\/05\/3-193-150x150.jpg 150w, https:\/\/jinzho.com\/wp-content\/uploads\/2025\/05\/3-193-600x600.jpg 600w, https:\/\/jinzho.com\/wp-content\/uploads\/2025\/05\/3-193-100x100.jpg 100w, https:\/\/jinzho.com\/wp-content\/uploads\/2025\/05\/3-193.jpg 745w\" sizes=\"(max-width: 128px) 100vw, 128px\" \/><\/td>\n<td class=\"et6\" style=\"width: 219.00pt;\" width=\"365\">(Number of LEDs\uff1a940)<br \/>\n(Lamp cap size\uff1a550*63mm)<br \/>\n(Solar Panels\uff1a6V\u300118W)<br \/>\n(Batteries\uff1a12000mAh)<\/td>\n<td class=\"et7\">2.6kg<\/td>\n<td class=\"et8\" style=\"width: 202.80pt;\" width=\"338\">Outer box:580*380*590mm\uff085 PCS\uff09<\/td>\n<\/tr>\n<tr style=\"height: 62.40pt;\">\n<td class=\"et4\" style=\"height: 62.40pt; width: 48.00pt;\" width=\"80\" height=\"104\">400w<\/td>\n<td class=\"et5\"><img loading=\"lazy\" decoding=\"async\" class=\"wp-image-4166 aligncenter\" src=\"http:\/\/jinzho.com\/wp-content\/uploads\/2025\/05\/4-30-300x300.png\" alt=\"\" width=\"131\" height=\"131\" title=\"\" srcset=\"https:\/\/jinzho.com\/wp-content\/uploads\/2025\/05\/4-30-300x300.png 300w, https:\/\/jinzho.com\/wp-content\/uploads\/2025\/05\/4-30-150x150.png 150w, https:\/\/jinzho.com\/wp-content\/uploads\/2025\/05\/4-30-100x100.png 100w, https:\/\/jinzho.com\/wp-content\/uploads\/2025\/05\/4-30.png 600w\" sizes=\"(max-width: 131px) 100vw, 131px\" \/><\/td>\n<td class=\"et6\" style=\"width: 219.00pt;\" width=\"365\">(Number of LEDs\uff1a1068)<br \/>\n(Lamp cap size\uff1a610*65mm)<br \/>\n(Solar Panels\uff1a6V\u300120W)<br \/>\n(Batteries\uff1a15000mAh)<\/td>\n<td class=\"et7\">3.4kg<\/td>\n<td class=\"et8\" style=\"width: 202.80pt;\" width=\"338\">Outer box:635*380*655mm\uff085 PCS\uff09<\/td>\n<\/tr>\n<\/tbody>\n<\/table>\n","protected":false},"excerpt":{"rendered":"<p>Le luminaire de jardin solaire rond UFO est un dispositif d'\u00e9clairage ext\u00e9rieur qui allie un design en forme d'OVNI, adapt\u00e9 aux besoins d'\u00e9clairage d\u00e9coratif des jardins, cours, balcons et autres espaces. La forme innovante d'OVNI concilie esth\u00e9tique et fonctionnalit\u00e9, et son syst\u00e8me de d\u00e9tection de lumi\u00e8re adaptatif permet un fonctionnement \u00e0 consommation \u00e9nerg\u00e9tique nulle.<\/p>\n<p>Quantit\u00e9 minimum de commande : 500<br \/>\nD\u00e9lai de livraison : 15-25 jours<br \/>\nEmplacement de l'usine : Zhongshan, Guangdong, Chine<\/p>","protected":false},"featured_media":2149,"comment_status":"closed","ping_status":"closed","template":"","meta":[],"product_brand":[],"product_cat":[2763],"product_tag":[168,170,173,193,194],"class_list":{"0":"post-1060","1":"product","2":"type-product","3":"status-publish","4":"has-post-thumbnail","6":"product_cat-solar-lamp","7":"product_tag-solar-led-lights","8":"product_tag-solar-led-garden-lights","9":"product_tag-solar-led-strip-lights","10":"product_tag-solar-pool-lights","11":"product_tag-solar-parking-lot-lights","13":"first","14":"instock","15":"shipping-taxable","16":"product-type-simple"},"_links":{"self":[{"href":"https:\/\/jinzho.com\/fr\/wp-json\/wp\/v2\/product\/1060","targetHints":{"allow":["GET"]}}],"collection":[{"href":"https:\/\/jinzho.com\/fr\/wp-json\/wp\/v2\/product"}],"about":[{"href":"https:\/\/jinzho.com\/fr\/wp-json\/wp\/v2\/types\/product"}],"replies":[{"embeddable":true,"href":"https:\/\/jinzho.com\/fr\/wp-json\/wp\/v2\/comments?post=1060"}],"wp:featuredmedia":[{"embeddable":true,"href":"https:\/\/jinzho.com\/fr\/wp-json\/wp\/v2\/media\/2149"}],"wp:attachment":[{"href":"https:\/\/jinzho.com\/fr\/wp-json\/wp\/v2\/media?parent=1060"}],"wp:term":[{"taxonomy":"product_brand","embeddable":true,"href":"https:\/\/jinzho.com\/fr\/wp-json\/wp\/v2\/product_brand?post=1060"},{"taxonomy":"product_cat","embeddable":true,"href":"https:\/\/jinzho.com\/fr\/wp-json\/wp\/v2\/product_cat?post=1060"},{"taxonomy":"product_tag","embeddable":true,"href":"https:\/\/jinzho.com\/fr\/wp-json\/wp\/v2\/product_tag?post=1060"}],"curies":[{"name":"wp","href":"https:\/\/api.w.org\/{rel}","templated":true}]}}