{"id":1058,"date":"2025-05-12T03:35:57","date_gmt":"2025-05-12T03:35:57","guid":{"rendered":"https:\/\/jinzho.com\/?post_type=product&#038;p=1058"},"modified":"2025-06-13T07:30:28","modified_gmt":"2025-06-13T07:30:28","slug":"luminaire-solaire-led-pour-eclairage-public-exterieur","status":"publish","type":"product","link":"https:\/\/jinzho.com\/fr\/product\/outdoor-solar-led-street-light\/","title":{"rendered":"Lampadaire solaire ext\u00e9rieur \u00e0 LED"},"content":{"rendered":"<h3>D\u00e9tails du produit :<\/h3>\n<p>Aucun c\u00e2blage requis \u00a0 \u00a0 \u00a0 \u00a0 \u00a0 \u00a0 LED haute luminosit\u00e9 \u00a0 \u00a0 \u00a0 \u00a0 \u00a0 \u00a0 Charge rapide \u00a0 \u00a0 \u00a0 \u00a0 \u00a0 Contr\u00f4le intelligent de la lumi\u00e8re \u00a0 \u00a0 \u00a0 \u00a0 \u00a0 \u00a0 D\u00e9tection intelligente<\/p>\n<p><img decoding=\"async\" class=\"alignnone wp-image-4071\" src=\"http:\/\/jinzho.com\/wp-content\/uploads\/2025\/05\/11.jpg\" alt=\"\" width=\"85\" height=\"85\" title=\"\">\u00a0 \u00a0 \u00a0 \u00a0 \u00a0 \u00a0 \u00a0 \u00a0 \u00a0 \u00a0 \u00a0 \u00a0 \u00a0 \u00a0 <img decoding=\"async\" class=\"alignnone size-medium wp-image-4072\" src=\"http:\/\/jinzho.com\/wp-content\/uploads\/2025\/05\/12.jpg\" alt=\"\" width=\"85\" height=\"85\" title=\"\">\u00a0 \u00a0 \u00a0 \u00a0 \u00a0 \u00a0 \u00a0 \u00a0 \u00a0 \u00a0 \u00a0 \u00a0 \u00a0 \u00a0 \u00a0<img decoding=\"async\" class=\"alignnone wp-image-4073\" src=\"http:\/\/jinzho.com\/wp-content\/uploads\/2025\/05\/13.jpg\" alt=\"\" width=\"101\" height=\"85\" title=\"\">\u00a0 \u00a0 \u00a0 \u00a0 \u00a0 \u00a0 \u00a0 \u00a0 \u00a0 \u00a0 \u00a0 \u00a0<img loading=\"lazy\" decoding=\"async\" class=\"alignnone wp-image-4074\" src=\"http:\/\/jinzho.com\/wp-content\/uploads\/2025\/05\/14.jpg\" alt=\"\" width=\"85\" height=\"85\" title=\"\">\u00a0 \u00a0 \u00a0 \u00a0 \u00a0 \u00a0 \u00a0 \u00a0 \u00a0 \u00a0 \u00a0 \u00a0 \u00a0 \u00a0 \u00a0 \u00a0 \u00a0 <img loading=\"lazy\" decoding=\"async\" class=\"alignnone wp-image-4075\" src=\"http:\/\/jinzho.com\/wp-content\/uploads\/2025\/05\/15.jpg\" alt=\"\" width=\"85\" height=\"85\" title=\"\" srcset=\"https:\/\/jinzho.com\/wp-content\/uploads\/2025\/05\/15.jpg 126w, https:\/\/jinzho.com\/wp-content\/uploads\/2025\/05\/15-100x100.jpg 100w\" sizes=\"(max-width: 85px) 100vw, 85px\" \/><\/p>\n<p>Rechargeable les jours de pluie \u00a0 \u00a0 \u00a0 \u00a0 \u00a0 \u00a0 \u00a0 \u00c9tanche et prot\u00e9g\u00e9 contre la foudre \u00a0 \u00a0 \u00a0 \u00a0 \u00a0 \u00a0 Batterie lithium grande capacit\u00e9 \u00a0 \u00a0 \u00a0 \u00a0 \u00a0 Installation facile<\/p>\n<p><img loading=\"lazy\" decoding=\"async\" class=\"alignnone wp-image-4076\" src=\"http:\/\/jinzho.com\/wp-content\/uploads\/2025\/05\/16.jpg\" alt=\"\" width=\"85\" height=\"85\" title=\"\" srcset=\"https:\/\/jinzho.com\/wp-content\/uploads\/2025\/05\/16.jpg 114w, https:\/\/jinzho.com\/wp-content\/uploads\/2025\/05\/16-100x100.jpg 100w\" sizes=\"(max-width: 85px) 100vw, 85px\" \/>\u00a0 \u00a0 \u00a0 \u00a0 \u00a0 \u00a0 \u00a0 \u00a0 \u00a0 \u00a0 \u00a0 \u00a0 \u00a0 \u00a0 \u00a0 \u00a0 \u00a0 \u00a0 \u00a0 \u00a0 \u00a0 \u00a0 \u00a0 \u00a0<img loading=\"lazy\" decoding=\"async\" class=\"alignnone wp-image-4077\" src=\"http:\/\/jinzho.com\/wp-content\/uploads\/2025\/05\/17.jpg\" alt=\"\" width=\"85\" height=\"85\" title=\"\">\u00a0 \u00a0 \u00a0 \u00a0 \u00a0 \u00a0 \u00a0 \u00a0 \u00a0 \u00a0 \u00a0 \u00a0 \u00a0 \u00a0 \u00a0 \u00a0 \u00a0 \u00a0 \u00a0 \u00a0 \u00a0 \u00a0 \u00a0 \u00a0 \u00a0 \u00a0<img loading=\"lazy\" decoding=\"async\" class=\"alignnone wp-image-4078\" src=\"http:\/\/jinzho.com\/wp-content\/uploads\/2025\/05\/18.jpg\" alt=\"\" width=\"85\" height=\"85\" title=\"\" srcset=\"https:\/\/jinzho.com\/wp-content\/uploads\/2025\/05\/18.jpg 102w, https:\/\/jinzho.com\/wp-content\/uploads\/2025\/05\/18-100x100.jpg 100w\" sizes=\"(max-width: 85px) 100vw, 85px\" \/>\u00a0 \u00a0 \u00a0 \u00a0 \u00a0 \u00a0 \u00a0 \u00a0 \u00a0 \u00a0 \u00a0 \u00a0 \u00a0 \u00a0 \u00a0 \u00a0 \u00a0 \u00a0 <img loading=\"lazy\" decoding=\"async\" class=\"alignnone wp-image-4079\" src=\"http:\/\/jinzho.com\/wp-content\/uploads\/2025\/05\/19.jpg\" alt=\"\" width=\"85\" height=\"85\" title=\"\"><\/p>\n<table style=\"border-collapse: collapse; width: 749px; height: 581px;\" border=\"0\" width=\"798\" cellspacing=\"0\" cellpadding=\"0\">\n<tbody>\n<tr style=\"height: 109.20pt;\">\n<td class=\"et2\" style=\"height: 109.20pt; width: 286.20pt;\" width=\"477\" height=\"182\">\n<h3>\u00a0 \u00a0 \u00a0 \u00a0 \u00a0 \u00a0 \u00a0 \u00a0 \u00a0 \u00a0 \u00a0Noyau de lampe LED<\/h3>\n<p>source lumineuse haute luminosit\u00e9, faible consommation d'\u00e9nergie,<br \/>\nfaible d\u00e9gradation de la lumi\u00e8re, lumi\u00e8re douce, \u00e9clairage uniforme.<\/td>\n<td style=\"width: 192.60pt;\" width=\"321\"><img loading=\"lazy\" decoding=\"async\" class=\"wp-image-4067 aligncenter\" src=\"http:\/\/jinzho.com\/wp-content\/uploads\/2025\/05\/8-3-300x272.jpg\" alt=\"\" width=\"174\" height=\"158\" title=\"\" srcset=\"https:\/\/jinzho.com\/wp-content\/uploads\/2025\/05\/8-3-300x272.jpg 300w, https:\/\/jinzho.com\/wp-content\/uploads\/2025\/05\/8-3.jpg 492w\" sizes=\"(max-width: 174px) 100vw, 174px\" \/><\/td>\n<\/tr>\n<tr style=\"height: 109.20pt;\">\n<td class=\"et2\" style=\"height: 109.20pt; width: 286.20pt;\" width=\"477\" height=\"182\">\n<h3>\u00a0 \u00a0 \u00a0 \u00a0 \u00a0 \u00a0 \u00a0 \u00a0 \u00a0 \u00a0 \u00a0 \u00a0Sonde de d\u00e9tection<\/h3>\n<p>sonde de d\u00e9tection sensible s'allume lorsqu'une personne<br \/>\ns'approche et s'\u00e9teint lorsqu'elle s'\u00e9loigne.<\/td>\n<td><img loading=\"lazy\" decoding=\"async\" class=\"wp-image-4068 aligncenter\" src=\"http:\/\/jinzho.com\/wp-content\/uploads\/2025\/05\/9-1-300x263.jpg\" alt=\"\" width=\"177\" height=\"155\" title=\"\" srcset=\"https:\/\/jinzho.com\/wp-content\/uploads\/2025\/05\/9-1-300x263.jpg 300w, https:\/\/jinzho.com\/wp-content\/uploads\/2025\/05\/9-1.jpg 491w\" sizes=\"(max-width: 177px) 100vw, 177px\" \/><\/td>\n<\/tr>\n<tr style=\"height: 109.20pt;\">\n<td class=\"et2\" style=\"height: 109.20pt; width: 286.20pt;\" width=\"477\" height=\"182\">\n<h3>\u00a0 \u00a0 \u00a0 \u00a0 \u00a0 \u00a0 \u00a0 \u00a0 \u00a0 \u00a0 \u00a0 Corps de lampe en ABS<\/h3>\n<p>la technologie de dissipation thermique par convection d'air disperse<br \/>\nla chaleur de la puce LED pour stabiliser sa temp\u00e9rature.<\/td>\n<td><img loading=\"lazy\" decoding=\"async\" class=\"wp-image-4069 aligncenter\" src=\"http:\/\/jinzho.com\/wp-content\/uploads\/2025\/05\/10-300x279.jpg\" alt=\"\" width=\"180\" height=\"167\" title=\"\" srcset=\"https:\/\/jinzho.com\/wp-content\/uploads\/2025\/05\/10-300x279.jpg 300w, https:\/\/jinzho.com\/wp-content\/uploads\/2025\/05\/10.jpg 489w\" sizes=\"(max-width: 180px) 100vw, 180px\" \/><\/td>\n<\/tr>\n<\/tbody>\n<\/table>\n<p>&nbsp;<\/p>\n<h3>Attributs du produit :<\/h3>\n<table style=\"border-collapse: collapse; width: 595.23pt;\" border=\"0\" width=\"992\" cellspacing=\"0\" cellpadding=\"0\">\n<tbody>\n<tr style=\"height: 67.00pt;\">\n<td class=\"et2\" style=\"height: 67.00pt; width: 48.00pt;\" width=\"80\" height=\"111\">Style<\/td>\n<td class=\"et3\" style=\"width: 193.20pt;\" width=\"322\">Image<\/td>\n<td class=\"et3\" style=\"width: 174.60pt;\" width=\"291\">Param\u00e8tres<\/td>\n<td class=\"et3\" style=\"width: 179.40pt;\" width=\"299\">Emballage de la bo\u00eete de couleur (mm)<\/td>\n<\/tr>\n<tr style=\"height: 62.40pt;\">\n<td class=\"et4\" style=\"height: 62.40pt; width: 48.00pt;\" width=\"80\" height=\"104\">50w<\/td>\n<td class=\"et5\" rowspan=\"5\"><img loading=\"lazy\" decoding=\"async\" class=\"alignnone size-medium wp-image-4070\" src=\"http:\/\/jinzho.com\/wp-content\/uploads\/2025\/05\/1-52-300x300.png\" alt=\"\" width=\"300\" height=\"300\" title=\"\" srcset=\"https:\/\/jinzho.com\/wp-content\/uploads\/2025\/05\/1-52-300x300.png 300w, https:\/\/jinzho.com\/wp-content\/uploads\/2025\/05\/1-52-150x150.png 150w, https:\/\/jinzho.com\/wp-content\/uploads\/2025\/05\/1-52-100x100.png 100w, https:\/\/jinzho.com\/wp-content\/uploads\/2025\/05\/1-52.png 600w\" sizes=\"(max-width: 300px) 100vw, 300px\" \/><\/td>\n<td class=\"et6\" style=\"width: 174.60pt;\" width=\"291\">Nombre de LED : 80<br \/>\nDimensions du culot : 197*388 mm<br \/>\nPanneaux solaires : 6V, 6W<br \/>\nBatteries : 3000 mAh<\/td>\n<td class=\"et7\" style=\"width: 179.40pt;\" width=\"299\">61*22*41,5 cm<br \/>\n(10PCS)<\/td>\n<\/tr>\n<tr style=\"height: 62.40pt;\">\n<td class=\"et4\" style=\"height: 62.40pt; width: 48.00pt;\" width=\"80\" height=\"104\">100w<\/td>\n<td class=\"et6\" style=\"width: 174.60pt;\" width=\"291\">Nombre de LED : 160<br \/>\nDimensions du culot : 218*484 mm<br \/>\nPanneaux solaires : 6V, 8W<br \/>\nBatteries : 5000 mAh<\/td>\n<td class=\"et7\" style=\"width: 179.40pt;\" width=\"299\">73*24*52 cm<br \/>\n(10PCS)<\/td>\n<\/tr>\n<tr style=\"height: 62.40pt;\">\n<td class=\"et4\" style=\"height: 62.40pt; width: 48.00pt;\" width=\"80\" height=\"104\">150W<\/td>\n<td class=\"et6\" style=\"width: 174.60pt;\" width=\"291\">Nombre de LED : 240<br \/>\nDimensions du culot : 238*620 mm<br \/>\nPanneaux solaires : 6V, 12W<br \/>\nBatteries : 8000 mAh<\/td>\n<td class=\"et7\" style=\"width: 179.40pt;\" width=\"299\">64,5*32,5*25,5 cm<br \/>\n(5PCS)<\/td>\n<\/tr>\n<tr style=\"height: 62.40pt;\">\n<td class=\"et4\" style=\"height: 62.40pt; width: 48.00pt;\" width=\"80\" height=\"104\">200 W<\/td>\n<td class=\"et6\" style=\"width: 174.60pt;\" width=\"291\">Nombre de LED : 320<br \/>\nDimensions du culot : 240*720 mm<br \/>\nPanneaux solaires : 6V, 15W<br \/>\nBatteries : 10000 mAh<\/td>\n<td class=\"et7\" style=\"width: 179.40pt;\" width=\"299\">74,5*37*26 cm<br \/>\n(5PCS)<\/td>\n<\/tr>\n<tr style=\"height: 62.40pt;\">\n<td class=\"et4\" style=\"height: 62.40pt; width: 48.00pt;\" width=\"80\" height=\"104\">250 W<\/td>\n<td class=\"et6\" style=\"width: 174.60pt;\" width=\"291\">Nombre de LED : 400<br \/>\nDimensions du culot : 240*820 mm<br \/>\nPanneaux solaires : 6V, 18W<br \/>\nBatteries : 12\u00a0000 mAh<\/td>\n<td class=\"et7\" style=\"width: 179.40pt;\" width=\"299\">84,5*34,5*26 cm<br \/>\n(5PCS)<\/td>\n<\/tr>\n<\/tbody>\n<\/table>","protected":false},"excerpt":{"rendered":"<p>Le luminaire d'\u00e9clairage public solaire LED ext\u00e9rieur est un dispositif d'\u00e9clairage intelligent bas\u00e9 sur la production d'\u00e9nergie photovolta\u00efque. Il int\u00e8gre une source lumineuse LED et un syst\u00e8me adaptatif de d\u00e9tection de lumi\u00e8re pour r\u00e9pondre aux besoins d'\u00e9clairage \u00e9conome en \u00e9nergie des sc\u00e8nes ext\u00e9rieures telles que les routes et les places. Les composants photovolta\u00efques \u00e0 haut rendement assurent une alimentation \u00e9lectrique stable, et la source lumineuse LED r\u00e9sistante aux intemp\u00e9ries prolonge la dur\u00e9e de vie ; la structure enti\u00e8rement \u00e9tanche s'adapte aux conditions m\u00e9t\u00e9orologiques s\u00e9v\u00e8res, le support r\u00e9glable permet une installation flexible, et le syst\u00e8me de d\u00e9tection de lumi\u00e8re optimise automatiquement la luminosit\u00e9.<\/p>\n<p>Quantit\u00e9 minimum de commande : 500<br \/>\nD\u00e9lai de livraison : 15-25 jours<br \/>\nEmplacement de l'usine : Zhongshan, Guangdong, Chine<\/p>","protected":false},"featured_media":4064,"comment_status":"closed","ping_status":"closed","template":"","meta":[],"product_brand":[],"product_cat":[2763],"product_tag":[169,182,187,189,190],"class_list":{"0":"post-1058","1":"product","2":"type-product","3":"status-publish","4":"has-post-thumbnail","6":"product_cat-solar-lamp","7":"product_tag-led-solar-powered-lighting","8":"product_tag-led-light-strips-solar","9":"product_tag-outdoor-led-strip-lights-solar-powered","10":"product_tag-street-solar-light","11":"product_tag-solar-energy-street-light","13":"first","14":"instock","15":"shipping-taxable","16":"product-type-simple"},"_links":{"self":[{"href":"https:\/\/jinzho.com\/fr\/wp-json\/wp\/v2\/product\/1058","targetHints":{"allow":["GET"]}}],"collection":[{"href":"https:\/\/jinzho.com\/fr\/wp-json\/wp\/v2\/product"}],"about":[{"href":"https:\/\/jinzho.com\/fr\/wp-json\/wp\/v2\/types\/product"}],"replies":[{"embeddable":true,"href":"https:\/\/jinzho.com\/fr\/wp-json\/wp\/v2\/comments?post=1058"}],"wp:featuredmedia":[{"embeddable":true,"href":"https:\/\/jinzho.com\/fr\/wp-json\/wp\/v2\/media\/4064"}],"wp:attachment":[{"href":"https:\/\/jinzho.com\/fr\/wp-json\/wp\/v2\/media?parent=1058"}],"wp:term":[{"taxonomy":"product_brand","embeddable":true,"href":"https:\/\/jinzho.com\/fr\/wp-json\/wp\/v2\/product_brand?post=1058"},{"taxonomy":"product_cat","embeddable":true,"href":"https:\/\/jinzho.com\/fr\/wp-json\/wp\/v2\/product_cat?post=1058"},{"taxonomy":"product_tag","embeddable":true,"href":"https:\/\/jinzho.com\/fr\/wp-json\/wp\/v2\/product_tag?post=1058"}],"curies":[{"name":"wp","href":"https:\/\/api.w.org\/{rel}","templated":true}]}}