{"id":1051,"date":"2025-05-12T03:35:39","date_gmt":"2025-05-12T03:35:39","guid":{"rendered":"https:\/\/jinzho.com\/?post_type=product&#038;p=1051"},"modified":"2025-06-12T03:47:05","modified_gmt":"2025-06-12T03:47:05","slug":"outdoor-garden-solar-flood-light","status":"publish","type":"product","link":"https:\/\/jinzho.com\/fr\/product\/outdoor-garden-solar-flood-light\/","title":{"rendered":"Projecteur solaire de jardin ext\u00e9rieur"},"content":{"rendered":"<h3><strong>Produit <\/strong>Principales caract\u00e9ristiques<\/h3>\n<table style=\"border-collapse: collapse; width: 1151px; height: 646px;\" border=\"0\" width=\"1386\" cellspacing=\"0\" cellpadding=\"0\">\n<tbody>\n<tr style=\"height: 156.00pt;\">\n<td class=\"et2\" style=\"height: 156pt; width: 507.6pt; text-align: left;\" width=\"846\" height=\"260\"><strong>Technologie de production d'\u00e9nergie solaire<\/strong><span class=\"font0\"><br \/>\nAdoption de panneaux solaires en silicium polycristallin de haute qualit\u00e9, \u00e0 haute conversion photovolta\u00efque et vitesse de charge rapide, charge compl\u00e8te en 4-6 heures par temps normal, possibilit\u00e9 de charge par temps nuageux, d\u00e9tection par contr\u00f4le intelligent de la lumi\u00e8re ; absorption rapide, conversion \u00e9lev\u00e9e, plus de charge, longue dur\u00e9e de vie, sortie stable, \u00e9conomie d'\u00e9nergie et tranquillit\u00e9 d'esprit.<br \/>\n<\/span><img decoding=\"async\" class=\"wp-image-3841 aligncenter\" src=\"http:\/\/jinzho.com\/wp-content\/uploads\/2025\/05\/8-1-272x300.jpg\" alt=\"\" width=\"179\" height=\"197\" title=\"\" srcset=\"https:\/\/jinzho.com\/wp-content\/uploads\/2025\/05\/8-1-272x300.jpg 272w, https:\/\/jinzho.com\/wp-content\/uploads\/2025\/05\/8-1.jpg 372w\" sizes=\"(max-width: 179px) 100vw, 179px\" \/><\/td>\n<td class=\"et2\" style=\"width: 324.00pt;\" width=\"540\"><strong>Perles lumineuses Samsung 5730<\/strong><span class=\"font0\"><br \/>\nAdoption de puces LED haute luminosit\u00e9 mod\u00e8le 2835, \u00e9mission lumineuse stable, sans scintillement, haute luminosit\u00e9, faible d\u00e9gradation lumineuse et longue dur\u00e9e de vie.<br \/>\n<\/span><img decoding=\"async\" class=\"wp-image-3842 aligncenter\" src=\"http:\/\/jinzho.com\/wp-content\/uploads\/2025\/05\/7-1-300x300.jpg\" alt=\"\" width=\"223\" height=\"223\" title=\"\" srcset=\"https:\/\/jinzho.com\/wp-content\/uploads\/2025\/05\/7-1-300x300.jpg 300w, https:\/\/jinzho.com\/wp-content\/uploads\/2025\/05\/7-1-150x150.jpg 150w, https:\/\/jinzho.com\/wp-content\/uploads\/2025\/05\/7-1-100x100.jpg 100w, https:\/\/jinzho.com\/wp-content\/uploads\/2025\/05\/7-1.jpg 495w\" sizes=\"(max-width: 223px) 100vw, 223px\" \/><\/td>\n<\/tr>\n<tr style=\"height: 162.00pt;\">\n<td class=\"et2\" style=\"height: 162.00pt; width: 507.60pt;\" width=\"846\" height=\"270\"><strong>Adoption de batterie au lithium fer phosphate de qualit\u00e9 automobile<\/strong><span class=\"font0\"><br \/>\nAlimentation \u00e9lectrique ininterrompue les jours de pluie, rendant la batterie plus durable, plus r\u00e9sistante et plus s\u00fbre.<br \/>\n<\/span><img decoding=\"async\" class=\"wp-image-3843 aligncenter\" src=\"http:\/\/jinzho.com\/wp-content\/uploads\/2025\/05\/6-2-300x300.jpg\" alt=\"\" width=\"199\" height=\"199\" title=\"\" srcset=\"https:\/\/jinzho.com\/wp-content\/uploads\/2025\/05\/6-2-300x300.jpg 300w, https:\/\/jinzho.com\/wp-content\/uploads\/2025\/05\/6-2-150x150.jpg 150w, https:\/\/jinzho.com\/wp-content\/uploads\/2025\/05\/6-2-100x100.jpg 100w, https:\/\/jinzho.com\/wp-content\/uploads\/2025\/05\/6-2.jpg 459w\" sizes=\"(max-width: 199px) 100vw, 199px\" \/><\/td>\n<td class=\"et2\" style=\"width: 324.00pt;\" width=\"540\"><strong>\u00c9tanch\u00e9it\u00e9 haute qualit\u00e9 IP67<\/strong><span class=\"font0\"><br \/>\nLes performances d'\u00e9tanch\u00e9it\u00e9 ont \u00e9t\u00e9 r\u00e9cemment am\u00e9lior\u00e9es, vous n'avez donc pas \u00e0 vous soucier de la pluie et de l'humidit\u00e9.<br \/>\n<\/span><img loading=\"lazy\" decoding=\"async\" class=\"wp-image-3844 aligncenter\" src=\"http:\/\/jinzho.com\/wp-content\/uploads\/2025\/05\/9-300x300.jpg\" alt=\"\" width=\"209\" height=\"209\" title=\"\" srcset=\"https:\/\/jinzho.com\/wp-content\/uploads\/2025\/05\/9-300x300.jpg 300w, https:\/\/jinzho.com\/wp-content\/uploads\/2025\/05\/9-150x150.jpg 150w, https:\/\/jinzho.com\/wp-content\/uploads\/2025\/05\/9-100x100.jpg 100w, https:\/\/jinzho.com\/wp-content\/uploads\/2025\/05\/9.jpg 441w\" sizes=\"(max-width: 209px) 100vw, 209px\" \/><\/td>\n<\/tr>\n<\/tbody>\n<\/table>\n<p>&nbsp;<\/p>\n<h3><strong>Attributs du produit<\/strong><\/h3>\n<table style=\"height: 2328px;\" width=\"957\">\n<tbody>\n<tr>\n<td width=\"111\">Style<\/td>\n<td width=\"254\">Image<\/td>\n<td width=\"381\">Param\u00e8tres<\/td>\n<td width=\"101\">poids<\/td>\n<td width=\"296\">Emballage de la bo\u00eete de couleur (mm)<\/td>\n<\/tr>\n<tr>\n<td width=\"111\">10W<\/td>\n<td><img loading=\"lazy\" decoding=\"async\" class=\"alignnone wp-image-3840\" src=\"http:\/\/jinzho.com\/wp-content\/uploads\/2025\/05\/\u56fe\u72471-5-300x224.png\" alt=\"\" width=\"229\" height=\"171\" title=\"\" srcset=\"https:\/\/jinzho.com\/wp-content\/uploads\/2025\/05\/\u56fe\u72471-5-300x224.png 300w, https:\/\/jinzho.com\/wp-content\/uploads\/2025\/05\/\u56fe\u72471-5.png 315w\" sizes=\"(max-width: 229px) 100vw, 229px\" \/><\/td>\n<td width=\"381\">(Nombre de LED : 44)<\/p>\n<p>(Dimensions du culot : 120*130mm)<\/p>\n<p>(Dimensions du panneau photovolta\u00efque : 125*135mm)<\/p>\n<p>(Panneaux solaires : 6V, 2W)<\/p>\n<p>(Batteries : 1200mAh)<\/td>\n<td width=\"101\">0.50KG<\/td>\n<td width=\"296\">Dimensions de la bo\u00eete : 150*65*180mm<br \/>\nCarton d'exp\u00e9dition : 465*345*380 (30PCS)<\/td>\n<\/tr>\n<tr>\n<td width=\"111\">15W<\/td>\n<td><img loading=\"lazy\" decoding=\"async\" class=\"wp-image-3833\" src=\"http:\/\/jinzho.com\/wp-content\/uploads\/2025\/05\/\u56fe\u724711-2-300x279.png\" alt=\"bandes lumineuses LED solaires \u00e9tanches\" width=\"230\" height=\"214\" title=\"\" srcset=\"https:\/\/jinzho.com\/wp-content\/uploads\/2025\/05\/\u56fe\u724711-2-300x279.png 300w, https:\/\/jinzho.com\/wp-content\/uploads\/2025\/05\/\u56fe\u724711-2.png 310w\" sizes=\"(max-width: 230px) 100vw, 230px\" \/><\/td>\n<td width=\"381\">(Nombre de LED : 102)<\/p>\n<p>(Dimensions du culot : 143*115mm)<\/p>\n<p>(Dimensions du panneau photovolta\u00efque : 130*220mm)<\/p>\n<p>(Panneaux solaires : 6V, 3W)<\/p>\n<p>(Batteries : 1500mAh)<\/td>\n<td width=\"101\">0.75KG<\/td>\n<td width=\"296\">Dimensions de la bo\u00eete : 140*75*225mm<br \/>\nCarton d'exp\u00e9dition : 465*365*295 (20PCS)<\/td>\n<\/tr>\n<tr>\n<td width=\"111\">25W<\/td>\n<td><img loading=\"lazy\" decoding=\"async\" class=\"wp-image-3834\" src=\"http:\/\/jinzho.com\/wp-content\/uploads\/2025\/05\/\u56fe\u724712-3-300x274.png\" alt=\"lampes solaires \u00e0 LED\" width=\"224\" height=\"205\" title=\"\" srcset=\"https:\/\/jinzho.com\/wp-content\/uploads\/2025\/05\/\u56fe\u724712-3-300x274.png 300w, https:\/\/jinzho.com\/wp-content\/uploads\/2025\/05\/\u56fe\u724712-3.png 319w\" sizes=\"(max-width: 224px) 100vw, 224px\" \/><\/td>\n<td width=\"381\">(Nombre de LED : 114)<\/p>\n<p>(Dimensions du culot : 205*157mm)<\/p>\n<p>(Dimensions du panneau photovolta\u00efque : 130*220mm)<\/p>\n<p>(Panneaux solaires : 6V, 3W)<\/p>\n<p>(Batteries : 2000mAh)<\/td>\n<td width=\"101\">1.1KG<\/td>\n<td width=\"296\">Dimensions de la bo\u00eete : 280*85*205mm<br \/>\nCarton d'exp\u00e9dition : 445*430*295 (10PCS)<\/td>\n<\/tr>\n<tr>\n<td width=\"111\">40W<\/td>\n<td><img loading=\"lazy\" decoding=\"async\" class=\"wp-image-3835\" src=\"http:\/\/jinzho.com\/wp-content\/uploads\/2025\/05\/\u56fe\u724713-3.png\" alt=\"bandes lumineuses \u00e0 LED solaires\" width=\"221\" height=\"208\" title=\"\"><\/td>\n<td width=\"381\">(Nombre de LED : 183)<\/p>\n<p>(Dimensions du culot : 247*200mm)<\/p>\n<p>(Dimensions du panneau photovolta\u00efque : 270*180mm)<\/p>\n<p>(Panneaux solaires : 6V, 6W)<\/p>\n<p>(Batteries : 4000 mAh)<\/td>\n<td width=\"101\">1.9KG<\/td>\n<td width=\"296\">Dimensions de la bo\u00eete : 360*100*240mm<br \/>\nCarton d'exp\u00e9dition : 520*375*495 (10PCS)<\/td>\n<\/tr>\n<tr>\n<td width=\"111\">60W<\/td>\n<td><img loading=\"lazy\" decoding=\"async\" class=\"wp-image-3836\" src=\"http:\/\/jinzho.com\/wp-content\/uploads\/2025\/05\/\u56fe\u724714-3.png\" alt=\"lampes solaires de jardin \u00e0 LED\" width=\"218\" height=\"201\" title=\"\"><\/td>\n<td width=\"381\">(Nombre de LED : 130)<\/p>\n<p>(Dimensions du culot : 270*220mm)<\/p>\n<p>(Dimensions du panneau photovolta\u00efque : 350*235mm)<\/p>\n<p>(Panneaux solaires\uff1a6V\u300118W)<\/p>\n<p>(Batteries : 5000mAh)<\/td>\n<td width=\"101\">1.9KG<\/td>\n<td width=\"296\">Dimensions de la bo\u00eete : 360*100*240mm<br \/>\nCarton d'exp\u00e9dition : 520*375*495 (10PCS)<\/td>\n<\/tr>\n<tr>\n<td width=\"111\">100 W<\/td>\n<td><img loading=\"lazy\" decoding=\"async\" class=\"wp-image-3837\" src=\"http:\/\/jinzho.com\/wp-content\/uploads\/2025\/05\/\u56fe\u724715-3.png\" alt=\"Ruban LED solaire pour ext\u00e9rieur\" width=\"219\" height=\"224\" title=\"\"><\/td>\n<td width=\"381\">(Nombre de LED : 281)<\/p>\n<p>(Dimensions du culot : 270*220mm)<\/p>\n<p>(Dimensions du panneau photovolta\u00efque : 350*235mm)<\/p>\n<p>(Panneaux solaires\uff1a6V\u300118W)<\/p>\n<p>(Batteries : 6000mAh)<\/td>\n<td width=\"101\">2,3 kg<\/td>\n<td width=\"296\">Dimensions de la bo\u00eete : 310*100*365mm<br \/>\nCarton d'exp\u00e9dition : 525*380*640 (10PCS)<\/td>\n<\/tr>\n<tr>\n<td width=\"111\">200 W<\/td>\n<td width=\"254\"><img loading=\"lazy\" decoding=\"async\" class=\"wp-image-3838\" src=\"http:\/\/jinzho.com\/wp-content\/uploads\/2025\/05\/\u56fe\u724716-1-300x274.png\" alt=\"Ruban LED solaire pour ext\u00e9rieur\" width=\"221\" height=\"202\" title=\"\" srcset=\"https:\/\/jinzho.com\/wp-content\/uploads\/2025\/05\/\u56fe\u724716-1-300x274.png 300w, https:\/\/jinzho.com\/wp-content\/uploads\/2025\/05\/\u56fe\u724716-1.png 322w\" sizes=\"(max-width: 221px) 100vw, 221px\" \/><\/td>\n<td width=\"381\">(Nombre de LED : 381)<\/p>\n<p>(Dimensions du culot : 320*260mm)<\/p>\n<p>(Dimensions du panneau photovolta\u00efque : 350*290mm)<\/p>\n<p>(Panneaux solaires\uff1a6V\u300112W)<\/p>\n<p>(Batteries : 8000 mAh)<\/td>\n<td width=\"101\">3,2 kg<\/td>\n<td width=\"296\">Dimensions de la bo\u00eete : 365*100*365mm<br \/>\nCarton d'exp\u00e9dition : 520*380*380 (5PCS)<\/td>\n<\/tr>\n<tr>\n<td width=\"111\">300 W<\/td>\n<td width=\"254\"><img loading=\"lazy\" decoding=\"async\" class=\"wp-image-3839\" src=\"http:\/\/jinzho.com\/wp-content\/uploads\/2025\/05\/\u56fe\u724717-1.png\" alt=\"bandes lumineuses LED solaires \u00e9tanches\" width=\"224\" height=\"213\" title=\"\"><\/td>\n<td width=\"381\">(Nombre de LED : 570)<\/p>\n<p>(Dimensions du culot : 360*280mm)<\/p>\n<p>(Dimensions du panneau photovolta\u00efque : 350*350mm)<\/p>\n<p>(Panneaux solaires : 6V, 15W)<\/p>\n<p>(Batteries : 12\u00a0000 mAh)<\/td>\n<td width=\"101\">3.9KG<\/td>\n<td width=\"296\">Dimensions de la bo\u00eete : 365*100*365mm<br \/>\nCarton d'exp\u00e9dition : 520*380*380 (5PCS)<\/td>\n<\/tr>\n<\/tbody>\n<\/table>\n<p>&nbsp;<\/p>\n<p>&nbsp;<\/p>","protected":false},"excerpt":{"rendered":"<p>Le projecteur solaire pour jardin ext\u00e9rieur est un dispositif d'\u00e9clairage ext\u00e9rieur intelligent bas\u00e9 sur la production d'\u00e9nergie photovolta\u00efque. Il adopte une source lumineuse LED haute luminosit\u00e9 et un syst\u00e8me de contr\u00f4le double mode d\u00e9tection de lumi\u00e8re\/corps humain, prend en charge les fonctions d'\u00e9clairage grand angle et de gradation \u00e0 distance, et fournit des solutions d'\u00e9clairage de s\u00e9curit\u00e9 nocturne et d'\u00e9clairage paysager pour des sc\u00e8nes telles que les cours, les jardins et les parkings.<br \/>\nAvantages du produit : panneaux solaires haute efficacit\u00e9 int\u00e9gr\u00e9s et LED haute puissance 1200LM pour r\u00e9aliser un stockage d'\u00e9nergie rapide, une autonomie ultra-longue et une couverture haute luminosit\u00e9 ; indice de protection IP65 et conception de support r\u00e9glable s'adaptant aux environnements complexes toutes conditions m\u00e9t\u00e9orologiques et aux exigences d'installation multi-angles, alliant \u00e0 la fois \u00e9conomie d'\u00e9nergie intelligente et haute fiabilit\u00e9.<\/p>\n<p>Quantit\u00e9 minimum de commande : 500<br \/>\nD\u00e9lai de livraison : 15-25 jours<br \/>\nEmplacement de l'usine : Zhongshan, Guangdong, Chine<\/p>","protected":false},"featured_media":3830,"comment_status":"closed","ping_status":"closed","template":"","meta":[],"product_brand":[],"product_cat":[2763],"product_tag":[167,168,169,170,171],"class_list":{"0":"post-1051","1":"product","2":"type-product","3":"status-publish","4":"has-post-thumbnail","6":"product_cat-solar-lamp","7":"product_tag-outdoor-solar-flood-light","8":"product_tag-solar-led-lights","9":"product_tag-led-solar-powered-lighting","10":"product_tag-solar-led-garden-lights","11":"product_tag-solar-led-strip-lights-outdoor","13":"first","14":"instock","15":"shipping-taxable","16":"product-type-simple"},"_links":{"self":[{"href":"https:\/\/jinzho.com\/fr\/wp-json\/wp\/v2\/product\/1051","targetHints":{"allow":["GET"]}}],"collection":[{"href":"https:\/\/jinzho.com\/fr\/wp-json\/wp\/v2\/product"}],"about":[{"href":"https:\/\/jinzho.com\/fr\/wp-json\/wp\/v2\/types\/product"}],"replies":[{"embeddable":true,"href":"https:\/\/jinzho.com\/fr\/wp-json\/wp\/v2\/comments?post=1051"}],"wp:featuredmedia":[{"embeddable":true,"href":"https:\/\/jinzho.com\/fr\/wp-json\/wp\/v2\/media\/3830"}],"wp:attachment":[{"href":"https:\/\/jinzho.com\/fr\/wp-json\/wp\/v2\/media?parent=1051"}],"wp:term":[{"taxonomy":"product_brand","embeddable":true,"href":"https:\/\/jinzho.com\/fr\/wp-json\/wp\/v2\/product_brand?post=1051"},{"taxonomy":"product_cat","embeddable":true,"href":"https:\/\/jinzho.com\/fr\/wp-json\/wp\/v2\/product_cat?post=1051"},{"taxonomy":"product_tag","embeddable":true,"href":"https:\/\/jinzho.com\/fr\/wp-json\/wp\/v2\/product_tag?post=1051"}],"curies":[{"name":"wp","href":"https:\/\/api.w.org\/{rel}","templated":true}]}}