{"id":1045,"date":"2025-05-12T03:35:39","date_gmt":"2025-05-12T03:35:39","guid":{"rendered":"https:\/\/jinzho.com\/?post_type=product&#038;p=1045"},"modified":"2025-06-11T15:03:18","modified_gmt":"2025-06-11T15:03:18","slug":"ventilateur-de-pompe-a-chaleur","status":"publish","type":"product","link":"https:\/\/jinzho.com\/fr\/product\/heat-pump-fan\/","title":{"rendered":"Ventilateur de la pompe \u00e0 chaleur"},"content":{"rendered":"<h3>1. Description du produit<\/h3>\n<p>Notre chauffage ventilateur \u00e0 pompe \u00e0 chaleur est une solution thermique haute efficacit\u00e9 exploitant la technologie de pompe \u00e0 chaleur pour fournir un chauffage rapide et \u00e9conome en \u00e9nergie aux espaces r\u00e9sidentiels et commerciaux l\u00e9gers. En transf\u00e9rant la chaleur ambiante (via le cycle de compression de vapeur) et en l'amplifiant avec un compresseur \u00e9lectrique, il atteint des performances de chauffage sup\u00e9rieures par rapport aux chauffages r\u00e9sistifs traditionnels. Disponible en deux mod\u00e8les (s\u00e9ries SL-0405\/SL-0406), il r\u00e9pond \u00e0 divers besoins d'espace avec des puissances de sortie ajustables (3000W\u20135000W) et une large couverture de chauffage (40\u201380 m\u00b2). Con\u00e7u avec un bo\u00eetier m\u00e9tallique compact et un \u00e9changeur de chaleur optimis\u00e9, il assure un fonctionnement stable, une mont\u00e9e en temp\u00e9rature rapide et une installation facile dans les espaces restreints.<\/p>\n<h3>2. Param\u00e8tres cl\u00e9s (r\u00e9f\u00e9rence)<\/h3>\n<div class=\"hyc-common-markdown__table-wrapper\">\n<table>\n<thead>\n<tr>\n<th>Mod\u00e8le<\/th>\n<th>Puissance nominale (W)<\/th>\n<th>Tension nominale (V)<\/th>\n<th>Courant nominal (A)<\/th>\n<th>C\u00e2blage (mm\u00b2)<\/th>\n<th>Calibre de la prise (A)<\/th>\n<th>Dimensions (mm)<\/th>\n<th>Surface de chauffage (m\u00b2)<\/th>\n<\/tr>\n<\/thead>\n<tbody>\n<tr>\n<td>SL-0405-3000<\/td>\n<td>3000<\/td>\n<td>220<\/td>\n<td>13.6<\/td>\n<td>3\u00d72,5<\/td>\n<td>16<\/td>\n<td>500\u00d7800\u00d71600<\/td>\n<td>40\u201360<\/td>\n<\/tr>\n<tr>\n<td>SL-0406-5000<\/td>\n<td>5000<\/td>\n<td>220<\/td>\n<td>4.5\/9.0<\/td>\n<td>22.7<\/td>\n<td>25<\/td>\n<td>600\u00d7700\u00d71800<\/td>\n<td>60\u201380<\/td>\n<\/tr>\n<\/tbody>\n<\/table>\n<\/div>\n<h3>3. Avantages principaux<\/h3>\n<ul>\n<li>\u200b<strong>\u200bChauffage Haute Efficacit\u00e9\u200b<\/strong>\u200b: La technologie de pompe \u00e0 chaleur r\u00e9duit la consommation d'\u00e9nergie de 30 \u00e0 50 % par rapport aux chauffages \u00e9lectriques traditionnels.<\/li>\n<li>\u200b<strong>\u200bLarge Couverture\u200b<\/strong>\u200b: Deux mod\u00e8les s'adaptent aux espaces de 40 \u00e0 80 m\u00b2, des petites maisons aux zones commerciales moyennes.<\/li>\n<li>\u200b<strong>\u200bChauffage Rapide\u200b<\/strong>\u200b: Une puissance de sortie \u00e9lev\u00e9e (3000W\/5000W) permet une stabilisation rapide de la temp\u00e9rature.<\/li>\n<li>\u200b<strong>Conception compacte<\/strong>\u200b: Des dimensions fines (par exemple, 500\u00d7800\u00d71600 mm) s'adaptent aux murs ou aux coins sans occuper d'espace au sol.<\/li>\n<li>\u200b<strong>\u200bS\u00fbr &amp; Fiable\u200b<\/strong>\u200b: Un bo\u00eetier robuste et une protection contre les surintensit\u00e9s assurent un fonctionnement stable \u00e0 long terme.<\/li>\n<\/ul>\n<p><img fetchpriority=\"high\" decoding=\"async\" class=\"aligncenter size-full wp-image-3642\" src=\"http:\/\/jinzho.com\/wp-content\/uploads\/2025\/05\/heating-element-factory-8-1.jpg\" alt=\"\" width=\"1254\" height=\"600\" title=\"\" srcset=\"https:\/\/jinzho.com\/wp-content\/uploads\/2025\/05\/heating-element-factory-8-1.jpg 1254w, https:\/\/jinzho.com\/wp-content\/uploads\/2025\/05\/heating-element-factory-8-1-300x144.jpg 300w, https:\/\/jinzho.com\/wp-content\/uploads\/2025\/05\/heating-element-factory-8-1-1024x490.jpg 1024w, https:\/\/jinzho.com\/wp-content\/uploads\/2025\/05\/heating-element-factory-8-1-768x367.jpg 768w, https:\/\/jinzho.com\/wp-content\/uploads\/2025\/05\/heating-element-factory-8-1-600x287.jpg 600w\" sizes=\"(max-width: 1254px) 100vw, 1254px\" \/><\/p>","protected":false},"excerpt":{"rendered":"<p>Le ventilateur de pompe \u00e0 chaleur adopte une coque en plastique technique ou en alliage d'aluminium et une technologie composite de moteur sans balais haute efficacit\u00e9, int\u00e8gre un \u00e9l\u00e9ment chauffant c\u00e9ramique PTC ou un module de dissipation thermique \u00e0 ailettes en aluminium, prend en charge la r\u00e9gulation de vitesse \u00e0 fr\u00e9quence variable et le contr\u00f4le intelligent de la temp\u00e9rature (\u00b11\u00b0C). La plage de d\u00e9bit d'air est de 500 \u00e0 2000 m\u00b3\/h, le coefficient de performance \u00e9nerg\u00e9tique est \u22653,5, et il convient pour une large tension (110V-480V) et une personnalisation de puissance (200W-1500W). La surface est anodis\u00e9e ou rev\u00eatue de c\u00e9ramique, avec une r\u00e9sistance \u00e0 la poussi\u00e8re et \u00e0 l'eau IP55, des fonctions de protection contre les surcharges et la surchauffe, une r\u00e9sistance \u00e0 l'oxydation \u00e0 haute temp\u00e9rature (-30\u00b0C \u00e0 120\u00b0C), une dur\u00e9e de vie de plus de 50 000 heures, des certifications CE, UL et RoHS, adapt\u00e9 aux environnements \u00e0 forte humidit\u00e9 et au fonctionnement continu.<\/p>\n<p>Quantit\u00e9 minimale de commande : 100<br \/>\nD\u00e9lai de livraison : 15 \u00e0 26 jours<br \/>\nEmplacement de l'usine : Wuhu, Anhui, Chine<\/p>","protected":false},"featured_media":3235,"comment_status":"closed","ping_status":"closed","template":"","meta":[],"product_brand":[],"product_cat":[2761],"product_tag":[144,145,151,152,153],"class_list":{"0":"post-1045","1":"product","2":"type-product","3":"status-publish","4":"has-post-thumbnail","6":"product_cat-electrical-heating-products","7":"product_tag-industrial-heaters","8":"product_tag-electric-industrial-heaters","9":"product_tag-industrial-heating-equipment","10":"product_tag-large-industrial-heaters","11":"product_tag-heat-pump","13":"first","14":"instock","15":"shipping-taxable","16":"product-type-simple"},"_links":{"self":[{"href":"https:\/\/jinzho.com\/fr\/wp-json\/wp\/v2\/product\/1045","targetHints":{"allow":["GET"]}}],"collection":[{"href":"https:\/\/jinzho.com\/fr\/wp-json\/wp\/v2\/product"}],"about":[{"href":"https:\/\/jinzho.com\/fr\/wp-json\/wp\/v2\/types\/product"}],"replies":[{"embeddable":true,"href":"https:\/\/jinzho.com\/fr\/wp-json\/wp\/v2\/comments?post=1045"}],"wp:featuredmedia":[{"embeddable":true,"href":"https:\/\/jinzho.com\/fr\/wp-json\/wp\/v2\/media\/3235"}],"wp:attachment":[{"href":"https:\/\/jinzho.com\/fr\/wp-json\/wp\/v2\/media?parent=1045"}],"wp:term":[{"taxonomy":"product_brand","embeddable":true,"href":"https:\/\/jinzho.com\/fr\/wp-json\/wp\/v2\/product_brand?post=1045"},{"taxonomy":"product_cat","embeddable":true,"href":"https:\/\/jinzho.com\/fr\/wp-json\/wp\/v2\/product_cat?post=1045"},{"taxonomy":"product_tag","embeddable":true,"href":"https:\/\/jinzho.com\/fr\/wp-json\/wp\/v2\/product_tag?post=1045"}],"curies":[{"name":"wp","href":"https:\/\/api.w.org\/{rel}","templated":true}]}}