{"id":1042,"date":"2025-05-12T03:35:39","date_gmt":"2025-05-12T03:35:39","guid":{"rendered":"https:\/\/jinzho.com\/?post_type=product&#038;p=1042"},"modified":"2025-06-11T14:57:55","modified_gmt":"2025-06-11T14:57:55","slug":"thermal-storage-heater","status":"publish","type":"product","link":"https:\/\/jinzho.com\/fr\/product\/thermal-storage-heater\/","title":{"rendered":"Chauffage \u00e0 accumulation thermique"},"content":{"rendered":"<h3>1. Description du produit<\/h3>\n<p>Notre accumulateur thermique \u00e9lectrique est une solution de stockage de chaleur \u00e0 haut rendement con\u00e7ue pour les applications de chauffage r\u00e9sidentielles et commerciales. Tirant parti d'une technologie de stockage thermique avanc\u00e9e, il fonctionne en chargeant de l'\u00e9lectricit\u00e9 \u00e0 faible co\u00fbt pendant les heures creuses (via des tarifs diff\u00e9renci\u00e9s) et en restituant la chaleur stock\u00e9e pendant les heures de pointe, garantissant une chaleur constante tout en optimisant les co\u00fbts \u00e9nerg\u00e9tiques. L'appareil int\u00e8gre \u00e0 la fois des m\u00e9canismes de transfert de chaleur par convection et par rayonnement : la convection naturelle diffuse l'air chaud uniform\u00e9ment, tandis que la chaleur radiante r\u00e9chauffe directement les objets et les occupants, cr\u00e9ant un environnement thermique confortable et homog\u00e8ne. Disponible en plusieurs mod\u00e8les (s\u00e9ries SL-0103\/SL-0104), il r\u00e9pond \u00e0 divers besoins de chauffage avec des puissances nominales r\u00e9glables (1600W\u20133200W) et des surfaces chauff\u00e9es (8\u201320 m\u00b2). Con\u00e7u pour la durabilit\u00e9, il n\u00e9cessite un entretien minimal apr\u00e8s installation.<\/p>\n<h3>2. Param\u00e8tres cl\u00e9s (r\u00e9f\u00e9rence)<\/h3>\n<div class=\"hyc-common-markdown__table-wrapper\">\n<table>\n<thead>\n<tr>\n<th>Mod\u00e8le<\/th>\n<th>Puissance nominale (W)<\/th>\n<th>Tension nominale (V)<\/th>\n<th>Courant nominal (A)<\/th>\n<th>C\u00e2blage (mm\u00b2)<\/th>\n<th>Calibre de la prise (A)<\/th>\n<th>Dimensions (mm)<\/th>\n<th>Charge nominale (kWh)<\/th>\n<th>Temps de stockage nominal (h)<\/th>\n<th>Surface de chauffage (m\u00b2)<\/th>\n<\/tr>\n<\/thead>\n<tbody>\n<tr>\n<td>SL-0103-1600<\/td>\n<td>1600<\/td>\n<td>220<\/td>\n<td>7.3<\/td>\n<td>3\u00d72,5<\/td>\n<td>16<\/td>\n<td>215\u00d7600\u00d7595<\/td>\n<td>16\u201317.6<\/td>\n<td>10<\/td>\n<td>8\u201310<\/td>\n<\/tr>\n<tr>\n<td>SL-0103-2400<\/td>\n<td>2400<\/td>\n<td>220<\/td>\n<td>10.9<\/td>\n<td>3\u00d72,5<\/td>\n<td>16<\/td>\n<td>215\u00d7600\u00d7725<\/td>\n<td>24\u201326.4<\/td>\n<td>10<\/td>\n<td>12\u201315<\/td>\n<\/tr>\n<tr>\n<td>SL-0103-3200<\/td>\n<td>3200<\/td>\n<td>220<\/td>\n<td>14.5<\/td>\n<td>3\u00d72,5<\/td>\n<td>16<\/td>\n<td>215\u00d7600\u00d71055<\/td>\n<td>32\u201335.2<\/td>\n<td>10<\/td>\n<td>16\u201320<\/td>\n<\/tr>\n<tr>\n<td>SL-0104-1600<\/td>\n<td>1600<\/td>\n<td>220<\/td>\n<td>7.3<\/td>\n<td>3\u00d72,5<\/td>\n<td>16<\/td>\n<td>170\u00d7600\u00d7595<\/td>\n<td>16\u201317.6<\/td>\n<td>10<\/td>\n<td>8\u201310<\/td>\n<\/tr>\n<tr>\n<td>SL-0104-2400<\/td>\n<td>2400<\/td>\n<td>220<\/td>\n<td>10.9<\/td>\n<td>3\u00d72,5<\/td>\n<td>16<\/td>\n<td>170\u00d7600\u00d7725<\/td>\n<td>24\u201326.4<\/td>\n<td>10<\/td>\n<td>12\u201315<\/td>\n<\/tr>\n<tr>\n<td>SL-0104-3200<\/td>\n<td>3200<\/td>\n<td>220<\/td>\n<td>14.5<\/td>\n<td>3\u00d72,5<\/td>\n<td>16<\/td>\n<td>170\u00d7600\u00d71055<\/td>\n<td>32\u201335.2<\/td>\n<td>10<\/td>\n<td>16\u201320<\/td>\n<\/tr>\n<\/tbody>\n<\/table>\n<\/div>\n<h3>3. Avantages principaux<\/h3>\n<ul>\n<li>\u200b<strong>\u200bSilencieux et \u00e9cologique\u200b<\/strong>\u200b : Fonctionne silencieusement sans \u00e9missions directes ; r\u00e9duit la charge sur le r\u00e9seau lors des d\u00e9marrages\/arr\u00eats.<\/li>\n<li>\u200b<strong>\u200b\u00c9conomique\u200b<\/strong>\u200b : Int\u00e8gre les tarifs diff\u00e9renci\u00e9s pour optimiser les d\u00e9penses \u00e9nerg\u00e9tiques ; efficacit\u00e9 de stockage de chaleur de 75%+.<\/li>\n<li>\u200b<strong>\u200bChauffage polyvalent\u200b<\/strong>\u200b : Combine transfert de chaleur par convection et par rayonnement ; prend en charge le fonctionnement multi-mode pour divers environnements.<\/li>\n<li>\u200b<strong>Conception durable<\/strong>\u200b : Entretien minimal requis apr\u00e8s installation ; longue dur\u00e9e de vie en utilisation normale.<\/li>\n<li>\u200b<strong>\u200bGain de place\u200b<\/strong>\u200b : Dimensions compactes (par ex. 170\u00d7600\u00d7595 mm) adapt\u00e9es aux espaces restreints sans compromettre les performances.<\/li>\n<\/ul>\n<p><img fetchpriority=\"high\" decoding=\"async\" class=\"aligncenter size-full wp-image-3645\" src=\"http:\/\/jinzho.com\/wp-content\/uploads\/2025\/05\/heating-element-factory-11-1.jpg\" alt=\"\" width=\"1254\" height=\"600\" title=\"\" srcset=\"https:\/\/jinzho.com\/wp-content\/uploads\/2025\/05\/heating-element-factory-11-1.jpg 1254w, https:\/\/jinzho.com\/wp-content\/uploads\/2025\/05\/heating-element-factory-11-1-300x144.jpg 300w, https:\/\/jinzho.com\/wp-content\/uploads\/2025\/05\/heating-element-factory-11-1-1024x490.jpg 1024w, https:\/\/jinzho.com\/wp-content\/uploads\/2025\/05\/heating-element-factory-11-1-768x367.jpg 768w, https:\/\/jinzho.com\/wp-content\/uploads\/2025\/05\/heating-element-factory-11-1-600x287.jpg 600w\" sizes=\"(max-width: 1254px) 100vw, 1254px\" \/><\/p>","protected":false},"excerpt":{"rendered":"<p>L'accumulateur thermique \u00e9lectrique est un dispositif qui utilise l'\u00e9lectricit\u00e9 \u00e0 bas prix des heures creuses du r\u00e9seau \u00e9lectrique<br \/>\npendant la nuit pour r\u00e9aliser la conversion et le stockage de l'\u00e9nergie \u00e9lectrique en \u00e9nergie thermique en 6 \u00e0 8 heures. Pendant les heures de pointe du<br \/>\nr\u00e9seau, la chaleur stock\u00e9e est restitu\u00e9e par rayonnement et convection, assurant un chauffage int\u00e9rieur<br \/>\n24 heures sur 24.<\/p>\n<p>Quantit\u00e9 minimale de commande : 100<br \/>\nD\u00e9lai de livraison : 15-25 jours<br \/>\nEmplacement de l'usine : Wuhu, Anhui, Chine<\/p>","protected":false},"featured_media":3228,"comment_status":"closed","ping_status":"closed","template":"","meta":[],"product_brand":[],"product_cat":[2761],"product_tag":[144,145,146,147,148],"class_list":{"0":"post-1042","1":"product","2":"type-product","3":"status-publish","4":"has-post-thumbnail","6":"product_cat-electrical-heating-products","7":"product_tag-industrial-heaters","8":"product_tag-electric-industrial-heaters","9":"product_tag-big-industrial-heaters","10":"product_tag-electric-thermal-storage-heater","11":"product_tag-storage-heater","13":"first","14":"instock","15":"shipping-taxable","16":"product-type-simple"},"_links":{"self":[{"href":"https:\/\/jinzho.com\/fr\/wp-json\/wp\/v2\/product\/1042","targetHints":{"allow":["GET"]}}],"collection":[{"href":"https:\/\/jinzho.com\/fr\/wp-json\/wp\/v2\/product"}],"about":[{"href":"https:\/\/jinzho.com\/fr\/wp-json\/wp\/v2\/types\/product"}],"replies":[{"embeddable":true,"href":"https:\/\/jinzho.com\/fr\/wp-json\/wp\/v2\/comments?post=1042"}],"wp:featuredmedia":[{"embeddable":true,"href":"https:\/\/jinzho.com\/fr\/wp-json\/wp\/v2\/media\/3228"}],"wp:attachment":[{"href":"https:\/\/jinzho.com\/fr\/wp-json\/wp\/v2\/media?parent=1042"}],"wp:term":[{"taxonomy":"product_brand","embeddable":true,"href":"https:\/\/jinzho.com\/fr\/wp-json\/wp\/v2\/product_brand?post=1042"},{"taxonomy":"product_cat","embeddable":true,"href":"https:\/\/jinzho.com\/fr\/wp-json\/wp\/v2\/product_cat?post=1042"},{"taxonomy":"product_tag","embeddable":true,"href":"https:\/\/jinzho.com\/fr\/wp-json\/wp\/v2\/product_tag?post=1042"}],"curies":[{"name":"wp","href":"https:\/\/api.w.org\/{rel}","templated":true}]}}