{"id":1036,"date":"2025-05-12T03:35:39","date_gmt":"2025-05-12T03:35:39","guid":{"rendered":"https:\/\/jinzho.com\/?post_type=product&#038;p=1036"},"modified":"2025-06-11T14:30:49","modified_gmt":"2025-06-11T14:30:49","slug":"corps-en-acier-inoxydable-de-pot-electrique","status":"publish","type":"product","link":"https:\/\/jinzho.com\/fr\/product\/electric-pot-stainless-steel-body\/","title":{"rendered":"Corps en acier inoxydable de pot \u00e9lectrique"},"content":{"rendered":"<h3>1. Aper\u00e7u de l'application du produit<\/h3>\n<p>Notre Corps de Bouilloire \u00c9lectrique en Acier Inoxydable est le composant structurel central des bouilloires \u00e9lectriques, servant de bo\u00eetier principal et de cadre de support interne. Il supporte le chauffage \u00e0 haute temp\u00e9rature, r\u00e9siste \u00e0 la corrosion et prot\u00e8ge les \u00e9l\u00e9ments chauffants internes, garantissant un fonctionnement s\u00fbr, stable et durable lors de la pr\u00e9paration quotidienne d'eau chaude.<\/p>\n<h3>2. Caract\u00e9ristiques des produits (align\u00e9s sur le march\u00e9 et fabriqu\u00e9s en usine)<\/h3>\n<p>Les corps de bouilloire \u00e9lectrique en acier inoxydable standard du march\u00e9 privil\u00e9gient la s\u00e9curit\u00e9 alimentaire (ex. : acier inoxydable 304), la robustesse structurelle et la r\u00e9sistance \u00e0 la corrosion. Notre usine utilise : de l'acier inoxydable 304 conforme \u00e0 la norme GB 4806.9 (normes pour mat\u00e9riaux en contact alimentaire) ; des proc\u00e9d\u00e9s internes d'emboutissage, de soudage et de polissage pour garantir la pr\u00e9cision ; et des produits certifi\u00e9s CE et RoHS pour la conformit\u00e9 en mati\u00e8re de s\u00e9curit\u00e9. La personnalisation des dimensions, des conceptions d'interface ou des motifs de per\u00e7age est prise en charge pour s'adapter \u00e0 des mod\u00e8les de bouilloire sp\u00e9cifiques.<\/p>\n<h3>3. Principaux avantages<\/h3>\n<ul>\n<li>\u200b<strong>Production int\u00e9gr\u00e9e<\/strong>\u200b : Ateliers internes d'emboutissage, de soudage et de polissage pour un contr\u00f4le qualit\u00e9 de bout en bout.<\/li>\n<li>\u200b<strong>\u200bMat\u00e9riau de qualit\u00e9 alimentaire\u200b<\/strong>:Utilise de l&#039;acier inoxydable 304 r\u00e9pondant aux normes de s\u00e9curit\u00e9 des appareils \u00e9lectrom\u00e9nagers (GB 4806.9).<\/li>\n<li>\u200b<strong>Conception personnalisable<\/strong>\u200b : Dimensions, interfaces ou agencements de per\u00e7age ajustables pour s'adapter \u00e0 diff\u00e9rents mod\u00e8les de bouilloire.<\/li>\n<li>\u200b<strong>Capacit\u00e9 stable<\/strong>\u200b : Production en s\u00e9rie de corps standard (plus de 700 000 unit\u00e9s\/mois) avec une livraison fiable.<\/li>\n<li>\u200b<strong>Un contr\u00f4le de qualit\u00e9 rigoureux<\/strong>\u200b : Inspections strictes de la puret\u00e9 des mat\u00e9riaux, de l'int\u00e9grit\u00e9 des soudures et de la pr\u00e9cision dimensionnelle.<\/li>\n<\/ul>\n<p><img fetchpriority=\"high\" decoding=\"async\" class=\"aligncenter size-full wp-image-3642\" src=\"http:\/\/jinzho.com\/wp-content\/uploads\/2025\/05\/heating-element-factory-8-1.jpg\" alt=\"\" width=\"1254\" height=\"600\" title=\"\" srcset=\"https:\/\/jinzho.com\/wp-content\/uploads\/2025\/05\/heating-element-factory-8-1.jpg 1254w, https:\/\/jinzho.com\/wp-content\/uploads\/2025\/05\/heating-element-factory-8-1-300x144.jpg 300w, https:\/\/jinzho.com\/wp-content\/uploads\/2025\/05\/heating-element-factory-8-1-1024x490.jpg 1024w, https:\/\/jinzho.com\/wp-content\/uploads\/2025\/05\/heating-element-factory-8-1-768x367.jpg 768w, https:\/\/jinzho.com\/wp-content\/uploads\/2025\/05\/heating-element-factory-8-1-600x287.jpg 600w\" sizes=\"(max-width: 1254px) 100vw, 1254px\" \/><\/p>","protected":false},"excerpt":{"rendered":"<p>Le corps de cuiseur \u00e9lectrique en acier inoxydable est con\u00e7u pour un usage domestique et commercial. Il est fabriqu\u00e9 en acier inoxydable de qualit\u00e9 alimentaire 304\/316L et produit par des proc\u00e9d\u00e9s d'emboutissage de pr\u00e9cision ou de moulage sous pression. La surface est trait\u00e9e avec un rev\u00eatement en nano-c\u00e9ramique ou une anodisation. Il pr\u00e9sente une r\u00e9sistance aux hautes temp\u00e9ratures (80\u2103\u2013350\u2103), une r\u00e9sistance \u00e0 la corrosion, une protection contre la chauffe \u00e0 sec et une \u00e9tanch\u00e9it\u00e9 IPX7. La structure de dissipation thermique int\u00e9gr\u00e9e optimise l'efficacit\u00e9 de conduction de la chaleur, s'adapte aux sc\u00e9narios de cuisson continue \u00e0 haute fr\u00e9quence, est conforme \u00e0 la certification CE de l'UE et r\u00e9pond aux exigences de haute stabilit\u00e9 et de longue dur\u00e9e de vie.<\/p>\n<p>Quantit\u00e9 minimale de commande : 1000<br \/>\nD\u00e9lai de livraison : 15-25 jours<br \/>\nEmplacement de l'usine : Zhongshan, Guangdong, Chine<\/p>","protected":false},"featured_media":1858,"comment_status":"closed","ping_status":"closed","template":"","meta":[],"product_brand":[],"product_cat":[2760],"product_tag":[72,77,103,141,142],"class_list":{"0":"post-1036","1":"product","2":"type-product","3":"status-publish","4":"has-post-thumbnail","6":"product_cat-stainless-steel-parts","7":"product_tag-stainless-steel-water-heater","8":"product_tag-stainless-steel-heat-exchanger","9":"product_tag-electric-water-heater-element","10":"product_tag-electric-heater-parts","11":"product_tag-electric-kettle-parts","13":"first","14":"instock","15":"shipping-taxable","16":"product-type-simple"},"_links":{"self":[{"href":"https:\/\/jinzho.com\/fr\/wp-json\/wp\/v2\/product\/1036","targetHints":{"allow":["GET"]}}],"collection":[{"href":"https:\/\/jinzho.com\/fr\/wp-json\/wp\/v2\/product"}],"about":[{"href":"https:\/\/jinzho.com\/fr\/wp-json\/wp\/v2\/types\/product"}],"replies":[{"embeddable":true,"href":"https:\/\/jinzho.com\/fr\/wp-json\/wp\/v2\/comments?post=1036"}],"wp:featuredmedia":[{"embeddable":true,"href":"https:\/\/jinzho.com\/fr\/wp-json\/wp\/v2\/media\/1858"}],"wp:attachment":[{"href":"https:\/\/jinzho.com\/fr\/wp-json\/wp\/v2\/media?parent=1036"}],"wp:term":[{"taxonomy":"product_brand","embeddable":true,"href":"https:\/\/jinzho.com\/fr\/wp-json\/wp\/v2\/product_brand?post=1036"},{"taxonomy":"product_cat","embeddable":true,"href":"https:\/\/jinzho.com\/fr\/wp-json\/wp\/v2\/product_cat?post=1036"},{"taxonomy":"product_tag","embeddable":true,"href":"https:\/\/jinzho.com\/fr\/wp-json\/wp\/v2\/product_tag?post=1036"}],"curies":[{"name":"wp","href":"https:\/\/api.w.org\/{rel}","templated":true}]}}