{"id":1022,"date":"2025-05-12T03:35:19","date_gmt":"2025-05-12T03:35:19","guid":{"rendered":"https:\/\/jinzho.com\/?post_type=product&#038;p=1022"},"modified":"2025-06-07T07:03:15","modified_gmt":"2025-06-07T07:03:15","slug":"coque-de-chauffage-en-moulage-sous-pression","status":"publish","type":"product","link":"https:\/\/jinzho.com\/fr\/product\/die-cast-heater-shell\/","title":{"rendered":"Coque de chauffage moul\u00e9e sous pression"},"content":{"rendered":"<h2>Applications du produit :<\/h2>\n<p>Coque de module vapeur pour machine \u00e0 caf\u00e9, cavit\u00e9 de chauffage de chauffe-eau \u00e9lectrique, coque de dissipation thermique pour four industriel, coque de chauffage pour \u00e9quipement de st\u00e9rilisation m\u00e9dicale, coque de bain-marie thermostatique de laboratoire, coque thermostatique pour module de batterie nouvelle \u00e9nergie, bouilloire \u00e9lectrique commerciale pour h\u00f4tel<\/p>\n<h2>Coques de Chauffage Moul\u00e9es sous Pression pour \u00c9lectrom\u00e9nagers : Caract\u00e9ristiques et Avantages<\/h2>\n<p>Alliant excellente transmission thermique et conception l\u00e9g\u00e8re, l'alliage d'aluminium moul\u00e9 sous pression (A356\/6061) poss\u00e8de une conductivit\u00e9 thermique sup\u00e9rieure \u00e0 200 W\/(m\u00b7K) et une densit\u00e9 de 2,7 g\/cm\u00b3.<br \/>\nLes techniques de moulage avanc\u00e9es garantissent des tol\u00e9rances dimensionnelles de \u00b10,2 mm et des finitions de surface impeccables (Ra \u22641,6 \u03bcm), permettant ainsi une int\u00e9gration fluide des \u00e9l\u00e9ments chauffants.<br \/>\nCompatibilit\u00e9 multi-appareils : Des dimensions personnalisables (longueur : 100-600 mm ; largeur : 40-150 mm) et des conceptions d'encoches s'adaptent aux appareils grand public comme les bouilloires \u00e9lectriques, les machines \u00e0 caf\u00e9 et les pots \u00e9lectriques.<br \/>\nDurabilit\u00e9 thermique : Id\u00e9ales pour une utilisation \u00e0 haute fr\u00e9quence dans les mixeurs et fabricants de lait de soja, les enceintes en alliage d'aluminium r\u00e9sistent aux cycles r\u00e9p\u00e9t\u00e9s de chauffage-refroidissement (jusqu'\u00e0 8000-15000 heures) sans d\u00e9formation.<br \/>\nLes surfaces anodis\u00e9es ou rev\u00eatues de c\u00e9ramique r\u00e9duisent l'oxydation et l'adh\u00e9rence du tartre de 40%, prolongeant ainsi la dur\u00e9e de vie dans les environnements humides (ex : cuisines humides).<br \/>\nLa conception structurelle \u00e9limine les points froids pour garantir un transfert de chaleur uniforme vers les composants chauffants (ex : noyaux en nickel-chrome) et des performances stables.<\/p>\n<p><img fetchpriority=\"high\" decoding=\"async\" class=\"aligncenter size-full wp-image-3430\" src=\"http:\/\/jinzho.com\/wp-content\/uploads\/2025\/05\/heating-element-factory-1-2.jpg\" alt=\"\" width=\"1254\" height=\"600\" title=\"\" srcset=\"https:\/\/jinzho.com\/wp-content\/uploads\/2025\/05\/heating-element-factory-1-2.jpg 1254w, https:\/\/jinzho.com\/wp-content\/uploads\/2025\/05\/heating-element-factory-1-2-300x144.jpg 300w, https:\/\/jinzho.com\/wp-content\/uploads\/2025\/05\/heating-element-factory-1-2-1024x490.jpg 1024w, https:\/\/jinzho.com\/wp-content\/uploads\/2025\/05\/heating-element-factory-1-2-768x367.jpg 768w, https:\/\/jinzho.com\/wp-content\/uploads\/2025\/05\/heating-element-factory-1-2-600x287.jpg 600w\" sizes=\"(max-width: 1254px) 100vw, 1254px\" \/><\/p>","protected":false},"excerpt":{"rendered":"<p>La coque de chauffage moul\u00e9e sous pression est fabriqu\u00e9e selon une technologie de moulage sous pression en alliage d'aluminium de haute pr\u00e9cision. Le traitement d'anodisation de surface am\u00e9liore la r\u00e9sistance \u00e0 l'usure et \u00e0 la corrosion. Elle convient aux environnements \u00e0 haute temp\u00e9rature (50\u2103-300\u2103) et haute pression. La structure int\u00e9gr\u00e9e d'ailettes de dissipation thermique optimise l'efficacit\u00e9 de la conduction thermique, prend en charge la protection \u00e9tanche IPX7, anti-poussi\u00e8re et anti-surchauffe \u00e0 sec, r\u00e9pond aux exigences industrielles de travail continu haute intensit\u00e9 et haute fr\u00e9quence, et offre une dur\u00e9e de vie de plus de 30 000 heures.<\/p>\n<p>Quantit\u00e9 minimale de commande : 1000<br \/>\nD\u00e9lai de livraison : 15-25 jours<br \/>\nEmplacement de l'usine : Zhongshan, Guangdong, Chine<\/p>","protected":false},"featured_media":1820,"comment_status":"closed","ping_status":"closed","template":"","meta":[],"product_brand":[],"product_cat":[2755],"product_tag":[43,53,72,121,128,132],"class_list":{"0":"post-1022","1":"product","2":"type-product","3":"status-publish","4":"has-post-thumbnail","6":"product_cat-standard-die-casting-parts","7":"product_tag-water-heating-element","8":"product_tag-electric-heating-element","9":"product_tag-stainless-steel-water-heater","10":"product_tag-die-casting-heating-element","11":"product_tag-custom-heating-elements","12":"product_tag-custom-heating-coils","14":"first","15":"instock","16":"shipping-taxable","17":"product-type-simple"},"_links":{"self":[{"href":"https:\/\/jinzho.com\/fr\/wp-json\/wp\/v2\/product\/1022","targetHints":{"allow":["GET"]}}],"collection":[{"href":"https:\/\/jinzho.com\/fr\/wp-json\/wp\/v2\/product"}],"about":[{"href":"https:\/\/jinzho.com\/fr\/wp-json\/wp\/v2\/types\/product"}],"replies":[{"embeddable":true,"href":"https:\/\/jinzho.com\/fr\/wp-json\/wp\/v2\/comments?post=1022"}],"wp:featuredmedia":[{"embeddable":true,"href":"https:\/\/jinzho.com\/fr\/wp-json\/wp\/v2\/media\/1820"}],"wp:attachment":[{"href":"https:\/\/jinzho.com\/fr\/wp-json\/wp\/v2\/media?parent=1022"}],"wp:term":[{"taxonomy":"product_brand","embeddable":true,"href":"https:\/\/jinzho.com\/fr\/wp-json\/wp\/v2\/product_brand?post=1022"},{"taxonomy":"product_cat","embeddable":true,"href":"https:\/\/jinzho.com\/fr\/wp-json\/wp\/v2\/product_cat?post=1022"},{"taxonomy":"product_tag","embeddable":true,"href":"https:\/\/jinzho.com\/fr\/wp-json\/wp\/v2\/product_tag?post=1022"}],"curies":[{"name":"wp","href":"https:\/\/api.w.org\/{rel}","templated":true}]}}