{"id":1014,"date":"2025-05-12T03:35:19","date_gmt":"2025-05-12T03:35:19","guid":{"rendered":"https:\/\/jinzho.com\/?post_type=product&#038;p=1014"},"modified":"2025-06-07T05:40:18","modified_gmt":"2025-06-07T05:40:18","slug":"die-cast-heating-element","status":"publish","type":"product","link":"https:\/\/jinzho.com\/fr\/product\/die-cast-heating-element\/","title":{"rendered":"\u00c9l\u00e9ment chauffant moul\u00e9 sous pression"},"content":{"rendered":"<h2>Applications des produits<\/h2>\n<p>Module vapeur pour machine \u00e0 caf\u00e9 \u00e0 capsules, chaudi\u00e8re de machine \u00e0 caf\u00e9 enti\u00e8rement automatique, semelle de fer \u00e0 repasser \u00e9lectrique, chauffe-eau \u00e9lectrique instantan\u00e9, \u00e9changeur de chaleur industriel, syst\u00e8me de r\u00e9gulation thermique pour modules de batterie de v\u00e9hicules \u00e9lectriques, g\u00e9n\u00e9rateur de vapeur pour st\u00e9rilisation m\u00e9dicale, bain-marie thermostatique de laboratoire, bouilloire \u00e9lectrique commerciale pour h\u00f4tels, composant de chauffage thermostatique pour moules, unit\u00e9 de contr\u00f4le de temp\u00e9rature pour dispositifs portables intelligents.<\/p>\n<h2>Sp\u00e9cifications de l'\u00e9l\u00e9ment chauffant moul\u00e9 sous pression (Param\u00e8tres cl\u00e9s)<\/h2>\n<div class=\"hyc-common-markdown__table-wrapper\">\n<table>\n<thead>\n<tr>\n<th>\u200b<strong>Param\u00e8tre<\/strong>\u200b<\/th>\n<th>\u200b<strong>Gamme de sp\u00e9cifications<\/strong>\u200b<\/th>\n<\/tr>\n<\/thead>\n<tbody>\n<tr>\n<td>Plage de puissance<\/td>\n<td>800W-5000W (couvre les petits appareils m\u00e9nagers \u00e0 commerciaux : bouilloires \u00e9lectriques, machines \u00e0 caf\u00e9, pots \u00e9lectriques, chauffe-biberons, machines \u00e0 lait de soja, mixeurs)<\/td>\n<\/tr>\n<tr>\n<td>Tension de fonctionnement<\/td>\n<td>220 V (monophas\u00e9, norme domestique) ; 380 V (triphas\u00e9, commercial en option)<\/td>\n<\/tr>\n<tr>\n<td>Valeur de r\u00e9sistance<\/td>\n<td>3\u03a9-30\u03a9 (unit\u00e9 unique ou combinaison de plusieurs unit\u00e9s, adapt\u00e9e aux exigences de puissance et de tension)<\/td>\n<\/tr>\n<tr>\n<td>Temp\u00e9rature de fonctionnement<\/td>\n<td>Surface : 120\u2103-300\u2103 (fonctionnement normal) ; R\u00e9sistance maximale : 350\u2103 (protection contre les surcharges de courte dur\u00e9e)<\/td>\n<\/tr>\n<tr>\n<td>Mat\u00e9riau<\/td>\n<td>\u00c9l\u00e9ment chauffant : Alliage nickel-chrome (Cr20Ni80, \u03a60.6mm-\u03a62.5mm, haute r\u00e9sistivit\u00e9 + haute conductivit\u00e9 thermique) ; Bo\u00eetier : Alliage d'aluminium moul\u00e9 sous pression (A356\/6061, r\u00e9sistant \u00e0 la corrosion, \u00e9paisseur 1.2mm-3.0mm)<\/td>\n<\/tr>\n<tr>\n<td>Dimensions<\/td>\n<td>Longueur : 150mm-600mm ; Largeur : 50mm-150mm ; \u00c9paisseur : 20mm-50mm (personnalisable pour s'adapter aux logements de chauffage circulaires\/carr\u00e9s des appareils cibles)<\/td>\n<\/tr>\n<tr>\n<td>Dur\u00e9e de vie<\/td>\n<td>8\u00a0000 h \u00e0 15\u00a0000 h (utilisation normale, pas de combustion \u00e0 sec, d&#039;accumulation de calcaire ou de corrosion dans des conditions normales)<\/td>\n<\/tr>\n<\/tbody>\n<\/table>\n<\/div>\n<h2>\u00a0Caract\u00e9ristiques du produit (fonctionnalit\u00e9s principales)<\/h2>\n<ul>\n<li>\u200b<strong>Chauffage rapide et uniforme<\/strong>\u200b : Le c\u0153ur en alliage nickel-chrome \u00e0 haute conductivit\u00e9 permet un transfert de chaleur rapide, r\u00e9duisant le temps de pr\u00e9chauffage \u00e0 3-5 minutes pour porter 1,5L d'eau \u00e0 \u00e9bullition (100\u2103) avec des mod\u00e8les de 2000W. Le bo\u00eetier en aluminium moul\u00e9 assure une distribution uniforme de la chaleur, \u00e9liminant les points froids essentiels pour des performances constantes dans les bouilloires \u00e9lectriques (\u00e9bullition), les machines \u00e0 lait de soja (broyage\/chauffage) et les mixeurs (m\u00e9lange \u00e0 chaud).<\/li>\n<li>\u200b<strong>Adaptabilit\u00e9 multi-appareils<\/strong>\u200b : Dimensions personnalisables (longueur : 150-600mm) et conception compatible avec les logements pour s'adapter aux appareils grand public \u2014 bouilloires \u00e9lectriques (logements inf\u00e9rieurs), machines \u00e0 caf\u00e9 (plaques chauffantes de la chambre d'infusion), pots \u00e9lectriques (\u00e9l\u00e9ments chauffants de base), chauffe-biberons (anneaux d'encerclement) et mixeurs (compartiment moteur chauffant). Installation directe sans modification.<\/li>\n<li>\u200b<strong>R\u00e9sistance \u00e0 la corrosion et au tartre<\/strong>\u200b : Le bo\u00eetier en aluminium moul\u00e9 r\u00e9siste \u00e0 l'oxydation et \u00e0 la corrosion par la vapeur ; la finition de surface lisse minimise l'adh\u00e9rence du tartre (r\u00e9duit la fr\u00e9quence de nettoyage de 40% par rapport \u00e0 l'aluminium non trait\u00e9). Le c\u0153ur en alliage nickel-chrome r\u00e9siste aux d\u00e9p\u00f4ts min\u00e9raux, prolongeant la dur\u00e9e de vie dans des environnements \u00e0 forte humidit\u00e9 (par exemple, utilisation quotidienne dans des cuisines humides).<\/li>\n<li>\u200b<strong>Fonctionnement s\u00fbr et fiable<\/strong>: Le bo\u00eetier en aluminium isol\u00e9 emp\u00eache les fuites \u00e9lectriques ; la protection int\u00e9gr\u00e9e contre la surchauffe (arr\u00eat automatique \u00e0 &gt;350 \u00b0C) prot\u00e8ge contre la surchauffe \u00e0 sec ou la surtemp\u00e9rature. Les interfaces optionnelles pour capteurs de temp\u00e9rature permettent un contr\u00f4le pr\u00e9cis \u00e0 \u00b15 \u00b0C (par exemple, temp\u00e9rature constante de 40-60 \u00b0C pour les chauffe-biberons, extraction \u00e0 90-105 \u00b0C pour les machines \u00e0 caf\u00e9).<\/li>\n<li>\u200b<strong>Conception \u00e9co\u00e9nerg\u00e9tique<\/strong>\u200b : Efficacit\u00e9 thermique \u226592%, r\u00e9duisant la consommation d'\u00e9nergie par rapport aux \u00e9l\u00e9ments chauffants traditionnels. Par exemple, porter 1L d'eau \u00e0 \u00e9bullition dans une bouilloire \u00e9lectrique prend 3-5 minutes avec des mod\u00e8les de 1500W, diminuant le gaspillage d'\u00e9nergie.<\/li>\n<li>\u200b<strong>L\u00e9ger et durable<\/strong>: La densit\u00e9 de l'alliage d'aluminium (2,7 g\/cm\u00b3) rend l'\u00e9l\u00e9ment 30 % \u00e0 40 % plus l\u00e9ger que les alternatives en acier inoxydable, id\u00e9al pour les appareils sensibles au poids comme les machines \u00e0 caf\u00e9 portables ou les bouilloires \u00e9lectriques. L'adaptation optimis\u00e9e de la dilatation thermique (l'aluminium et le nickel-chrome ont des coefficients similaires) r\u00e9duit la fatigue, assurant des performances stables en utilisation \u00e0 haute fr\u00e9quence (par exemple, fonctionnement quotidien de 2 heures).<\/li>\n<li>\u200b<strong>Solution rentable<\/strong>: La technologie de moulage sous pression r\u00e9duit les co\u00fbts de production tout en maintenant les performances, ce qui en fait un choix comp\u00e9titif pour les fabricants OEM et les pi\u00e8ces de rechange.<\/li>\n<\/ul>\n<p><img fetchpriority=\"high\" decoding=\"async\" class=\"aligncenter size-full wp-image-3640\" src=\"http:\/\/jinzho.com\/wp-content\/uploads\/2025\/05\/heating-element-factory-6-1.jpg\" alt=\"\" width=\"1254\" height=\"600\" title=\"\" srcset=\"https:\/\/jinzho.com\/wp-content\/uploads\/2025\/05\/heating-element-factory-6-1.jpg 1254w, https:\/\/jinzho.com\/wp-content\/uploads\/2025\/05\/heating-element-factory-6-1-300x144.jpg 300w, https:\/\/jinzho.com\/wp-content\/uploads\/2025\/05\/heating-element-factory-6-1-1024x490.jpg 1024w, https:\/\/jinzho.com\/wp-content\/uploads\/2025\/05\/heating-element-factory-6-1-768x367.jpg 768w, https:\/\/jinzho.com\/wp-content\/uploads\/2025\/05\/heating-element-factory-6-1-600x287.jpg 600w\" sizes=\"(max-width: 1254px) 100vw, 1254px\" \/><\/p>","protected":false},"excerpt":{"rendered":"<p>L'\u00e9l\u00e9ment chauffant moul\u00e9 sous pression adopte un substrat en alliage d'aluminium moul\u00e9 sous pression et la technologie des r\u00e9sistances \u00e0 couche \u00e9paisse, int\u00e8gre un module de r\u00e9gulation PID et un capteur de temp\u00e9rature NTC, permet un chauffage rapide en 3 secondes, une efficacit\u00e9 \u00e9nerg\u00e9tique \u226596%, une plage de temp\u00e9rature de fonctionnement de 50\u2103 \u00e0 500\u2103, et prend en charge la personnalisation de la puissance (500W-8000W). Le traitement d'anodisation de surface am\u00e9liore la r\u00e9sistance \u00e0 la corrosion, offre une \u00e9tanch\u00e9it\u00e9 IPX7, des performances anti-surchauffe \u00e0 sec et anti-tartre, et a une dur\u00e9e de vie de plus de 30 000 heures, r\u00e9pondant aux besoins de chauffage stable pour des sc\u00e9narios industriels et domestiques \u00e0 haute fr\u00e9quence.<\/p>\n<p>Quantit\u00e9 minimale de commande : 1000<br \/>\nD\u00e9lai de livraison : 15-25 jours<br \/>\nEmplacement de l'usine : Zhongshan, Guangdong, Chine<\/p>","protected":false},"featured_media":2038,"comment_status":"closed","ping_status":"closed","template":"","meta":[],"product_brand":[],"product_cat":[2739],"product_tag":[43,53,66,105,128],"class_list":{"0":"post-1014","1":"product","2":"type-product","3":"status-publish","4":"has-post-thumbnail","6":"product_cat-heated-die-casting-parts","7":"product_tag-water-heating-element","8":"product_tag-electric-heating-element","9":"product_tag-hot-water-heater-heating-element","10":"product_tag-heater-element-plate","11":"product_tag-custom-heating-elements","13":"first","14":"instock","15":"shipping-taxable","16":"product-type-simple"},"_links":{"self":[{"href":"https:\/\/jinzho.com\/fr\/wp-json\/wp\/v2\/product\/1014","targetHints":{"allow":["GET"]}}],"collection":[{"href":"https:\/\/jinzho.com\/fr\/wp-json\/wp\/v2\/product"}],"about":[{"href":"https:\/\/jinzho.com\/fr\/wp-json\/wp\/v2\/types\/product"}],"replies":[{"embeddable":true,"href":"https:\/\/jinzho.com\/fr\/wp-json\/wp\/v2\/comments?post=1014"}],"wp:featuredmedia":[{"embeddable":true,"href":"https:\/\/jinzho.com\/fr\/wp-json\/wp\/v2\/media\/2038"}],"wp:attachment":[{"href":"https:\/\/jinzho.com\/fr\/wp-json\/wp\/v2\/media?parent=1014"}],"wp:term":[{"taxonomy":"product_brand","embeddable":true,"href":"https:\/\/jinzho.com\/fr\/wp-json\/wp\/v2\/product_brand?post=1014"},{"taxonomy":"product_cat","embeddable":true,"href":"https:\/\/jinzho.com\/fr\/wp-json\/wp\/v2\/product_cat?post=1014"},{"taxonomy":"product_tag","embeddable":true,"href":"https:\/\/jinzho.com\/fr\/wp-json\/wp\/v2\/product_tag?post=1014"}],"curies":[{"name":"wp","href":"https:\/\/api.w.org\/{rel}","templated":true}]}}