{"id":1011,"date":"2025-05-12T03:35:19","date_gmt":"2025-05-12T03:35:19","guid":{"rendered":"https:\/\/jinzho.com\/?post_type=product&#038;p=1011"},"modified":"2025-06-07T05:33:00","modified_gmt":"2025-06-07T05:33:00","slug":"ensembles-delements-chauffants-moules-sous-pression","status":"publish","type":"product","link":"https:\/\/jinzho.com\/fr\/product\/die-cast-heating-element-sets\/","title":{"rendered":"Ensembles d&#039;\u00e9l\u00e9ments chauffants moul\u00e9s sous pression"},"content":{"rendered":"<h2>Sc\u00e9narios d&#039;application<\/h2>\n<p>\u00c9quipement industriel : \u00e9changeur de chaleur, syst\u00e8me de temp\u00e9rature constante de moule, four industriel\/four tunnel, module de chauffage de batterie \u00e0 \u00e9nergie nouvelle.<br \/>\nAppareils \u00e9lectrom\u00e9nagers : machine \u00e0 caf\u00e9\/machine \u00e0 capsules, chauffe-eau \u00e9lectrique, fer \u00e0 repasser \u00e0 vapeur, autocuiseur \u00e9lectrique, composants de noyau de fer.<br \/>\nM\u00e9dical et laboratoire : \u00e9quipement de st\u00e9rilisation g\u00e9n\u00e9rateur de vapeur, r\u00e9acteur \u00e0 temp\u00e9rature constante, module de contr\u00f4le de temp\u00e9rature d&#039;analyseur de sang.<br \/>\nSc\u00e9narios commerciaux : chaudi\u00e8res \u00e0 th\u00e9 \u00e9lectriques commerciales pour h\u00f4tels, machines \u00e0 boissons pour cha\u00eenes de restaurants et \u00e9quipements intelligents de bain-marie \u00e0 temp\u00e9rature constante.<br \/>\nDomaines de sp\u00e9cialisation : Traitement thermique des pi\u00e8ces automobiles, chauffage des fluides a\u00e9rospatiaux et syst\u00e8mes de chauffage r\u00e9sistants aux intemp\u00e9ries des \u00e9quipements militaires.<br \/>\nPrend en charge le remplacement compatible avec plusieurs appareils et fournit des solutions de package personnalis\u00e9es (telles que plaque chauffante combin\u00e9e + chaudi\u00e8re + module vapeur).<\/p>\n<h2>Sp\u00e9cifications des ensembles d&#039;\u00e9l\u00e9ments chauffants moul\u00e9s sous pression (param\u00e8tres de base)<\/h2>\n<div class=\"hyc-common-markdown__table-wrapper\">\n<table>\n<thead>\n<tr>\n<th>\u200b<strong>Param\u00e8tre<\/strong>\u200b<\/th>\n<th>\u200b<strong>Gamme de sp\u00e9cifications<\/strong>\u200b<\/th>\n<\/tr>\n<\/thead>\n<tbody>\n<tr>\n<td>Plage de puissance<\/td>\n<td>800 W-5000 W (couvre les fers \u00e0 vapeur domestiques et commerciaux, les machines \u00e0 caf\u00e9 et les humidificateurs)<\/td>\n<\/tr>\n<tr>\n<td>Tension de fonctionnement<\/td>\n<td>220 V (monophas\u00e9, norme domestique) ; 380 V (triphas\u00e9, commercial en option)<\/td>\n<\/tr>\n<tr>\n<td>Valeur de r\u00e9sistance<\/td>\n<td>5\u03a9-30\u03a9 (unit\u00e9 unique ou combinaison multi-unit\u00e9s, adapt\u00e9e \u00e0 la puissance\/tension)<\/td>\n<\/tr>\n<tr>\n<td>Temp\u00e9rature de fonctionnement<\/td>\n<td>Surface\u00a0: 120\u00a0\u00b0C \u00e0 250\u00a0\u00b0C (fonctionnement normal)\u00a0; R\u00e9sistance maximale\u00a0: 280\u00a0\u00b0C (protection contre les surcharges de courte dur\u00e9e)<\/td>\n<\/tr>\n<tr>\n<td>Mat\u00e9riau<\/td>\n<td>\u00c9l\u00e9ment chauffant\u00a0: alliage nickel-chrome (Cr20Ni80, \u03a60,6\u00a0mm-\u03a62,5\u00a0mm, haute r\u00e9sistivit\u00e9 et conductivit\u00e9 thermique)\u00a0; bo\u00eetier\u00a0: acier inoxydable 304\/316 (r\u00e9sistant \u00e0 la corrosion, \u00e9paisseur 1,2\u00a0mm-3,0\u00a0mm)\u00a0; base\u00a0: alliage d\u2019aluminium moul\u00e9 sous pression (A356\/6061, haute conductivit\u00e9 thermique)<\/td>\n<\/tr>\n<tr>\n<td>Dimensions<\/td>\n<td>Longueur : 150 mm-600 mm ; Largeur : 50 mm-150 mm ; \u00c9paisseur : 20 mm-50 mm (compatible avec les fentes de chauffage des fers \u00e0 vapeur, des machines \u00e0 caf\u00e9 et des humidificateurs)<\/td>\n<\/tr>\n<tr>\n<td>Dur\u00e9e de vie<\/td>\n<td>8\u00a0000 h \u00e0 15\u00a0000 h (utilisation normale, pas de combustion \u00e0 sec ni d&#039;accumulation de calcaire dans des conditions normales)<\/td>\n<\/tr>\n<\/tbody>\n<\/table>\n<\/div>\n<h2>Caract\u00e9ristiques du produit (fonctionnalit\u00e9s principales)<\/h2>\n<ul>\n<li>\u200b<strong>Adaptabilit\u00e9 multi-appareils<\/strong>Dimensions et puissance personnalisables pour s&#039;adapter aux appareils courants\u00a0: fers \u00e0 vapeur (production de vapeur rapide), machines \u00e0 caf\u00e9 (temp\u00e9rature d&#039;infusion stable) et humidificateurs (augmentation efficace de l&#039;humidit\u00e9). Installation directe sans modification.<\/li>\n<li>\u200b<strong>Efficacit\u00e9 de chauffage rapide<\/strong>: Le noyau en alliage nickel-chrome \u00e0 haute conductivit\u00e9 chauffe \u00e0 180 \u2103 (temp\u00e9rature de vapeur optimale pour les fers) en \u2264 4 minutes pour les mod\u00e8les 2000 W, r\u00e9duisant ainsi le temps d&#039;attente sur les appareils.<\/li>\n<li>\u200b<strong>\u200bR\u00e9partition uniforme de la chaleur\u200b<\/strong>La base en alliage d&#039;aluminium moul\u00e9 avec pr\u00e9cision assure un transfert de chaleur uniforme, minimisant les points froids et la surchauffe localis\u00e9e (essentielle pour une pr\u00e9paration du caf\u00e9 et une qualit\u00e9 de vapeur constantes).<\/li>\n<li>\u200b<strong>R\u00e9sistance \u00e0 la corrosion et au tartre<\/strong>: Le bo\u00eetier en acier inoxydable 304\/316 r\u00e9siste \u00e0 l&#039;eau, \u00e0 la vapeur et aux d\u00e9p\u00f4ts min\u00e9raux (calcaire) ; la base en alliage d&#039;aluminium r\u00e9siste \u00e0 l&#039;oxydation, prolongeant ainsi la dur\u00e9e de vie dans les environnements \u00e0 forte humidit\u00e9.<\/li>\n<li>\u200b<strong>Contr\u00f4le pr\u00e9cis de la temp\u00e9rature<\/strong>: La correspondance de r\u00e9sistance permet une stabilit\u00e9 de \u00b13\u2103, permettant un ajustement pour les tissus d\u00e9licats (fers \u00e0 vapeur), une extraction optimale du caf\u00e9 (90-105\u2103) ou un contr\u00f4le de l&#039;humidit\u00e9 (humidificateurs).<\/li>\n<li>\u200b<strong>Fonctionnement s\u00fbr et fiable<\/strong>: La surface isol\u00e9e en acier inoxydable emp\u00eache les fuites \u00e9lectriques ; la protection int\u00e9gr\u00e9e contre la surchauffe (arr\u00eat automatique \u00e0 &gt; 280 \u2103) prot\u00e8ge contre la combustion \u00e0 sec ou la surchauffe.<\/li>\n<li>\u200b<strong>Conception \u00e0 longue dur\u00e9e de vie<\/strong>: La dissipation thermique optimis\u00e9e r\u00e9duit le stress thermique et la fatigue des \u00e9l\u00e9ments ; 8 000 h + de performances stables en utilisation quotidienne (par exemple, repassage quotidien de 30 minutes, pr\u00e9paration du caf\u00e9 de 2 heures).<\/li>\n<\/ul>\n<p><img fetchpriority=\"high\" decoding=\"async\" class=\"aligncenter size-full wp-image-3364\" src=\"http:\/\/jinzho.com\/wp-content\/uploads\/2025\/05\/heating-element-factory-9.jpg\" alt=\"\" width=\"1254\" height=\"600\" title=\"\" srcset=\"https:\/\/jinzho.com\/wp-content\/uploads\/2025\/05\/heating-element-factory-9.jpg 1254w, https:\/\/jinzho.com\/wp-content\/uploads\/2025\/05\/heating-element-factory-9-300x144.jpg 300w, https:\/\/jinzho.com\/wp-content\/uploads\/2025\/05\/heating-element-factory-9-1024x490.jpg 1024w, https:\/\/jinzho.com\/wp-content\/uploads\/2025\/05\/heating-element-factory-9-768x367.jpg 768w, https:\/\/jinzho.com\/wp-content\/uploads\/2025\/05\/heating-element-factory-9-600x287.jpg 600w\" sizes=\"(max-width: 1254px) 100vw, 1254px\" \/><\/p>","protected":false},"excerpt":{"rendered":"<p>L&#039;ensemble d&#039;\u00e9l\u00e9ments chauffants moul\u00e9s sous pression adopte une conception modulaire, comprenant un substrat en alliage d&#039;aluminium moul\u00e9 sous pression, des composants de r\u00e9sistance \u00e0 couche \u00e9paisse, un module de contr\u00f4le de temp\u00e9rature PID int\u00e9gr\u00e9 et un capteur de temp\u00e9rature CTN. Il offre un chauffage rapide en 3 \u00e0 5 secondes, une efficacit\u00e9 \u00e9nerg\u00e9tique \u2265 96%, une plage de temp\u00e9ratures de fonctionnement de 50 \u00b0C \u00e0 500 \u00b0C et s&#039;adapte aux besoins de puissance multi-sc\u00e9narios (personnalisation de 500 W \u00e0 8\u00a0000 W). Il est \u00e9tanche IPX7, anti-corrosion, anti-br\u00fblure s\u00e8che et r\u00e9sistant \u00e0 l&#039;oxydation \u00e0 haute temp\u00e9rature. Le traitement d&#039;anodisation de surface am\u00e9liore l&#039;uniformit\u00e9 de la conductivit\u00e9 thermique et sa dur\u00e9e de vie d\u00e9passe 50\u00a0000 heures, r\u00e9pondant aux exigences de haute stabilit\u00e9 industrielle et de compatibilit\u00e9 multi-appareils.<br \/>\nQuantit\u00e9 minimale de commande : 1000<br \/>\nD\u00e9lai de livraison : 15-25 jours<br \/>\nEmplacement de l'usine : Zhongshan, Guangdong, Chine<\/p>","protected":false},"featured_media":2025,"comment_status":"closed","ping_status":"closed","template":"","meta":[],"product_brand":[],"product_cat":[2739],"product_tag":[53,71,73,121,128],"class_list":{"0":"post-1011","1":"product","2":"type-product","3":"status-publish","4":"has-post-thumbnail","6":"product_cat-heated-die-casting-parts","7":"product_tag-electric-heating-element","8":"product_tag-electric-heating-systems","9":"product_tag-appliance-heating-elements","10":"product_tag-die-casting-heating-element","11":"product_tag-custom-heating-elements","13":"first","14":"instock","15":"shipping-taxable","16":"product-type-simple"},"_links":{"self":[{"href":"https:\/\/jinzho.com\/fr\/wp-json\/wp\/v2\/product\/1011","targetHints":{"allow":["GET"]}}],"collection":[{"href":"https:\/\/jinzho.com\/fr\/wp-json\/wp\/v2\/product"}],"about":[{"href":"https:\/\/jinzho.com\/fr\/wp-json\/wp\/v2\/types\/product"}],"replies":[{"embeddable":true,"href":"https:\/\/jinzho.com\/fr\/wp-json\/wp\/v2\/comments?post=1011"}],"wp:featuredmedia":[{"embeddable":true,"href":"https:\/\/jinzho.com\/fr\/wp-json\/wp\/v2\/media\/2025"}],"wp:attachment":[{"href":"https:\/\/jinzho.com\/fr\/wp-json\/wp\/v2\/media?parent=1011"}],"wp:term":[{"taxonomy":"product_brand","embeddable":true,"href":"https:\/\/jinzho.com\/fr\/wp-json\/wp\/v2\/product_brand?post=1011"},{"taxonomy":"product_cat","embeddable":true,"href":"https:\/\/jinzho.com\/fr\/wp-json\/wp\/v2\/product_cat?post=1011"},{"taxonomy":"product_tag","embeddable":true,"href":"https:\/\/jinzho.com\/fr\/wp-json\/wp\/v2\/product_tag?post=1011"}],"curies":[{"name":"wp","href":"https:\/\/api.w.org\/{rel}","templated":true}]}}