{"id":998,"date":"2025-05-12T03:35:18","date_gmt":"2025-05-12T03:35:18","guid":{"rendered":"https:\/\/jinzho.com\/?post_type=product&#038;p=998"},"modified":"2025-06-07T03:41:08","modified_gmt":"2025-06-07T03:41:08","slug":"elemento-calefactor-del-calentador-de-agua-electrico-de-aleacion-de-aluminio-fundido-a-presion","status":"publish","type":"product","link":"https:\/\/jinzho.com\/es\/product\/heating-element-of-the-die-cast-aluminum-alloy-electric-water-heater\/","title":{"rendered":"Elemento calefactor del calentador de agua el\u00e9ctrico de aleaci\u00f3n de aluminio fundido a presi\u00f3n"},"content":{"rendered":"<h2>Aplicaciones del producto:<\/h2>\n<p>Calentadores de agua el\u00e9ctricos dom\u00e9sticos, calentadores de agua instant\u00e1neos comerciales, hornillos el\u00e9ctricos comerciales para hoteles, equipos de esterilizaci\u00f3n m\u00e9dica, dispositivos de agua a temperatura constante para laboratorios, calderas de bebidas industriales, cuerpos calefactores de n\u00facleo de hervidor el\u00e9ctrico, m\u00f3dulos de calentamiento auxiliar para calentadores de agua solares, sistemas de agua caliente para hogares inteligentes.<\/p>\n<h2>Especificaciones y Par\u00e1metros Clave del Cuerpo Calefactor de Aluminio Inyectado para Calentadores de Agua El\u00e9ctricos<\/h2>\n<div class=\"hyc-common-markdown__table-wrapper\">\n<table>\n<thead>\n<tr>\n<th>\u200b<strong>Par\u00e1metro<\/strong>\u200b<\/th>\n<th>\u200b<strong>Especificaci\u00f3n<\/strong>\u200b<\/th>\n<\/tr>\n<\/thead>\n<tbody>\n<tr>\n<td>Tecnolog\u00eda del Elemento Calefactor<\/td>\n<td>Sustrato de aleaci\u00f3n de aluminio inyectado + tecnolog\u00eda de resistencias de pel\u00edcula gruesa, integrado con m\u00f3dulo de control de temperatura PID.<\/td>\n<\/tr>\n<tr>\n<td>Calefacci\u00f3n r\u00e1pida<\/td>\n<td>Calentamiento r\u00e1pido en 3 segundos.<\/td>\n<\/tr>\n<tr>\n<td>Eficiencia energ\u00e9tica<\/td>\n<td>\u226596%.<\/td>\n<\/tr>\n<tr>\n<td>Rango de Temperatura de Operaci\u00f3n<\/td>\n<td>80\u2103-150\u2103 (normal).<\/td>\n<\/tr>\n<tr>\n<td>Rango de potencia<\/td>\n<td>1500W-6000W (personalizable).<\/td>\n<\/tr>\n<tr>\n<td>Grado de Impermeabilidad<\/td>\n<td>IPX7.<\/td>\n<\/tr>\n<tr>\n<td>Rendimientos Clave<\/td>\n<td>Resistencia a incrustaciones y corrosi\u00f3n, protecci\u00f3n contra marcha en seco.<\/td>\n<\/tr>\n<tr>\n<td>Escenarios de Aplicaci\u00f3n<\/td>\n<td>Escenarios de calentamiento continuo de alta frecuencia.<\/td>\n<\/tr>\n<tr>\n<td>Vida \u00fatil<\/td>\n<td>\u226550.000 horas (uso normal).<\/td>\n<\/tr>\n<\/tbody>\n<\/table>\n<\/div>\n<h2>\u00a0Ventajas del Producto<\/h2>\n<ul>\n<li>\u200b<strong>Calentamiento Ultra R\u00e1pido<\/strong>: Tecnolog\u00eda de calentamiento r\u00e1pido en 3 segundos satisface la demanda de agua caliente instant\u00e1nea.<\/li>\n<li>\u200b<strong>Alta Eficiencia Energ\u00e9tica<\/strong>: Eficiencia energ\u00e9tica \u2265 96% reduce el consumo de energ\u00eda.<\/li>\n<li>\u200b<strong>Amplio Rango de Temperatura<\/strong>: Adaptabilidad de 80\u2103-150\u2103 se ajusta a diversas necesidades de calentamiento (ej. ba\u00f1o, esterilizaci\u00f3n).<\/li>\n<li>\u200b<strong>Personalizaci\u00f3n Flexible de Potencia<\/strong>: 1500W-6000W ajustable para adaptarse a requisitos dom\u00e9sticos, comerciales o industriales.<\/li>\n<li>\u200b<strong>Protecci\u00f3n Robusta<\/strong>: Impermeabilidad IPX7, resistencia a incrustaciones\/corrosi\u00f3n y protecci\u00f3n contra marcha en seco garantizan fiabilidad a largo plazo.<\/li>\n<li>\u200b<strong>Adaptabilidad a m\u00faltiples escenas<\/strong>: Compatible con calentadores de agua dom\u00e9sticos, hornillos comerciales, equipos m\u00e9dicos y calderas industriales.<\/li>\n<li>\u200b<strong>Larga vida \u00fatil<\/strong>: \u226550.000 horas de operaci\u00f3n estable bajo uso de alta frecuencia.<\/li>\n<\/ul>\n<p><img fetchpriority=\"high\" decoding=\"async\" class=\"aligncenter size-full wp-image-3641\" src=\"http:\/\/jinzho.com\/wp-content\/uploads\/2025\/05\/heating-element-factory-7-1.jpg\" alt=\"\" width=\"1254\" height=\"600\" title=\"\" srcset=\"https:\/\/jinzho.com\/wp-content\/uploads\/2025\/05\/heating-element-factory-7-1.jpg 1254w, https:\/\/jinzho.com\/wp-content\/uploads\/2025\/05\/heating-element-factory-7-1-300x144.jpg 300w, https:\/\/jinzho.com\/wp-content\/uploads\/2025\/05\/heating-element-factory-7-1-1024x490.jpg 1024w, https:\/\/jinzho.com\/wp-content\/uploads\/2025\/05\/heating-element-factory-7-1-768x367.jpg 768w, https:\/\/jinzho.com\/wp-content\/uploads\/2025\/05\/heating-element-factory-7-1-600x287.jpg 600w\" sizes=\"(max-width: 1254px) 100vw, 1254px\" \/><\/p>","protected":false},"excerpt":{"rendered":"<p>El elemento calefactor del calentador de agua el\u00e9ctrico de aleaci\u00f3n de aluminio inyectado adopta sustrato de aleaci\u00f3n de aluminio inyectado y tecnolog\u00eda de resistencias de pel\u00edcula gruesa, integrado con m\u00f3dulo de control de temperatura PID, logrando calentamiento r\u00e1pido en 3 segundos, eficiencia energ\u00e9tica \u2265 96%, rango de temperatura de trabajo 80\u2103-150\u2103, admite personalizaci\u00f3n de potencia (1500W-6000W), con rendimiento de impermeabilidad IPX7, resistencia a la corrosi\u00f3n por incrustaciones y protecci\u00f3n contra marcha en seco, adaptado a escenarios de calentamiento continuo de alta frecuencia, vida \u00fatil de m\u00e1s de 50.000 horas, satisfaciendo las necesidades de ahorro energ\u00e9tico eficiente y operaci\u00f3n estable.<\/p>\n<p>Cantidad m\u00ednima de pedido: 1000<br \/>\nPlazo de entrega: 15-25 d\u00edas<br \/>\nUbicaci\u00f3n de la f\u00e1brica: Zhongshan, Guangdong, China<\/p>","protected":false},"featured_media":1977,"comment_status":"closed","ping_status":"closed","template":"","meta":[],"product_brand":[],"product_cat":[2739],"product_tag":[42,53,72,101,103],"class_list":{"0":"post-998","1":"product","2":"type-product","3":"status-publish","4":"has-post-thumbnail","6":"product_cat-heated-die-casting-parts","7":"product_tag-electric-heating-units","8":"product_tag-electric-heating-element","9":"product_tag-stainless-steel-water-heater","10":"product_tag-heat-transfer-plates","11":"product_tag-electric-water-heater-element","13":"first","14":"instock","15":"shipping-taxable","16":"product-type-simple"},"_links":{"self":[{"href":"https:\/\/jinzho.com\/es\/wp-json\/wp\/v2\/product\/998","targetHints":{"allow":["GET"]}}],"collection":[{"href":"https:\/\/jinzho.com\/es\/wp-json\/wp\/v2\/product"}],"about":[{"href":"https:\/\/jinzho.com\/es\/wp-json\/wp\/v2\/types\/product"}],"replies":[{"embeddable":true,"href":"https:\/\/jinzho.com\/es\/wp-json\/wp\/v2\/comments?post=998"}],"wp:featuredmedia":[{"embeddable":true,"href":"https:\/\/jinzho.com\/es\/wp-json\/wp\/v2\/media\/1977"}],"wp:attachment":[{"href":"https:\/\/jinzho.com\/es\/wp-json\/wp\/v2\/media?parent=998"}],"wp:term":[{"taxonomy":"product_brand","embeddable":true,"href":"https:\/\/jinzho.com\/es\/wp-json\/wp\/v2\/product_brand?post=998"},{"taxonomy":"product_cat","embeddable":true,"href":"https:\/\/jinzho.com\/es\/wp-json\/wp\/v2\/product_cat?post=998"},{"taxonomy":"product_tag","embeddable":true,"href":"https:\/\/jinzho.com\/es\/wp-json\/wp\/v2\/product_tag?post=998"}],"curies":[{"name":"wp","href":"https:\/\/api.w.org\/{rel}","templated":true}]}}