{"id":990,"date":"2025-05-12T03:34:59","date_gmt":"2025-05-12T03:34:59","guid":{"rendered":"https:\/\/jinzho.com\/?post_type=product&#038;p=990"},"modified":"2025-06-07T03:28:03","modified_gmt":"2025-06-07T03:28:03","slug":"piezas-de-recambio-para-cafeteras","status":"publish","type":"product","link":"https:\/\/jinzho.com\/es\/product\/coffee-machine-spare-parts\/","title":{"rendered":"Recambios para cafeteras"},"content":{"rendered":"<h2>Aplicaciones del producto<\/h2>\n<p>Cafeteras semiautom\u00e1ticas italianas, cafeteras comerciales totalmente autom\u00e1ticas (Lavazza\/De&#039;Longhi\/Philips), cafeteras de c\u00e1psulas (Nespresso\/Dolce Gusto), modelos DeLonghi\/Philips\/Nestle, equipos de caf\u00e9 el\u00e9ctricos comerciales para hoteles, componentes de calderas para cafeteras totalmente autom\u00e1ticas de cadenas de catering, sistema de agua caliente\/vapor para cafeteras de c\u00e1psulas, accesorios de reparaci\u00f3n y sustituci\u00f3n de cafeteras (tubo de calentamiento\/caldera\/cabezal de vapor).<\/p>\n<div class=\"agent-chat__conv--ai__speech_show\" data-conv-index=\"48\" data-speech-index=\"0\">\n<div class=\"hyc-component-reasoner\">\n<div class=\"hyc-component-reasoner__text\">\n<div class=\"hyc-content-md hyc-content-md-done\">\n<div class=\"hyc-common-markdown hyc-common-markdown-style\">\n<h2>Especificaciones de repuestos para cafeteras (par\u00e1metros principales)<\/h2>\n<div class=\"hyc-common-markdown__table-wrapper\">\n<table>\n<thead>\n<tr>\n<th>Par\u00e1metro<\/th>\n<th>Gama de especificaciones<\/th>\n<\/tr>\n<\/thead>\n<tbody>\n<tr>\n<td>Rango de potencia<\/td>\n<td>500W-3000W<\/td>\n<\/tr>\n<tr>\n<td>Tensi\u00f3n de funcionamiento<\/td>\n<td>220 V (monof\u00e1sico, dom\u00e9stico); 380 V (trif\u00e1sico, comercial); 480 V (opcional, exportaci\u00f3n)<\/td>\n<\/tr>\n<tr>\n<td>Valor de resistencia<\/td>\n<td>3\u03a9-50\u03a9 (unidad \u00fanica o combinaci\u00f3n de varias unidades, adaptada a la potencia\/voltaje)<\/td>\n<\/tr>\n<tr>\n<td>Temperatura de funcionamiento<\/td>\n<td>Superficie: 80\u2103-200\u2103 (normal); Medio objetivo (agua\/vapor): 60\u2103-180\u2103 (seg\u00fan la escena)<\/td>\n<\/tr>\n<tr>\n<td>Material<\/td>\n<td>Elemento calefactor: Aleaci\u00f3n de n\u00edquel-cromo (Cr20Ni80, \u03a60,5 mm-\u03a62,0 mm); Carcasa: Acero inoxidable 304\/316 (apto para uso alimentario, resistente a la corrosi\u00f3n, espesor 0,8 mm-2,0 mm)<\/td>\n<\/tr>\n<tr>\n<td>Dimensiones<\/td>\n<td>Longitud: 50 mm-400 mm; Di\u00e1metro\/grosor: 30 mm-150 mm (compatible con las ranuras de calentamiento de las m\u00e1quinas de caf\u00e9 convencionales)<\/td>\n<\/tr>\n<tr>\n<td>Vida \u00fatil<\/td>\n<td>5000 h-12000 h (uso normal, sin formaci\u00f3n de incrustaciones ni quemaduras en seco)<\/td>\n<\/tr>\n<\/tbody>\n<\/table>\n<\/div>\n<h2>Caracter\u00edsticas del producto (caracter\u00edsticas principales)<\/h2>\n<ul>\n<li>\u200b<strong>Amplia cobertura de potencia<\/strong>\u200b: 500W-3000W se adapta a m\u00e1quinas de caf\u00e9 dom\u00e9sticas peque\u00f1as y comerciales de gran tama\u00f1o.<\/li>\n<li>\u200b<strong>Compatibilidad con m\u00faltiples voltajes<\/strong>\u200b:220 V\/380 V\/480 V cumple con los est\u00e1ndares de energ\u00eda globales para uso dom\u00e9stico y comercial.<\/li>\n<li>\u200b<strong>Eficiencia de calentamiento r\u00e1pido<\/strong>\u200b:El n\u00facleo de aleaci\u00f3n de n\u00edquel-cromo garantiza una r\u00e1pida transferencia de calor, minimizando el tiempo de precalentamiento.<\/li>\n<li>\u200b<strong>Seguridad de grado alimenticio<\/strong>\u200b:La carcasa de acero inoxidable 304\/316 evita la corrosi\u00f3n y la contaminaci\u00f3n (segura para contacto directo con agua\/vapor).<\/li>\n<li>\u200b<strong>Ajuste personalizado<\/strong>\u200b:Dimensiones adaptadas a las ranuras de calentamiento de las m\u00e1quinas de caf\u00e9 convencionales (por ejemplo, cafeteras de goteo, m\u00e1quinas de espresso).<\/li>\n<li>\u200b<strong>Dise\u00f1o duradero<\/strong>\u200b: Larga vida \u00fatil (5000 h+) con mantenimiento normal, lo que reduce la frecuencia de reemplazo.<\/li>\n<li>\u200b<strong>Adaptabilidad a m\u00faltiples escenas<\/strong>\u200b: Adecuado para cafeteras, planchas de vapor y humidificadores con necesidades de calefacci\u00f3n.<\/li>\n<\/ul>\n<p><img fetchpriority=\"high\" decoding=\"async\" class=\"aligncenter size-full wp-image-3346\" src=\"http:\/\/jinzho.com\/wp-content\/uploads\/2025\/05\/heating-element-factory-3-1.jpg\" alt=\"\" width=\"1254\" height=\"600\" title=\"\" srcset=\"https:\/\/jinzho.com\/wp-content\/uploads\/2025\/05\/heating-element-factory-3-1.jpg 1254w, https:\/\/jinzho.com\/wp-content\/uploads\/2025\/05\/heating-element-factory-3-1-300x144.jpg 300w, https:\/\/jinzho.com\/wp-content\/uploads\/2025\/05\/heating-element-factory-3-1-1024x490.jpg 1024w, https:\/\/jinzho.com\/wp-content\/uploads\/2025\/05\/heating-element-factory-3-1-768x367.jpg 768w, https:\/\/jinzho.com\/wp-content\/uploads\/2025\/05\/heating-element-factory-3-1-600x287.jpg 600w\" sizes=\"(max-width: 1254px) 100vw, 1254px\" \/><\/p>\n<\/div>\n<\/div>\n<\/div>\n<\/div>\n<\/div>\n<div class=\"agent-chat__conv--ai__toolbar\" data-conv-index=\"48\" data-speech-index=\"0\">\n<div class=\"agent-chat__toolbar agent-chat__toolbar_new\">\n<div class=\"agent-chat__toolbar__left\"><\/div>\n<div class=\"agent-chat__toolbar__right\">\n<div class=\"agent-chat__toolbar__item agent-chat__toolbar__copy\"><\/div>\n<div class=\"agent-chat__toolbar__item agent-chat__toolbar__collect\"><\/div>\n<div class=\"agent-chat__toolbar__item agent-chat__toolbar__suitable\"><\/div>\n<div class=\"agent-chat__toolbar__item agent-chat__toolbar__suitable\"><\/div>\n<div class=\"dropdown-tooltip-wrapper\">\n<div class=\"agent-chat__toolbar__item agent-chat__toolbar__repeat\"><\/div>\n<\/div>\n<div class=\"agent-chat__toolbar__item agent-chat__toolbar__share\"><\/div>\n<\/div>\n<\/div>\n<\/div>","protected":false},"excerpt":{"rendered":"<p>El elemento calefactor para repuestos de m\u00e1quinas de caf\u00e9 adopta un sustrato de aleaci\u00f3n de aluminio fundido a presi\u00f3n y tecnolog\u00eda de resistencia de pel\u00edcula gruesa, integra un m\u00f3dulo de control de temperatura PID y un sensor de temperatura NTC, logra un calentamiento r\u00e1pido de 3 segundos, eficiencia energ\u00e9tica \u226596%, rango de temperatura de trabajo 80 \u2103-150 \u2103, se adapta al modo dual de vapor\/extracci\u00f3n, tiene rendimiento de corrosi\u00f3n antiincrustaciones y a prueba de agua IPX7, admite personalizaci\u00f3n de potencia de 500W-2000W, la vida \u00fatil de combusti\u00f3n en seco supera las 30,000 horas, cumple con la certificaci\u00f3n CE de la UE y se adapta con precisi\u00f3n a los requisitos de operaci\u00f3n de alta frecuencia de las m\u00e1quinas de caf\u00e9.<\/p>\n<p>Cantidad m\u00ednima de pedido: 1000<br \/>\nPlazo de entrega: 15-25 d\u00edas<br \/>\nUbicaci\u00f3n de la f\u00e1brica: Zhongshan, Guangdong, China<\/p>","protected":false},"featured_media":1943,"comment_status":"closed","ping_status":"closed","template":"","meta":[],"product_brand":[],"product_cat":[2739],"product_tag":[42,53,61,82,84],"class_list":{"0":"post-990","1":"product","2":"type-product","3":"status-publish","4":"has-post-thumbnail","6":"product_cat-heated-die-casting-parts","7":"product_tag-electric-heating-units","8":"product_tag-electric-heating-element","9":"product_tag-coffee-machine-heating-element","10":"product_tag-coffee-maker-heating-element","11":"product_tag-coffee-pot-heating-element","13":"first","14":"instock","15":"shipping-taxable","16":"product-type-simple"},"_links":{"self":[{"href":"https:\/\/jinzho.com\/es\/wp-json\/wp\/v2\/product\/990","targetHints":{"allow":["GET"]}}],"collection":[{"href":"https:\/\/jinzho.com\/es\/wp-json\/wp\/v2\/product"}],"about":[{"href":"https:\/\/jinzho.com\/es\/wp-json\/wp\/v2\/types\/product"}],"replies":[{"embeddable":true,"href":"https:\/\/jinzho.com\/es\/wp-json\/wp\/v2\/comments?post=990"}],"wp:featuredmedia":[{"embeddable":true,"href":"https:\/\/jinzho.com\/es\/wp-json\/wp\/v2\/media\/1943"}],"wp:attachment":[{"href":"https:\/\/jinzho.com\/es\/wp-json\/wp\/v2\/media?parent=990"}],"wp:term":[{"taxonomy":"product_brand","embeddable":true,"href":"https:\/\/jinzho.com\/es\/wp-json\/wp\/v2\/product_brand?post=990"},{"taxonomy":"product_cat","embeddable":true,"href":"https:\/\/jinzho.com\/es\/wp-json\/wp\/v2\/product_cat?post=990"},{"taxonomy":"product_tag","embeddable":true,"href":"https:\/\/jinzho.com\/es\/wp-json\/wp\/v2\/product_tag?post=990"}],"curies":[{"name":"wp","href":"https:\/\/api.w.org\/{rel}","templated":true}]}}