{"id":982,"date":"2025-05-12T03:34:59","date_gmt":"2025-05-12T03:34:59","guid":{"rendered":"https:\/\/jinzho.com\/?post_type=product&#038;p=982"},"modified":"2025-06-07T03:07:16","modified_gmt":"2025-06-07T03:07:16","slug":"elemento-calefactor-de-fundicion-a-presion-3","status":"publish","type":"product","link":"https:\/\/jinzho.com\/es\/product\/die-casting-heating-element\/","title":{"rendered":"elemento calefactor de fundici\u00f3n a presi\u00f3n"},"content":{"rendered":"<h2>Aplicaciones del producto:<\/h2>\n<p>M\u00e1quina de fundici\u00f3n a presi\u00f3n industrial (molde de aleaci\u00f3n de aluminio\/magnesio), molde de fundici\u00f3n a presi\u00f3n de piezas de autom\u00f3viles, l\u00ednea de fundici\u00f3n a presi\u00f3n de carcasa de bater\u00eda de nueva energ\u00eda, m\u00e1quina de moldeo por fundici\u00f3n a presi\u00f3n de equipos m\u00e9dicos, equipo de fundici\u00f3n a presi\u00f3n de accesorios de electrodom\u00e9sticos, molde de fundici\u00f3n a presi\u00f3n de portal\u00e1mparas LED, sistema de calentamiento de temperatura constante del molde, manguito de calentamiento del molde de la m\u00e1quina de fundici\u00f3n a presi\u00f3n.<\/p>\n<h2>\u00a0Especificaciones del elemento calefactor de fundici\u00f3n a presi\u00f3n (par\u00e1metros principales)<\/h2>\n<div class=\"hyc-common-markdown__table-wrapper\">\n<table>\n<thead>\n<tr>\n<th>Par\u00e1metro<\/th>\n<th>Gama de especificaciones<\/th>\n<\/tr>\n<\/thead>\n<tbody>\n<tr>\n<td>Rango de potencia<\/td>\n<td>500W-3000W<\/td>\n<\/tr>\n<tr>\n<td>Tensi\u00f3n de funcionamiento<\/td>\n<td>220 V (monof\u00e1sico, dom\u00e9stico\/comercial); 380 V (trif\u00e1sico, industrial); 480 V (opcional, equipo de exportaci\u00f3n)<\/td>\n<\/tr>\n<tr>\n<td>Valor de resistencia<\/td>\n<td>2\u03a9-50\u03a9 (unidad \u00fanica o combinaci\u00f3n de varias unidades)<\/td>\n<\/tr>\n<tr>\n<td>Temperatura de funcionamiento<\/td>\n<td>Superficie: 80\u2103-220\u2103 (normal); Escenario de generaci\u00f3n de vapor: 120\u2103-180\u2103 (vapor atmosf\u00e9rico)<\/td>\n<\/tr>\n<tr>\n<td>Material<\/td>\n<td>Elemento calefactor: Aleaci\u00f3n de n\u00edquel-cromo (Cr20Ni80, \u03a60,5 mm-\u03a62,5 mm); Carcasa: Acero inoxidable 304\/316 (resistente a la corrosi\u00f3n, apto para contacto con agua y alimentos).<\/td>\n<\/tr>\n<tr>\n<td>Dimensiones<\/td>\n<td>Longitud: 50 mm-5000 mm; Di\u00e1metro\/grosor: 10 mm-300 mm (compatible con planchas de vapor, cafeteras, dispensadores de agua)<\/td>\n<\/tr>\n<tr>\n<td>Vida \u00fatil<\/td>\n<td>5000 h-15000 h (uso normal, sin formaci\u00f3n de incrustaciones ni quemaduras en seco)<\/td>\n<\/tr>\n<\/tbody>\n<\/table>\n<\/div>\n<h2>Caracter\u00edsticas del producto (caracter\u00edsticas principales)<\/h2>\n<ul>\n<li>Amplia cobertura de potencia (500W-3000W) para diversos electrodom\u00e9sticos: planchas de vapor, cafeteras y dispensadores de agua.<\/li>\n<li>La compatibilidad con m\u00faltiples voltajes (220 V\/380 V\/480 V) satisface las necesidades de equipos dom\u00e9sticos, comerciales y de exportaci\u00f3n.<\/li>\n<li>Control preciso de temperatura con adaptaci\u00f3n de resistencia, lo que garantiza un calentamiento estable para los medios objetivo (agua\/vapor).<\/li>\n<li>Carcasa de acero inoxidable 304\/316 resistente a la corrosi\u00f3n + n\u00facleo de aleaci\u00f3n de n\u00edquel-cromo de alta conductividad, seguro para contacto con agua\/vapor.<\/li>\n<li>Dimensiones personalizables para adaptarse a las c\u00e1maras de calentamiento de los electrodom\u00e9sticos convencionales (por ejemplo, m\u00e1quinas de caf\u00e9 expreso, planchas de vapor).<\/li>\n<li>Larga vida \u00fatil (5000 h+) con mantenimiento normal, lo que reduce la frecuencia de reemplazo.<\/li>\n<li>Conducci\u00f3n t\u00e9rmica eficiente mediante aleaci\u00f3n de n\u00edquel-cromo, minimizando el tiempo de calentamiento.<\/li>\n<\/ul>\n<p><img fetchpriority=\"high\" decoding=\"async\" class=\"aligncenter size-full wp-image-3433\" src=\"http:\/\/jinzho.com\/wp-content\/uploads\/2025\/05\/heating-element-factory-4.jpg\" alt=\"\" width=\"1254\" height=\"600\" title=\"\" srcset=\"https:\/\/jinzho.com\/wp-content\/uploads\/2025\/05\/heating-element-factory-4.jpg 1254w, https:\/\/jinzho.com\/wp-content\/uploads\/2025\/05\/heating-element-factory-4-300x144.jpg 300w, https:\/\/jinzho.com\/wp-content\/uploads\/2025\/05\/heating-element-factory-4-1024x490.jpg 1024w, https:\/\/jinzho.com\/wp-content\/uploads\/2025\/05\/heating-element-factory-4-768x367.jpg 768w, https:\/\/jinzho.com\/wp-content\/uploads\/2025\/05\/heating-element-factory-4-600x287.jpg 600w\" sizes=\"(max-width: 1254px) 100vw, 1254px\" \/><\/p>","protected":false},"excerpt":{"rendered":"<p>El elemento calefactor de fundici\u00f3n a presi\u00f3n adopta un sustrato de aleaci\u00f3n de aluminio fundido a presi\u00f3n y tecnolog\u00eda de resistencia de pel\u00edcula gruesa, integrado con un m\u00f3dulo de control de temperatura PID, logrando un calentamiento r\u00e1pido de 3-5 segundos, eficiencia energ\u00e9tica \u226596%, rango de temperatura de trabajo 80 \u2103-500 \u2103, potencia de soporte (1000W-6000W) personalizaci\u00f3n, con corrosi\u00f3n l\u00edquida anti-aluminio, resistencia a la oxidaci\u00f3n a alta temperatura y resistencia a la combusti\u00f3n en seco, adecuado para escenas de fundici\u00f3n a presi\u00f3n continua de alta frecuencia, vida \u00fatil de m\u00e1s de 50,000 horas, satisfaciendo las necesidades de alta estabilidad y calefacci\u00f3n industrial de bajo consumo de energ\u00eda.<\/p>\n<p>Cantidad m\u00ednima de pedido: 1000<br \/>\nPlazo de entrega: 15-25 d\u00edas<br \/>\nUbicaci\u00f3n de la f\u00e1brica: Zhongshan, Guangdong, China<\/p>","protected":false},"featured_media":1910,"comment_status":"closed","ping_status":"closed","template":"","meta":[],"product_brand":[],"product_cat":[2739],"product_tag":[53,65,107,128,130],"class_list":{"0":"post-982","1":"product","2":"type-product","3":"status-publish","4":"has-post-thumbnail","6":"product_cat-heated-die-casting-parts","7":"product_tag-electric-heating-element","8":"product_tag-general-electric-heating-element","9":"product_tag-aluminum-heat-transfer-plates","10":"product_tag-custom-heating-elements","11":"product_tag-custom-heating-systems","13":"first","14":"instock","15":"shipping-taxable","16":"product-type-simple"},"_links":{"self":[{"href":"https:\/\/jinzho.com\/es\/wp-json\/wp\/v2\/product\/982","targetHints":{"allow":["GET"]}}],"collection":[{"href":"https:\/\/jinzho.com\/es\/wp-json\/wp\/v2\/product"}],"about":[{"href":"https:\/\/jinzho.com\/es\/wp-json\/wp\/v2\/types\/product"}],"replies":[{"embeddable":true,"href":"https:\/\/jinzho.com\/es\/wp-json\/wp\/v2\/comments?post=982"}],"wp:featuredmedia":[{"embeddable":true,"href":"https:\/\/jinzho.com\/es\/wp-json\/wp\/v2\/media\/1910"}],"wp:attachment":[{"href":"https:\/\/jinzho.com\/es\/wp-json\/wp\/v2\/media?parent=982"}],"wp:term":[{"taxonomy":"product_brand","embeddable":true,"href":"https:\/\/jinzho.com\/es\/wp-json\/wp\/v2\/product_brand?post=982"},{"taxonomy":"product_cat","embeddable":true,"href":"https:\/\/jinzho.com\/es\/wp-json\/wp\/v2\/product_cat?post=982"},{"taxonomy":"product_tag","embeddable":true,"href":"https:\/\/jinzho.com\/es\/wp-json\/wp\/v2\/product_tag?post=982"}],"curies":[{"name":"wp","href":"https:\/\/api.w.org\/{rel}","templated":true}]}}