{"id":927,"date":"2025-05-12T03:34:18","date_gmt":"2025-05-12T03:34:18","guid":{"rendered":"https:\/\/jinzho.com\/?post_type=product&#038;p=927"},"modified":"2025-06-02T06:20:51","modified_gmt":"2025-06-02T06:20:51","slug":"elemento-calefactor-de-aluminio","status":"publish","type":"product","link":"https:\/\/jinzho.com\/es\/product\/aluminum-heating-element\/","title":{"rendered":"Elemento calefactor de aluminio"},"content":{"rendered":"<h2>Aplicaciones del producto<\/h2>\n<p>Electrodom\u00e9sticos: hervidores el\u00e9ctricos, dispensadores de agua instant\u00e1nea, freidoras de aire, ollas saludables, bases calentadoras para cafeteras.<\/p>\n<p><img fetchpriority=\"high\" decoding=\"async\" class=\"aligncenter size-full wp-image-3357\" src=\"http:\/\/jinzho.com\/wp-content\/uploads\/2025\/05\/heating-element-application-7.jpg\" alt=\"\" width=\"1254\" height=\"600\" title=\"\" srcset=\"https:\/\/jinzho.com\/wp-content\/uploads\/2025\/05\/heating-element-application-7.jpg 1254w, https:\/\/jinzho.com\/wp-content\/uploads\/2025\/05\/heating-element-application-7-300x144.jpg 300w, https:\/\/jinzho.com\/wp-content\/uploads\/2025\/05\/heating-element-application-7-1024x490.jpg 1024w, https:\/\/jinzho.com\/wp-content\/uploads\/2025\/05\/heating-element-application-7-768x367.jpg 768w, https:\/\/jinzho.com\/wp-content\/uploads\/2025\/05\/heating-element-application-7-600x287.jpg 600w\" sizes=\"(max-width: 1254px) 100vw, 1254px\" \/><\/p>\n<h2>Par\u00e1metros y especificaciones del producto<\/h2>\n<p>Rango de potencia:<\/p>\n<p>Hogar: 500W\u20133000W (hervidor el\u00e9ctrico, m\u00e1quina de caf\u00e9, olla el\u00e9ctrica, calentador de leche, fabricante de leche de soja, rompedor de pared)<\/p>\n<p>Voltaje de trabajo: CA monof\u00e1sica 110V\/220V o CA trif\u00e1sica 380V (compatible con redes el\u00e9ctricas globales, error \u2264\u00b15%).<\/p>\n<p>Valor de resistencia: 2\u03a9\u201350\u03a9 (ajustado con precisi\u00f3n seg\u00fan voltaje y potencia, error \u2264\u00b13%).<\/p>\n<p>Temperatura de trabajo:<\/p>\n<p>Modelo convencional: funcionamiento continuo y estable de 150\u00b0C-300\u00b0C (dise\u00f1o de temperatura autolimitante, antisobrecalentamiento).<\/p>\n<p>Modelo de alta temperatura: tolerancia a corto plazo de 400\u00b0C (requiere capa anodizada personalizada + recubrimiento cer\u00e1mico).<\/p>\n<p>Material:<\/p>\n<p>Material base: aleaci\u00f3n de aluminio grado aeron\u00e1utico (6063-T5, conductividad t\u00e9rmica \u2265200W\/m\u00b7K, dise\u00f1o ligero).<br \/>\nTratamiento superficial: capa anodizada (espesor 15\u03bcm, resistente a la corrosi\u00f3n) o recubrimiento cer\u00e1mico (resistente a altas temperaturas hasta 600\u00b0C).<\/p>\n<p>Cable calefactor: aleaci\u00f3n de n\u00edquel-cromo (NiCr, resistente a la oxidaci\u00f3n a alta temperatura) o chip cer\u00e1mico PTC (caracter\u00edsticas de autolimitaci\u00f3n de temperatura).<\/p>\n<p>Dimensiones:<\/p>\n<p>Di\u00e1metro del tubo: \u03a68mm\u2013\u03a650mm (dise\u00f1o redondo\/cuadrado, adecuado para calderas de diferentes equipos).<\/p>\n<p>Longitud: 100mm\u20132000mm (admite personalizaci\u00f3n en forma de U, espiral o especial).<\/p>\n<p>Vida \u00fatil: 20,000\u201380,000 horas (seg\u00fan temperatura de funcionamiento y protecci\u00f3n del recubrimiento).<\/p>\n<p>Servicios personalizables: soporte para ajuste de potencia, voltaje, \u00e1ngulo de curvatura, certificaci\u00f3n antideflagrante opcional (Ex d IIB T4), nivel de protecci\u00f3n IP (como IP68), sensor NTC integrado, etc.<\/p>\n<p><img decoding=\"async\" class=\"aligncenter size-full wp-image-3363\" src=\"http:\/\/jinzho.com\/wp-content\/uploads\/2025\/05\/heating-element-factory-8.jpg\" alt=\"\" width=\"1254\" height=\"600\" title=\"\" srcset=\"https:\/\/jinzho.com\/wp-content\/uploads\/2025\/05\/heating-element-factory-8.jpg 1254w, https:\/\/jinzho.com\/wp-content\/uploads\/2025\/05\/heating-element-factory-8-300x144.jpg 300w, https:\/\/jinzho.com\/wp-content\/uploads\/2025\/05\/heating-element-factory-8-1024x490.jpg 1024w, https:\/\/jinzho.com\/wp-content\/uploads\/2025\/05\/heating-element-factory-8-768x367.jpg 768w, https:\/\/jinzho.com\/wp-content\/uploads\/2025\/05\/heating-element-factory-8-600x287.jpg 600w\" sizes=\"(max-width: 1254px) 100vw, 1254px\" \/><\/p>","protected":false},"excerpt":{"rendered":"<p>Elemento Calefactor de Aluminio\u2014\u2014Soluci\u00f3n ligera y eficiente de conducci\u00f3n de calor<br \/>\nElementos calefactores de aluminio dise\u00f1ados para climatizaci\u00f3n industrial, electr\u00f3nica de consumo (como m\u00e1quinas de caf\u00e9, secadores de pelo) y electrodom\u00e9sticos (como calentadores de agua, hornos), fabricados con aleaci\u00f3n de aluminio grado aeron\u00e1utico 6061-T6 + recubrimiento de nanocer\u00e1mica, adecuados para un rango de potencia de 500W-50kW, resistencia a temperatura de hasta 350\u2103 (a corto plazo), conductividad t\u00e9rmica \u2265200W\/m\u00b7K.<\/p>\n<p>MOQ\uff1a1000PCS<br \/>\nPlazo de entrega\uff1a25d\u00edas<br \/>\nUbicaci\u00f3n de la f\u00e1brica: Zhongshan, Guangdong, China<\/p>","protected":false},"featured_media":1408,"comment_status":"closed","ping_status":"closed","template":"","meta":[],"product_brand":[],"product_cat":[2734],"product_tag":[61,70,80,91,93],"class_list":{"0":"post-927","1":"product","2":"type-product","3":"status-publish","4":"has-post-thumbnail","6":"product_cat-heating-tubes","7":"product_tag-coffee-machine-heating-element","8":"product_tag-electric-heating-coils","9":"product_tag-coffee-machine-heater","10":"product_tag-aluminum-heat-exchanger","11":"product_tag-ceramic-heating-tube","13":"first","14":"instock","15":"shipping-taxable","16":"product-type-simple"},"_links":{"self":[{"href":"https:\/\/jinzho.com\/es\/wp-json\/wp\/v2\/product\/927","targetHints":{"allow":["GET"]}}],"collection":[{"href":"https:\/\/jinzho.com\/es\/wp-json\/wp\/v2\/product"}],"about":[{"href":"https:\/\/jinzho.com\/es\/wp-json\/wp\/v2\/types\/product"}],"replies":[{"embeddable":true,"href":"https:\/\/jinzho.com\/es\/wp-json\/wp\/v2\/comments?post=927"}],"wp:featuredmedia":[{"embeddable":true,"href":"https:\/\/jinzho.com\/es\/wp-json\/wp\/v2\/media\/1408"}],"wp:attachment":[{"href":"https:\/\/jinzho.com\/es\/wp-json\/wp\/v2\/media?parent=927"}],"wp:term":[{"taxonomy":"product_brand","embeddable":true,"href":"https:\/\/jinzho.com\/es\/wp-json\/wp\/v2\/product_brand?post=927"},{"taxonomy":"product_cat","embeddable":true,"href":"https:\/\/jinzho.com\/es\/wp-json\/wp\/v2\/product_cat?post=927"},{"taxonomy":"product_tag","embeddable":true,"href":"https:\/\/jinzho.com\/es\/wp-json\/wp\/v2\/product_tag?post=927"}],"curies":[{"name":"wp","href":"https:\/\/api.w.org\/{rel}","templated":true}]}}