{"id":916,"date":"2025-05-12T03:34:17","date_gmt":"2025-05-12T03:34:17","guid":{"rendered":"https:\/\/jinzho.com\/?post_type=product&#038;p=916"},"modified":"2025-06-02T02:09:00","modified_gmt":"2025-06-02T02:09:00","slug":"calentador-ceramico-ptc-2","status":"publish","type":"product","link":"https:\/\/jinzho.com\/es\/product\/ptc-ceramic-heater\/","title":{"rendered":"calentador cer\u00e1mico ptc"},"content":{"rendered":"<h2>Aplicaciones del producto<\/h2>\n<p><strong>Electrodom\u00e9sticos:<\/strong> Calentadores de ventilador, m\u00f3dulos de calefacci\u00f3n auxiliares para aire acondicionado, calentadores el\u00e9ctricos, calentadores de agua instant\u00e1neos.<\/p>\n<p><img fetchpriority=\"high\" decoding=\"async\" class=\"aligncenter size-full wp-image-3380\" src=\"http:\/\/jinzho.com\/wp-content\/uploads\/2025\/05\/heating-element-application-10.jpg\" alt=\"\" width=\"1254\" height=\"600\" title=\"\" srcset=\"https:\/\/jinzho.com\/wp-content\/uploads\/2025\/05\/heating-element-application-10.jpg 1254w, https:\/\/jinzho.com\/wp-content\/uploads\/2025\/05\/heating-element-application-10-300x144.jpg 300w, https:\/\/jinzho.com\/wp-content\/uploads\/2025\/05\/heating-element-application-10-1024x490.jpg 1024w, https:\/\/jinzho.com\/wp-content\/uploads\/2025\/05\/heating-element-application-10-768x367.jpg 768w, https:\/\/jinzho.com\/wp-content\/uploads\/2025\/05\/heating-element-application-10-600x287.jpg 600w\" sizes=\"(max-width: 1254px) 100vw, 1254px\" \/><\/p>\n<h2>Par\u00e1metros y especificaciones del producto<\/h2>\n<p><strong>Rango de potencia:<\/strong><br \/>\nHogar: 200W\u20132000W (calentador el\u00e9ctrico, secadora de ropa, freidora de aire)<br \/>\nIndustrial: 2000 W\u201315 kW (horno industrial, sistema de calefacci\u00f3n y aire acondicionado de autom\u00f3viles, desinfecci\u00f3n de dispositivos m\u00e9dicos)<\/p>\n<p><strong>Tensi\u00f3n de trabajo:<\/strong> 12 V\u2013480 V CA\/CC (compatible con red el\u00e9ctrica global, error \u2264\u00b15%).<\/p>\n<p><strong>Valor de resistencia:<\/strong> 10\u03a9\u20131000\u03a9 (coincidencia precisa de voltaje y potencia, error \u2264\u00b13%).<\/p>\n<p><strong>Temperatura de trabajo:<\/strong><br \/>\nModelo convencional: funcionamiento continuo y estable 80\u00b0C\u2013250\u00b0C (caracter\u00edsticas de temperatura autolimitantes, reducci\u00f3n autom\u00e1tica de potencia para evitar el sobrecalentamiento).<br \/>\nModelo de alta temperatura: tolerancia a corto plazo de 350 \u00b0C (se requiere estructura de disipaci\u00f3n de calor personalizada).<\/p>\n<p><strong>Material:<\/strong><\/p>\n<p>Chip PTC: cer\u00e1mica a base de titanato de bario (temperatura de Curie ajustable de 60 \u00b0C a 300 \u00b0C, caracter\u00edsticas de coeficiente de temperatura positivo).<br \/>\nEstructura de disipaci\u00f3n de calor: aletas de disipaci\u00f3n de calor de aluminio (conductividad t\u00e9rmica \u2265 200 W\/m\u00b7K, mejora la eficiencia t\u00e9rmica).<br \/>\nTratamiento superficial: capa anodizada (resistente a la corrosi\u00f3n) o revestimiento cer\u00e1mico (resistente a altas temperaturas hasta 500\u00b0C).<br \/>\n<strong>Dimensiones:<\/strong><br \/>\nTama\u00f1o del chip: \u03a610 mm\u2013\u03a6100 mm (admite personalizaci\u00f3n de formas especiales).<br \/>\nLongitud del disipador de calor: 50 mm\u20131200 mm, espaciado de aletas: 5 mm\u201330 mm.<br \/>\nVida \u00fatil: 20.000 a 80.000 horas (seg\u00fan la temperatura de funcionamiento y las condiciones de disipaci\u00f3n de calor).<br \/>\nServicios personalizables: soporte de potencia, voltaje, ajuste de temperatura Curie, certificaci\u00f3n a prueba de explosiones opcional, nivel de protecci\u00f3n IP (como IP68), sensor NTC integrado, etc.<\/p>\n<h2>\nPrincipales ventajas<\/h2>\n<p><strong>Funci\u00f3n de seguridad de temperatura autolimitante:<\/strong><br \/>\nEfecto de punto Curie de cer\u00e1mica PTC, la resistencia aumenta bruscamente cuando la temperatura excede el valor establecido y la potencia se reduce autom\u00e1ticamente a un rango seguro, no se requiere termostato externo y evita el sobrecalentamiento y las quemaduras.<br \/>\n<strong>Alta eficiencia y ahorro energ\u00e9tico:<\/strong><br \/>\nLa eficiencia t\u00e9rmica es \u226595%, la energ\u00eda el\u00e9ctrica se convierte directamente en energ\u00eda t\u00e9rmica, no hay llama abierta y el consumo de energ\u00eda es 30% menor que el de los calentadores de alambre de resistencia tradicionales.<br \/>\n\u200b\u200b<strong>Respuesta r\u00e1pida y funcionamiento silencioso:<\/strong><br \/>\nLa velocidad de calentamiento es \u226430 segundos (hasta 200 \u00b0C), no hay ruido de vibraci\u00f3n mec\u00e1nica y es adecuado para electrodom\u00e9sticos silenciosos (como purificadores de aire, equipos m\u00e9dicos).<br \/>\n<strong>Larga vida \u00fatil y confiabilidad:<\/strong><br \/>\nNo existe riesgo de que se queme el alambre de \u00f3xido, la vida \u00fatil es 2-3 veces m\u00e1s larga que la de los calentadores de alambre de resistencia y es resistente a arranques y paradas frecuentes (&gt;10,000 pruebas de ciclo).<br \/>\n<strong>Adaptabilidad ambiental:<\/strong><br \/>\nDise\u00f1o a prueba de humedad, polvo y corrosi\u00f3n (nivel de protecci\u00f3n IP68\/IP69K opcional), adecuado para entornos industriales h\u00famedos o hostiles.<br \/>\n<strong>Ligereza y compacidad:<\/strong><br \/>\nEl disipador de calor de aluminio tiene una densidad baja (2,7 g\/cm\u00b3) y el volumen es 50% m\u00e1s peque\u00f1o que el de los calentadores tradicionales, lo que es adecuado para escenarios con limitaciones de espacio.<br \/>\n<strong>Compatibilidad inteligente:<\/strong><br \/>\nAdmite regulaci\u00f3n de potencia PWM y acceso IoT (control de temperatura remoto mediante APP) y es adecuado para sistemas de hogares inteligentes\/Industria 4.0.<br \/>\n<strong>Cumplimiento global:<\/strong><br \/>\nCertificaci\u00f3n CE, UL, CCC y RoHS<\/p>\n<p><img decoding=\"async\" class=\"aligncenter size-full wp-image-3345\" src=\"http:\/\/jinzho.com\/wp-content\/uploads\/2025\/05\/heating-element-factory-2-2.jpg\" alt=\"\" width=\"1254\" height=\"600\" title=\"\" srcset=\"https:\/\/jinzho.com\/wp-content\/uploads\/2025\/05\/heating-element-factory-2-2.jpg 1254w, https:\/\/jinzho.com\/wp-content\/uploads\/2025\/05\/heating-element-factory-2-2-300x144.jpg 300w, https:\/\/jinzho.com\/wp-content\/uploads\/2025\/05\/heating-element-factory-2-2-1024x490.jpg 1024w, https:\/\/jinzho.com\/wp-content\/uploads\/2025\/05\/heating-element-factory-2-2-768x367.jpg 768w, https:\/\/jinzho.com\/wp-content\/uploads\/2025\/05\/heating-element-factory-2-2-600x287.jpg 600w\" sizes=\"(max-width: 1254px) 100vw, 1254px\" \/><\/p>","protected":false},"excerpt":{"rendered":"<p>Calentador cer\u00e1mico PTC: control de temperatura inteligente y soluci\u00f3n de calentamiento cer\u00e1mico de alta eficiencia.<br \/>\nElementos calefactores de cer\u00e1mica semiconductores dise\u00f1ados para electrodom\u00e9sticos, equipos industriales y veh\u00edculos de nueva energ\u00eda, que utilizan cer\u00e1mica PTC basada en titanato de bario dopado con tierras raras (BaTiO?) + sustrato aislante de nitruro de aluminio (AlN), adecuado para un rango de potencia de 500 W-30 kW, resistencia a temperaturas de hasta 300 \u2103 (tiempo corto), eficiencia de calentamiento \u226595%.<\/p>\n<p>MOQ\uff1a1000PCS<br \/>\nPlazo de entrega\uff1a25d\u00edas<br \/>\nUbicaci\u00f3n de la f\u00e1brica: Zhongshan, Guangdong, China<\/p>","protected":false},"featured_media":1486,"comment_status":"closed","ping_status":"closed","template":"","meta":[],"product_brand":[],"product_cat":[2734],"product_tag":[65,92,93,94,95],"class_list":{"0":"post-916","1":"product","2":"type-product","3":"status-publish","4":"has-post-thumbnail","6":"product_cat-heating-tubes","7":"product_tag-general-electric-heating-element","8":"product_tag-ptc-heater","9":"product_tag-ceramic-heating-tube","10":"product_tag-ceramic-heating-element","11":"product_tag-ptc-ceramic-heater","13":"first","14":"instock","15":"shipping-taxable","16":"product-type-simple"},"_links":{"self":[{"href":"https:\/\/jinzho.com\/es\/wp-json\/wp\/v2\/product\/916","targetHints":{"allow":["GET"]}}],"collection":[{"href":"https:\/\/jinzho.com\/es\/wp-json\/wp\/v2\/product"}],"about":[{"href":"https:\/\/jinzho.com\/es\/wp-json\/wp\/v2\/types\/product"}],"replies":[{"embeddable":true,"href":"https:\/\/jinzho.com\/es\/wp-json\/wp\/v2\/comments?post=916"}],"wp:featuredmedia":[{"embeddable":true,"href":"https:\/\/jinzho.com\/es\/wp-json\/wp\/v2\/media\/1486"}],"wp:attachment":[{"href":"https:\/\/jinzho.com\/es\/wp-json\/wp\/v2\/media?parent=916"}],"wp:term":[{"taxonomy":"product_brand","embeddable":true,"href":"https:\/\/jinzho.com\/es\/wp-json\/wp\/v2\/product_brand?post=916"},{"taxonomy":"product_cat","embeddable":true,"href":"https:\/\/jinzho.com\/es\/wp-json\/wp\/v2\/product_cat?post=916"},{"taxonomy":"product_tag","embeddable":true,"href":"https:\/\/jinzho.com\/es\/wp-json\/wp\/v2\/product_tag?post=916"}],"curies":[{"name":"wp","href":"https:\/\/api.w.org\/{rel}","templated":true}]}}