{"id":898,"date":"2025-05-12T03:33:59","date_gmt":"2025-05-12T03:33:59","guid":{"rendered":"https:\/\/jinzho.com\/?post_type=product&#038;p=898"},"modified":"2025-06-01T09:23:17","modified_gmt":"2025-06-01T09:23:17","slug":"tubo-de-calentamiento-de-tetera-electrica","status":"publish","type":"product","link":"https:\/\/jinzho.com\/es\/product\/electric-kettle-heating-tube\/","title":{"rendered":"Tubo calefactor de hervidor el\u00e9ctrico"},"content":{"rendered":"<h2>Aplicaciones del producto<\/h2>\n<p>Electrodom\u00e9sticos: teteras el\u00e9ctricas dom\u00e9sticas, dispensadores de agua caliente instant\u00e1nea, ollas de salud, m\u00e1quinas de caf\u00e9.<\/p>\n<p>Equipos industriales: hervidores de agua comerciales de gran capacidad, teteras de temperatura constante para hoteles\/hospitales, equipos de limpieza a alta temperatura para laboratorios.<\/p>\n<p><img fetchpriority=\"high\" decoding=\"async\" class=\"aligncenter size-full wp-image-3357\" src=\"http:\/\/jinzho.com\/wp-content\/uploads\/2025\/05\/heating-element-application-7.jpg\" alt=\"\" width=\"1254\" height=\"600\" title=\"\" srcset=\"https:\/\/jinzho.com\/wp-content\/uploads\/2025\/05\/heating-element-application-7.jpg 1254w, https:\/\/jinzho.com\/wp-content\/uploads\/2025\/05\/heating-element-application-7-300x144.jpg 300w, https:\/\/jinzho.com\/wp-content\/uploads\/2025\/05\/heating-element-application-7-1024x490.jpg 1024w, https:\/\/jinzho.com\/wp-content\/uploads\/2025\/05\/heating-element-application-7-768x367.jpg 768w, https:\/\/jinzho.com\/wp-content\/uploads\/2025\/05\/heating-element-application-7-600x287.jpg 600w\" sizes=\"(max-width: 1254px) 100vw, 1254px\" \/><\/p>\n<h2>\u00a0Par\u00e1metros y especificaciones del producto<\/h2>\n<p>Rango de potencia: 1.5kW\u20133kW (personalizable hasta 5kW, adecuado para teteras el\u00e9ctricas comerciales de gran capacidad).<\/p>\n<p>Voltaje de trabajo: CA monof\u00e1sica 220V\/110V (compatible con redes el\u00e9ctricas globales, error \u2264\u00b15%).<\/p>\n<p>Valor de resistencia: 10\u03a9\u201350\u03a9 (ajustado con precisi\u00f3n seg\u00fan voltaje y potencia, error \u2264\u00b13%).<\/p>\n<p>Temperatura de trabajo: Funcionamiento continuo y consistente a 120\u00b0C; tolerancia a corto plazo de 150\u00b0C utilizando material de aleaci\u00f3n de n\u00edquel-cromo.<\/p>\n<p>Material:<\/p>\n<p>Elemento calefactor: aleaci\u00f3n de n\u00edquel-cromo modelo resistente a la corrosi\u00f3n (NiCr 80\/20) o acero inoxidable 316L.<\/p>\n<p>Capa aislante: cer\u00e1mica de \u00f3xido de magnesio de gran pureza (resistencia a altas temperaturas, resistencia al choque t\u00e9rmico).<\/p>\n<p>Dimensiones: longitud 80mm\u2013200mm, di\u00e1metro \u03a66mm\u201315mm (admite personalizaci\u00f3n en forma de U y de tubo recto plano).<br \/>\nVida \u00fatil: 10,000\u201325,000 horas (seg\u00fan la calidad del agua y la frecuencia de uso, el recubrimiento antioxidante prolonga la vida).<br \/>\nServicio personalizable: admite necesidades especiales como ajuste de potencia, voltaje, longitud y recubrimiento antiexplosi\u00f3n.<\/p>\n<h2>ventajas principales<\/h2>\n<p>Calentamiento r\u00e1pido: 3\u20135 minutos para hervir 1.5L de agua, eficiencia t\u00e9rmica \u226592%.<br \/>\nSeguro y duradero: la capa aislante de cer\u00e1mica evita fugas, y el recubrimiento antioxidante reduce la corrosi\u00f3n por incrustaciones.<br \/>\nControl de temperatura inteligente: admite protecci\u00f3n contra sobrecalentamiento (\u2265120\u00b0C apagado autom\u00e1tico) y es adecuado para dise\u00f1o contra sequedad.<br \/>\nCompacto y ligero: el volumen es un 20% m\u00e1s peque\u00f1o que el de los tubos calefactores tradicionales, y es adecuado para teteras el\u00e9ctricas ultradelgadas.<br \/>\nBajo costo de mantenimiento: el dise\u00f1o de larga vida reduce la frecuencia de reemplazo y ahorra gastos de mantenimiento.<br \/>\nPersonalizaci\u00f3n flexible: admite necesidades de grado industrial como interfaz roscada y certificaci\u00f3n antiexplosi\u00f3n (tiempo de entrega 10\u201320 d\u00edas).<br \/>\nAdaptaci\u00f3n global: compatible con voltajes de 110V\/220V, adaptado a los est\u00e1ndares de los mercados europeo, americano\/asi\u00e1tico.<\/p>\n<p><img decoding=\"async\" class=\"aligncenter size-full wp-image-3330\" src=\"http:\/\/jinzho.com\/wp-content\/uploads\/2025\/05\/heating-element-factory-2-1.jpg\" alt=\"\" width=\"1254\" height=\"600\" title=\"\" srcset=\"https:\/\/jinzho.com\/wp-content\/uploads\/2025\/05\/heating-element-factory-2-1.jpg 1254w, https:\/\/jinzho.com\/wp-content\/uploads\/2025\/05\/heating-element-factory-2-1-300x144.jpg 300w, https:\/\/jinzho.com\/wp-content\/uploads\/2025\/05\/heating-element-factory-2-1-1024x490.jpg 1024w, https:\/\/jinzho.com\/wp-content\/uploads\/2025\/05\/heating-element-factory-2-1-768x367.jpg 768w, https:\/\/jinzho.com\/wp-content\/uploads\/2025\/05\/heating-element-factory-2-1-600x287.jpg 600w\" sizes=\"(max-width: 1254px) 100vw, 1254px\" \/><\/p>","protected":false},"excerpt":{"rendered":"<p>Tubo Calefactor para Tetera El\u00e9ctrica\u2014\u2014Soluci\u00f3n de calefacci\u00f3n inteligente contra sequedad y de alta eficiencia para teteras el\u00e9ctricas<br \/>\nEl elemento calefactor de inmersi\u00f3n dise\u00f1ado para teteras el\u00e9ctricas dom\u00e9sticas\/comerciales adopta una estructura de aislamiento compuesta de alambre calefactor blindado de acero inoxidable + cer\u00e1mica nano, adecuado para un rango de potencia de 1.5kW-30kW, resistencia a temperaturas de hasta 1000\u2103 (a corto plazo) y un nivel de resistencia a la presi\u00f3n de 15 bar.<\/p>\n<p>MOQ\uff1a1000PCS<br \/>\nPlazo de entrega\uff1a25d\u00edas<br \/>\nUbicaci\u00f3n de la f\u00e1brica: Zhongshan, Guangdong, China<\/p>","protected":false},"featured_media":1607,"comment_status":"closed","ping_status":"closed","template":"","meta":[],"product_brand":[],"product_cat":[2734],"product_tag":[41,43,71,77,79],"class_list":{"0":"post-898","1":"product","2":"type-product","3":"status-publish","4":"has-post-thumbnail","6":"product_cat-heating-tubes","7":"product_tag-electric-heating-tube","8":"product_tag-water-heating-element","9":"product_tag-electric-heating-systems","10":"product_tag-stainless-steel-heat-exchanger","11":"product_tag-heating-element-for-kettle","13":"first","14":"instock","15":"shipping-taxable","16":"product-type-simple"},"_links":{"self":[{"href":"https:\/\/jinzho.com\/es\/wp-json\/wp\/v2\/product\/898","targetHints":{"allow":["GET"]}}],"collection":[{"href":"https:\/\/jinzho.com\/es\/wp-json\/wp\/v2\/product"}],"about":[{"href":"https:\/\/jinzho.com\/es\/wp-json\/wp\/v2\/types\/product"}],"replies":[{"embeddable":true,"href":"https:\/\/jinzho.com\/es\/wp-json\/wp\/v2\/comments?post=898"}],"wp:featuredmedia":[{"embeddable":true,"href":"https:\/\/jinzho.com\/es\/wp-json\/wp\/v2\/media\/1607"}],"wp:attachment":[{"href":"https:\/\/jinzho.com\/es\/wp-json\/wp\/v2\/media?parent=898"}],"wp:term":[{"taxonomy":"product_brand","embeddable":true,"href":"https:\/\/jinzho.com\/es\/wp-json\/wp\/v2\/product_brand?post=898"},{"taxonomy":"product_cat","embeddable":true,"href":"https:\/\/jinzho.com\/es\/wp-json\/wp\/v2\/product_cat?post=898"},{"taxonomy":"product_tag","embeddable":true,"href":"https:\/\/jinzho.com\/es\/wp-json\/wp\/v2\/product_tag?post=898"}],"curies":[{"name":"wp","href":"https:\/\/api.w.org\/{rel}","templated":true}]}}