{"id":889,"date":"2025-05-12T03:33:58","date_gmt":"2025-05-12T03:33:58","guid":{"rendered":"https:\/\/jinzho.com\/?post_type=product&#038;p=889"},"modified":"2025-06-01T07:07:47","modified_gmt":"2025-06-01T07:07:47","slug":"dish-washer-heating-element","status":"publish","type":"product","link":"https:\/\/jinzho.com\/es\/product\/dish-washer-heating-element\/","title":{"rendered":"Elemento calefactor del lavavajillas"},"content":{"rendered":"<h2>Elemento Calefactor para Lavavajillas<\/h2>\n<p>Dise\u00f1ados para proporcionar calentamiento r\u00e1pido, rendimiento anti-sarro y funcionamiento confiable en sistemas de lavado de vajilla residenciales y comerciales, los componentes el\u00e9ctricos calefactores de alta eficiencia fabricados con acero inoxidable resistente a la corrosi\u00f3n (304\/316L) o nicromo (NiCr) aseguran las mejores temperaturas del agua para un lavado y desinfecci\u00f3n exhaustivos.<\/p>\n<h2>Cualidades importantes<\/h2>\n<p><strong>1. Materiales Premium<\/strong><br \/>\nResistencia al \u00f3xido y a la corrosi\u00f3n qu\u00edmica; el acero inoxidable 304\/316L cumple con los criterios de seguridad alimentaria (FDA, LFGB).<br \/>\nAlta tolerancia a temperaturas de hasta 1200\u00b0C y resistencia a la oxidaci\u00f3n para ciclos de trabajo exigentes caracterizan al nicromo (NiCr).<br \/>\nLos recubrimientos avanzados incluyen capas de PTFE o cer\u00e1mica nano destinadas a reducir la formaci\u00f3n de sarro y mejorar la eficiencia t\u00e9rmica.<\/p>\n<p><strong>2. Rendimiento de Calentamiento Efectivo<\/strong><br \/>\nEficiencia t\u00e9rmica: \u226595% (p\u00e9rdida de eficiencia por sarro &lt; 5% anual).<br \/>\nCalentamiento r\u00e1pido: \u226415 segundos (el dise\u00f1o en espiral aumenta el intercambio de calor en un 20%) 60\u201380\u2103<br \/>\nEl rango de potencia de cada unidad es de 1.5kW a 10kW; las instalaciones comerciales de alta capacidad pueden utilizar algo ajustable.<\/p>\n<p><strong>3. Durabilidad y Seguridad<\/strong><br \/>\nVida \u00fatil: acero inoxidable est\u00e1ndar, 8,000 horas; variante 316L, 12,000 horas.<br \/>\nRango de operaci\u00f3n: 0.1MPa a 0.6MPa; resiste pruebas de presi\u00f3n de 1.2MPa.<br \/>\nLas certificaciones de seguridad incluyen: protecci\u00f3n contra sobrecalentamiento, impermeabilidad IPX4, RoHS y CE.<\/p>\n<p><strong>4. Opciones de Personalizaci\u00f3n<\/strong><br \/>\nDise\u00f1os en forma de U, rectos o doblados a medida (\u03a65\u201325mm \u00d7 L300\u20131500mm)<br \/>\nCompatibilidad de voltaje: CA 110V\u2013240V\/CC 12V\u201348V; compatible con sistemas el\u00e9ctricos mundiales.<br \/>\nPara una instalaci\u00f3n sencilla, se conectan mediante interfaces de brida, roscadas o de cierre r\u00e1pido.<\/p>\n<p><img fetchpriority=\"high\" decoding=\"async\" class=\"aligncenter size-full wp-image-3344\" src=\"http:\/\/jinzho.com\/wp-content\/uploads\/2025\/05\/heating-element-application-5.jpg\" alt=\"\" width=\"1254\" height=\"600\" title=\"\" srcset=\"https:\/\/jinzho.com\/wp-content\/uploads\/2025\/05\/heating-element-application-5.jpg 1254w, https:\/\/jinzho.com\/wp-content\/uploads\/2025\/05\/heating-element-application-5-300x144.jpg 300w, https:\/\/jinzho.com\/wp-content\/uploads\/2025\/05\/heating-element-application-5-1024x490.jpg 1024w, https:\/\/jinzho.com\/wp-content\/uploads\/2025\/05\/heating-element-application-5-768x367.jpg 768w, https:\/\/jinzho.com\/wp-content\/uploads\/2025\/05\/heating-element-application-5-600x287.jpg 600w\" sizes=\"(max-width: 1254px) 100vw, 1254px\" \/><\/p>\n<h2>Aplicaciones<\/h2>\n<p><strong>1. Lavavajillas Residenciales<\/strong><br \/>\nCiclos Est\u00e1ndar: Mantiene una temperatura del agua de 65\u2103 para una mejor limpieza (modelo de 3kW, 1.2kWh\/ciclo).<br \/>\nCertificado NSF, calienta a 75\u2103 durante 10 minutos para eliminar bacterias.<\/p>\n<p><strong>2. Sistemas de Lavado de Vajilla Comerciales<\/strong><br \/>\nLos lavavajillas industriales (80\u2103 sostenidos) cuentan con elementos calefactores duales de ocho kilovatios.<br \/>\nDise\u00f1os de Bajo Consumo de Agua: Ciclos de enjuague energ\u00e9ticamente eficientes que utilizan peque\u00f1os tubos en espiral.<\/p>\n<p><strong>3. Casos de Aplicaci\u00f3n Espec\u00edficos<\/strong><br \/>\nZonas de Agua Dura: Los recubrimientos anti-sarro reducen la frecuencia de desincrustaci\u00f3n en un 50%.<br \/>\nOperaci\u00f3n Libre de S\u00edlice: Adecuado para sistemas de agua blanda para evitar la incrustaci\u00f3n mineral.<\/p>\n<h2>Beneficios Respecto a los Elementos Calefactores Habituales<\/h2>\n<p>El recubrimiento nano hidrof\u00f3bico reduce la adhesi\u00f3n del sarro en un 70%.<br \/>\nAhorro de energ\u00eda: la distribuci\u00f3n mejorada del calor reduce el uso de electricidad en un 18% en comparaci\u00f3n con los componentes comunes.<br \/>\nCompatibilidad Vers\u00e1til: Funciona con sistemas de lavado de vajilla h\u00edbridos, con refuerzo de gas y el\u00e9ctricos.<br \/>\nLibre de plomo y conforme con RoHS para usos sostenibles en hosteler\u00eda.<\/p>\n<p><img decoding=\"async\" class=\"aligncenter size-full wp-image-3345\" src=\"http:\/\/jinzho.com\/wp-content\/uploads\/2025\/05\/heating-element-factory-2-2.jpg\" alt=\"\" width=\"1254\" height=\"600\" title=\"\" srcset=\"https:\/\/jinzho.com\/wp-content\/uploads\/2025\/05\/heating-element-factory-2-2.jpg 1254w, https:\/\/jinzho.com\/wp-content\/uploads\/2025\/05\/heating-element-factory-2-2-300x144.jpg 300w, https:\/\/jinzho.com\/wp-content\/uploads\/2025\/05\/heating-element-factory-2-2-1024x490.jpg 1024w, https:\/\/jinzho.com\/wp-content\/uploads\/2025\/05\/heating-element-factory-2-2-768x367.jpg 768w, https:\/\/jinzho.com\/wp-content\/uploads\/2025\/05\/heating-element-factory-2-2-600x287.jpg 600w\" sizes=\"(max-width: 1254px) 100vw, 1254px\" \/><\/p>","protected":false},"excerpt":{"rendered":"<p>Elemento Calefactor para Lavavajillas \u2014\u2014 Soluci\u00f3n de calefacci\u00f3n inteligente dedicada con alta resistencia a la corrosi\u00f3n<br \/>\nEl elemento calefactor de alta eficiencia y resistente a la corrosi\u00f3n, dise\u00f1ado para lavavajillas comerciales y dom\u00e9sticos, adopta una estructura de aislamiento compuesta de alambre calefactor blindado de acero inoxidable 316L + cer\u00e1mica nano. Es adecuado para un rango de potencia de 1.5kW a 15kW, resiste temperaturas de hasta 800\u2103 (instant\u00e1neo) y un nivel de presi\u00f3n de agua de 2 bar.<\/p>\n<p>MOQ\uff1a1000PCS<br \/>\nPlazo de entrega\uff1a25d\u00edas<br \/>\nUbicaci\u00f3n de la f\u00e1brica: Zhongshan, Guangdong, China<\/p>","protected":false},"featured_media":1566,"comment_status":"closed","ping_status":"closed","template":"","meta":[],"product_brand":[],"product_cat":[2734],"product_tag":[46,53,54,67,70,73],"class_list":{"0":"post-889","1":"product","2":"type-product","3":"status-publish","4":"has-post-thumbnail","6":"product_cat-heating-tubes","7":"product_tag-heating-tube-element","8":"product_tag-electric-heating-element","9":"product_tag-tubular-heating-elements","10":"product_tag-air-heating-element","11":"product_tag-electric-heating-coils","12":"product_tag-appliance-heating-elements","14":"first","15":"instock","16":"shipping-taxable","17":"product-type-simple"},"_links":{"self":[{"href":"https:\/\/jinzho.com\/es\/wp-json\/wp\/v2\/product\/889","targetHints":{"allow":["GET"]}}],"collection":[{"href":"https:\/\/jinzho.com\/es\/wp-json\/wp\/v2\/product"}],"about":[{"href":"https:\/\/jinzho.com\/es\/wp-json\/wp\/v2\/types\/product"}],"replies":[{"embeddable":true,"href":"https:\/\/jinzho.com\/es\/wp-json\/wp\/v2\/comments?post=889"}],"wp:featuredmedia":[{"embeddable":true,"href":"https:\/\/jinzho.com\/es\/wp-json\/wp\/v2\/media\/1566"}],"wp:attachment":[{"href":"https:\/\/jinzho.com\/es\/wp-json\/wp\/v2\/media?parent=889"}],"wp:term":[{"taxonomy":"product_brand","embeddable":true,"href":"https:\/\/jinzho.com\/es\/wp-json\/wp\/v2\/product_brand?post=889"},{"taxonomy":"product_cat","embeddable":true,"href":"https:\/\/jinzho.com\/es\/wp-json\/wp\/v2\/product_cat?post=889"},{"taxonomy":"product_tag","embeddable":true,"href":"https:\/\/jinzho.com\/es\/wp-json\/wp\/v2\/product_tag?post=889"}],"curies":[{"name":"wp","href":"https:\/\/api.w.org\/{rel}","templated":true}]}}