{"id":2952,"date":"2025-05-24T09:14:47","date_gmt":"2025-05-24T09:14:47","guid":{"rendered":"https:\/\/jinzho.com\/product\/stainless-steel-boiler-bottom-with-heating-tubes\/"},"modified":"2025-06-11T14:20:55","modified_gmt":"2025-06-11T14:20:55","slug":"fondo-de-caldera-de-acero-inoxidable-con-tubos-de-calentamiento","status":"publish","type":"product","link":"https:\/\/jinzho.com\/es\/product\/stainless-steel-boiler-bottom-with-heating-tubes\/","title":{"rendered":"Fondo de caldera de acero inoxidable con tubos de calentamiento."},"content":{"rendered":"<h3>1. Descripci\u00f3n general de la aplicaci\u00f3n del producto<\/h3>\n<p>Nuestro \u200b<strong>Fondo de caldera de acero inoxidable con tubos calefactores<\/strong>\u200b es un componente cr\u00edtico de \u200b<strong>calentadores de caldera el\u00e9ctricos<\/strong>Sirve como m\u00f3dulo principal de transferencia de calor y conversi\u00f3n de energ\u00eda en sistemas de generaci\u00f3n de vapor. Dise\u00f1ado para su instalaci\u00f3n integrada en la base de calderas, combina una base resistente de acero inoxidable con tubos calefactores integrados para convertir eficientemente la energ\u00eda el\u00e9ctrica en energ\u00eda t\u00e9rmica, calentando el agua para producir vapor de alta calidad. Ampliamente utilizado en electrodom\u00e9sticos (p. ej., planchas de vapor, cafeteras expreso, vaporizadores el\u00e9ctricos, humidificadores) y sistemas comerciales\/industriales (generadores de vapor industriales, sistemas comerciales de vapor instant\u00e1neo), garantiza una producci\u00f3n de vapor estable y r\u00e1pida, a la vez que resiste la exposici\u00f3n prolongada al agua, el calor y la tensi\u00f3n mec\u00e1nica.<\/p>\n<h3>2. Par\u00e1metros del producto (alineados con las capacidades de la f\u00e1brica)<\/h3>\n<div class=\"hyc-common-markdown__table-wrapper\">\n<table>\n<thead>\n<tr>\n<th>Par\u00e1metro<\/th>\n<th>Gama de especificaciones<\/th>\n<th>Opciones de personalizaci\u00f3n<\/th>\n<\/tr>\n<\/thead>\n<tbody>\n<tr>\n<td>Potencia nominal<\/td>\n<td>800W\u20134000W (dom\u00e9stico); 1500W\u20138000W (comercial\/industrial).<\/td>\n<td>Potencia personalizada (por ejemplo, 500 W\u201310 000 W).<\/td>\n<\/tr>\n<tr>\n<td>Tensi\u00f3n de funcionamiento<\/td>\n<td>110 V\/220 V (dom\u00e9stico est\u00e1ndar); 220 V\/380 V (trif\u00e1sico comercial); 12 V\/24 V (bajo voltaje).<\/td>\n<td>Voltaje personalizado (por ejemplo, 24 V\u2013600 V).<\/td>\n<\/tr>\n<tr>\n<td>Material<\/td>\n<td>Primario: Acero inoxidable 304 (de grado alimentario, resistente a la corrosi\u00f3n en contacto con el agua). Opcional: Acero inoxidable 316L (alta pureza\/ambientes \u00e1cidos).<\/td>\n<td>Aleaciones con alto contenido de n\u00edquel (por ejemplo, Incoloy 800) para temperaturas extremas.<\/td>\n<\/tr>\n<tr>\n<td>Dimensiones de la base<\/td>\n<td>Largo: 200 mm\u20131500 mm; Ancho: 150 mm\u20131000 mm; Grosor: 5 mm\u201315 mm (optimizado para el tama\u00f1o de la c\u00e1mara de la caldera).<\/td>\n<td>Largo, ancho y grosor personalizados para adaptarse a dise\u00f1os de calderas espec\u00edficos.<\/td>\n<\/tr>\n<tr>\n<td>Especificaciones del tubo calefactor<\/td>\n<td>Longitud: 150 mm\u2013800 mm; Di\u00e1metro: 8 mm\u201320 mm; Cantidad: 2\u20138 tubos (dise\u00f1o personalizable).<\/td>\n<td>Cantidad de tubos, espaciado o material ajustables (por ejemplo, dise\u00f1o de tubo doble para una mayor eficiencia).<\/td>\n<\/tr>\n<tr>\n<td>Resistencia a la temperatura<\/td>\n<td>Continuo: 750\u00b0C\u2013850\u00b0C; Pico: 950\u00b0C\u20131100\u00b0C (estable bajo ciclos de calentamiento r\u00e1pido).<\/td>\n<td>Aislamiento cer\u00e1mico para aplicaciones de alta temperatura &gt;1200\u00b0C.<\/td>\n<\/tr>\n<tr>\n<td>Resistencia a la presi\u00f3n<\/td>\n<td>Clasificaci\u00f3n \u226420 bar (uso dom\u00e9stico); \u226430 bar (uso comercial\/industrial).<\/td>\n<td>Bordes de base reforzados para \u226540 bar en sistemas especializados.<\/td>\n<\/tr>\n<\/tbody>\n<\/table>\n<\/div>\n<h3>3. Ventajas clave<\/h3>\n<ul>\n<li>\u200b<strong>Integraci\u00f3n estructural<\/strong>Los talleres internos de estampaci\u00f3n y soldadura garantizan una integraci\u00f3n perfecta del tubo de calentamiento de la base, minimizando la p\u00e9rdida de calor y mejorando la durabilidad estructural.<\/li>\n<li>\u200b<strong>Dise\u00f1o de calefacci\u00f3n personalizado<\/strong>\u200b:Las l\u00edneas de producci\u00f3n flexibles se adaptan a dimensiones de base \u00fanicas, cantidad de tubos o requisitos de energ\u00eda (por ejemplo, bases delgadas para m\u00e1quinas de caf\u00e9 compactas).<\/li>\n<li>\u200b<strong>Resistencia a la corrosi\u00f3n y al desgaste<\/strong>\u200b:La construcci\u00f3n en acero inoxidable 304\/316L con soldadura de precisi\u00f3n garantiza una larga vida \u00fatil en agua dura o entornos de uso intensivo.<\/li>\n<li>\u200b<strong>Garant\u00eda de calidad<\/strong>\u200b:Las pruebas previas al env\u00edo del 100% (fugas, resistencia de aislamiento, ciclos t\u00e9rmicos) cumplen con los est\u00e1ndares CE, UL e ISO 9001.<\/li>\n<li>\u200b<strong>Producci\u00f3n escalable<\/strong>\u200b: MOQ bajo (200 unidades); capacidad mensual de hasta 8000+ unidades para respaldar lotes peque\u00f1os y pedidos al por mayor.<\/li>\n<\/ul>\n<p><img fetchpriority=\"high\" decoding=\"async\" class=\"aligncenter size-full wp-image-3363\" src=\"http:\/\/jinzho.com\/wp-content\/uploads\/2025\/05\/heating-element-factory-8.jpg\" alt=\"\" width=\"1254\" height=\"600\" title=\"\" srcset=\"https:\/\/jinzho.com\/wp-content\/uploads\/2025\/05\/heating-element-factory-8.jpg 1254w, https:\/\/jinzho.com\/wp-content\/uploads\/2025\/05\/heating-element-factory-8-300x144.jpg 300w, https:\/\/jinzho.com\/wp-content\/uploads\/2025\/05\/heating-element-factory-8-1024x490.jpg 1024w, https:\/\/jinzho.com\/wp-content\/uploads\/2025\/05\/heating-element-factory-8-768x367.jpg 768w, https:\/\/jinzho.com\/wp-content\/uploads\/2025\/05\/heating-element-factory-8-600x287.jpg 600w\" sizes=\"(max-width: 1254px) 100vw, 1254px\" \/><\/p>","protected":false},"excerpt":{"rendered":"<p>Este producto est\u00e1 dise\u00f1ado con un tubo calefactor integrado en la parte inferior de una caldera de acero inoxidable. Est\u00e1 especialmente dise\u00f1ado para entornos de generaci\u00f3n de vapor de alta eficiencia (como cafeteras, planchas colgantes y equipos de sauna) para mejorar su durabilidad y eficiencia t\u00e9rmica. Utiliza un cuerpo de acero inoxidable 304 de grado alimenticio y un tubo calefactor de aleaci\u00f3n resistente a altas temperaturas, que aumenta la resistencia a la corrosi\u00f3n en 50% y permite un funcionamiento continuo a alta temperatura. El sistema de control de temperatura PID logra un calentamiento de 3 segundos y un control de temperatura preciso de \u00b11 \u00b0C, ideal para electrodom\u00e9sticos con sistema de explosi\u00f3n de vapor. La estructura del tubo calefactor en espiral inferior optimiza la conducci\u00f3n del calor, reduce el riesgo de sobrecalentamiento local y est\u00e1 equipada con un revestimiento antical para reducir la frecuencia de mantenimiento. Su instalaci\u00f3n modular es compatible con modelos compactos, cumple con las certificaciones CE y RoHS, es segura y fiable, y ayuda a prolongar la vida \u00fatil y la eficiencia energ\u00e9tica de los equipos de vapor.<\/p>\n<p>MOQ\uff1a1000PCS<br \/>\nPlazo de entrega\uff1a15-25d\u00edas<br \/>\nUbicaci\u00f3n de la f\u00e1brica: Zhongshan, Guangdong, China<\/p>","protected":false},"featured_media":3174,"comment_status":"closed","ping_status":"closed","template":"","meta":[],"product_brand":[],"product_cat":[2759],"product_tag":[2847,2848,2854,2855,2856,2860],"class_list":{"0":"post-2952","1":"product","2":"type-product","3":"status-publish","4":"has-post-thumbnail","6":"product_cat-electric-boiler-heater","7":"product_tag-electric-boiler-steamer","8":"product_tag-electric-steam-boiler","9":"product_tag-boilers-for-appliances","10":"product_tag-steam-generators","11":"product_tag-electric-steam-boiler-manufacturers","12":"product_tag-home-appliance-heater","14":"first","15":"instock","16":"shipping-taxable","17":"product-type-simple"},"_links":{"self":[{"href":"https:\/\/jinzho.com\/es\/wp-json\/wp\/v2\/product\/2952","targetHints":{"allow":["GET"]}}],"collection":[{"href":"https:\/\/jinzho.com\/es\/wp-json\/wp\/v2\/product"}],"about":[{"href":"https:\/\/jinzho.com\/es\/wp-json\/wp\/v2\/types\/product"}],"replies":[{"embeddable":true,"href":"https:\/\/jinzho.com\/es\/wp-json\/wp\/v2\/comments?post=2952"}],"wp:featuredmedia":[{"embeddable":true,"href":"https:\/\/jinzho.com\/es\/wp-json\/wp\/v2\/media\/3174"}],"wp:attachment":[{"href":"https:\/\/jinzho.com\/es\/wp-json\/wp\/v2\/media?parent=2952"}],"wp:term":[{"taxonomy":"product_brand","embeddable":true,"href":"https:\/\/jinzho.com\/es\/wp-json\/wp\/v2\/product_brand?post=2952"},{"taxonomy":"product_cat","embeddable":true,"href":"https:\/\/jinzho.com\/es\/wp-json\/wp\/v2\/product_cat?post=2952"},{"taxonomy":"product_tag","embeddable":true,"href":"https:\/\/jinzho.com\/es\/wp-json\/wp\/v2\/product_tag?post=2952"}],"curies":[{"name":"wp","href":"https:\/\/api.w.org\/{rel}","templated":true}]}}