{"id":2947,"date":"2025-05-24T09:14:45","date_gmt":"2025-05-24T09:14:45","guid":{"rendered":"https:\/\/jinzho.com\/product\/steam-generator-for-humidifiers\/"},"modified":"2025-06-11T14:13:28","modified_gmt":"2025-06-11T14:13:28","slug":"generador-de-vapor-para-humidificadores","status":"publish","type":"product","link":"https:\/\/jinzho.com\/es\/product\/steam-generator-for-humidifiers\/","title":{"rendered":"Generador de vapor para humidificadores"},"content":{"rendered":"<h3>1. Descripci\u00f3n general de la aplicaci\u00f3n del producto<\/h3>\n<p>Nuestro \u200b<strong>elementos calefactores de generador de vapor para humidificadores<\/strong>son componentes especializados para<strong>calentadores de caldera el\u00e9ctricos<\/strong>, dise\u00f1ados para proporcionar una generaci\u00f3n de vapor eficiente y de perfil bajo en humidificadores dom\u00e9sticos o comerciales peque\u00f1os. Convierten energ\u00eda el\u00e9ctrica en energ\u00eda t\u00e9rmica precisa para producir vapor fino y h\u00famedo, que se libera al aire para mantener niveles \u00f3ptimos de humedad en viviendas, oficinas o entornos comerciales de peque\u00f1a escala (por ejemplo, invernaderos, tiendas boutique). Estos elementos priorizan la compacidad, la eficiencia energ\u00e9tica y la resistencia a la corrosi\u00f3n para adaptarse al dise\u00f1o exigente y con limitaciones de espacio de los sistemas de humidificadores.<\/p>\n<h3>2. Par\u00e1metros del producto (alineados con las capacidades de la f\u00e1brica)<\/h3>\n<div class=\"hyc-common-markdown__table-wrapper\">\n<table>\n<thead>\n<tr>\n<th>Par\u00e1metro<\/th>\n<th>Gama de especificaciones<\/th>\n<th>Opciones de personalizaci\u00f3n<\/th>\n<\/tr>\n<\/thead>\n<tbody>\n<tr>\n<td>Potencia nominal<\/td>\n<td>200W\u20131500W (est\u00e1ndar para humidificadores dom\u00e9sticos); 500W\u20132000W (unidades comerciales peque\u00f1as).<\/td>\n<td>Potencia personalizada (por ejemplo, 100W\u20132500W).<\/td>\n<\/tr>\n<tr>\n<td>Tensi\u00f3n de funcionamiento<\/td>\n<td>110V\/220V (est\u00e1ndar dom\u00e9stico); 12V\/24V (opciones de CC de bajo voltaje para dispositivos port\u00e1tiles).<\/td>\n<td>Voltaje personalizado (por ejemplo, 24V\u2013380V).<\/td>\n<\/tr>\n<tr>\n<td>Material<\/td>\n<td>Principal: acero inoxidable 304 (grado alimenticio, resistente a la corrosi\u00f3n para contacto con agua). Opcional: acero inoxidable 316L (para entornos con agua de alta pureza o \u00e1cida).<\/td>\n<td>Aleaciones con alto contenido de n\u00edquel (por ejemplo, Incoloy 800) para temperaturas extremas.<\/td>\n<\/tr>\n<tr>\n<td>Dimensiones<\/td>\n<td>Longitud: 80mm\u2013600mm; Di\u00e1metro: 8mm\u201320mm (ultracompacto para adaptarse a c\u00e1maras estrechas de humidificadores).<\/td>\n<td>Longitud\/di\u00e1metro adaptados para coincidir con dise\u00f1os espec\u00edficos de humidificadores (por ejemplo, modelos h\u00edbridos ultras\u00f3nicos).<\/td>\n<\/tr>\n<tr>\n<td>Resistencia a la temperatura<\/td>\n<td>Continuo: 600\u00b0C\u2013700\u00b0C; Pico: 800\u00b0C (estable en calentamiento a baja presi\u00f3n y constante).<\/td>\n<td>Aislamiento cer\u00e1mico para &gt;900\u00b0C en escenarios de alta demanda.<\/td>\n<\/tr>\n<tr>\n<td>Resistencia a la presi\u00f3n<\/td>\n<td>Presi\u00f3n nominal \u22643 bar (est\u00e1ndar para humidificadores); opcional \u22645 bar (unidades comerciales de servicio pesado).<\/td>\n<td>Carcasa reforzada para &gt;7 bar en sistemas especializados.<\/td>\n<\/tr>\n<\/tbody>\n<\/table>\n<\/div>\n<h3>3. Ventajas clave<\/h3>\n<ul>\n<li>\u200b<strong>Fabricaci\u00f3n de Precisi\u00f3n Compacta<\/strong>: Talleres internos de estampado, soldadura y mecanizado de precisi\u00f3n garantizan tolerancias ajustadas para carcasas de generadores ultrapeque\u00f1os (por ejemplo, &lt;10mm de di\u00e1metro).<\/li>\n<li>\u200b<strong>Personalizaci\u00f3n Centrada en Humidificadores<\/strong>: La creaci\u00f3n r\u00e1pida de prototipos se adapta a necesidades espec\u00edficas de potencia, tama\u00f1o o material (por ejemplo, recubrimientos antical para regiones con agua dura).<\/li>\n<li>\u200b<strong>Seguridad y Eficiencia Certificadas<\/strong>: Pruebas previas al env\u00edo 100% (fugas, resistencia de aislamiento, ciclado t\u00e9rmico) cumplen con los est\u00e1ndares CE, UL e ISO 9001; optimizado para bajo consumo energ\u00e9tico.<\/li>\n<li>\u200b<strong>Experiencia en la Industria<\/strong>: 30+ a\u00f1os suministrando elementos calefactores a marcas l\u00edderes de humidificadores (por ejemplo, OEM de humidificadores h\u00edbridos ultras\u00f3nicos + vapor).<\/li>\n<li>\u200b<strong>Producci\u00f3n Escalable en Peque\u00f1os Lotes<\/strong>: MOQ bajo (100 unidades); capacidad mensual de hasta 5,000+ unidades para respaldar pedidos tanto minoristas como al por mayor.<\/li>\n<\/ul>\n<p><img fetchpriority=\"high\" decoding=\"async\" class=\"aligncenter size-full wp-image-3640\" src=\"http:\/\/jinzho.com\/wp-content\/uploads\/2025\/05\/heating-element-factory-6-1.jpg\" alt=\"\" width=\"1254\" height=\"600\" title=\"\" srcset=\"https:\/\/jinzho.com\/wp-content\/uploads\/2025\/05\/heating-element-factory-6-1.jpg 1254w, https:\/\/jinzho.com\/wp-content\/uploads\/2025\/05\/heating-element-factory-6-1-300x144.jpg 300w, https:\/\/jinzho.com\/wp-content\/uploads\/2025\/05\/heating-element-factory-6-1-1024x490.jpg 1024w, https:\/\/jinzho.com\/wp-content\/uploads\/2025\/05\/heating-element-factory-6-1-768x367.jpg 768w, https:\/\/jinzho.com\/wp-content\/uploads\/2025\/05\/heating-element-factory-6-1-600x287.jpg 600w\" sizes=\"(max-width: 1254px) 100vw, 1254px\" \/><\/p>","protected":false},"excerpt":{"rendered":"<p>Dise\u00f1ado especialmente para el sector de electrodom\u00e9sticos, este generador de vapor el\u00e9ctrico de acero inoxidable para humidificadores produce eficientemente vapor limpio para controlar la humedad del aire. Fabricado en acero inoxidable grado alimenticio 304, resiste la corrosi\u00f3n y se limpia con facilidad. La tecnolog\u00eda de control de temperatura inteligente PID le permite lograr calentamiento en 3 segundos y un control preciso de temperatura de \u00b11\u00b0C, evitando el peligro de sobrehumidificaci\u00f3n o quemado en seco. El sistema completamente cerrado elimina el riesgo oculto de fugas; su funcionamiento silencioso es apropiado para hogares, lugares de trabajo y otros entornos. El sistema integrado antincrustante reduce la frecuencia de mantenimiento; el modo de ahorro de energ\u00eda ayuda a reducir el consumo energ\u00e9tico; y el soporte para instalaci\u00f3n modular facilita su adaptaci\u00f3n a espacios reducidos. Es seguro y confiable, cumple con los est\u00e1ndares CE y RoHS, y mejora la experiencia del usuario y el rendimiento del dispositivo de humidificaci\u00f3n.<\/p>\n<p>MOQ\uff1a1000PCS<br \/>\nPlazo de entrega\uff1a15-25d\u00edas<br \/>\nUbicaci\u00f3n de la f\u00e1brica: Zhongshan, Guangdong, China<\/p>","protected":false},"featured_media":3154,"comment_status":"closed","ping_status":"closed","template":"","meta":[],"product_brand":[],"product_cat":[2759],"product_tag":[2847,2848,2850,2854,2860,2861],"class_list":{"0":"post-2947","1":"product","2":"type-product","3":"status-publish","4":"has-post-thumbnail","6":"product_cat-electric-boiler-heater","7":"product_tag-electric-boiler-steamer","8":"product_tag-electric-steam-boiler","9":"product_tag-electrical-steam-generator","10":"product_tag-boilers-for-appliances","11":"product_tag-home-appliance-heater","12":"product_tag-diy-electric-steam-boiler","14":"first","15":"instock","16":"shipping-taxable","17":"product-type-simple"},"_links":{"self":[{"href":"https:\/\/jinzho.com\/es\/wp-json\/wp\/v2\/product\/2947","targetHints":{"allow":["GET"]}}],"collection":[{"href":"https:\/\/jinzho.com\/es\/wp-json\/wp\/v2\/product"}],"about":[{"href":"https:\/\/jinzho.com\/es\/wp-json\/wp\/v2\/types\/product"}],"replies":[{"embeddable":true,"href":"https:\/\/jinzho.com\/es\/wp-json\/wp\/v2\/comments?post=2947"}],"wp:featuredmedia":[{"embeddable":true,"href":"https:\/\/jinzho.com\/es\/wp-json\/wp\/v2\/media\/3154"}],"wp:attachment":[{"href":"https:\/\/jinzho.com\/es\/wp-json\/wp\/v2\/media?parent=2947"}],"wp:term":[{"taxonomy":"product_brand","embeddable":true,"href":"https:\/\/jinzho.com\/es\/wp-json\/wp\/v2\/product_brand?post=2947"},{"taxonomy":"product_cat","embeddable":true,"href":"https:\/\/jinzho.com\/es\/wp-json\/wp\/v2\/product_cat?post=2947"},{"taxonomy":"product_tag","embeddable":true,"href":"https:\/\/jinzho.com\/es\/wp-json\/wp\/v2\/product_tag?post=2947"}],"curies":[{"name":"wp","href":"https:\/\/api.w.org\/{rel}","templated":true}]}}