{"id":2946,"date":"2025-05-24T09:14:45","date_gmt":"2025-05-24T09:14:45","guid":{"rendered":"https:\/\/jinzho.com\/product\/stainless-steel-steam-generator\/"},"modified":"2025-06-11T14:11:27","modified_gmt":"2025-06-11T14:11:27","slug":"generador-de-vapor-de-acero-inoxidable","status":"publish","type":"product","link":"https:\/\/jinzho.com\/es\/product\/stainless-steel-steam-generator\/","title":{"rendered":"Generador de vapor de acero inoxidable"},"content":{"rendered":"<h3>1. Descripci\u00f3n general de la aplicaci\u00f3n del producto<\/h3>\n<p>Nuestro \u200b<strong>Elementos Calefactores para Generador de Vapor de Acero Inoxidable<\/strong>son componentes especializados para<strong>calentadores de caldera el\u00e9ctricos<\/strong>, dise\u00f1ados para proporcionar una transferencia de calor eficiente y resistente a la corrosi\u00f3n en sistemas de generaci\u00f3n de vapor. Se utilizan principalmente en electrodom\u00e9sticos (por ejemplo, planchas de vapor, m\u00e1quinas de espresso, vaporizadores el\u00e9ctricos, humidificadores) y generadores de vapor comerciales\/industriales, convierten la energ\u00eda el\u00e9ctrica en energ\u00eda t\u00e9rmica precisa para producir vapor de alta calidad para tareas como el planchado de prendas, la preparaci\u00f3n de caf\u00e9, la cocci\u00f3n al vapor de alimentos y el calentamiento de procesos industriales a gran escala. Su construcci\u00f3n en acero inoxidable garantiza compatibilidad con agua potable y entornos operativos exigentes.<\/p>\n<h3>2. Par\u00e1metros del producto (alineados con las capacidades de la f\u00e1brica)<\/h3>\n<div class=\"hyc-common-markdown__table-wrapper\">\n<table>\n<thead>\n<tr>\n<th>Par\u00e1metro<\/th>\n<th>Gama de especificaciones<\/th>\n<th>Opciones de personalizaci\u00f3n<\/th>\n<\/tr>\n<\/thead>\n<tbody>\n<tr>\n<td>Potencia nominal<\/td>\n<td>500W\u20136000W (dom\u00e9stico); 1000W\u201310 000W (comercial\/industrial).<\/td>\n<td>Potencia personalizada (por ejemplo, 300 W\u201312 000 W).<\/td>\n<\/tr>\n<tr>\n<td>Tensi\u00f3n de funcionamiento<\/td>\n<td>110V\/220V (est\u00e1ndar dom\u00e9stico); 380V (trif\u00e1sico industrial); 12V\/24V (bajo voltaje).<\/td>\n<td>Voltaje personalizado (por ejemplo, 24 V\u2013600 V).<\/td>\n<\/tr>\n<tr>\n<td>Material<\/td>\n<td>Principal: acero inoxidable 304 (grado alimenticio, resistente a la corrosi\u00f3n para contacto con agua). Opcional: acero inoxidable 316L (para entornos \u00e1cidos\/de alta pureza).<\/td>\n<td>Aleaciones con alto contenido de n\u00edquel (por ejemplo, Incoloy 800) para temperaturas extremas.<\/td>\n<\/tr>\n<tr>\n<td>Dimensiones<\/td>\n<td>Longitud: 200 mm \u2013 2000 mm; Di\u00e1metro: 12 mm \u2013 40 mm (se adapta a la mayor\u00eda de las c\u00e1maras de caldera).<\/td>\n<td>Longitud\/di\u00e1metro personalizados para adaptarse a dise\u00f1os espec\u00edficos de generadores.<\/td>\n<\/tr>\n<tr>\n<td>Resistencia a la temperatura<\/td>\n<td>Continuo: 800\u00b0C \u2013 900\u00b0C; Pico: 1000\u00b0C \u2013 1100\u00b0C (estable bajo ciclos de calentamiento r\u00e1pido).<\/td>\n<td>Aislamiento cer\u00e1mico para aplicaciones de alta temperatura &gt;1200\u00b0C.<\/td>\n<\/tr>\n<tr>\n<td>Resistencia a la presi\u00f3n<\/td>\n<td>Clasificaci\u00f3n \u226420 bar (uso dom\u00e9stico); \u226430 bar (uso comercial\/industrial).<\/td>\n<td>Carcasa reforzada para \u226540 bar en sistemas de servicio pesado.<\/td>\n<\/tr>\n<\/tbody>\n<\/table>\n<\/div>\n<h3>3. Ventajas clave<\/h3>\n<ul>\n<li>\u200b<strong>Experiencia en Acero Inoxidable<\/strong>: Talleres internos dedicados de estampado, soldadura y mecanizado de precisi\u00f3n para fabricaci\u00f3n integral en acero inoxidable 304\/316L, garantizando durabilidad y resistencia a la corrosi\u00f3n.<\/li>\n<li>\u200b<strong>Flexibilidad centrada en el OEM<\/strong>: Prototipado r\u00e1pido y l\u00edneas de producci\u00f3n adaptables para satisfacer necesidades personalizadas de potencia, tama\u00f1o o material (por ejemplo, recubrimientos aptos para alimentos para m\u00e1quinas de caf\u00e9).<\/li>\n<li>\u200b<strong>Garant\u00eda de calidad<\/strong>\u200b:Las pruebas previas al env\u00edo del 100% (fugas, resistencia de aislamiento, ciclos t\u00e9rmicos) cumplen con los est\u00e1ndares CE, UL e ISO 9001.<\/li>\n<li>\u200b<strong>Experiencia Industrial Comprobada<\/strong>: M\u00e1s de 30 a\u00f1os suministrando elementos calefactores a marcas l\u00edderes de electrodom\u00e9sticos (por ejemplo, fabricantes de planchas de vapor) y a fabricantes de sistemas de vapor comerciales.<\/li>\n<li>\u200b<strong>Producci\u00f3n escalable<\/strong>: Cantidad m\u00ednima de pedido baja (200 unidades); capacidad mensual de hasta 12,000+ unidades para respaldar tanto pedidos peque\u00f1os como grandes vol\u00famenes.<\/li>\n<\/ul>\n<p><img fetchpriority=\"high\" decoding=\"async\" class=\"aligncenter size-full wp-image-3642\" src=\"http:\/\/jinzho.com\/wp-content\/uploads\/2025\/05\/heating-element-factory-8-1.jpg\" alt=\"\" width=\"1254\" height=\"600\" title=\"\" srcset=\"https:\/\/jinzho.com\/wp-content\/uploads\/2025\/05\/heating-element-factory-8-1.jpg 1254w, https:\/\/jinzho.com\/wp-content\/uploads\/2025\/05\/heating-element-factory-8-1-300x144.jpg 300w, https:\/\/jinzho.com\/wp-content\/uploads\/2025\/05\/heating-element-factory-8-1-1024x490.jpg 1024w, https:\/\/jinzho.com\/wp-content\/uploads\/2025\/05\/heating-element-factory-8-1-768x367.jpg 768w, https:\/\/jinzho.com\/wp-content\/uploads\/2025\/05\/heating-element-factory-8-1-600x287.jpg 600w\" sizes=\"(max-width: 1254px) 100vw, 1254px\" \/><\/p>","protected":false},"excerpt":{"rendered":"<p>Dise\u00f1ado para electrodom\u00e9sticos (como m\u00e1quinas de caf\u00e9, planchas de vapor, humidificadores) y equipos comerciales, este generador de vapor el\u00e9ctrico de acero inoxidable produce r\u00e1pidamente vapor uniforme. Fabricado en acero inoxidable grado alimenticio 304, este aparato resistente a la corrosi\u00f3n y f\u00e1cil de limpiar se adapta a entornos de alta temperatura y alta presi\u00f3n; puede alcanzar un calentamiento en 3 segundos y un control de temperatura exacto de \u00b11\u00b0C para satisfacer diversas necesidades de vapor. El sistema totalmente cerrado elimina el riesgo de fugas; el dispositivo integrado antincrustante reduce la frecuencia de mantenimiento; el dise\u00f1o modular ahorra espacio de instalaci\u00f3n. El modo de ahorro de energ\u00eda ayuda a mejorar el rendimiento del equipo y la eficiencia energ\u00e9tica, es seguro y confiable, cumple con los criterios CE y RoHS, reduce el consumo de energ\u00eda y permite un funcionamiento continuo.<\/p>\n<p>MOQ\uff1a1000PCS<br \/>\nPlazo de entrega\uff1a15-25d\u00edas<br \/>\nUbicaci\u00f3n de la f\u00e1brica: Zhongshan, Guangdong, China<\/p>","protected":false},"featured_media":3151,"comment_status":"closed","ping_status":"closed","template":"","meta":[],"product_brand":[],"product_cat":[2759],"product_tag":[2848,2851,2852,2856,2860],"class_list":{"0":"post-2946","1":"product","2":"type-product","3":"status-publish","4":"has-post-thumbnail","6":"product_cat-electric-boiler-heater","7":"product_tag-electric-steam-boiler","8":"product_tag-steam-generators-for-appliances","9":"product_tag-commercial-electric-steam-boiler","10":"product_tag-electric-steam-boiler-manufacturers","11":"product_tag-home-appliance-heater","13":"first","14":"instock","15":"shipping-taxable","16":"product-type-simple"},"_links":{"self":[{"href":"https:\/\/jinzho.com\/es\/wp-json\/wp\/v2\/product\/2946","targetHints":{"allow":["GET"]}}],"collection":[{"href":"https:\/\/jinzho.com\/es\/wp-json\/wp\/v2\/product"}],"about":[{"href":"https:\/\/jinzho.com\/es\/wp-json\/wp\/v2\/types\/product"}],"replies":[{"embeddable":true,"href":"https:\/\/jinzho.com\/es\/wp-json\/wp\/v2\/comments?post=2946"}],"wp:featuredmedia":[{"embeddable":true,"href":"https:\/\/jinzho.com\/es\/wp-json\/wp\/v2\/media\/3151"}],"wp:attachment":[{"href":"https:\/\/jinzho.com\/es\/wp-json\/wp\/v2\/media?parent=2946"}],"wp:term":[{"taxonomy":"product_brand","embeddable":true,"href":"https:\/\/jinzho.com\/es\/wp-json\/wp\/v2\/product_brand?post=2946"},{"taxonomy":"product_cat","embeddable":true,"href":"https:\/\/jinzho.com\/es\/wp-json\/wp\/v2\/product_cat?post=2946"},{"taxonomy":"product_tag","embeddable":true,"href":"https:\/\/jinzho.com\/es\/wp-json\/wp\/v2\/product_tag?post=2946"}],"curies":[{"name":"wp","href":"https:\/\/api.w.org\/{rel}","templated":true}]}}