{"id":2939,"date":"2025-05-24T09:14:40","date_gmt":"2025-05-24T09:14:40","guid":{"rendered":"https:\/\/jinzho.com\/product\/electric-fryer-boiler-and-steamer\/"},"modified":"2025-06-11T13:55:34","modified_gmt":"2025-06-11T13:55:34","slug":"freidora-electrica-caldera-y-vapor","status":"publish","type":"product","link":"https:\/\/jinzho.com\/es\/product\/electric-fryer-boiler-and-steamer\/","title":{"rendered":"freidora el\u00e9ctrica caldera y vapor"},"content":{"rendered":"<h3>\u200b<strong>Elementos Calefactores para Caldera de Freidora El\u00e9ctrica y Vaporera<\/strong>\u200b<\/h3>\n<hr \/>\n<h3>\u200b<strong>1. Resumen de Aplicaciones<\/strong>\u200b<\/h3>\n<p>Nuestros elementos calefactores para calderas de freidora el\u00e9ctrica y vaporera son componentes t\u00e9rmicos de ingenier\u00eda de precisi\u00f3n dise\u00f1ados para proporcionar calentamiento de vapor y alta temperatura eficiente y controlado, tanto para aplicaciones dom\u00e9sticas como comerciales en cocina\/equipos. Sirven como fuente de calor central en:<\/p>\n<ul>\n<li>\u200b<strong>Electrodom\u00e9sticos residenciales<\/strong>: Freidoras el\u00e9ctricas (para fritura con control preciso de temperatura del aceite), vaporeras (cocci\u00f3n\/al vapor de alimentos mediante liberaci\u00f3n suave de vapor) y unidades combinadas freidora-vaporera (electrodom\u00e9sticos vers\u00e1tiles para cocina dom\u00e9stica).<\/li>\n<li>\u200b<strong>Equipamiento Comercial<\/strong>: Freidoras para restaurantes (fritura de alta capacidad para comida r\u00e1pida), vaporeras comerciales (mantenimiento de temperatura en buffets, escaldado de verduras) y calderas para cocinas industriales (respaldando preparaci\u00f3n de alimentos a gran escala). Estos elementos garantizan calentamiento r\u00e1pido y uniforme para satisfacer las demandas de operaciones de cocina de alta frecuencia.<\/li>\n<\/ul>\n<hr \/>\n<h3>\u200b<strong>2. Especificaciones t\u00e9cnicas (realistas y personalizables)<\/strong>\u200b<\/h3>\n<div class=\"hyc-common-markdown__table-wrapper\">\n<table>\n<thead>\n<tr>\n<th>\u200b<strong>Par\u00e1metro<\/strong>\u200b<\/th>\n<th>\u200b<strong>Gama est\u00e1ndar<\/strong>\u200b<\/th>\n<th>\u200b<strong>Opciones de personalizaci\u00f3n<\/strong>\u200b<\/th>\n<\/tr>\n<\/thead>\n<tbody>\n<tr>\n<td>Potencia nominal<\/td>\n<td>1kW\u201350kW<\/td>\n<td>Ajustable (ej., 2kW para freidoras dom\u00e9sticas; 60kW para l\u00edneas de freidoras comerciales).<\/td>\n<\/tr>\n<tr>\n<td>Tensi\u00f3n de funcionamiento<\/td>\n<td>110V\/220V (monof\u00e1sico)<\/td>\n<td>Trif\u00e1sica (380V) para uso comercial de alta potencia.<\/td>\n<\/tr>\n<tr>\n<td>M\u00e1x. Temperatura de trabajo<\/td>\n<td>\u2264350\u2103 (continuo); \u2264450\u2103 (pico)<\/td>\n<td>Hasta 500\u2103 con revestimiento de aleaci\u00f3n de alta temperatura (para aplicaciones de fritura profunda).<\/td>\n<\/tr>\n<tr>\n<td>Material<\/td>\n<td>Acero inoxidable 316L (est\u00e1ndar, resistente a la corrosi\u00f3n)<\/td>\n<td>Acero inoxidable 321\/310S (resistencia mejorada a altas temperaturas\/productos qu\u00edmicos).<\/td>\n<\/tr>\n<tr>\n<td>Tolerancia dimensional<\/td>\n<td>\u00b10,5mm (est\u00e1ndar)<\/td>\n<td>\u00b10.2mm (mecanizado de precisi\u00f3n para ajustes estrechos en freidoras\/vaporeras compactas).<\/td>\n<\/tr>\n<tr>\n<td>Resistencia a la presi\u00f3n<\/td>\n<td>15 bar (continuo); 20 bar (pico)<\/td>\n<td>Hasta 30 bar con carcasa reforzada de aleaci\u00f3n de cobre (calderas industriales).<\/td>\n<\/tr>\n<\/tbody>\n<\/table>\n<\/div>\n<hr \/>\n<h3>\u200b<strong>3. Ventajas principales<\/strong>\u200b<\/h3>\n<ul>\n<li>\u200b<strong>Durabilidad Grado Cocina<\/strong>: Construidos para calentamiento de alta frecuencia (probados en 10,000+ ciclos); el acero inoxidable 316L resiste la corrosi\u00f3n por aceite, vapor y \u00e1cidos de alimentos.<\/li>\n<li>\u200b<strong>Producci\u00f3n integrada<\/strong>: Instalaciones integrales (estampado, corte l\u00e1ser, soldadura TIG) garantizan una producci\u00f3n mensual de 150,000+ unidades con calidad consistente.<\/li>\n<li>\u200b<strong>Personalizaci\u00f3n flexible<\/strong>: Prototipado r\u00e1pido (5-10 d\u00edas) para potencias, dimensiones o conectores espec\u00edficos (rosca\/brida\/conexi\u00f3n r\u00e1pida) que se adapten a dise\u00f1os particulares de freidora\/vaporera.<\/li>\n<li>\u200b<strong>Eficiencia de costes<\/strong>: Abastecimiento directo de acero inoxidable 316L reduce costos de producci\u00f3n en un 20-25%, ofreciendo precios competitivos sin comprometer el rendimiento en cocina.<\/li>\n<li>\u200b<strong>Fiabilidad Comprobada<\/strong>: Validado en 400+ instalaciones residenciales\/comerciales (cocinas dom\u00e9sticas, restaurantes, servicios de catering), garantizando calentamiento estable bajo condiciones de demanda m\u00e1xima.<\/li>\n<\/ul>\n<p><img fetchpriority=\"high\" decoding=\"async\" class=\"aligncenter size-full wp-image-3366\" src=\"http:\/\/jinzho.com\/wp-content\/uploads\/2025\/05\/heating-element-factory-11.jpg\" alt=\"\" width=\"1254\" height=\"600\" title=\"\" srcset=\"https:\/\/jinzho.com\/wp-content\/uploads\/2025\/05\/heating-element-factory-11.jpg 1254w, https:\/\/jinzho.com\/wp-content\/uploads\/2025\/05\/heating-element-factory-11-300x144.jpg 300w, https:\/\/jinzho.com\/wp-content\/uploads\/2025\/05\/heating-element-factory-11-1024x490.jpg 1024w, https:\/\/jinzho.com\/wp-content\/uploads\/2025\/05\/heating-element-factory-11-768x367.jpg 768w, https:\/\/jinzho.com\/wp-content\/uploads\/2025\/05\/heating-element-factory-11-600x287.jpg 600w\" sizes=\"(max-width: 1254px) 100vw, 1254px\" \/><\/p>","protected":false},"excerpt":{"rendered":"<p>Para freidoras el\u00e9ctricas, este es un generador de vapor combinado con caldera el\u00e9ctrica de acero inoxidable. La buena integraci\u00f3n entre fritura y vapor la hace apropiada para freidoras de aire, hornos de vapor y otros dispositivos de cocina. Fabricada en acero inoxidable grado alimenticio 304, es resistente a la corrosi\u00f3n y libre de mantenimiento. Cumple con los requisitos duales de sello hidr\u00e1ulico de alta temperatura para fritura y horneado al vapor suave; un sistema de control de temperatura inteligente PID con precisi\u00f3n de \u00b11\u00b0C y calentamiento r\u00e1pido en 3 segundos se adapta. El sistema totalmente cerrado elimina el riesgo de fugas; el dise\u00f1o modular se ajusta a espacios reducidos; el dispositivo antiincrustaciones incorporado reduce la frecuencia de mantenimiento. Posee certificaciones CE y RoHS, y el modo de ahorro de energ\u00eda ayuda a reducir el consumo energ\u00e9tico.<\/p>\n<p>MOQ\uff1a1000PCS<br \/>\nPlazo de entrega\uff1a15-25d\u00edas<br \/>\nUbicaci\u00f3n de la f\u00e1brica: Zhongshan, Guangdong, China<\/p>","protected":false},"featured_media":3122,"comment_status":"closed","ping_status":"closed","template":"","meta":[],"product_brand":[],"product_cat":[2759],"product_tag":[2847,2852,2854,2856,2857],"class_list":{"0":"post-2939","1":"product","2":"type-product","3":"status-publish","4":"has-post-thumbnail","6":"product_cat-electric-boiler-heater","7":"product_tag-electric-boiler-steamer","8":"product_tag-commercial-electric-steam-boiler","9":"product_tag-boilers-for-appliances","10":"product_tag-electric-steam-boiler-manufacturers","11":"product_tag-boiler-heater","13":"first","14":"instock","15":"shipping-taxable","16":"product-type-simple"},"_links":{"self":[{"href":"https:\/\/jinzho.com\/es\/wp-json\/wp\/v2\/product\/2939","targetHints":{"allow":["GET"]}}],"collection":[{"href":"https:\/\/jinzho.com\/es\/wp-json\/wp\/v2\/product"}],"about":[{"href":"https:\/\/jinzho.com\/es\/wp-json\/wp\/v2\/types\/product"}],"replies":[{"embeddable":true,"href":"https:\/\/jinzho.com\/es\/wp-json\/wp\/v2\/comments?post=2939"}],"wp:featuredmedia":[{"embeddable":true,"href":"https:\/\/jinzho.com\/es\/wp-json\/wp\/v2\/media\/3122"}],"wp:attachment":[{"href":"https:\/\/jinzho.com\/es\/wp-json\/wp\/v2\/media?parent=2939"}],"wp:term":[{"taxonomy":"product_brand","embeddable":true,"href":"https:\/\/jinzho.com\/es\/wp-json\/wp\/v2\/product_brand?post=2939"},{"taxonomy":"product_cat","embeddable":true,"href":"https:\/\/jinzho.com\/es\/wp-json\/wp\/v2\/product_cat?post=2939"},{"taxonomy":"product_tag","embeddable":true,"href":"https:\/\/jinzho.com\/es\/wp-json\/wp\/v2\/product_tag?post=2939"}],"curies":[{"name":"wp","href":"https:\/\/api.w.org\/{rel}","templated":true}]}}