{"id":2931,"date":"2025-05-24T09:14:37","date_gmt":"2025-05-24T09:14:37","guid":{"rendered":"https:\/\/jinzho.com\/product\/electric-heating-blender-accessories\/"},"modified":"2025-06-11T09:51:45","modified_gmt":"2025-06-11T09:51:45","slug":"electric-heating-blender-accessories","status":"publish","type":"product","link":"https:\/\/jinzho.com\/es\/product\/electric-heating-blender-accessories\/","title":{"rendered":"Accesorios para licuadoras de calefacci\u00f3n el\u00e9ctrica"},"content":{"rendered":"<h3>1. Descripci\u00f3n general de la aplicaci\u00f3n del producto<\/h3>\n<p>Nuestros accesorios de calentamiento el\u00e9ctrico para licuadoras funcionan como componentes integrales en<strong>licuadoras, fabricadoras de leche de soja y procesadores de alimentos<\/strong>que requieren funciones de calentamiento integrado. Permiten transferencia de calor eficiente y uniforme durante tareas como hervir agua (para sopas calientes), cocinar granos (para gachas) o calentar mezclas licuadas (por ejemplo, alimentos para beb\u00e9s, leches de frutos secos). Al mantener temperaturas precisas (por ejemplo, 80\u2013100\u00b0C para esterilizaci\u00f3n, 40\u201360\u00b0C para mezclas delicadas), estos accesorios garantizan resultados de cocci\u00f3n consistentes, previenen el sobrecalentamiento y mejoran la versatilidad de los electrodom\u00e9sticos multifuncionales de mezcla.<\/p>\n<h3>2. Par\u00e1metros del producto (basados en las capacidades de la f\u00e1brica)<\/h3>\n<div class=\"hyc-common-markdown__table-wrapper\">\n<table>\n<thead>\n<tr>\n<th>Par\u00e1metro<\/th>\n<th>Gama de especificaciones<\/th>\n<th>Opciones de personalizaci\u00f3n<\/th>\n<\/tr>\n<\/thead>\n<tbody>\n<tr>\n<td>Potencia nominal<\/td>\n<td>50W-2000W (est\u00e1ndar); hasta 3000W para batidoras industriales de gran capacidad<\/td>\n<td>Ajustable a los l\u00edmites de potencia\/motor de la batidora<\/td>\n<\/tr>\n<tr>\n<td>Tensi\u00f3n de funcionamiento<\/td>\n<td>110 V\/220 V CA (est\u00e1ndar); 12 V\/24 V CC disponible para modelos port\u00e1tiles o alimentados por pilas<\/td>\n<td>Tensi\u00f3n personalizada para compatibilidad con el mercado mundial<\/td>\n<\/tr>\n<tr>\n<td>Gama de dimensiones<\/td>\n<td>Longitud: 80 mm-250 mm; Di\u00e1metro: 30 mm-100 mm; Espesor: 1,2 mm-4 mm; Formas: anular, espiral o contorno personalizado.<\/td>\n<td>Dise\u00f1os compactos para adaptarse a la jarra\/c\u00e1mara de la batidora<\/td>\n<\/tr>\n<tr>\n<td>Material<\/td>\n<td>Acero inoxidable 304 de calidad alimentaria (est\u00e1ndar); acero inoxidable 316 para ingredientes \u00e1cidos (por ejemplo, pur\u00e9s de fruta, yogur)<\/td>\n<td>Personalizaci\u00f3n de grado\/material (pulido para f\u00e1cil limpieza)<\/td>\n<\/tr>\n<tr>\n<td>Temperatura<\/td>\n<td>Ambiente (20\u00b0C) a 150\u00b0C m\u00e1x. (funcionamiento continuo, desconexi\u00f3n autom\u00e1tica en el l\u00edmite superior)<\/td>\n<td>Variantes de alta temperatura (hasta 200\u00b0C) para cocciones pesadas<\/td>\n<\/tr>\n<tr>\n<td>Compatibilidad de controles<\/td>\n<td>Compatible con termistores externos (\u00b13\u00b0C) o sensores integrados en el mezclador (\u00b12\u00b0C)<\/td>\n<td>Interfaces personalizadas (por ejemplo, PID, vinculadas a termopares)<\/td>\n<\/tr>\n<\/tbody>\n<\/table>\n<\/div>\n<h3>3. Ventajas clave<\/h3>\n<ul>\n<li>\u200b<strong>Conocimientos espec\u00edficos de Blender<\/strong>:30+ a\u00f1os dise\u00f1ando elementos calefactores para licuadoras y fabricadoras de leche de soja, con 25+ proyectos personalizados para marcas l\u00edderes.<\/li>\n<li>\u200b<strong>Creaci\u00f3n r\u00e1pida de prototipos<\/strong>: 200+ moldes est\u00e1ndar para di\u00e1metros comunes de jarros de licuadora (30\u2013100 mm), reduciendo el tiempo de entrega de muestras a 6 d\u00edas.<\/li>\n<li>\u200b<strong>Cumplimiento de las normas de seguridad alimentaria<\/strong>: Certificaciones (FDA, LFGB) para contacto directo con l\u00edquidos, lo que garantiza la ausencia de lixiviaci\u00f3n de metales o corrosi\u00f3n.<\/li>\n<li>\u200b<strong>Producci\u00f3n flexible<\/strong>: Admite pedidos de lotes peque\u00f1os (\u2265200 unidades) con entrega en 10 d\u00edas, equilibrando la personalizaci\u00f3n y la escalabilidad.<\/li>\n<li>\u200b<strong>Eficiencia t\u00e9rmica<\/strong>: El dise\u00f1o optimizado del serpent\u00edn minimiza la p\u00e9rdida de energ\u00eda en 15% frente a los componentes de calentamiento gen\u00e9ricos, reduciendo el tiempo de cocci\u00f3n.<\/li>\n<\/ul>\n<h3>4. Nota de personalizaci\u00f3n<\/h3>\n<p>Ofrecemos soluciones a medida, incluidas las dimensiones, la potencia, el grado de material y el dise\u00f1o de la interfaz, para adaptarnos a estructuras de mezcladoras espec\u00edficas (por ejemplo, mezcladoras de viaje compactas, jarras mezcladoras de alta velocidad), manteniendo la seguridad, la eficacia y la compatibilidad de marca.<\/p>\n<p><img fetchpriority=\"high\" decoding=\"async\" class=\"aligncenter size-full wp-image-3364\" src=\"http:\/\/jinzho.com\/wp-content\/uploads\/2025\/05\/heating-element-factory-9.jpg\" alt=\"\" width=\"1254\" height=\"600\" title=\"\" srcset=\"https:\/\/jinzho.com\/wp-content\/uploads\/2025\/05\/heating-element-factory-9.jpg 1254w, https:\/\/jinzho.com\/wp-content\/uploads\/2025\/05\/heating-element-factory-9-300x144.jpg 300w, https:\/\/jinzho.com\/wp-content\/uploads\/2025\/05\/heating-element-factory-9-1024x490.jpg 1024w, https:\/\/jinzho.com\/wp-content\/uploads\/2025\/05\/heating-element-factory-9-768x367.jpg 768w, https:\/\/jinzho.com\/wp-content\/uploads\/2025\/05\/heating-element-factory-9-600x287.jpg 600w\" sizes=\"(max-width: 1254px) 100vw, 1254px\" \/><\/p>","protected":false},"excerpt":{"rendered":"<p>Nuestra f\u00e1brica se especializa en la producci\u00f3n de accesorios especiales para mezcladoras de calentamiento el\u00e9ctrico, incluyendo chasis calefactores, m\u00f3dulos de control de temperatura y componentes de mezcla, adecuados para m\u00e1quinas rompedoras de pared, licuadoras de mano y otros equipos. Fabricados en acero inoxidable grado alimenticio 304 y recubrimiento resistente a altas temperaturas, son resistentes a la corrosi\u00f3n y antiadherentes, soportan conducci\u00f3n t\u00e9rmica r\u00e1pida y control de temperatura preciso (ajuste multivelocidad de 30\u2103 a 100\u2103), garantizando que los ingredientes se calienten uniformemente y se mezclen finamente. Chip inteligente de control de temperatura PID integrado, con doble protecci\u00f3n de seguridad contra quemado en seco y apagado por sobrecarga, asegurando operaci\u00f3n estable.<\/p>\n<p>MOQ\uff1a1000PCS<br \/>\nPlazo de entrega\uff1a15-25d\u00edas<br \/>\nUbicaci\u00f3n de la f\u00e1brica: Zhongshan, Guangdong, China<\/p>","protected":false},"featured_media":3084,"comment_status":"closed","ping_status":"closed","template":"","meta":[],"product_brand":[],"product_cat":[2757],"product_tag":[2824,2826,2828,2829,2830],"class_list":{"0":"post-2931","1":"product","2":"type-product","3":"status-publish","4":"has-post-thumbnail","6":"product_cat-electric-pot-heater","7":"product_tag-electric-mixer-cup","8":"product_tag-stainless-steel-electric-hot-water-heater","9":"product_tag-stainless-steel-mixer","10":"product_tag-mixer-accessories","11":"product_tag-blender-parts","13":"first","14":"instock","15":"shipping-taxable","16":"product-type-simple"},"_links":{"self":[{"href":"https:\/\/jinzho.com\/es\/wp-json\/wp\/v2\/product\/2931","targetHints":{"allow":["GET"]}}],"collection":[{"href":"https:\/\/jinzho.com\/es\/wp-json\/wp\/v2\/product"}],"about":[{"href":"https:\/\/jinzho.com\/es\/wp-json\/wp\/v2\/types\/product"}],"replies":[{"embeddable":true,"href":"https:\/\/jinzho.com\/es\/wp-json\/wp\/v2\/comments?post=2931"}],"wp:featuredmedia":[{"embeddable":true,"href":"https:\/\/jinzho.com\/es\/wp-json\/wp\/v2\/media\/3084"}],"wp:attachment":[{"href":"https:\/\/jinzho.com\/es\/wp-json\/wp\/v2\/media?parent=2931"}],"wp:term":[{"taxonomy":"product_brand","embeddable":true,"href":"https:\/\/jinzho.com\/es\/wp-json\/wp\/v2\/product_brand?post=2931"},{"taxonomy":"product_cat","embeddable":true,"href":"https:\/\/jinzho.com\/es\/wp-json\/wp\/v2\/product_cat?post=2931"},{"taxonomy":"product_tag","embeddable":true,"href":"https:\/\/jinzho.com\/es\/wp-json\/wp\/v2\/product_tag?post=2931"}],"curies":[{"name":"wp","href":"https:\/\/api.w.org\/{rel}","templated":true}]}}