{"id":1083,"date":"2025-05-12T03:35:59","date_gmt":"2025-05-12T03:35:59","guid":{"rendered":"https:\/\/jinzho.com\/?post_type=product&#038;p=1083"},"modified":"2025-06-19T07:21:04","modified_gmt":"2025-06-19T07:21:04","slug":"solar-panel-power-led-street-lights","status":"publish","type":"product","link":"https:\/\/jinzho.com\/es\/product\/solar-panel-power-led-street-lights\/","title":{"rendered":"Farolas LED alimentadas por panel solar"},"content":{"rendered":"<h3>Par\u00e1metros del producto:<\/h3>\n<table style=\"height: 752px;\" width=\"758\">\n<tbody>\n<tr>\n<td width=\"275\">Fotograf\u00eda<\/td>\n<td width=\"660\">Par\u00e1metro<\/td>\n<\/tr>\n<tr>\n<td><img decoding=\"async\" class=\"wp-image-4572 aligncenter\" src=\"http:\/\/jinzho.com\/wp-content\/uploads\/2025\/05\/1-73-300x300.png\" alt=\"\" width=\"145\" height=\"145\" title=\"\" srcset=\"https:\/\/jinzho.com\/wp-content\/uploads\/2025\/05\/1-73-300x300.png 300w, https:\/\/jinzho.com\/wp-content\/uploads\/2025\/05\/1-73-150x150.png 150w, https:\/\/jinzho.com\/wp-content\/uploads\/2025\/05\/1-73-100x100.png 100w, https:\/\/jinzho.com\/wp-content\/uploads\/2025\/05\/1-73.png 600w\" sizes=\"(max-width: 145px) 100vw, 145px\" \/><\/td>\n<td width=\"660\">N\u00famero de LED: 240<br \/>\n\u3010Tiempo de iluminaci\u00f3n\u3011: 12-24H<br \/>\n\u3010LUMEN\u3011: 5400lm<br \/>\n\u3010Capacidad de la bater\u00eda\u3011: 120000MAH<br \/>\n\u3010Potencia del panel solar\u3011: 6v\/120W<br \/>\n\u3010\u00c1rea de exposici\u00f3n\u3011: 200\u33a1<br \/>\n\u3010Dimensiones del cuerpo de la l\u00e1mpara\u3011: 1615*412*84MM<\/td>\n<\/tr>\n<tr>\n<td><img decoding=\"async\" class=\"wp-image-4570 aligncenter\" src=\"http:\/\/jinzho.com\/wp-content\/uploads\/2025\/05\/3-45-300x300.png\" alt=\"tiras de luces led solares impermeables\" width=\"148\" height=\"148\" title=\"\" srcset=\"https:\/\/jinzho.com\/wp-content\/uploads\/2025\/05\/3-45-300x300.png 300w, https:\/\/jinzho.com\/wp-content\/uploads\/2025\/05\/3-45-150x150.png 150w, https:\/\/jinzho.com\/wp-content\/uploads\/2025\/05\/3-45-100x100.png 100w, https:\/\/jinzho.com\/wp-content\/uploads\/2025\/05\/3-45.png 600w\" sizes=\"(max-width: 148px) 100vw, 148px\" \/><\/td>\n<td width=\"660\">N\u00famero de LED: 240<br \/>\n\u3010Tiempo de iluminaci\u00f3n\u3011: 12-24H<br \/>\n\u3010LUMEN\u3011: 3200lm<br \/>\n\u3010Capacidad de la bater\u00eda\u3011: 80000MAH<br \/>\n\u3010Potencia del panel solar\u3011: 6v\/80W<br \/>\n\u3010\u00c1rea de exposici\u00f3n\u3011: 200\u33a1<br \/>\n\u3010Dimensiones del cuerpo de la l\u00e1mpara\u3011: 1382*390*65MM<\/td>\n<\/tr>\n<tr>\n<td><img decoding=\"async\" class=\"wp-image-4574 aligncenter\" src=\"http:\/\/jinzho.com\/wp-content\/uploads\/2025\/05\/7-5-300x300.png\" alt=\"\" width=\"153\" height=\"153\" title=\"\" srcset=\"https:\/\/jinzho.com\/wp-content\/uploads\/2025\/05\/7-5-300x300.png 300w, https:\/\/jinzho.com\/wp-content\/uploads\/2025\/05\/7-5-150x150.png 150w, https:\/\/jinzho.com\/wp-content\/uploads\/2025\/05\/7-5-100x100.png 100w, https:\/\/jinzho.com\/wp-content\/uploads\/2025\/05\/7-5.png 600w\" sizes=\"(max-width: 153px) 100vw, 153px\" \/><\/td>\n<td width=\"660\">N\u00famero de LED: 240<br \/>\n\u3010Tiempo de iluminaci\u00f3n\u3011: 20-36H<br \/>\n\u3010LUMEN\u3011: 14400lm<br \/>\n\u3010Capacidad de la bater\u00eda\u3011: 120000MAH<br \/>\n\u3010Potencia del panel solar\u3011: 12.8v\/200W<br \/>\n\u3010\u00c1rea de exposici\u00f3n\u3011: 300\u33a1<br \/>\n\u3010Dimensiones del cuerpo de la l\u00e1mpara\u3011: 1977*545*127MM<\/td>\n<\/tr>\n<tr>\n<td><img loading=\"lazy\" decoding=\"async\" class=\"wp-image-4573 aligncenter\" src=\"http:\/\/jinzho.com\/wp-content\/uploads\/2025\/05\/5-22-300x300.png\" alt=\"\" width=\"162\" height=\"162\" title=\"\" srcset=\"https:\/\/jinzho.com\/wp-content\/uploads\/2025\/05\/5-22-300x300.png 300w, https:\/\/jinzho.com\/wp-content\/uploads\/2025\/05\/5-22-150x150.png 150w, https:\/\/jinzho.com\/wp-content\/uploads\/2025\/05\/5-22-100x100.png 100w, https:\/\/jinzho.com\/wp-content\/uploads\/2025\/05\/5-22.png 600w\" sizes=\"(max-width: 162px) 100vw, 162px\" \/><\/td>\n<td width=\"660\">N\u00famero de LED: 240<br \/>\n\u3010Tiempo de iluminaci\u00f3n\u3011: 12-24H<br \/>\n\u3010LUMEN\u3011: 3200lm<br \/>\n\u3010Capacidad de la bater\u00eda\u3011: 100000MAH<br \/>\n\u3010Potencia del panel solar\u3011: 100W<br \/>\n\u3010\u00c1rea de exposici\u00f3n\u3011: 200\u33a1<br \/>\n\u3010Dimensiones del cuerpo de la l\u00e1mpara\u3011: 1382*390*65MM<\/td>\n<\/tr>\n<\/tbody>\n<\/table>","protected":false},"excerpt":{"rendered":"<p>Las farolas LED alimentadas por energ\u00eda solar fotovoltaica son un sistema de iluminaci\u00f3n ecol\u00f3gico e innovador que integra profundamente la generaci\u00f3n de energ\u00eda fotovoltaica, la detecci\u00f3n inteligente y la tecnolog\u00eda de iluminaci\u00f3n de alta eficiencia, y est\u00e1 dise\u00f1ado para escenarios de suministro de energ\u00eda aut\u00f3nomo o h\u00edbrido. Su n\u00facleo est\u00e1 compuesto por paneles solares de silicio policristalino (rango de potencia 100W-1000W, eficiencia de conversi\u00f3n superior al 22%) y bater\u00edas de fosfato de hierro y litio (capacidad 20Ah-500Ah, vida \u00fatil c\u00edclica superior a 8000 veces), logrando un suministro de energ\u00eda cero emisiones para todas las condiciones clim\u00e1ticas, y puede seguir funcionando de forma estable durante 7-25 d\u00edas en entornos lluviosos.<\/p>\n<p>Cantidad m\u00ednima de pedido: 500<br \/>\nPlazo de entrega: 15-25 d\u00edas<br \/>\nUbicaci\u00f3n de la f\u00e1brica: Zhongshan, Guangdong, China<\/p>","protected":false},"featured_media":4569,"comment_status":"closed","ping_status":"closed","template":"","meta":[],"product_brand":[],"product_cat":[2763],"product_tag":[174,182,183,187,191],"class_list":{"0":"post-1083","1":"product","2":"type-product","3":"status-publish","4":"has-post-thumbnail","6":"product_cat-solar-lamp","7":"product_tag-solar-led-strip-lights-waterproof","8":"product_tag-led-light-strips-solar","9":"product_tag-outdoor-solar-flood-light-fixtures","10":"product_tag-outdoor-led-strip-lights-solar-powered","11":"product_tag-street-solar-led-lights","13":"first","14":"instock","15":"shipping-taxable","16":"product-type-simple"},"_links":{"self":[{"href":"https:\/\/jinzho.com\/es\/wp-json\/wp\/v2\/product\/1083","targetHints":{"allow":["GET"]}}],"collection":[{"href":"https:\/\/jinzho.com\/es\/wp-json\/wp\/v2\/product"}],"about":[{"href":"https:\/\/jinzho.com\/es\/wp-json\/wp\/v2\/types\/product"}],"replies":[{"embeddable":true,"href":"https:\/\/jinzho.com\/es\/wp-json\/wp\/v2\/comments?post=1083"}],"wp:featuredmedia":[{"embeddable":true,"href":"https:\/\/jinzho.com\/es\/wp-json\/wp\/v2\/media\/4569"}],"wp:attachment":[{"href":"https:\/\/jinzho.com\/es\/wp-json\/wp\/v2\/media?parent=1083"}],"wp:term":[{"taxonomy":"product_brand","embeddable":true,"href":"https:\/\/jinzho.com\/es\/wp-json\/wp\/v2\/product_brand?post=1083"},{"taxonomy":"product_cat","embeddable":true,"href":"https:\/\/jinzho.com\/es\/wp-json\/wp\/v2\/product_cat?post=1083"},{"taxonomy":"product_tag","embeddable":true,"href":"https:\/\/jinzho.com\/es\/wp-json\/wp\/v2\/product_tag?post=1083"}],"curies":[{"name":"wp","href":"https:\/\/api.w.org\/{rel}","templated":true}]}}