{"id":1082,"date":"2025-05-12T03:35:59","date_gmt":"2025-05-12T03:35:59","guid":{"rendered":"https:\/\/jinzho.com\/?post_type=product&#038;p=1082"},"modified":"2025-06-19T03:59:43","modified_gmt":"2025-06-19T03:59:43","slug":"lampara-solar-de-calle-de-aluminio-fundido-a-presion-de-una-pieza-de-150w-200w-250w-350w","status":"publish","type":"product","link":"https:\/\/jinzho.com\/es\/product\/150w-200w-250w-350w-one-piece-die-cast-aluminum-solar-street-light\/","title":{"rendered":"Farola solar de aluminio fundido a presi\u00f3n de una sola pieza de 150 W, 200 W, 250 W y 350 W"},"content":{"rendered":"<h3>Par\u00e1metros del producto\uff1a<\/h3>\n<table width=\"1076\">\n<tbody>\n<tr>\n<td width=\"141\">Estilo<\/td>\n<td width=\"275\">Fotograf\u00eda<\/td>\n<td width=\"660\">Par\u00e1metro<\/td>\n<\/tr>\n<tr>\n<td width=\"141\">150W<\/td>\n<td><img decoding=\"async\" class=\"wp-image-4559 aligncenter\" src=\"http:\/\/jinzho.com\/wp-content\/uploads\/2025\/05\/4-37-300x300.png\" alt=\"\" width=\"153\" height=\"153\" title=\"\" srcset=\"https:\/\/jinzho.com\/wp-content\/uploads\/2025\/05\/4-37-300x300.png 300w, https:\/\/jinzho.com\/wp-content\/uploads\/2025\/05\/4-37-150x150.png 150w, https:\/\/jinzho.com\/wp-content\/uploads\/2025\/05\/4-37-100x100.png 100w, https:\/\/jinzho.com\/wp-content\/uploads\/2025\/05\/4-37.png 600w\" sizes=\"(max-width: 153px) 100vw, 153px\" \/><\/td>\n<td width=\"660\">N\u00famero de LED: 180<br \/>\n\u3010Tiempo de iluminaci\u00f3n\u3011: 20-36H<br \/>\n\u3010L\u00daMENES\u3011: 8000 lm<br \/>\n\u3010Capacidad de la bater\u00eda\u3011: 40000 mAh<br \/>\n\u3010Potencia del panel solar\u3011: 6V\/60W<br \/>\n\u3010\u00c1rea de exposici\u00f3n\u3011: 150 m\u00b2<br \/>\n\u3010Dimensiones del cuerpo de la l\u00e1mpara\u3011: 887*400*280 mm<\/td>\n<\/tr>\n<tr>\n<td width=\"141\">250W<\/td>\n<td><img decoding=\"async\" class=\"wp-image-4560 aligncenter\" src=\"http:\/\/jinzho.com\/wp-content\/uploads\/2025\/05\/5-21-300x300.png\" alt=\"\" width=\"145\" height=\"145\" title=\"\" srcset=\"https:\/\/jinzho.com\/wp-content\/uploads\/2025\/05\/5-21-300x300.png 300w, https:\/\/jinzho.com\/wp-content\/uploads\/2025\/05\/5-21-150x150.png 150w, https:\/\/jinzho.com\/wp-content\/uploads\/2025\/05\/5-21-100x100.png 100w, https:\/\/jinzho.com\/wp-content\/uploads\/2025\/05\/5-21.png 600w\" sizes=\"(max-width: 145px) 100vw, 145px\" \/><\/td>\n<td width=\"660\">N\u00famero de LED: 240<br \/>\n\u3010Tiempo de iluminaci\u00f3n\u3011: 20-36H<br \/>\n\u3010L\u00daMENES\u3011: 8500 lm<br \/>\n\u3010Capacidad de la bater\u00eda\u3011: 50000 mAh<br \/>\n\u3010Potencia del panel solar\u3011: 6v\/80W<br \/>\n\u3010\u00c1rea de exposici\u00f3n\u3011: 200\u33a1<br \/>\n\u3010Dimensiones del cuerpo de la l\u00e1mpara\u3011: 1160*400*280 mm<\/td>\n<\/tr>\n<tr>\n<td width=\"141\">350W<\/td>\n<td><img decoding=\"async\" class=\"wp-image-4561 aligncenter\" src=\"http:\/\/jinzho.com\/wp-content\/uploads\/2025\/05\/6-8-300x300.png\" alt=\"\" width=\"161\" height=\"161\" title=\"\" srcset=\"https:\/\/jinzho.com\/wp-content\/uploads\/2025\/05\/6-8-300x300.png 300w, https:\/\/jinzho.com\/wp-content\/uploads\/2025\/05\/6-8-150x150.png 150w, https:\/\/jinzho.com\/wp-content\/uploads\/2025\/05\/6-8-100x100.png 100w, https:\/\/jinzho.com\/wp-content\/uploads\/2025\/05\/6-8.png 600w\" sizes=\"(max-width: 161px) 100vw, 161px\" \/><\/td>\n<td width=\"660\">N\u00famero de LED: 300<br \/>\n\u3010Tiempo de iluminaci\u00f3n\u3011: 20-36H<br \/>\n\u3010L\u00daMENES\u3011: 9500 lm<br \/>\n\u3010Capacidad de la bater\u00eda\u3011: 60000 mAh<br \/>\n\u3010Potencia del panel solar\u3011: 6V\/100W<br \/>\n\u3010\u00c1rea de exposici\u00f3n\u3011: 250 m\u00b2<br \/>\n\u3010Dimensiones del cuerpo de la l\u00e1mpara\u3011: 1435*400*280 mm<\/td>\n<\/tr>\n<tr>\n<td width=\"141\">150W<\/td>\n<td><img loading=\"lazy\" decoding=\"async\" class=\"wp-image-4567 aligncenter\" src=\"http:\/\/jinzho.com\/wp-content\/uploads\/2025\/05\/7-4-300x300.png\" alt=\"\" width=\"191\" height=\"191\" title=\"\" srcset=\"https:\/\/jinzho.com\/wp-content\/uploads\/2025\/05\/7-4-300x300.png 300w, https:\/\/jinzho.com\/wp-content\/uploads\/2025\/05\/7-4-150x150.png 150w, https:\/\/jinzho.com\/wp-content\/uploads\/2025\/05\/7-4-100x100.png 100w, https:\/\/jinzho.com\/wp-content\/uploads\/2025\/05\/7-4.png 600w\" sizes=\"(max-width: 191px) 100vw, 191px\" \/><\/td>\n<td width=\"660\">Modo de control: versi\u00f3n con control de luz + control de tiempo + control remoto<br \/>\nTama\u00f1o del panel solar: 90.5 * 39.5 cm<br \/>\nPanel solar: Silicio policristalino (5V\/70W)<br \/>\nBater\u00eda de litio: 3.2V\/55000 mAh<br \/>\nLED SMD: 5054 alto brillo 230\/1W 150 unidades<br \/>\nMaterial: Hierro estampado a prueba de \u00f3xido de ingenier\u00eda + PC + piezas inyectadas<br \/>\nTiempo de iluminaci\u00f3n: 12 horas de iluminaci\u00f3n+<br \/>\n\u00c1rea de iluminaci\u00f3n: 200 metros cuadrados<br \/>\nCantidad por embalaje: 1 unidad\/caja<br \/>\nTama\u00f1o de la caja: 111.5 * 44 * 14.5 cm<br \/>\nDimensiones del cuerpo de la l\u00e1mpara: 91 * 40 cm<\/td>\n<\/tr>\n<tr>\n<td width=\"141\">200W<\/td>\n<td><img loading=\"lazy\" decoding=\"async\" class=\"wp-image-4562 aligncenter\" src=\"http:\/\/jinzho.com\/wp-content\/uploads\/2025\/05\/1-72-300x300.png\" alt=\"\" width=\"188\" height=\"188\" title=\"\" srcset=\"https:\/\/jinzho.com\/wp-content\/uploads\/2025\/05\/1-72-300x300.png 300w, https:\/\/jinzho.com\/wp-content\/uploads\/2025\/05\/1-72-150x150.png 150w, https:\/\/jinzho.com\/wp-content\/uploads\/2025\/05\/1-72-100x100.png 100w, https:\/\/jinzho.com\/wp-content\/uploads\/2025\/05\/1-72.png 600w\" sizes=\"(max-width: 188px) 100vw, 188px\" \/><\/td>\n<td width=\"660\">Modo de control: versi\u00f3n con control de luz + control de tiempo + control remoto<br \/>\nTama\u00f1o del panel solar: 116.3\u00d739.5 cm<br \/>\nPanel solar: Silicio policristalino (5V\/90W)<br \/>\nBater\u00eda de litio: 3.2V\/65000 mAh<br \/>\nLED SMD: 5054 alto brillo 230\/1W 200 unidades<br \/>\nMaterial: Hierro estampado a prueba de \u00f3xido de ingenier\u00eda + PC + piezas inyectadas<br \/>\nTiempo de iluminaci\u00f3n: 12 horas de iluminaci\u00f3n+<br \/>\n\u00c1rea de iluminaci\u00f3n: 500 metros cuadrados<br \/>\nCantidad por embalaje: 1 unidad\/caja<br \/>\nTama\u00f1o de la caja: 137 * 44 * 14.5 cm<br \/>\nDimensiones del cuerpo de la l\u00e1mpara: 116.8 * 40 cm<\/td>\n<\/tr>\n<tr>\n<td width=\"141\">150W<\/td>\n<td><img loading=\"lazy\" decoding=\"async\" class=\"wp-image-4563 aligncenter\" src=\"http:\/\/jinzho.com\/wp-content\/uploads\/2025\/05\/2-53-300x300.png\" alt=\"\" width=\"204\" height=\"204\" title=\"\" srcset=\"https:\/\/jinzho.com\/wp-content\/uploads\/2025\/05\/2-53-300x300.png 300w, https:\/\/jinzho.com\/wp-content\/uploads\/2025\/05\/2-53-150x150.png 150w, https:\/\/jinzho.com\/wp-content\/uploads\/2025\/05\/2-53-100x100.png 100w, https:\/\/jinzho.com\/wp-content\/uploads\/2025\/05\/2-53.png 600w\" sizes=\"(max-width: 204px) 100vw, 204px\" \/><\/td>\n<td width=\"660\">Modo de control: versi\u00f3n con control de luz + control de tiempo + control remoto<br \/>\nTama\u00f1o del panel solar: 90.5 * 39.5 cm<br \/>\nPanel solar: Silicio policristalino (5V\/65W)<br \/>\nBater\u00eda de litio: 3.2V\/50000 mAh<br \/>\nLED SMD: 5054 alto brillo 230\/1W 150 unidades<br \/>\nMaterial: Hierro estampado a prueba de \u00f3xido de ingenier\u00eda + PC + piezas inyectadas<br \/>\nTiempo de iluminaci\u00f3n: 12 horas de iluminaci\u00f3n+<br \/>\n\u00c1rea de iluminaci\u00f3n: 500 metros cuadrados<br \/>\nCantidad por embalaje: 1 unidad\/caja<br \/>\nTama\u00f1o de la caja: 111.5 * 44 * 14.5 cm<br \/>\nDimensiones del cuerpo de la l\u00e1mpara: 91 * 40 cm<\/td>\n<\/tr>\n<tr>\n<td width=\"141\">200W<\/td>\n<td><img loading=\"lazy\" decoding=\"async\" class=\"wp-image-4566 aligncenter\" src=\"http:\/\/jinzho.com\/wp-content\/uploads\/2025\/05\/\u56fe\u724773-154x300.png\" alt=\"\" width=\"120\" height=\"234\" title=\"\" srcset=\"https:\/\/jinzho.com\/wp-content\/uploads\/2025\/05\/\u56fe\u724773-154x300.png 154w, https:\/\/jinzho.com\/wp-content\/uploads\/2025\/05\/\u56fe\u724773.png 233w\" sizes=\"(max-width: 120px) 100vw, 120px\" \/><\/td>\n<td width=\"660\">Modo de control: versi\u00f3n con control de luz + control de tiempo + control remoto<br \/>\nTama\u00f1o del panel solar: 116.3\u00d739.5 cm<br \/>\nPanel solar: Silicio policristalino (5V\/90W)<br \/>\nBater\u00eda de litio: 3.2V\/60000 mAh<br \/>\nLED SMD: 5054 alto brillo 230\/1W 213 unidades<br \/>\nMaterial: Hierro estampado a prueba de \u00f3xido de ingenier\u00eda + PC + piezas inyectadas<br \/>\nTiempo de iluminaci\u00f3n: 12 horas de iluminaci\u00f3n+<br \/>\n\u00c1rea de iluminaci\u00f3n: 800 metros cuadrados<br \/>\nCantidad por embalaje: 1 unidad\/caja<br \/>\nTama\u00f1o de la caja: 137 * 44 * 14.5 cm<br \/>\nDimensiones del cuerpo de la l\u00e1mpara: 116.8 * 40 cm<\/td>\n<\/tr>\n<\/tbody>\n<\/table>","protected":false},"excerpt":{"rendered":"<p>La l\u00e1mpara solar vial monol\u00edtica de aluminio inyectado adopta un dise\u00f1o integrado de LED, bater\u00eda de fosfato de hierro y litio y panel solar, logrando una alta combinaci\u00f3n de rendimiento operativo elevado (luminosidad, vida \u00fatil, f\u00e1cil instalaci\u00f3n) y econom\u00eda. Es adecuada para necesidades de iluminaci\u00f3n de ultra larga distancia y ultra alto brillo en carreteras de 50-500 metros. Es una iluminaci\u00f3n inteligente de alta potencia dise\u00f1ada para v\u00edas principales urbanas, parques log\u00edsticos, carreteras auxiliares de autopistas y grandes instalaciones p\u00fablicas. Ser\u00e1 su elecci\u00f3n acertada.<\/p>\n<p>Cantidad m\u00ednima de pedido: 500<br \/>\nPlazo de entrega: 15-25 d\u00edas<br \/>\nUbicaci\u00f3n de la f\u00e1brica: Zhongshan, Guangdong, China<\/p>","protected":false},"featured_media":4555,"comment_status":"closed","ping_status":"closed","template":"","meta":[],"product_brand":[],"product_cat":[2763],"product_tag":[177,178,191,202,203],"class_list":{"0":"post-1082","1":"product","2":"type-product","3":"status-publish","4":"has-post-thumbnail","6":"product_cat-solar-lamp","7":"product_tag-150w-solar-led-lights","8":"product_tag-200w-solar-led-lights","9":"product_tag-street-solar-led-lights","10":"product_tag-250w-solar-led-lights","11":"product_tag-350w-solar-led-lights","13":"first","14":"instock","15":"shipping-taxable","16":"product-type-simple"},"_links":{"self":[{"href":"https:\/\/jinzho.com\/es\/wp-json\/wp\/v2\/product\/1082","targetHints":{"allow":["GET"]}}],"collection":[{"href":"https:\/\/jinzho.com\/es\/wp-json\/wp\/v2\/product"}],"about":[{"href":"https:\/\/jinzho.com\/es\/wp-json\/wp\/v2\/types\/product"}],"replies":[{"embeddable":true,"href":"https:\/\/jinzho.com\/es\/wp-json\/wp\/v2\/comments?post=1082"}],"wp:featuredmedia":[{"embeddable":true,"href":"https:\/\/jinzho.com\/es\/wp-json\/wp\/v2\/media\/4555"}],"wp:attachment":[{"href":"https:\/\/jinzho.com\/es\/wp-json\/wp\/v2\/media?parent=1082"}],"wp:term":[{"taxonomy":"product_brand","embeddable":true,"href":"https:\/\/jinzho.com\/es\/wp-json\/wp\/v2\/product_brand?post=1082"},{"taxonomy":"product_cat","embeddable":true,"href":"https:\/\/jinzho.com\/es\/wp-json\/wp\/v2\/product_cat?post=1082"},{"taxonomy":"product_tag","embeddable":true,"href":"https:\/\/jinzho.com\/es\/wp-json\/wp\/v2\/product_tag?post=1082"}],"curies":[{"name":"wp","href":"https:\/\/api.w.org\/{rel}","templated":true}]}}