{"id":1081,"date":"2025-05-12T03:35:59","date_gmt":"2025-05-12T03:35:59","guid":{"rendered":"https:\/\/jinzho.com\/?post_type=product&#038;p=1081"},"modified":"2025-06-19T03:02:23","modified_gmt":"2025-06-19T03:02:23","slug":"50w-300w-integrated-aluminum-profile-solar-led-street-light","status":"publish","type":"product","link":"https:\/\/jinzho.com\/es\/product\/50w-300w-integrated-aluminum-profile-solar-led-street-light\/","title":{"rendered":"Luminaria Solar LED Integrada de Perfil de Aluminio 50W-300W"},"content":{"rendered":"<h3>Par\u00e1metros del producto\uff1a<\/h3>\n<table width=\"1464\">\n<tbody>\n<tr>\n<td width=\"141\">Estilo<\/td>\n<td width=\"272\">Fotograf\u00eda<\/td>\n<td width=\"543\">Par\u00e1metro<\/td>\n<td width=\"137\">peso<\/td>\n<td width=\"371\">Embalaje en caja de color\uff08mm\uff09<\/td>\n<\/tr>\n<tr>\n<td width=\"141\">50W<\/td>\n<td><img decoding=\"async\" class=\"alignnone  wp-image-4554\" src=\"http:\/\/jinzho.com\/wp-content\/uploads\/2025\/05\/4-36-300x300.png\" alt=\"\" width=\"166\" height=\"166\" title=\"\" srcset=\"https:\/\/jinzho.com\/wp-content\/uploads\/2025\/05\/4-36-300x300.png 300w, https:\/\/jinzho.com\/wp-content\/uploads\/2025\/05\/4-36-150x150.png 150w, https:\/\/jinzho.com\/wp-content\/uploads\/2025\/05\/4-36-100x100.png 100w, https:\/\/jinzho.com\/wp-content\/uploads\/2025\/05\/4-36.png 600w\" sizes=\"(max-width: 166px) 100vw, 166px\" \/><\/td>\n<td width=\"543\">N\u00famero de LED\uff1a50<br \/>\n\u3010Tiempo de iluminaci\u00f3n\u3011:10-12H<br \/>\n\u3010L\u00daMENES\u3011:1450lm<br \/>\n\u3010Capacidad de la bater\u00eda\u3011:15000MAH<br \/>\n\u3010Potencia del panel solar\u3011\uff1a6v\/40W<br \/>\n\u3010\u00c1rea de exposici\u00f3n\u3011:120\u33a1<br \/>\n\u3010Dimensiones del cuerpo de la l\u00e1mpara\u3011:510*225*45MM<\/td>\n<td>1.75KG<\/td>\n<td width=\"371\">\u3010N\u00famero por contenedor\u30116 unidades \/ caja<\/p>\n<p>\u3010Dimensiones de la caja\u3011\uff1a79*78*30CM<\/td>\n<\/tr>\n<tr>\n<td width=\"141\">150W<\/td>\n<td><img decoding=\"async\" class=\"alignnone  wp-image-4551\" src=\"http:\/\/jinzho.com\/wp-content\/uploads\/2025\/05\/1-71-300x300.png\" alt=\"\" width=\"154\" height=\"154\" title=\"\" srcset=\"https:\/\/jinzho.com\/wp-content\/uploads\/2025\/05\/1-71-300x300.png 300w, https:\/\/jinzho.com\/wp-content\/uploads\/2025\/05\/1-71-150x150.png 150w, https:\/\/jinzho.com\/wp-content\/uploads\/2025\/05\/1-71-100x100.png 100w, https:\/\/jinzho.com\/wp-content\/uploads\/2025\/05\/1-71.png 600w\" sizes=\"(max-width: 154px) 100vw, 154px\" \/><\/td>\n<td width=\"543\">N\u00famero de LED\uff1a100<br \/>\n\u3010Tiempo de iluminaci\u00f3n\u3011:10-12H<br \/>\n\u3010L\u00daMENES\u3011:1700lm<br \/>\n\u3010Capacidad de la bater\u00eda\u3011:20000MAH<br \/>\n\u3010Potencia del panel solar\u3011: 6V\/60W<br \/>\n\u3010\u00c1rea de exposici\u00f3n\u3011:160\u33a1<br \/>\n\u3010Dimensiones del cuerpo de la l\u00e1mpara\u3011:710*235*87MM<\/td>\n<td>4.3KG<\/td>\n<td width=\"371\">\u3010N\u00famero por contenedor\u30116 unidades \/ caja<\/p>\n<p>\u3010Dimensiones de la caja\u3011\uff1a85*80*30CM<\/td>\n<\/tr>\n<tr>\n<td width=\"141\">200W<\/td>\n<td><img decoding=\"async\" class=\"alignnone  wp-image-4552\" src=\"http:\/\/jinzho.com\/wp-content\/uploads\/2025\/05\/2-52-300x300.png\" alt=\"\" width=\"167\" height=\"167\" title=\"\" srcset=\"https:\/\/jinzho.com\/wp-content\/uploads\/2025\/05\/2-52-300x300.png 300w, https:\/\/jinzho.com\/wp-content\/uploads\/2025\/05\/2-52-150x150.png 150w, https:\/\/jinzho.com\/wp-content\/uploads\/2025\/05\/2-52-100x100.png 100w, https:\/\/jinzho.com\/wp-content\/uploads\/2025\/05\/2-52.png 600w\" sizes=\"(max-width: 167px) 100vw, 167px\" \/><\/td>\n<td width=\"543\">N\u00famero de LED\uff1a150<br \/>\n\u3010Tiempo de iluminaci\u00f3n\u3011:10-12H<br \/>\n\u3010L\u00daMENES\u3011:2150lm<br \/>\n\u3010Capacidad de la bater\u00eda\u3011:25000MAH<br \/>\n\u3010Potencia del panel solar\u3011: 6v\/80W<br \/>\n\u3010\u00c1rea de exposici\u00f3n\u3011:180\u33a1<br \/>\n\u3010Dimensiones del cuerpo de la l\u00e1mpara\u3011:880*235*87MM<\/td>\n<td>11KG<\/td>\n<td width=\"371\">\u3010N\u00famero por contenedor\u30113 unidades \/ caja<\/p>\n<p>\u3010Dimensiones de la caja\u3011\uff1a102*40*29CM<\/td>\n<\/tr>\n<tr>\n<td width=\"141\">300W<\/td>\n<td><img loading=\"lazy\" decoding=\"async\" class=\"alignnone  wp-image-4553\" src=\"http:\/\/jinzho.com\/wp-content\/uploads\/2025\/05\/3-44-300x300.png\" alt=\"\" width=\"171\" height=\"171\" title=\"\" srcset=\"https:\/\/jinzho.com\/wp-content\/uploads\/2025\/05\/3-44-300x300.png 300w, https:\/\/jinzho.com\/wp-content\/uploads\/2025\/05\/3-44-150x150.png 150w, https:\/\/jinzho.com\/wp-content\/uploads\/2025\/05\/3-44-100x100.png 100w, https:\/\/jinzho.com\/wp-content\/uploads\/2025\/05\/3-44.png 600w\" sizes=\"(max-width: 171px) 100vw, 171px\" \/><\/td>\n<td width=\"543\">N\u00famero de LED\uff1a200<br \/>\n\u3010Tiempo de iluminaci\u00f3n\u3011:10-12H<br \/>\n\u3010L\u00daMENES\u3011:2600lm<br \/>\n\u3010Capacidad de la bater\u00eda\u3011:30000MAH<br \/>\n\u3010Potencia del panel solar\u3011: 6V\/60W<br \/>\n\u3010\u00c1rea de exposici\u00f3n\u3011: 200\u33a1<br \/>\n\u3010Dimensiones del cuerpo de la l\u00e1mpara\u3011:1130*235*87MM<\/td>\n<td>11KG<\/td>\n<td width=\"371\">\u3010N\u00famero por contenedor\u30113 unidades \/ caja<\/p>\n<p>\u3010Dimensiones de la caja\u3011\uff1a127*40*29CM<\/td>\n<\/tr>\n<\/tbody>\n<\/table>","protected":false},"excerpt":{"rendered":"<p>Esta luminaria solar LED integrada de aluminio presenta un dise\u00f1o de moldeo integrado del panel solar y el cuerpo de la l\u00e1mpara. La l\u00e1mpara tiene buena resistencia a la oxidaci\u00f3n y grado de protecci\u00f3n IP65, lo que la hace muy adecuada para patios de villas, parques comunitarios, pasillos de carreteras, naves industriales y otros lugares. Equipada con un control remoto y un juego completo de accesorios de instalaci\u00f3n, su instalaci\u00f3n es muy sencilla.<\/p>\n<p>Cantidad m\u00ednima de pedido: 500<br \/>\nPlazo de entrega: 15-25 d\u00edas<br \/>\nUbicaci\u00f3n de la f\u00e1brica: Zhongshan, Guangdong, China<\/p>","protected":false},"featured_media":4549,"comment_status":"closed","ping_status":"closed","template":"","meta":[],"product_brand":[],"product_cat":[2763],"product_tag":[168,169,177,178,179,200],"class_list":{"0":"post-1081","1":"product","2":"type-product","3":"status-publish","4":"has-post-thumbnail","6":"product_cat-solar-lamp","7":"product_tag-solar-led-lights","8":"product_tag-led-solar-powered-lighting","9":"product_tag-150w-solar-led-lights","10":"product_tag-200w-solar-led-lights","11":"product_tag-300w-solar-led-lights","12":"product_tag-50w-solar-led-lights","14":"first","15":"instock","16":"shipping-taxable","17":"product-type-simple"},"_links":{"self":[{"href":"https:\/\/jinzho.com\/es\/wp-json\/wp\/v2\/product\/1081","targetHints":{"allow":["GET"]}}],"collection":[{"href":"https:\/\/jinzho.com\/es\/wp-json\/wp\/v2\/product"}],"about":[{"href":"https:\/\/jinzho.com\/es\/wp-json\/wp\/v2\/types\/product"}],"replies":[{"embeddable":true,"href":"https:\/\/jinzho.com\/es\/wp-json\/wp\/v2\/comments?post=1081"}],"wp:featuredmedia":[{"embeddable":true,"href":"https:\/\/jinzho.com\/es\/wp-json\/wp\/v2\/media\/4549"}],"wp:attachment":[{"href":"https:\/\/jinzho.com\/es\/wp-json\/wp\/v2\/media?parent=1081"}],"wp:term":[{"taxonomy":"product_brand","embeddable":true,"href":"https:\/\/jinzho.com\/es\/wp-json\/wp\/v2\/product_brand?post=1081"},{"taxonomy":"product_cat","embeddable":true,"href":"https:\/\/jinzho.com\/es\/wp-json\/wp\/v2\/product_cat?post=1081"},{"taxonomy":"product_tag","embeddable":true,"href":"https:\/\/jinzho.com\/es\/wp-json\/wp\/v2\/product_tag?post=1081"}],"curies":[{"name":"wp","href":"https:\/\/api.w.org\/{rel}","templated":true}]}}