{"id":1075,"date":"2025-05-12T03:35:58","date_gmt":"2025-05-12T03:35:58","guid":{"rendered":"https:\/\/jinzho.com\/?post_type=product&#038;p=1075"},"modified":"2025-06-17T09:46:48","modified_gmt":"2025-06-17T09:46:48","slug":"lampara-de-pared-solar-led-mini-con-control-remoto-de-30w-200w","status":"publish","type":"product","link":"https:\/\/jinzho.com\/es\/product\/30w-200w-solar-led-mini-remote-control-wall-light\/","title":{"rendered":"Mini l\u00e1mpara de pared LED solar con mando a distancia de 30W-200W"},"content":{"rendered":"<h3>Ventajas del producto:<\/h3>\n<p>La l\u00e1mpara de pared solar LED mini con control remoto tiene las ventajas de f\u00e1cil instalaci\u00f3n, baja inversi\u00f3n, buen rendimiento de seguridad, ahorro de energ\u00eda y protecci\u00f3n ambiental, y es una l\u00e1mpara de calle para reemplazar la iluminaci\u00f3n p\u00fablica tradicional con energ\u00eda el\u00e9ctrica. Utiliza c\u00e9lulas solares de silicio cristalino para la alimentaci\u00f3n, bater\u00edas selladas de v\u00e1lvula regulada sin mantenimiento para el almacenamiento de energ\u00eda, luces LED de alta luminosidad como fuentes de luz, y es controlada por un controlador inteligente de carga y descarga. Se utiliza ampliamente en la decoraci\u00f3n de c\u00e9spedes, plazas, parques y otras ocasiones, y pertenece al campo de la tecnolog\u00eda de iluminaci\u00f3n.<\/p>\n<h3>Par\u00e1metros del producto\uff1a<\/h3>\n<table width=\"836\">\n<tbody>\n<tr>\n<td width=\"141\">Estilo<\/td>\n<td width=\"272\">Fotograf\u00eda<\/td>\n<td width=\"423\">Par\u00e1metro<\/td>\n<\/tr>\n<tr>\n<td width=\"141\">30W<\/td>\n<td><img decoding=\"async\" class=\"wp-image-4493 aligncenter\" src=\"http:\/\/jinzho.com\/wp-content\/uploads\/2025\/05\/6-4-300x300.png\" alt=\"\" width=\"158\" height=\"158\" title=\"\" srcset=\"https:\/\/jinzho.com\/wp-content\/uploads\/2025\/05\/6-4-300x300.png 300w, https:\/\/jinzho.com\/wp-content\/uploads\/2025\/05\/6-4-150x150.png 150w, https:\/\/jinzho.com\/wp-content\/uploads\/2025\/05\/6-4-100x100.png 100w, https:\/\/jinzho.com\/wp-content\/uploads\/2025\/05\/6-4.png 600w\" sizes=\"(max-width: 158px) 100vw, 158px\" \/><\/td>\n<td width=\"423\">N\u00famero de LED\uff1a30<br \/>\nTama\u00f1o de la carcasa de la l\u00e1mpara\uff1a262*165*50mm<br \/>\nTama\u00f1o del panel fotovoltaico\uff1a213*129mm<br \/>\nPaneles solares\uff1a5V\/4W<br \/>\nBater\u00edas\uff1a3000mAh<\/td>\n<\/tr>\n<tr>\n<td width=\"141\">40W<\/td>\n<td><img decoding=\"async\" class=\"wp-image-4492 aligncenter\" src=\"http:\/\/jinzho.com\/wp-content\/uploads\/2025\/05\/1-66-300x300.png\" alt=\"\" width=\"153\" height=\"153\" title=\"\" srcset=\"https:\/\/jinzho.com\/wp-content\/uploads\/2025\/05\/1-66-300x300.png 300w, https:\/\/jinzho.com\/wp-content\/uploads\/2025\/05\/1-66-150x150.png 150w, https:\/\/jinzho.com\/wp-content\/uploads\/2025\/05\/1-66-100x100.png 100w, https:\/\/jinzho.com\/wp-content\/uploads\/2025\/05\/1-66.png 600w\" sizes=\"(max-width: 153px) 100vw, 153px\" \/><\/td>\n<td width=\"423\">N\u00famero de LED\uff1a40<br \/>\nTama\u00f1o de la carcasa de la l\u00e1mpara\uff1a305*165*50mm<br \/>\nTama\u00f1o del panel fotovoltaico\uff1a253*129mm<br \/>\nPaneles solares:5V\/5W<br \/>\nBater\u00edas\uff1a4000mAh<\/td>\n<\/tr>\n<tr>\n<td width=\"141\">50W<\/td>\n<td><img decoding=\"async\" class=\"wp-image-4495 aligncenter\" src=\"http:\/\/jinzho.com\/wp-content\/uploads\/2025\/05\/2-49-300x300.png\" alt=\"\" width=\"149\" height=\"149\" title=\"\" srcset=\"https:\/\/jinzho.com\/wp-content\/uploads\/2025\/05\/2-49-300x300.png 300w, https:\/\/jinzho.com\/wp-content\/uploads\/2025\/05\/2-49-150x150.png 150w, https:\/\/jinzho.com\/wp-content\/uploads\/2025\/05\/2-49-100x100.png 100w, https:\/\/jinzho.com\/wp-content\/uploads\/2025\/05\/2-49.png 600w\" sizes=\"(max-width: 149px) 100vw, 149px\" \/><\/td>\n<td width=\"423\">N\u00famero de LED\uff1a50<br \/>\nTama\u00f1o de la carcasa de la l\u00e1mpara\uff1a343*165*50mm<br \/>\nTama\u00f1o del panel fotovoltaico\uff1a294*129mm<br \/>\nPaneles solares\uff1a5V\/6W<br \/>\nBater\u00edas\uff1a5000mAh<\/td>\n<\/tr>\n<tr>\n<td width=\"141\">100W<\/td>\n<td><img loading=\"lazy\" decoding=\"async\" class=\"wp-image-4496 aligncenter\" src=\"http:\/\/jinzho.com\/wp-content\/uploads\/2025\/05\/3-39-300x300.png\" alt=\"\" width=\"150\" height=\"150\" title=\"\" srcset=\"https:\/\/jinzho.com\/wp-content\/uploads\/2025\/05\/3-39-300x300.png 300w, https:\/\/jinzho.com\/wp-content\/uploads\/2025\/05\/3-39-150x150.png 150w, https:\/\/jinzho.com\/wp-content\/uploads\/2025\/05\/3-39-100x100.png 100w, https:\/\/jinzho.com\/wp-content\/uploads\/2025\/05\/3-39.png 600w\" sizes=\"(max-width: 150px) 100vw, 150px\" \/><\/td>\n<td width=\"423\">N\u00famero de LED\uff1a112<br \/>\nTama\u00f1o de la carcasa de la l\u00e1mpara\uff1a513*285*60mm<br \/>\nTama\u00f1o del panel fotovoltaico\uff1a397*212mm<br \/>\nPaneles solares:5V\/10W<br \/>\nBater\u00edas\uff1a5000mAh<\/td>\n<\/tr>\n<tr>\n<td width=\"141\">150W<\/td>\n<td><img loading=\"lazy\" decoding=\"async\" class=\"wp-image-4497 aligncenter\" src=\"http:\/\/jinzho.com\/wp-content\/uploads\/2025\/05\/4-31-300x300.png\" alt=\"\" width=\"145\" height=\"145\" title=\"\" srcset=\"https:\/\/jinzho.com\/wp-content\/uploads\/2025\/05\/4-31-300x300.png 300w, https:\/\/jinzho.com\/wp-content\/uploads\/2025\/05\/4-31-150x150.png 150w, https:\/\/jinzho.com\/wp-content\/uploads\/2025\/05\/4-31-100x100.png 100w, https:\/\/jinzho.com\/wp-content\/uploads\/2025\/05\/4-31.png 600w\" sizes=\"(max-width: 145px) 100vw, 145px\" \/><\/td>\n<td width=\"423\">N\u00famero de LED\uff1a168<br \/>\nTama\u00f1o de la carcasa de la l\u00e1mpara\uff1a637*302*60mm<br \/>\nTama\u00f1o del panel fotovoltaico\uff1a508*231mm<br \/>\nPaneles solares\uff1a6V\/15W<br \/>\nBater\u00edas\uff1a10000mAh<\/td>\n<\/tr>\n<tr>\n<td width=\"141\">200W<\/td>\n<td><img loading=\"lazy\" decoding=\"async\" class=\"wp-image-4498 aligncenter\" src=\"http:\/\/jinzho.com\/wp-content\/uploads\/2025\/05\/5-17-300x300.png\" alt=\"\" width=\"150\" height=\"150\" title=\"\" srcset=\"https:\/\/jinzho.com\/wp-content\/uploads\/2025\/05\/5-17-300x300.png 300w, https:\/\/jinzho.com\/wp-content\/uploads\/2025\/05\/5-17-150x150.png 150w, https:\/\/jinzho.com\/wp-content\/uploads\/2025\/05\/5-17-100x100.png 100w, https:\/\/jinzho.com\/wp-content\/uploads\/2025\/05\/5-17.png 600w\" sizes=\"(max-width: 150px) 100vw, 150px\" \/><\/td>\n<td width=\"423\">N\u00famero de LED\uff1a224<br \/>\nTama\u00f1o de la carcasa de la l\u00e1mpara\uff1a742*308*60mm<br \/>\nTama\u00f1o del panel fotovoltaico\uff1a606*235mm<br \/>\nPaneles solares\uff1a6V\/18W<br \/>\nBater\u00edas\uff1a15000mAh<\/td>\n<\/tr>\n<\/tbody>\n<\/table>","protected":false},"excerpt":{"rendered":"<p>La l\u00e1mpara solar LED de calle de 30W a 200W es un dispositivo de iluminaci\u00f3n inteligente de potencia peque\u00f1a y media dise\u00f1ado para ramales comunitarios, zonas residenciales, senderos de parques y caminos de campus. Integra un sistema de ajuste de potencia multivelocidad y adaptativo por sensor de luz, admite atenuaci\u00f3n din\u00e1mica de 30W-200W, se adapta a las necesidades de iluminaci\u00f3n energ\u00e9ticamente eficiente para caminos de 10-30 metros, y combina caracter\u00edsticas de alta relaci\u00f3n costo-eficiencia y funcionamiento estable en todas las condiciones clim\u00e1ticas.<\/p>\n<p>Cantidad m\u00ednima de pedido: 500<br \/>\nPlazo de entrega: 15-25 d\u00edas<br \/>\nUbicaci\u00f3n de la f\u00e1brica: Zhongshan, Guangdong, China<\/p>","protected":false},"featured_media":4490,"comment_status":"closed","ping_status":"closed","template":"","meta":[],"product_brand":[],"product_cat":[2763],"product_tag":[177,178,191,192,199],"class_list":{"0":"post-1075","1":"product","2":"type-product","3":"status-publish","4":"has-post-thumbnail","6":"product_cat-solar-lamp","7":"product_tag-150w-solar-led-lights","8":"product_tag-200w-solar-led-lights","9":"product_tag-street-solar-led-lights","10":"product_tag-solar-led-street-light","11":"product_tag-30w-solar-led-lights","13":"first","14":"instock","15":"shipping-taxable","16":"product-type-simple"},"_links":{"self":[{"href":"https:\/\/jinzho.com\/es\/wp-json\/wp\/v2\/product\/1075","targetHints":{"allow":["GET"]}}],"collection":[{"href":"https:\/\/jinzho.com\/es\/wp-json\/wp\/v2\/product"}],"about":[{"href":"https:\/\/jinzho.com\/es\/wp-json\/wp\/v2\/types\/product"}],"replies":[{"embeddable":true,"href":"https:\/\/jinzho.com\/es\/wp-json\/wp\/v2\/comments?post=1075"}],"wp:featuredmedia":[{"embeddable":true,"href":"https:\/\/jinzho.com\/es\/wp-json\/wp\/v2\/media\/4490"}],"wp:attachment":[{"href":"https:\/\/jinzho.com\/es\/wp-json\/wp\/v2\/media?parent=1075"}],"wp:term":[{"taxonomy":"product_brand","embeddable":true,"href":"https:\/\/jinzho.com\/es\/wp-json\/wp\/v2\/product_brand?post=1075"},{"taxonomy":"product_cat","embeddable":true,"href":"https:\/\/jinzho.com\/es\/wp-json\/wp\/v2\/product_cat?post=1075"},{"taxonomy":"product_tag","embeddable":true,"href":"https:\/\/jinzho.com\/es\/wp-json\/wp\/v2\/product_tag?post=1075"}],"curies":[{"name":"wp","href":"https:\/\/api.w.org\/{rel}","templated":true}]}}