{"id":1072,"date":"2025-05-12T03:35:58","date_gmt":"2025-05-12T03:35:58","guid":{"rendered":"https:\/\/jinzho.com\/?post_type=product&#038;p=1072"},"modified":"2025-06-17T07:38:46","modified_gmt":"2025-06-17T07:38:46","slug":"farola-solar-integrada-de-nuevo-diseno-300w-400w","status":"publish","type":"product","link":"https:\/\/jinzho.com\/es\/product\/newly-designed-300w-400w-integrated-solar-street-light\/","title":{"rendered":"Farola solar integrada de 300 W\/400 W de nuevo dise\u00f1o"},"content":{"rendered":"<h3>Ventajas del producto:<\/h3>\n<p>Tiene una mejor funci\u00f3n de disipaci\u00f3n del calor, lo que hace que la farola tenga una vida \u00fatil m\u00e1s larga; el dise\u00f1o del perfil de aluminio de 1,2 mm de grosor hace que la farola solar tenga las ventajas de alta resistencia y resistencia a la corrosi\u00f3n; la superficie del cuerpo de la farola est\u00e1 cubierta con una capa de vidrio templado con una transmitancia de luz de hasta 4,0 mm.<br \/>\nEsta farola solar integrada de nueva estructura es sencilla, compacta y razonable; no necesita cable de alimentaci\u00f3n externo, es f\u00e1cil de usar e instalar, y tiene un bonito aspecto; como el LED est\u00e1 colocado en el soporte inferior, todo el cuerpo de la farola emitir\u00e1 luz despu\u00e9s de encenderse, y el efecto luminoso es mejor; todos los componentes el\u00e9ctricos est\u00e1n incorporados, lo que resulta muy pr\u00e1ctico.<\/p>\n<p>&nbsp;<\/p>\n<h3>Par\u00e1metros del producto:<\/h3>\n<table style=\"border-collapse: collapse; width: 1082px; height: 966px;\" border=\"0\" width=\"1286\" cellspacing=\"0\" cellpadding=\"0\">\n<tbody>\n<tr style=\"height: 35.00pt;\">\n<td class=\"et2\" style=\"height: 35.00pt; width: 67.20pt;\" width=\"112\" height=\"58\">Estilo<\/td>\n<td class=\"et2\" style=\"width: 163.20pt;\" width=\"272\">Fotograf\u00eda<\/td>\n<td class=\"et3\" style=\"width: 541.20pt;\" width=\"902\">Par\u00e1metro<\/td>\n<\/tr>\n<tr style=\"height: 343.20pt;\">\n<td class=\"et4\" style=\"height: 343.20pt;\" height=\"572\">DC-300W<\/td>\n<td class=\"et5\"><img decoding=\"async\" class=\"alignnone wp-image-4475\" src=\"http:\/\/jinzho.com\/wp-content\/uploads\/2025\/05\/\u56fe\u724712-6-174x300.png\" alt=\"\" width=\"114\" height=\"197\" title=\"\" srcset=\"https:\/\/jinzho.com\/wp-content\/uploads\/2025\/05\/\u56fe\u724712-6-174x300.png 174w, https:\/\/jinzho.com\/wp-content\/uploads\/2025\/05\/\u56fe\u724712-6.png 357w\" sizes=\"(max-width: 114px) 100vw, 114px\" \/><\/p>\n<p><img decoding=\"async\" class=\"alignnone wp-image-4478\" src=\"http:\/\/jinzho.com\/wp-content\/uploads\/2025\/05\/1-63-300x300.png\" alt=\"\" width=\"148\" height=\"148\" title=\"\" srcset=\"https:\/\/jinzho.com\/wp-content\/uploads\/2025\/05\/1-63-300x300.png 300w, https:\/\/jinzho.com\/wp-content\/uploads\/2025\/05\/1-63-150x150.png 150w, https:\/\/jinzho.com\/wp-content\/uploads\/2025\/05\/1-63-100x100.png 100w, https:\/\/jinzho.com\/wp-content\/uploads\/2025\/05\/1-63.png 600w\" sizes=\"(max-width: 148px) 100vw, 148px\" \/><\/td>\n<td class=\"et6\" style=\"width: 541.20pt;\" width=\"902\"><strong>Modo de control:<\/strong> control de luz+mando a distancia versi\u00f3n temporizada+detecci\u00f3n por radar+cambio de color RGB<br \/>\nPotencia: 300 W<br \/>\n<strong>Tama\u00f1o del panel fotovoltaico:<\/strong> 260 * 580 * 30MM<br \/>\n<strong>Panel fotovoltaico:<\/strong> silicio monocristalino (5V\/28W)<br \/>\n<strong>Bater\u00eda:<\/strong> Fosfato de hierro y litio 3,2 V\/25000 mAh<br \/>\n<strong>Modelo de cuenta de l\u00e1mpara:<\/strong> 5054\/159 piezas 1\/240LM temperatura de color 6500-7500 blanco<br \/>\n<strong>Chip de l\u00e1mpara:<\/strong> 5054\/4 chip+lente \u00f3ptica distribuci\u00f3n secundaria de la luz+iluminaci\u00f3n gran angular trilateral<br \/>\n<strong>Material:<\/strong> Nuevo material de ingenier\u00eda ABS de una sola pieza<br \/>\n<strong>\u00cdndice de impermeabilidad:<\/strong> IP65<br \/>\n<strong>M\u00e9todo de carga:<\/strong> carga solar 4-6H<br \/>\n<strong>Tiempo de iluminaci\u00f3n:<\/strong> Iluminaci\u00f3n sostenible 12+<br \/>\n<strong>\u00c1rea de iluminaci\u00f3n:<\/strong> Iluminaci\u00f3n gran angular de 400 metros cuadrados<br \/>\n<strong>Indicador de carga:<\/strong> indicador luminoso intermitente<br \/>\n<strong>Tama\u00f1o del cuerpo de la l\u00e1mpara:<\/strong> 675 * 325 * 95MM<br \/>\n<strong>Especificaciones de embalaje:<\/strong> 5 series<br \/>\n<strong>Funciones auxiliares:<\/strong> El chip incorpora gesti\u00f3n de carga y descarga e incluye detecci\u00f3n de d\u00edas lluviosos y nublados.<\/td>\n<\/tr>\n<tr style=\"height: 343.20pt;\">\n<td class=\"et4\" style=\"height: 343.20pt;\" height=\"572\">DC-400W<\/td>\n<td class=\"et5\"><img decoding=\"async\" class=\"alignnone wp-image-4476\" src=\"http:\/\/jinzho.com\/wp-content\/uploads\/2025\/05\/\u56fe\u72471-10-195x300.png\" alt=\"\" width=\"125\" height=\"192\" title=\"\" srcset=\"https:\/\/jinzho.com\/wp-content\/uploads\/2025\/05\/\u56fe\u72471-10-195x300.png 195w, https:\/\/jinzho.com\/wp-content\/uploads\/2025\/05\/\u56fe\u72471-10.png 362w\" sizes=\"(max-width: 125px) 100vw, 125px\" \/><\/p>\n<p><img loading=\"lazy\" decoding=\"async\" class=\"alignnone wp-image-4479\" src=\"http:\/\/jinzho.com\/wp-content\/uploads\/2025\/05\/3-37-300x300.png\" alt=\"\" width=\"148\" height=\"148\" title=\"\" srcset=\"https:\/\/jinzho.com\/wp-content\/uploads\/2025\/05\/3-37-300x300.png 300w, https:\/\/jinzho.com\/wp-content\/uploads\/2025\/05\/3-37-150x150.png 150w, https:\/\/jinzho.com\/wp-content\/uploads\/2025\/05\/3-37-100x100.png 100w, https:\/\/jinzho.com\/wp-content\/uploads\/2025\/05\/3-37.png 600w\" sizes=\"(max-width: 148px) 100vw, 148px\" \/><\/td>\n<td class=\"et6\" style=\"width: 541.20pt;\" width=\"902\"><strong>Modo de control:<\/strong> control de luz+mando a distancia versi\u00f3n temporizada+detecci\u00f3n por radar+cambio de color RGB<br \/>\n<strong>Poder:<\/strong> 400W<br \/>\n<strong>Tama\u00f1o del panel fotovoltaico:<\/strong> 260 * 680 * 30MM<br \/>\n<strong>Panel fotovoltaico:<\/strong> silicio monocristalino (5V\/33W)<br \/>\n<strong>Bater\u00eda:<\/strong> Fosfato de hierro y litio 3,2 V\/30000 mAh<br \/>\n<strong>Modelo de cuenta de l\u00e1mpara:<\/strong> 5054\/212 piezas, 1\/240LM temperatura de color 6500-7500, blanco positivo<br \/>\n<strong>Chip de l\u00e1mpara:<\/strong> 5054\/4 chip+lente \u00f3ptica distribuci\u00f3n secundaria de la luz+iluminaci\u00f3n gran angular trilateral<br \/>\n<strong>Material:<\/strong> Nuevo material de ingenier\u00eda ABS de una sola pieza<br \/>\n<strong>\u00cdndice de impermeabilidad:<\/strong> IP65<br \/>\n<strong>M\u00e9todo de carga:<\/strong> carga solar 4-6H<br \/>\n<strong>Tiempo de iluminaci\u00f3n:<\/strong> Iluminaci\u00f3n sostenible 12+<br \/>\n<strong>\u00c1rea de iluminaci\u00f3n:<\/strong> Iluminaci\u00f3n gran angular de 400 metros cuadrados<br \/>\n<strong>Indicador de carga:<\/strong> indicador luminoso intermitente<br \/>\n<strong>Tama\u00f1o del cuerpo de la l\u00e1mpara:<\/strong> 775 * 325 * 95MM<br \/>\n<strong>Especificaciones de embalaje:<\/strong> 5 series<br \/>\n<strong>Funciones auxiliares:<\/strong> El chip incorpora gesti\u00f3n de carga y descarga e incluye detecci\u00f3n de d\u00edas lluviosos y nublados.<\/td>\n<\/tr>\n<\/tbody>\n<\/table>","protected":false},"excerpt":{"rendered":"<p>Farola solar integrada de 300W\/400W de nuevo dise\u00f1o, grado de impermeabilidad IP65, adecuada para grandes proyectos de exterior. Esta farola solar integrada tiene dos funciones: detecci\u00f3n de luminosidad y control remoto. La farola puede ser controlada a distancia por el mando a distancia, y la funci\u00f3n de detecci\u00f3n de brillo puede identificar autom\u00e1ticamente el d\u00eda y la noche, y realizar la apertura y cierre autom\u00e1ticos.<\/p>\n<p>Cantidad m\u00ednima de pedido: 500<br \/>\nPlazo de entrega: 15-25 d\u00edas<br \/>\nUbicaci\u00f3n de la f\u00e1brica: Zhongshan, Guangdong, China<\/p>","protected":false},"featured_media":2180,"comment_status":"closed","ping_status":"closed","template":"","meta":[],"product_brand":[],"product_cat":[2763],"product_tag":[181,182,191,192],"class_list":{"0":"post-1072","1":"product","2":"type-product","3":"status-publish","4":"has-post-thumbnail","6":"product_cat-solar-lamp","7":"product_tag-led-solar-street-light","8":"product_tag-led-light-strips-solar","9":"product_tag-street-solar-led-lights","10":"product_tag-solar-led-street-light","12":"first","13":"instock","14":"shipping-taxable","15":"product-type-simple"},"_links":{"self":[{"href":"https:\/\/jinzho.com\/es\/wp-json\/wp\/v2\/product\/1072","targetHints":{"allow":["GET"]}}],"collection":[{"href":"https:\/\/jinzho.com\/es\/wp-json\/wp\/v2\/product"}],"about":[{"href":"https:\/\/jinzho.com\/es\/wp-json\/wp\/v2\/types\/product"}],"replies":[{"embeddable":true,"href":"https:\/\/jinzho.com\/es\/wp-json\/wp\/v2\/comments?post=1072"}],"wp:featuredmedia":[{"embeddable":true,"href":"https:\/\/jinzho.com\/es\/wp-json\/wp\/v2\/media\/2180"}],"wp:attachment":[{"href":"https:\/\/jinzho.com\/es\/wp-json\/wp\/v2\/media?parent=1072"}],"wp:term":[{"taxonomy":"product_brand","embeddable":true,"href":"https:\/\/jinzho.com\/es\/wp-json\/wp\/v2\/product_brand?post=1072"},{"taxonomy":"product_cat","embeddable":true,"href":"https:\/\/jinzho.com\/es\/wp-json\/wp\/v2\/product_cat?post=1072"},{"taxonomy":"product_tag","embeddable":true,"href":"https:\/\/jinzho.com\/es\/wp-json\/wp\/v2\/product_tag?post=1072"}],"curies":[{"name":"wp","href":"https:\/\/api.w.org\/{rel}","templated":true}]}}