{"id":1068,"date":"2025-05-12T03:35:58","date_gmt":"2025-05-12T03:35:58","guid":{"rendered":"https:\/\/jinzho.com\/?post_type=product&#038;p=1068"},"modified":"2025-06-17T02:35:40","modified_gmt":"2025-06-17T02:35:40","slug":"100w-200w-300w-nueva-luz-solar-de-inundacion","status":"publish","type":"product","link":"https:\/\/jinzho.com\/es\/product\/100w-200w-300w-new-solar-floodlight\/","title":{"rendered":"Nuevo reflector solar de 100W, 200W y 300W"},"content":{"rendered":"<h3>Caracter\u00edsticas del producto<\/h3>\n<p><span style=\"color: #0000ff;\">\u2460<\/span> Perlas LED con lente de alta luminosidad: Se utilizan perlas LED con lente de alta luminosidad para lograr efectos de iluminaci\u00f3n excepcionales. Su dise\u00f1o de \u00e1ngulo amplio de 240 grados permite una emisi\u00f3n de luz trilateral, logrando una amplia cobertura de iluminaci\u00f3n que mejora eficazmente la visibilidad y seguridad del entorno.<\/p>\n<p><span style=\"color: #0000ff;\">\u2461<\/span> Control de iluminaci\u00f3n inteligente: El producto incorpora un sistema de control de iluminaci\u00f3n inteligente que permite operaci\u00f3n inal\u00e1mbrica sin intervenci\u00f3n manual. Cuenta con funci\u00f3n de conmutaci\u00f3n autom\u00e1tica d\u00eda\/noche: carga y almacenamiento de energ\u00eda autom\u00e1ticos durante el d\u00eda, encendido autom\u00e1tico por la noche, garantizando un funcionamiento sin preocupaciones y sin esfuerzo durante todo el proceso.<\/p>\n<p><span style=\"color: #0000ff;\">\u2462<\/span> Monitorizaci\u00f3n de carga de la bater\u00eda: Equipado con una pr\u00e1ctica funci\u00f3n de visualizaci\u00f3n del nivel de carga de la bater\u00eda, permite a los usuarios conocer en tiempo real la capacidad restante, planificar su uso con antelaci\u00f3n y garantizar suministro el\u00e9ctrico suficiente cuando surjan necesidades de iluminaci\u00f3n.<\/p>\n<p><span style=\"color: #0000ff;\">\u2463<\/span>\u00a0Cuerpo de aluminio duradero: El cuerpo de la l\u00e1mpara est\u00e1 fabricado en aluminio inyectado macizo, material que ofrece excelente resistencia a la corrosi\u00f3n y rendimiento impermeable. El dise\u00f1o optimizado de disipaci\u00f3n de calor permite evacuar r\u00e1pidamente el calor generado durante el funcionamiento, prolongando efectivamente la vida \u00fatil de la l\u00e1mpara.<\/p>\n<p>&nbsp;<\/p>\n<h3>Par\u00e1metros del producto<\/h3>\n<table style=\"border-collapse: collapse; width: 1033px; height: 1274px;\" border=\"0\" width=\"1232\" cellspacing=\"0\" cellpadding=\"0\">\n<tbody>\n<tr style=\"height: 35.00pt;\">\n<td class=\"et3\" style=\"height: 35pt; width: 91.8pt; text-align: center;\" width=\"153\" height=\"58\">Estilo<\/td>\n<td class=\"et4\" style=\"width: 475.2pt; text-align: center;\" width=\"792\">Par\u00e1metro<\/td>\n<td class=\"et5\" style=\"width: 172.2pt; text-align: center;\" width=\"287\">Embalaje en caja de color\uff08mm\uff09<\/td>\n<\/tr>\n<tr style=\"height: 249.60pt;\">\n<td class=\"et6\" style=\"height: 249.6pt; width: 91.8pt; text-align: center;\" width=\"153\" height=\"416\">T-8-100w<\/td>\n<td class=\"et7\" style=\"width: 475.20pt;\" width=\"792\"><strong>Modo de control:<\/strong> Control de luz + versi\u00f3n de temporizaci\u00f3n por control remoto + indicador de bater\u00eda<br \/>\nPotencia: 100W<br \/>\n<strong>Tama\u00f1o del panel fotovoltaico:<\/strong> 350 * 350 * 17MM<br \/>\n<strong>Panel fotovoltaico:<\/strong> Silicio policristalino (5V\/18W)<br \/>\n<strong>Bater\u00eda:<\/strong> Fosfato de hierro y litio 15000mAh<br \/>\n<strong>Modelo de cuenta de l\u00e1mpara:<\/strong> 5054 54 piezas, lumen unitario 1\/230LM<br \/>\n<strong>Chip de l\u00e1mpara:<\/strong> Chip cu\u00e1druple 5054 + distribuci\u00f3n de lente \u00f3ptica + iluminaci\u00f3n gran angular de tres lados<br \/>\n<strong>Material:<\/strong> Aluminio fundido a presi\u00f3n integrado<br \/>\n<strong>\u00cdndice de impermeabilidad:<\/strong> IP66<br \/>\n<strong>M\u00e9todo de carga:<\/strong> carga solar 4-6H<br \/>\n<strong>Tiempo de iluminaci\u00f3n:<\/strong> Iluminaci\u00f3n sostenible 20+<br \/>\n<strong>\u00c1rea de iluminaci\u00f3n:<\/strong> Iluminaci\u00f3n de \u00e1ngulo amplio omnidireccional de 300 metros cuadrados<br \/>\n<strong>Indicador de carga:<\/strong> indicador luminoso intermitente<br \/>\n<strong>Tama\u00f1o del cuerpo de la l\u00e1mpara:<\/strong> 258 * 215 * 76MM<br \/>\n<strong>Funciones auxiliares:<\/strong> El chip incorpora gesti\u00f3n de carga y descarga e incluye detecci\u00f3n de d\u00edas lluviosos y nublados.<\/td>\n<td class=\"et8\" style=\"width: 172.20pt;\" width=\"287\">Especificaciones de embalaje:<br \/>\n8 juegos de 47 * 38 * 46.5CM<\/td>\n<\/tr>\n<tr style=\"height: 249.60pt;\">\n<td class=\"et6\" style=\"height: 249.6pt; width: 91.8pt; text-align: center;\" width=\"153\" height=\"416\">T-8-200w<\/td>\n<td class=\"et7\" style=\"width: 475.20pt;\" width=\"792\"><strong>Modo de control:<\/strong> Control de luz + versi\u00f3n de temporizaci\u00f3n por control remoto + indicador de bater\u00eda<br \/>\n<strong>Poder:<\/strong> 200W<br \/>\n<strong>Tama\u00f1o del panel fotovoltaico:<\/strong> 530 * 350 * 17MM<br \/>\n<strong>Panel fotovoltaico:<\/strong> Silicio policristalino (5V\/30W)<br \/>\n<strong>Bater\u00eda:<\/strong> Fosfato de hierro y litio 30000mAh<br \/>\n<strong>Modelo de cuenta de l\u00e1mpara:<\/strong> 5054 84 piezas, lumen unitario 1\/230LM<br \/>\n<strong>Chip de l\u00e1mpara:<\/strong> Chip cu\u00e1druple 5054 + distribuci\u00f3n de lente \u00f3ptica + iluminaci\u00f3n gran angular de tres lados<br \/>\n<strong>Material:<\/strong> Aluminio fundido a presi\u00f3n integrado<br \/>\n<strong>\u00cdndice de impermeabilidad:<\/strong> IP66<br \/>\n<strong>M\u00e9todo de carga:<\/strong> carga solar 4-6H<br \/>\n<strong>Tiempo de iluminaci\u00f3n:<\/strong> Iluminaci\u00f3n sostenible 20+<br \/>\n<strong>\u00c1rea de iluminaci\u00f3n:<\/strong> 600 metros cuadrados de iluminaci\u00f3n gran angular omnidireccional<br \/>\n<strong>Indicador de carga:<\/strong> indicador luminoso intermitente<br \/>\n<strong>Tama\u00f1o del cuerpo de la l\u00e1mpara:<\/strong> 300 * 200 * 76MM<br \/>\n<strong>Funciones auxiliares:<\/strong> El chip incorpora gesti\u00f3n de carga y descarga e incluye detecci\u00f3n de d\u00edas lluviosos y nublados.<\/td>\n<td class=\"et8\" style=\"width: 172.20pt;\" width=\"287\">Especificaciones de embalaje:<br \/>\n6 juegos de 55 * 42 * 38CM<\/td>\n<\/tr>\n<tr style=\"height: 249.60pt;\">\n<td class=\"et6\" style=\"height: 249.6pt; width: 91.8pt; text-align: center;\" width=\"153\" height=\"416\">T-8-300w<\/td>\n<td class=\"et7\" style=\"width: 475.20pt;\" width=\"792\"><strong>Modo de control:<\/strong> Control de luz + versi\u00f3n de temporizaci\u00f3n por control remoto + indicador de bater\u00eda<br \/>\n<strong>Poder:<\/strong> 300W<br \/>\n<strong>Tama\u00f1o del panel fotovoltaico:<\/strong> 670 * 350 * 17MM<br \/>\n<strong>Panel fotovoltaico:<\/strong> Silicio policristalino (5V\/45W)<br \/>\n<strong>Bater\u00eda:<\/strong> Fosfato de hierro y litio 36000mAh<br \/>\n<strong>Modelo de cuenta de l\u00e1mpara:<\/strong> 5054 96 piezas, lumen unitario 1\/230LM<br \/>\n<strong>Chip de l\u00e1mpara:<\/strong> Chip cu\u00e1druple 5054 + distribuci\u00f3n de lente \u00f3ptica + iluminaci\u00f3n gran angular de tres lados<br \/>\n<strong>Material:<\/strong> Aluminio fundido a presi\u00f3n integrado<br \/>\n<strong>\u00cdndice de impermeabilidad:<\/strong> IP66<br \/>\n<strong>M\u00e9todo de carga:<\/strong> carga solar 4-6H<br \/>\n<strong>Tiempo de iluminaci\u00f3n:<\/strong> Iluminaci\u00f3n sostenible 20+<br \/>\n<strong>\u00c1rea de iluminaci\u00f3n:<\/strong> 800 metros cuadrados de iluminaci\u00f3n gran angular omnidireccional<br \/>\n<strong>Indicador de carga:<\/strong> indicador luminoso intermitente<br \/>\n<strong>Tama\u00f1o del cuerpo de la l\u00e1mpara:<\/strong> 335 * 270 * 82MM<br \/>\n<strong>Funciones auxiliares:<\/strong> El chip incorpora gesti\u00f3n de carga y descarga e incluye detecci\u00f3n de d\u00edas lluviosos y nublados.<\/td>\n<td class=\"et8\" style=\"width: 172.20pt;\" width=\"287\">Especificaciones de embalaje:<br \/>\n4 juegos de 69 * 32 * 38CM<\/td>\n<\/tr>\n<\/tbody>\n<\/table>","protected":false},"excerpt":{"rendered":"<p>Este foco solar adopta una carcasa de aluminio inyectado e incorpora m\u00e1s chips LED SMD5054 de mayor calidad, lo que lo hace duradero, m\u00e1s brillante y con un \u00e1rea de cobertura superior a 300 metros cuadrados. Adecuado para entornos exteriores, el foco solar presenta una estructura desmontable que facilita el reemplazo de bater\u00edas o componentes de vidrio por parte del usuario. En la parte posterior se puede reservar un \u00e1rea para impresi\u00f3n del logotipo de la marca, lo que contribuye a la promoci\u00f3n comercial.<\/p>\n<p>Cantidad m\u00ednima de pedido: 500<br \/>\nPlazo de entrega: 15-25 d\u00edas<br \/>\nUbicaci\u00f3n de la f\u00e1brica: Zhongshan, Guangdong, China<\/p>","protected":false},"featured_media":4449,"comment_status":"closed","ping_status":"closed","template":"","meta":[],"product_brand":[],"product_cat":[2763],"product_tag":[169,170,179,195,196],"class_list":{"0":"post-1068","1":"product","2":"type-product","3":"status-publish","4":"has-post-thumbnail","6":"product_cat-solar-lamp","7":"product_tag-led-solar-powered-lighting","8":"product_tag-solar-led-garden-lights","9":"product_tag-300w-solar-led-lights","10":"product_tag-400w-solar-led-lights","11":"product_tag-500w-solar-led-lights","13":"first","14":"instock","15":"shipping-taxable","16":"product-type-simple"},"_links":{"self":[{"href":"https:\/\/jinzho.com\/es\/wp-json\/wp\/v2\/product\/1068","targetHints":{"allow":["GET"]}}],"collection":[{"href":"https:\/\/jinzho.com\/es\/wp-json\/wp\/v2\/product"}],"about":[{"href":"https:\/\/jinzho.com\/es\/wp-json\/wp\/v2\/types\/product"}],"replies":[{"embeddable":true,"href":"https:\/\/jinzho.com\/es\/wp-json\/wp\/v2\/comments?post=1068"}],"wp:featuredmedia":[{"embeddable":true,"href":"https:\/\/jinzho.com\/es\/wp-json\/wp\/v2\/media\/4449"}],"wp:attachment":[{"href":"https:\/\/jinzho.com\/es\/wp-json\/wp\/v2\/media?parent=1068"}],"wp:term":[{"taxonomy":"product_brand","embeddable":true,"href":"https:\/\/jinzho.com\/es\/wp-json\/wp\/v2\/product_brand?post=1068"},{"taxonomy":"product_cat","embeddable":true,"href":"https:\/\/jinzho.com\/es\/wp-json\/wp\/v2\/product_cat?post=1068"},{"taxonomy":"product_tag","embeddable":true,"href":"https:\/\/jinzho.com\/es\/wp-json\/wp\/v2\/product_tag?post=1068"}],"curies":[{"name":"wp","href":"https:\/\/api.w.org\/{rel}","templated":true}]}}